{"id":831,"date":"2022-01-09T13:03:37","date_gmt":"2022-01-09T12:03:37","guid":{"rendered":"https:\/\/euroconsum.eu\/?page_id=831"},"modified":"2022-10-22T21:12:31","modified_gmt":"2022-10-22T19:12:31","slug":"unterlassungsklagen","status":"publish","type":"page","link":"https:\/\/euroconsum.eu\/sk\/unterlassungsklagen\/","title":{"rendered":"Postup ukladania sankci\u00ed"},"content":{"rendered":"<div data-elementor-type=\"wp-page\" data-elementor-id=\"831\" class=\"elementor elementor-831\" data-elementor-post-type=\"page\">\n\t\t\t\t\t\t<section class=\"elementor-section elementor-top-section elementor-element elementor-element-e253d34 elementor-section-boxed elementor-section-height-default elementor-section-height-default\" data-id=\"e253d34\" data-element_type=\"section\" data-e-type=\"section\">\n\t\t\t\t\t\t<div class=\"elementor-container elementor-column-gap-default\">\n\t\t\t\t\t<div class=\"elementor-column elementor-col-100 elementor-top-column elementor-element elementor-element-03746e1\" data-id=\"03746e1\" data-element_type=\"column\" data-e-type=\"column\">\n\t\t\t<div class=\"elementor-widget-wrap\">\n\t\t\t\t\t\t\t<\/div>\n\t\t<\/div>\n\t\t\t\t\t<\/div>\n\t\t<\/section>\n\t\t\t\t<section class=\"elementor-section elementor-top-section elementor-element elementor-element-3120fd6 elementor-section-boxed elementor-section-height-default elementor-section-height-default\" data-id=\"3120fd6\" data-element_type=\"section\" data-e-type=\"section\">\n\t\t\t\t\t\t<div class=\"elementor-container elementor-column-gap-default\">\n\t\t\t\t\t<div class=\"elementor-column elementor-col-100 elementor-top-column elementor-element elementor-element-27caff8\" data-id=\"27caff8\" data-element_type=\"column\" data-e-type=\"column\">\n\t\t\t<div class=\"elementor-widget-wrap elementor-element-populated\">\n\t\t\t\t\t\t<div class=\"elementor-element elementor-element-86c995f elementor-widget elementor-widget-spacer\" data-id=\"86c995f\" data-element_type=\"widget\" data-e-type=\"widget\" data-widget_type=\"spacer.default\">\n\t\t\t\t<div class=\"elementor-widget-container\">\n\t\t\t\t\t\t\t<div class=\"elementor-spacer\">\n\t\t\t<div class=\"elementor-spacer-inner\"><\/div>\n\t\t<\/div>\n\t\t\t\t\t\t<\/div>\n\t\t\t\t<\/div>\n\t\t\t\t<div class=\"elementor-element elementor-element-b7cf06a elementor-widget elementor-widget-heading\" data-id=\"b7cf06a\" data-element_type=\"widget\" data-e-type=\"widget\" data-widget_type=\"heading.default\">\n\t\t\t\t<div class=\"elementor-widget-container\">\n\t\t\t\t\t<h2 class=\"elementor-heading-title elementor-size-large\">Postup ukladania sankci\u00ed<\/h2>\t\t\t\t<\/div>\n\t\t\t\t<\/div>\n\t\t\t\t<section class=\"elementor-section elementor-inner-section elementor-element elementor-element-068afe0 elementor-section-boxed elementor-section-height-default elementor-section-height-default\" data-id=\"068afe0\" data-element_type=\"section\" data-e-type=\"section\">\n\t\t\t\t\t\t<div class=\"elementor-container elementor-column-gap-default\">\n\t\t\t\t\t<div class=\"elementor-column elementor-col-50 elementor-inner-column elementor-element elementor-element-03e8144\" data-id=\"03e8144\" data-element_type=\"column\" data-e-type=\"column\">\n\t\t\t<div class=\"elementor-widget-wrap elementor-element-populated\">\n\t\t\t\t\t\t<div class=\"elementor-element elementor-element-ee86aa3 elementor-widget elementor-widget-text-editor\" data-id=\"ee86aa3\" data-element_type=\"widget\" data-e-type=\"widget\" data-widget_type=\"text-editor.default\">\n\t\t\t\t<div class=\"elementor-widget-container\">\n\t\t\t\t\t\t\t\t\t<p>Ak s\u00fad nariadi spolo\u010dnosti, aby prestala vykon\u00e1va\u0165 svoju \u010dinnos\u0165, nem\u00e1 to spo\u010diatku za n\u00e1sledok ulo\u017eenie pokuty. S\u00fadny pr\u00edkaz je takpovediac \"<b>Vo\u013en\u00fd v\u00fdstrel<\/b>&#8222;<b> pre spolo\u010dnos\u0165 poru\u0161uj\u00facu z\u00e1kony<\/b>. S\u00fadny pr\u00edkaz (zvy\u010dajne rozsudok alebo s\u00fadny pr\u00edkaz) teda neznamen\u00e1 ni\u010d in\u00e9, ako \u017ee s\u00fad nariadi spolo\u010dnosti, aby sa zdr\u017eala konania, ktor\u00e9 u\u017e bolo zak\u00e1zan\u00e9 z\u00e1konom.\u00a0<span style=\"color: var( --e-global-color-text );\">Z tohto d\u00f4vodu sa kedysi hovorilo, \u017ee poru\u0161enie pr\u00e1va hospod\u00e1rskej s\u00fa\u0165a\u017ee sa v\u017edy oplat\u00ed, preto\u017ee spolo\u010dnos\u0165 si m\u00f4\u017ee ponecha\u0165 to, \u010do z\u00edskala z poru\u0161enia, a\u017e do vydania s\u00fadneho pr\u00edkazu v ur\u010ditom \u010dase.<\/span><span style=\"color: var( --e-global-color-text );\">\u00a0Pr\u00e1vo je teda spo\u010diatku na strane\u00a0<\/span>poru\u0161ovate\u013ea.<\/p><p>Spolo\u010dnos\u0165 je v\u0161ak informovan\u00e1 aj o d\u00f4sledkoch, ak bude prichyten\u00e1 pri opakovanom sp\u00e1chan\u00ed zak\u00e1zan\u00e9ho \u010dinu. Na tento \u00fa\u010del sa pou\u017e\u00edva tzv.<b>Rie\u0161enie hrozieb<\/b>\", ktor\u00fd je zvy\u010dajne uveden\u00fd u\u017e v n\u00e1zve.\u00a0<span style=\"color: var( --e-global-color-text );\">Akoko\u013evek je z\u00e1kon na jednej strane \u00fastretov\u00fd vo\u010di p\u00e1chate\u013eom v tom, \u017ee na za\u010diatku nestanovuje trest za u\u017e sp\u00e1chan\u00fd trestn\u00fd \u010din, n\u00e1sledky opakovan\u00fdch trestn\u00fdch \u010dinov s\u00fa z\u00e1va\u017en\u00e9.\u00a0<\/span><\/p><p><span style=\"color: var( --e-global-color-text );\">Preto\u017ee spolo\u010dnos\u0165 je potom ohrozen\u00e1:<\/span><\/p><ul><li><b>Jemn\u00e9<\/b> (administrat\u00edvna pokuta)<\/li><li><b>Alternat\u00edvny trest od\u0148atia slobody<\/b>ktor\u00e1 sa vym\u00e1ha od \u010dlenov v\u00fdkonn\u00fdch org\u00e1nov spolo\u010dnosti (napr. \u010dlenov predstavenstva alebo dozornej rady), ak pokuta nie je zaplaten\u00e1 alebo ju nemo\u017eno zaplati\u0165, a<\/li><li><b>Trest od\u0148atia slobody<\/b> (tzv. ob\u010dianskopr\u00e1vna zodpovednos\u0165), ktor\u00e1 sa uplat\u0148uje aj vo\u010di \u010dlenom v\u00fdkonn\u00fdch org\u00e1nov.<\/li><\/ul><p>Av\u0161ak. <b>Monitorovanie titulov<\/b> \u017eiadny \u0161t\u00e1tny org\u00e1n, ale op\u00e4\u0165 zdru\u017eenia. Na\u0161e zdru\u017eenie ve\u013emi pozorne sleduje s\u00fadne tituly a pravidelne pod\u00e1va \u017eiadosti o sankcie.\u00a0<\/p><p>Ak pova\u017eujeme pokutu za pr\u00edli\u0161 n\u00edzku, v pr\u00edpade potreby pod\u00e1me odvolanie, aby sme dosiahli vy\u0161\u0161iu pokutu.<\/p>\t\t\t\t\t\t\t\t<\/div>\n\t\t\t\t<\/div>\n\t\t\t\t\t<\/div>\n\t\t<\/div>\n\t\t\t\t<div class=\"elementor-column elementor-col-50 elementor-inner-column elementor-element elementor-element-a5caa54\" data-id=\"a5caa54\" data-element_type=\"column\" data-e-type=\"column\">\n\t\t\t<div class=\"elementor-widget-wrap elementor-element-populated\">\n\t\t\t\t\t\t<div class=\"elementor-element elementor-element-418363f elementor-widget elementor-widget-image\" data-id=\"418363f\" data-element_type=\"widget\" data-e-type=\"widget\" data-widget_type=\"image.default\">\n\t\t\t\t<div class=\"elementor-widget-container\">\n\t\t\t\t\t\t\t\t\t\t\t\t\t\t\t<img fetchpriority=\"high\" decoding=\"async\" width=\"800\" height=\"600\" src=\"https:\/\/euroconsum.eu\/wp-content\/uploads\/2021\/12\/bgh-1024x768.jpeg\" class=\"attachment-large size-large wp-image-427\" alt=\"\" \/>\t\t\t\t\t\t\t\t\t\t\t\t\t\t\t<\/div>\n\t\t\t\t<\/div>\n\t\t\t\t<div class=\"elementor-element elementor-element-208590b elementor-widget elementor-widget-text-editor\" data-id=\"208590b\" data-element_type=\"widget\" data-e-type=\"widget\" data-widget_type=\"text-editor.default\">\n\t\t\t\t<div class=\"elementor-widget-container\">\n\t\t\t\t\t\t\t\t\t<p><span style=\"font-weight: bold;\">\u010eal\u0161ie inform\u00e1cie:<\/span><\/p><ul><li><a href=\"https:\/\/euroconsum.eu\/sk\/prozessabteilung\/\">Na\u0161e procesn\u00e9 oddelenie<\/a><\/li><li><a href=\"https:\/\/euroconsum.eu\/sk\/elementor-655\/\">Na\u0161e pr\u00edkazy<\/a><\/li><li><a href=\"https:\/\/euroconsum.eu\/sk\/abhilfeklagen\/\">Na\u0161e opatrenia na n\u00e1pravu<\/a><\/li><li><a href=\"https:\/\/euroconsum.eu\/sk\/verstoss-melden\/\">Nahl\u00e1si\u0165 trestn\u00fd \u010din<\/a><\/li><\/ul>\t\t\t\t\t\t\t\t<\/div>\n\t\t\t\t<\/div>\n\t\t\t\t\t<\/div>\n\t\t<\/div>\n\t\t\t\t\t<\/div>\n\t\t<\/section>\n\t\t\t\t\t<\/div>\n\t\t<\/div>\n\t\t\t\t\t<\/div>\n\t\t<\/section>\n\t\t\t\t<\/div>","protected":false},"excerpt":{"rendered":"<p>Bestrafungsverfahren Wird ein Unternehmen gerichtlich zum Unterlassen verurteilt, folgt hieraus ersteinmal keine Strafe. Der Unterlassungstitel ist sozusagen ein &#8222;Freischuss&#8222; f\u00fcr das rechtsbrechende Unternehmen. Ein Unterlassungstitel (in der Regel ist dies ein Urteil oder ein Gerichtsbeschluss) bedeutet also erst einmal nicht mehr, als dass dem Unternehmen gerichtlich aufgegeben wird, ein Verhalten, das ohnehin bereits von Gesetzes [&hellip;]<\/p>","protected":false},"author":1,"featured_media":0,"parent":0,"menu_order":0,"comment_status":"closed","ping_status":"closed","template":"","meta":{"footnotes":""},"class_list":["post-831","page","type-page","status-publish","hentry"],"_links":{"self":[{"href":"https:\/\/euroconsum.eu\/sk\/wp-json\/wp\/v2\/pages\/831","targetHints":{"allow":["GET"]}}],"collection":[{"href":"https:\/\/euroconsum.eu\/sk\/wp-json\/wp\/v2\/pages"}],"about":[{"href":"https:\/\/euroconsum.eu\/sk\/wp-json\/wp\/v2\/types\/page"}],"author":[{"embeddable":true,"href":"https:\/\/euroconsum.eu\/sk\/wp-json\/wp\/v2\/users\/1"}],"replies":[{"embeddable":true,"href":"https:\/\/euroconsum.eu\/sk\/wp-json\/wp\/v2\/comments?post=831"}],"version-history":[{"count":10,"href":"https:\/\/euroconsum.eu\/sk\/wp-json\/wp\/v2\/pages\/831\/revisions"}],"predecessor-version":[{"id":3283,"href":"https:\/\/euroconsum.eu\/sk\/wp-json\/wp\/v2\/pages\/831\/revisions\/3283"}],"wp:attachment":[{"href":"https:\/\/euroconsum.eu\/sk\/wp-json\/wp\/v2\/media?parent=831"}],"curies":[{"name":"wp","href":"https:\/\/api.w.org\/{rel}","templated":true}]}}