{"id":565,"date":"2022-01-08T21:34:46","date_gmt":"2022-01-08T20:34:46","guid":{"rendered":"https:\/\/euroconsum.eu\/?page_id=565"},"modified":"2023-04-09T08:03:03","modified_gmt":"2023-04-09T06:03:03","slug":"nachverstoss","status":"publish","type":"page","link":"https:\/\/euroconsum.eu\/sk\/nachverstoss\/","title":{"rendered":"Po\u017eiada\u0165 o \u010dlenstvo"},"content":{"rendered":"<h1 class=\"wp-block-heading\" id=\"block-f9cef70c-768c-4ec5-b5f8-70a9e08603fa\"><br>Na ve\u013ekosti z\u00e1le\u017e\u00ed!<\/h1>\n\n\n\n<p id=\"block-6213da01-20b4-44ac-a9a7-ecd99df21f11\">\u0160irok\u00e1 \u010dlensk\u00e1 z\u00e1klad\u0148a legitimizuje na\u0161u pr\u00e1cu vo vz\u0165ahu k politick\u00fdm \u010dinite\u013eom a d\u00e1va n\u00e1m cenn\u00e9 podnety pre na\u0161u pr\u00e1cu.<\/p>\n\n\n\n<p id=\"block-25c8ec09-de7f-4aa9-a074-3d6d6d5f3c55\">S&nbsp;<strong>Va\u0161e \u010dlenstvo<\/strong>...<\/p>\n\n\n\n<ul class=\"wp-block-list\" id=\"block-b12eada2-43ce-4666-9e96-c97806273d17\"><li>prispievate k tomu, aby sa d\u00f4kazy stali z\u00e1kladom politick\u00fdch rozhodnut\u00ed.<\/li><li>posil\u0148ujete na\u0161u pr\u00e1cu v oblasti vedecky podlo\u017eenej ochrany spotrebite\u013ea.<\/li><li>podporujete n\u00e1s v pr\u00e1vnom boji proti nez\u00e1konn\u00fdm praktik\u00e1m.<\/li><\/ul>\n\n\n\n<p id=\"block-836a650e-c5c1-4aa4-8ef4-5bd9782dabf7\"><a href=\"https:\/\/euroconsum.eu\/sk\/media\/mitgliedsantrag.pdf\/\"><strong>\u017diados\u0165 o \u010dlenstvo<\/strong>&nbsp;(pdf, bez bari\u00e9r)<\/a><\/p>\n\n\n\n<p id=\"block-2e5ef3c7-55e1-428c-ba24-a67601a1618a\"><a href=\"https:\/\/www.gesetze-im-internet.de\/gg\/art_9.html\">\u010cl\u00e1nok 9 ods. 3 GG<\/a>\u00a0zaru\u010duje pr\u00e1vo na pr\u00e1cu na podporu hospod\u00e1rskych podmienok v zdru\u017eeniach. Pod\u013ea n\u00e1\u0161ho n\u00e1zoru v\u00fdkon tohto z\u00e1kladn\u00e9ho pr\u00e1va nesmie z\u00e1visie\u0165 od osobnej finan\u010dnej sily. Aby sa to zaru\u010dilo, ka\u017ed\u00fd \u010dlen m\u00f4\u017ee urobi\u0165 vlastn\u00e9\u00a0<strong>\u010clensk\u00fd poplatok stanovuje samotn\u00e1 spolo\u010dnos\u0165<\/strong>\u00a0a existuj\u00fa\u00a0<strong>\u017diadny minim\u00e1lny pr\u00edspevok<\/strong>.<\/p>\n\n\n\n<figure class=\"wp-block-image\" id=\"block-abfdc3be-4985-4daf-8b92-b9f0f6ef3798\"><img decoding=\"async\" src=\"https:\/\/euroconsum.eu\/de\/media\/mitgliedsantrag.png\" alt=\"Es kommt sehr wohl auf die Gr\u00f6\u00dfe an!\"\/><\/figure>","protected":false},"excerpt":{"rendered":"<p>Na ve\u013ekosti z\u00e1le\u017e\u00ed! \u0160irok\u00e1 \u010dlensk\u00e1 z\u00e1klad\u0148a legitimizuje na\u0161u pr\u00e1cu vo vz\u0165ahu k politick\u00fdm \u010dinite\u013eom a d\u00e1va n\u00e1m cenn\u00e9 podnety pre na\u0161u pr\u00e1cu. Svoj\u00edm \u010dlenstvom... prispievate k tomu, aby sa d\u00f4kazy stali z\u00e1kladom pre politick\u00e9 rozhodnutia. posil\u0148ujete na\u0161u pr\u00e1cu v oblasti vedecky podlo\u017eenej ochrany spotrebite\u013ea. podporujete n\u00e1s v pr\u00e1vnom boji proti nez\u00e1konn\u00fdm [...].<\/p>","protected":false},"author":1,"featured_media":0,"parent":0,"menu_order":0,"comment_status":"closed","ping_status":"closed","template":"","meta":{"footnotes":""},"class_list":["post-565","page","type-page","status-publish","hentry"],"_links":{"self":[{"href":"https:\/\/euroconsum.eu\/sk\/wp-json\/wp\/v2\/pages\/565","targetHints":{"allow":["GET"]}}],"collection":[{"href":"https:\/\/euroconsum.eu\/sk\/wp-json\/wp\/v2\/pages"}],"about":[{"href":"https:\/\/euroconsum.eu\/sk\/wp-json\/wp\/v2\/types\/page"}],"author":[{"embeddable":true,"href":"https:\/\/euroconsum.eu\/sk\/wp-json\/wp\/v2\/users\/1"}],"replies":[{"embeddable":true,"href":"https:\/\/euroconsum.eu\/sk\/wp-json\/wp\/v2\/comments?post=565"}],"version-history":[{"count":5,"href":"https:\/\/euroconsum.eu\/sk\/wp-json\/wp\/v2\/pages\/565\/revisions"}],"predecessor-version":[{"id":3530,"href":"https:\/\/euroconsum.eu\/sk\/wp-json\/wp\/v2\/pages\/565\/revisions\/3530"}],"wp:attachment":[{"href":"https:\/\/euroconsum.eu\/sk\/wp-json\/wp\/v2\/media?parent=565"}],"curies":[{"name":"wp","href":"https:\/\/api.w.org\/{rel}","templated":true}]}}