{"id":4168,"date":"2024-05-14T09:40:45","date_gmt":"2024-05-14T07:40:45","guid":{"rendered":"https:\/\/euroconsum.eu\/?page_id=4168"},"modified":"2024-05-14T10:12:36","modified_gmt":"2024-05-14T08:12:36","slug":"satzung-euroconsum-ev","status":"publish","type":"page","link":"https:\/\/euroconsum.eu\/sk\/satzung-euroconsum-ev\/","title":{"rendered":"Stanovy spolo\u010dnosti EuroConsum e.V."},"content":{"rendered":"<div data-elementor-type=\"wp-page\" data-elementor-id=\"4168\" class=\"elementor elementor-4168\" data-elementor-post-type=\"page\">\n\t\t\t\t\t\t<section class=\"elementor-section elementor-top-section elementor-element elementor-element-cf39644 elementor-section-boxed elementor-section-height-default elementor-section-height-default\" data-id=\"cf39644\" data-element_type=\"section\" data-e-type=\"section\">\n\t\t\t\t\t\t<div class=\"elementor-container elementor-column-gap-default\">\n\t\t\t\t\t<div class=\"elementor-column elementor-col-100 elementor-top-column elementor-element elementor-element-4c854f6\" data-id=\"4c854f6\" data-element_type=\"column\" data-e-type=\"column\">\n\t\t\t<div class=\"elementor-widget-wrap elementor-element-populated\">\n\t\t\t\t\t\t<div class=\"elementor-element elementor-element-7aefedc elementor-alert-info elementor-widget elementor-widget-alert\" data-id=\"7aefedc\" data-element_type=\"widget\" data-e-type=\"widget\" data-widget_type=\"alert.default\">\n\t\t\t\t<div class=\"elementor-widget-container\">\n\t\t\t\t\t\t\t<div class=\"elementor-alert\" role=\"alert\">\n\n\t\t\t\n\t\t\t\t\t\t<span class=\"elementor-alert-description\">Upozornenie: v\u00e4zba <b><a \/>Nemeck\u00e1 jazykov\u00e1 verzia<\/a><\/b> t\u00fdchto stanov.<\/span>\n\t\t\t\n\t\t\t\t\t\t<button type=\"button\" class=\"elementor-alert-dismiss\" aria-label=\"Odstr\u00e1\u0148te tento alarm.\">\n\t\t\t\t\t\t\t\t\t<span aria-hidden=\"true\">\u00d7<\/span>\n\t\t\t\t\t\t\t<\/button>\n\t\t\t\n\t\t<\/div>\n\t\t\t\t\t\t<\/div>\n\t\t\t\t<\/div>\n\t\t\t\t\t<\/div>\n\t\t<\/div>\n\t\t\t\t\t<\/div>\n\t\t<\/section>\n\t\t\t\t<section class=\"elementor-section elementor-top-section elementor-element elementor-element-6e271a8e elementor-section-boxed elementor-section-height-default elementor-section-height-default\" data-id=\"6e271a8e\" data-element_type=\"section\" data-e-type=\"section\">\n\t\t\t\t\t\t<div class=\"elementor-container elementor-column-gap-default\">\n\t\t\t\t\t<div class=\"elementor-column elementor-col-100 elementor-top-column elementor-element elementor-element-2b58860a\" data-id=\"2b58860a\" data-element_type=\"column\" data-e-type=\"column\">\n\t\t\t<div class=\"elementor-widget-wrap elementor-element-populated\">\n\t\t\t\t\t\t<div class=\"elementor-element elementor-element-fff04dd elementor-widget elementor-widget-text-editor\" data-id=\"fff04dd\" data-element_type=\"widget\" data-e-type=\"widget\" data-widget_type=\"text-editor.default\">\n\t\t\t\t<div class=\"elementor-widget-container\">\n\t\t\t\t\t\t\t\t\t<p><\/p>\n<h3 class=\"wp-block-heading\" style=\"text-align: left;\">\u00a7 1 N\u00c1ZOV A S\u00cdDLO<\/h3>\n<p><\/p>\n<p><\/p>\n<p>Zdru\u017eenie nesie n\u00e1zov \"<em><strong>EuroConsum<\/strong><\/em>\"; po registr\u00e1cii s dodatkom e. V. S\u00eddlo zdru\u017eenia je Kassel (Hesensko, Nemecko). Rok zdru\u017eenia sa za\u010d\u00edna 1. j\u00fala a kon\u010d\u00ed 30. j\u00fana nasleduj\u00faceho roka. Zapisuje sa do registra zdru\u017een\u00ed.&nbsp;<\/p>\n<p><\/p>\n<p><\/p>\n<h3 class=\"wp-block-heading\">\u00a7 2 \u00da\u010cEL A NEZISKOV\u00dd \u0160TAT\u00daT<\/h3>\n<p><\/p>\n<p><\/p>\n<h4 class=\"wp-block-heading\">I. CIE\u013d A NAPLNENIE CIE\u013dA<\/h4>\n<p><\/p>\n<p><\/p>\n<p>Zdru\u017eenie sleduje v\u00fdlu\u010dne charitat\u00edvne ciele, a to podporu spotrebite\u013esk\u00e9ho poradenstva a ochrany spotrebite\u013ea a z\u00edskavanie finan\u010dn\u00fdch prostriedkov na charitat\u00edvne \u00fa\u010dely.<br>V r\u00e1mci plnenia svojho \u00fa\u010delu zastupuje z\u00e1ujmy spotrebite\u013eov t\u00fdm, \u017ee poskytuje inform\u00e1cie, vzdel\u00e1vanie a poradenstvo na nekomer\u010dnom a nie len do\u010dasnom z\u00e1klade, najm\u00e4 vyd\u00e1van\u00edm publik\u00e1ci\u00ed, organizovan\u00edm stretnut\u00ed a konzulta\u010dn\u00fdch hod\u00edn, ako aj organizovan\u00edm podujat\u00ed a propag\u00e1ciou kvality tovaru a slu\u017eieb, najm\u00e4 prostredn\u00edctvom internetu. Zastupuje tie\u017e z\u00e1ujmy spotrebite\u013eov vo vz\u0165ahu k politikom.<\/p>\n<p><\/p>\n<p><\/p>\n<p>Zdru\u017eenie pln\u00ed svoje ciele aj uplat\u0148ovan\u00edm n\u00e1rokov, najm\u00e4 n\u00e1rokov na s\u00fadne pr\u00edkazy a n\u00e1pravu, a veden\u00edm (aj s\u00fadnych) konan\u00ed alebo konan\u00ed pred spr\u00e1vnymi org\u00e1nmi (bez geografick\u00e9ho alebo zemepisn\u00e9ho obmedzenia), najm\u00e4 v s\u00falade so smernicou E\u00da o \u017ealob\u00e1ch pod\u00e1van\u00fdch v zast\u00fapen\u00ed (smernica (E\u00da) 2020\/1828). Zdru\u017eenie sa m\u00f4\u017ee zasadzova\u0165 aj za ochranu<br>pr\u00e1va spotrebite\u013eov post\u00fapen\u00edm poh\u013ead\u00e1vok na neho, pokia\u013e je to pr\u00e1vne pr\u00edpustn\u00e9.<\/p>\n<p><\/p>\n<p><\/p>\n<p>T\u00e1to \u010dinnos\u0165 sa realizuje aj t\u00fdm, \u017ee zdru\u017eenie poskytuje spotrebite\u013eom poradenstvo v s\u00favislosti s aspektmi diskrimin\u00e1cie, ktor\u00e9 s\u00fa pod\u013ea pr\u00e1va Spolo\u010denstva nepr\u00edpustn\u00e9 (najm\u00e4 smernice 76\/207\/EHS, 97\/80\/ES, 2000\/43\/ES, 2000\/78\/ES, 2002\/73\/ES, 2004\/113\/ES a \u010dl\u00e1nky 18 a\u017e 21 ZFE\u00da), obhajuje z\u00e1ujmy dotknut\u00fdch os\u00f4b a skup\u00edn a prij\u00edma a\/alebo koordinuje vhodn\u00e9 opatrenia na boj proti ich diskrimin\u00e1cii. To zah\u0155\u0148a najm\u00e4 v\u0161etky aspekty diskrimin\u00e1cie na z\u00e1klade znakov, ktor\u00e9 s\u00fa zak\u00e1zan\u00e9 pod\u013ea pr\u00e1va Spolo\u010denstva v s\u00favislosti s hromadn\u00fdmi transakciami v ka\u017edodennom \u017eivote, pr\u00edstupom k (platen\u00fdm) mo\u017enostiam vzdel\u00e1vania a trhu s n\u00e1jomn\u00fdm b\u00fdvan\u00edm.<\/p>\n<p><\/p>\n<p><\/p>\n<p>\u00da\u010del sa realizuje aj prostredn\u00edctvom poskytovania poradenstva a uplat\u0148ovania (vr\u00e1tane zastupovania) n\u00e1rokov a pr\u00e1v v s\u00falade s GDPR (nariadenie (E\u00da) 2016\/679), najm\u00e4 tie\u017e v s\u00falade s \u010dl. 80 GDPR.<\/p>\n<p><\/p>\n<p><\/p>\n<p>V s\u00falade s po\u017eiadavkami pr\u00e1va Spolo\u010denstva zdru\u017eenie poskytuje inform\u00e1cie o pr\u00e1vach spotrebite\u013eov najm\u00e4 zverej\u0148ovan\u00edm inform\u00e1ci\u00ed a \u00fadajov o konaniach, ktor\u00e9 viedlo (a ich v\u00fdsledkoch), preto\u017ee to u\u013eah\u010duje uplatnenie a vym\u00e1hanie jednotliv\u00fdch n\u00e1rokov (n\u00e1sledn\u00e9 opatrenia).<\/p>\n<p><\/p>\n<p><\/p>\n<p>Na tento \u00fa\u010del m\u00f4\u017ee poskytova\u0165 pomoc, najm\u00e4 s oh\u013eadom na jazykov\u00fa, kult\u00farnu a etnick\u00fa rozmanitos\u0165 Eur\u00f3pskej \u00fanie (pozri smernicu (E\u00da) 2019\/2161). Medzi z\u00e1konom stanoven\u00e9 \u00falohy m\u00f4\u017ee patri\u0165 aj koordin\u00e1cia s protimonopoln\u00fdmi org\u00e1nmi a Eur\u00f3pskou komisiou a uplat\u0148ovanie n\u00e1rokov pod\u013ea \u00a7 33 a 34a ARC a \u00fa\u010das\u0165 v konaniach pod\u013ea \u00a7 34 ARC.<\/p>\n<p><\/p>\n<p><\/p>\n<p>Zdru\u017eenie funguje nezi\u0161tne a nesleduje prim\u00e1rne vlastn\u00e9 ekonomick\u00e9 ciele alebo z\u00e1mer dosiahnu\u0165 zisk.<\/p>\n<p><\/p>\n<p><\/p>\n<p>\u010clenovia zdru\u017eenia ako \u010dlenovia nedost\u00e1vaj\u00fa \u017eiadne v\u00fdhody z prostriedkov zdru\u017eenia. \u017diadna osoba nesmie by\u0165 zv\u00fdhodnen\u00e1 v\u00fddavkami, ktor\u00e9 s\u00fa cudzie \u00fa\u010delu zdru\u017eenia, ani neprimerane vysokou odmenou.<\/p>\n<p><\/p>\n<p><\/p>\n<p>Finan\u010dn\u00e9 prostriedky zdru\u017eenia sa m\u00f4\u017eu pou\u017ei\u0165 len na \u00fa\u010dely stanoven\u00e9 v stanov\u00e1ch zdru\u017eenia.<\/p>\n<p><\/p>\n<p><\/p>\n<h4 class=\"wp-block-heading\">II. VZ\u0164AH S EUR\u00d3PSKOU \u00daNIOU<\/h4>\n<p><\/p>\n<p><\/p>\n<p>Zdru\u017eenie si v\u00e1\u017ei \u00faspechy eur\u00f3pskeho zjednotenia vr\u00e1tane vn\u00fatorn\u00e9ho trhu a je odhodlan\u00e9 ich podporova\u0165, ako aj vytv\u00e1ra\u0165 spolo\u010dn\u00fd priestor slobody, bezpe\u010dnosti a spravodlivosti. Osobitne sa c\u00edti zaviazan\u00e9 podporova\u0165 spotrebite\u013eov v pr\u00edpadoch s rozmerom v r\u00e1mci Spolo\u010denstva. Zdru\u017eenie urob\u00ed v\u0161etko pre to, aby podporilo \u010dinnos\u0165 eur\u00f3pskych in\u0161tit\u00faci\u00ed, najm\u00e4 Eur\u00f3pskej komisie, v oblasti ochrany spotrebite\u013ea. Modern\u00e9 komunika\u010dn\u00e9 prostriedky (internet, e-mail at\u010f.) a jazykov\u00e1 a kult\u00farna pluralita Eur\u00f3py maj\u00fa v pr\u00e1ci zdru\u017eenia osobitn\u00fd v\u00fdznam.<\/p>\n<p><\/p>\n<p><\/p>\n<h3 class=\"wp-block-heading\">\u00a7 3 \u010cLENSTVO, VYL\u00da\u010cENIE, PR\u00cdSPEVOK<\/h3>\n<p><\/p>\n<p><\/p>\n<p>\u010clenom sa m\u00f4\u017ee sta\u0165 ka\u017ed\u00e1 plnolet\u00e1 pr\u00e1vnick\u00e1 alebo fyzick\u00e1 osoba. O prijat\u00ed rozhoduje v\u00fdkonn\u00e1 rada, ktor\u00e1 m\u00f4\u017ee poda\u0165 neform\u00e1lnu \u017eiados\u0165. Ak je \u017eiados\u0165 o prijatie zamietnut\u00e1, \u017eiadate\u013e m\u00f4\u017ee poda\u0165 n\u00e1mietku. V\u00fdkonn\u00e1 rada predlo\u017e\u00ed t\u00fato n\u00e1mietku valn\u00e9mu zhroma\u017edeniu; valn\u00e9 zhroma\u017edenie potom rozhodne o prijat\u00ed.<\/p>\n<p><\/p>\n<p><\/p>\n<p>\u010clensk\u00fd pr\u00edspevok pre \u010dlenov, ktor\u00ed vst\u00fapia do zdru\u017eenia po 1. janu\u00e1ri 2023, je minim\u00e1lne<br>0,01 eura (1 eurocent) ro\u010dne; \u010dlenstvo zost\u00e1va bezplatn\u00e9 pre \u010dlenov, ktor\u00ed sa u\u017e do zdru\u017eenia zapojili. Ka\u017ed\u00fd \u010dlen v\u0161ak m\u00f4\u017ee zdru\u017eenie finan\u010dne podporova\u0165. \u010clenstvo zanik\u00e1 vyst\u00fapen\u00edm alebo \u00famrt\u00edm osoby. Vyhl\u00e1senie o vyst\u00fapen\u00ed nevy\u017eaduje \u017eiadny formul\u00e1r.<\/p>\n<p><\/p>\n<p><\/p>\n<p>\u010clenovia m\u00f4\u017eu by\u0165 vyl\u00fa\u010den\u00ed na z\u00e1klade uznesenia valn\u00e9ho zhroma\u017edenia, ak ich spr\u00e1vanie nie je v s\u00falade s cie\u013emi zdru\u017eenia. Na vyl\u00fa\u010denie je potrebn\u00e1 v\u00e4\u010d\u0161ina pr\u00edtomn\u00fdch \u010dlenov, pri\u010dom \u010dlen, o ktor\u00e9ho vyl\u00fa\u010den\u00ed sa hlasuje, nem\u00e1 hlasovacie pr\u00e1vo.<\/p>\n<p><\/p>\n<p><\/p>\n<p>V\u00fdkonn\u00e1 rada m\u00f4\u017ee - najm\u00e4 z d\u00f4vodov procesnej hospod\u00e1rnosti a ochrany dobr\u00e9ho mena - pod\u013ea vlastn\u00e9ho uv\u00e1\u017eenia upusti\u0165 od vyberania \u010dlensk\u00fdch pr\u00edspevkov. Ak s\u00fa\u010det pr\u00edspevkov, od ktor\u00fdch v\u00fdberu bolo upusten\u00e9, presiahne 10 % celkov\u00fdch pr\u00edjmov zo v\u0161etk\u00fdch \u010dlensk\u00fdch pr\u00edspevkov v kalend\u00e1rnom roku, v\u00fdkonn\u00e1 rada na to mus\u00ed upozorni\u0165 na valnom zhroma\u017eden\u00ed.<\/p>\n<p><\/p>\n<p><\/p>\n<h3 class=\"wp-block-heading\">\u00a7 4 ORGANIZ\u00c1CIA<\/h3>\n<p><\/p>\n<p><\/p>\n<h4 class=\"wp-block-heading\">I. VALN\u00c9 ZHROMA\u017dDENIE<\/h4>\n<p><\/p>\n<p><\/p>\n<p>Valn\u00e9 zhroma\u017edenie sa sch\u00e1dza najmenej raz za kalend\u00e1rny rok. M\u00f4\u017ee by\u0165 zvolan\u00e9 na z\u00e1klade p\u00edsomnej \u017eiadosti 1\/3 \u010dlenov alebo v\u00fdkonnou radou. Lehota na pozvanie je jeden t\u00fd\u017ede\u0148. K pozv\u00e1nke nemus\u00ed by\u0165 prilo\u017een\u00fd program rokovania. Ak s\u00fa predlo\u017een\u00e9 n\u00e1vrhy na zmenu stanov, malo by sa na t\u00fato skuto\u010dnos\u0165 pouk\u00e1za\u0165 bez toho, aby sa museli uv\u00e1dza\u0165 jednotliv\u00e9 zmeny a doplnenia.<\/p>\n<p><\/p>\n<p><\/p>\n<p>Pozv\u00e1nka mus\u00ed ma\u0165 aspo\u0148 textov\u00fa podobu.<\/p>\n<p><\/p>\n<p><\/p>\n<p>Valn\u00e9 zhroma\u017edenie sa m\u00f4\u017ee kona\u0165 aj na inom mieste ako v s\u00eddle zdru\u017eenia.<br>Spr\u00e1vna rada ur\u010d\u00ed miesto pod\u013ea vlastn\u00e9ho uv\u00e1\u017eenia. V pr\u00edpade valn\u00e9ho zhroma\u017edenia, ktor\u00e9 sa mus\u00ed kona\u0165 na \u017eiados\u0165 niektor\u00fdch \u010dlenov, sa v\u0161ak toto valn\u00e9 zhroma\u017edenie mus\u00ed kona\u0165 v s\u00eddle spolo\u010dnosti.<\/p>\n<p><\/p>\n<p><\/p>\n<p>O priebehu valn\u00e9ho zhroma\u017edenia a prijat\u00fdch uzneseniach sa vyhotovuje z\u00e1pisnica, ktor\u00fa podpisuje osoba vyhotovuj\u00faca z\u00e1pisnicu.<\/p>\n<p><\/p>\n<p><\/p>\n<h4 class=\"wp-block-heading\">II. V\u00ddKONN\u00c1 RADA A VEDENIE<\/h4>\n<p><\/p>\n<p><\/p>\n<p>Valn\u00e9 zhroma\u017edenie vol\u00ed predstavenstvo, ktor\u00e9 sa sklad\u00e1 z maxim\u00e1lne troch os\u00f4b (o konkr\u00e9tnom po\u010dte \u010dlenov predstavenstva rozhoduje valn\u00e9 zhroma\u017edenie, na ktorom sa predstavenstvo vol\u00ed), zastupuje zdru\u017eenie samostatne pred s\u00fadom i mimo neho (v ka\u017edom pr\u00edpade) a riadi obchodn\u00fa \u010dinnos\u0165. Zodpoved\u00e1 za not\u00e1rsky z\u00e1pis uznesen\u00ed valn\u00e9ho zhroma\u017edenia. Jeho funk\u010dn\u00e9 obdobie je p\u00e4\u0165 rokov, pokia\u013e valn\u00e9 zhroma\u017edenie predt\u00fdm nezvol\u00ed nov\u00e9ho predsedu. V\u00fdkonn\u00e1 rada vymenuje konate\u013ea, ktor\u00fd zastupuje zdru\u017eenie pred s\u00fadom a mimo neho.<br>V pr\u00e1vnych sporoch a v be\u017en\u00fdch administrat\u00edvnych z\u00e1le\u017eitostiach zastupuje predstavenstvo samostatne.<\/p>\n<p><\/p>\n<p><\/p>\n<p>V\u00fdkonn\u00e1 rada - konaj\u00faca v mene zdru\u017eenia - by mala s v\u00fdkonn\u00fdm riadite\u013eom uzavrie\u0165 pracovn\u00fa zmluvu. Ak v\u00fdkonn\u00e1 rada nem\u00f4\u017ee vykon\u00e1va\u0165 \u010dinnos\u0165 zdru\u017eenia dlh\u0161ie ako \u0161tyri t\u00fd\u017edne z d\u00f4vodu \u00famrtia alebo choroby, v\u00fdkonn\u00fd riadite\u013e je zodpovedn\u00fd za zorganizovanie valn\u00e9ho zhroma\u017edenia, na ktorom sa bezodkladne, spravidla v\u0161ak do \u00f4smich t\u00fd\u017ed\u0148ov, zvol\u00ed nov\u00e1 v\u00fdkonn\u00e1 rada.<\/p>\n<p><\/p>\n<p><\/p>\n<p>V\u00fdkonn\u00e1 rada aj konate\u013e s\u00fa osloboden\u00ed od obmedzen\u00ed pod\u013ea \u00a7 181 BGB, pokia\u013e ide o zastupovanie in\u00e9ho org\u00e1nu alebo zdru\u017eenia, ale s t\u00fdmto obmedzen\u00edm: Pri uzatv\u00e1ran\u00ed, predl\u017eovan\u00ed a ukon\u010dovan\u00ed pracovnej alebo slu\u017eobnej zmluvy konate\u013ea vr\u00e1tane v\u0161etk\u00fdch pr\u00e1vnych \u00fakonov s\u00favisiacich s obsahom a\/alebo organiz\u00e1ciou pracovn\u00e9ho alebo slu\u017eobn\u00e9ho pomeru konate\u013ea sa na konate\u013ea vz\u0165ahuje obmedzenie pod\u013ea \u00a7 181 BGB.<\/p>\n<p><\/p>\n<p><\/p>\n<p>Org\u00e1ny m\u00f4\u017eu na ozna\u010denie svojho \u00faradu pou\u017e\u00edva\u0165 \u017eensk\u00fd tvar.<\/p>\n<p><\/p>\n<p><\/p>\n<h4 class=\"wp-block-heading\">III. PORADN\u00c9 RADY<\/h4>\n<p><\/p>\n<p><\/p>\n<p>V\u00fdkonn\u00e1 rada organizuje poradn\u00e9 org\u00e1ny po porade s veden\u00edm. O vytvoren\u00ed a zlo\u017een\u00ed t\u00fdchto v\u00fdborov sa mus\u00ed informova\u0165 valn\u00e9 zhroma\u017edenie. V\u00fdkonn\u00e1 rada by mala zoh\u013eadni\u0165 \u017eelania valn\u00e9ho zhroma\u017edenia.<\/p>\n<p><\/p>\n<p><\/p>\n<h3 class=\"wp-block-heading\">\u00a7 5 HLASOVANIE, VO\u013dBY A ZMENY STANOV<\/h3>\n<p><\/p>\n<p><\/p>\n<p>Hlasovanie a vo\u013eby upravuj\u00fa volebn\u00e9 predpisy. Zmeny a doplnenia stanov vy\u017eaduj\u00fa dvojtretinov\u00fa v\u00e4\u010d\u0161inu hlasov \u010dlenov pr\u00edtomn\u00fdch na valnom zhroma\u017eden\u00ed.<\/p>\n<p><\/p>\n<p><\/p>\n<h3 class=\"wp-block-heading\">\u00a7 6 ROZPUSTENIE A DOLO\u017dKA O NEPREDV\u00cdDAN\u00ddCH UDALOSTIACH<\/h3>\n<p><\/p>\n<p><\/p>\n<p>Na rozpustenie zdru\u017eenia sa vy\u017eaduje 3\/4 v\u00e4\u010d\u0161ina odovzdan\u00fdch hlasov a s\u00fa\u010dasn\u00e1 pr\u00edtomnos\u0165 najmenej 3\/4 \u010dlenov zdru\u017eenia na valnom zhroma\u017eden\u00ed. Ak sa zdru\u017eenie rozpust\u00ed alebo zru\u0161\u00ed alebo ak zanikn\u00fa da\u0148ovo zv\u00fdhodnen\u00e9 \u00fa\u010dely, majetok sa prevedie na Gesellschaft zur wissenschaftlichen Untersuchung von Parawissenschaften e. V. (AG Darmstadt VR 2028), ktor\u00e1 ho mus\u00ed pou\u017ei\u0165 priamo a v\u00fdlu\u010dne na charitat\u00edvne \u00fa\u010dely.<\/p>\n<p><\/p>\n<p><\/p>\n<h3 class=\"wp-block-heading\">\u00a7 7 PODPORA \u010cLENSTVA<\/h3>\n<p><\/p>\n<p><\/p>\n<p>Okrem pln\u00e9ho \u010dlenstva je k dispoz\u00edcii aj mo\u017enos\u0165 podporn\u00e9ho \u010dlenstva. Podporuj\u00faci \u010dlenovia nemaj\u00fa hlasovacie pr\u00e1vo a nie s\u00fa \u010dlenmi v zmysle \u00a7 32 BGB. Platia ro\u010dn\u00fd \u010dlensk\u00fd pr\u00edspevok, ktor\u00fd je stanoven\u00fd v \u0161tat\u00fate \u010dlensk\u00fdch pr\u00edspevkov, ktor\u00fd ur\u010duje valn\u00e9 zhroma\u017edenie. O prijat\u00ed podporn\u00e9ho \u010dlena rozhoduje v\u00fdkonn\u00fd v\u00fdbor, ktor\u00fd m\u00f4\u017ee touto \u00falohou poveri\u0165.<\/p>\n<p><\/p>\n<p><\/p>\n<p>Ak je osoba \u010dlenom aj podporn\u00fdm \u010dlenom, pr\u00e1va tejto osoby ako \u010dlena (\u00a7 32 BGB) zost\u00e1vaj\u00fa podporn\u00fdm \u010dlenstvom nedotknut\u00e9.<\/p>\n<p><\/p>\n<p><\/p>\n<p>\u017diados\u0165 o \u010dlenstvo podan\u00e1 po 1. febru\u00e1ri 2011 (najsk\u00f4r v\u0161ak po z\u00e1pise stanov \u010dlensk\u00e9ho poplatku registrov\u00fdm s\u00fadom) sa pova\u017euje za \u017eiados\u0165 o sponzorsk\u00e9 \u010dlenstvo, ak z okolnost\u00ed nevypl\u00fdva nie\u010do in\u00e9.<\/p>\n<p><\/p>\n<p><\/p>\n<p>Sponzorsk\u00e9 \u010dlenstvo je mo\u017en\u00e9 kedyko\u013evek zru\u0161i\u0165 s v\u00fdpovednou lehotou \u0161tyri t\u00fd\u017edne do konca mesiaca. Pr\u00edspevky zaplaten\u00e9 za podporn\u00e9 \u010dlenstvo sa nevracaj\u00fa. Tvrdenie o v\u00fd\u0161ke \u010dlensk\u00fdch pr\u00edspevkov je v kompetencii v\u00fdkonnej rady. Ak vznikne nedoplatok na \u010dlensk\u00fdch pr\u00edspevkoch, n\u00e1rok sponzoruj\u00faceho \u010dlena na ak\u00e9ko\u013evek v\u00fdhody sa pozastav\u00ed.<\/p><p><br><\/p>\n<p><\/p>\n<p><\/p>\n<hr class=\"wp-block-separator has-alpha-channel-opacity\">\n<p><\/p>\n<p><\/p>\n<p><em>Naposledy zmenen\u00e9 a doplnen\u00e9 uznesen\u00edm valn\u00e9ho zhroma\u017edenia 18. j\u00fala 2023.<\/em><\/p>\n<p><\/p>\t\t\t\t\t\t\t\t<\/div>\n\t\t\t\t<\/div>\n\t\t\t\t\t<\/div>\n\t\t<\/div>\n\t\t\t\t\t<\/div>\n\t\t<\/section>\n\t\t\t\t<\/div>","protected":false},"excerpt":{"rendered":"<p>Upozornenie: z\u00e1v\u00e4zn\u00e1 je nemeck\u00e1 jazykov\u00e1 verzia t\u00fdchto stanov. \u00d7 Skry\u0165 pozn\u00e1mku. \u00a7 1 N\u00c1ZOV A S\u00cdDLO Zdru\u017eenie nesie n\u00e1zov \"EuroConsum\"; po registr\u00e1cii s dodatkom e. V. S\u00eddlom zdru\u017eenia je Kassel (Hesensko, Nemecko). Rok zdru\u017eenia sa za\u010d\u00edna 1. j\u00fala a kon\u010d\u00ed 30. j\u00fana nasleduj\u00faceho roka. Zap\u00ed\u0161e sa do registra zdru\u017een\u00ed [...].<\/p>","protected":false},"author":1,"featured_media":0,"parent":0,"menu_order":0,"comment_status":"closed","ping_status":"closed","template":"","meta":{"footnotes":""},"class_list":["post-4168","page","type-page","status-publish","hentry"],"_links":{"self":[{"href":"https:\/\/euroconsum.eu\/sk\/wp-json\/wp\/v2\/pages\/4168","targetHints":{"allow":["GET"]}}],"collection":[{"href":"https:\/\/euroconsum.eu\/sk\/wp-json\/wp\/v2\/pages"}],"about":[{"href":"https:\/\/euroconsum.eu\/sk\/wp-json\/wp\/v2\/types\/page"}],"author":[{"embeddable":true,"href":"https:\/\/euroconsum.eu\/sk\/wp-json\/wp\/v2\/users\/1"}],"replies":[{"embeddable":true,"href":"https:\/\/euroconsum.eu\/sk\/wp-json\/wp\/v2\/comments?post=4168"}],"version-history":[{"count":10,"href":"https:\/\/euroconsum.eu\/sk\/wp-json\/wp\/v2\/pages\/4168\/revisions"}],"predecessor-version":[{"id":4190,"href":"https:\/\/euroconsum.eu\/sk\/wp-json\/wp\/v2\/pages\/4168\/revisions\/4190"}],"wp:attachment":[{"href":"https:\/\/euroconsum.eu\/sk\/wp-json\/wp\/v2\/media?parent=4168"}],"curies":[{"name":"wp","href":"https:\/\/api.w.org\/{rel}","templated":true}]}}