{"id":2,"date":"2021-12-15T06:15:39","date_gmt":"2021-12-15T05:15:39","guid":{"rendered":"https:\/\/euroconsum.eu\/?page_id=2"},"modified":"2023-04-09T07:57:36","modified_gmt":"2023-04-09T05:57:36","slug":"sample-page","status":"publish","type":"page","link":"https:\/\/euroconsum.eu\/sk\/sample-page\/","title":{"rendered":"Postup ukladania sankci\u00ed"},"content":{"rendered":"<p>Na ochranu spotrebite\u013eov sl\u00fa\u017ei ve\u013ek\u00e9 mno\u017estvo predpisov. Pr\u00e1vo je v\u0161ak koncipovan\u00e9 tak, \u017ee tieto pr\u00e1va na ochranu spotrebite\u013ea nem\u00f4\u017eu vo v\u0161eobecnosti vym\u00e1ha\u0165 samotn\u00ed dotknut\u00ed spotrebitelia.<\/p>\n\n\n\n<p>Jeden pr\u00edklad:<\/p>\n\n\n\n<figure class=\"wp-block-pullquote\"><blockquote><p>Tovar v supermarkete je nespr\u00e1vne alebo zav\u00e1dzaj\u00faco ozna\u010den\u00fd. Hoci na to existuje pr\u00e1vny predpis (tzv. \"nariadenie o ozna\u010dovan\u00ed cien\"), konkr\u00e9tnej dotknutej osobe to ned\u00e1va \u017eiadny n\u00e1rok. Ak je napr\u00edklad z\u00e1kladn\u00e1 cena v\u00fdrobku ozna\u010den\u00e1 pr\u00edli\u0161 n\u00edzko, z\u00e1kazn\u00edci obchodu nemaj\u00fa pr\u00e1vo k\u00fapi\u0165 v\u00fdrobok za ni\u017e\u0161iu cenu. <\/p><p>V niektor\u00fdch (extr\u00e9mnych a ve\u013emi komplikovan\u00fdch) pr\u00edpadoch m\u00f4\u017ee by\u0165 mo\u017en\u00e9, \u017ee poru\u0161enie d\u00e1va z\u00e1kazn\u00edkovi pr\u00e1vo \"odst\u00fapi\u0165\" od zmluvy. Pr\u00e1vnym d\u00f4sledkom v\u0161ak nie je zru\u0161enie zmluvy.<\/p><\/blockquote><\/figure>\n\n\n\n<p><\/p>\n\n\n\n<h2 class=\"wp-block-heading\">Ur\u00e1\u017eka stoj\u00ed za to... v\u017edy<\/h2>\n\n\n\n<p>Jednou z \u00faloh spotrebite\u013esk\u00e9ho zdru\u017eenia je p\u00f4sobi\u0165 ako spr\u00e1vca z\u00e1ujmov spotrebite\u013eov.<\/p>\n\n\n\n<blockquote class=\"wp-block-quote is-layout-flow wp-block-quote-is-layout-flow\"><p>Ahoj! Cez de\u0148 som posl\u00ed\u010dek na bicykli, v noci som za\u010d\u00ednaj\u00faci herec a toto je moja webov\u00e1 str\u00e1nka. \u017dijem v Los Angeles, m\u00e1m skvel\u00e9ho psa menom Jack a m\u00e1m r\u00e1d pi\u0148a coladu. (A zastihne ma d\u00e1\u017e\u010f.)<\/p><\/blockquote>\n\n\n\n<p>...alebo nie\u010do podobn\u00e9:<\/p>\n\n\n\n<blockquote class=\"wp-block-quote is-layout-flow wp-block-quote-is-layout-flow\"><p>Spolo\u010dnos\u0165 XYZ Doohickey Company bola zalo\u017een\u00e1 v roku 1971 a odvtedy poskytuje verejnosti kvalitn\u00e9 hra\u010dky. Spolo\u010dnos\u0165 XYZ, ktor\u00e1 sa nach\u00e1dza v Gotham City, zamestn\u00e1va viac ako 2 000 \u013eud\u00ed a rob\u00ed pre gothamsk\u00fa komunitu r\u00f4zne \u00fa\u017easn\u00e9 veci.<\/p><\/blockquote>\n\n\n\n<p>Ako nov\u00fd pou\u017e\u00edvate\u013e WordPress by ste mali prejs\u0165 na ovl\u00e1dac\u00ed panel a odstr\u00e1ni\u0165 t\u00fato str\u00e1nku a vytvori\u0165 nov\u00e9 str\u00e1nky pre svoj obsah. Bavte sa!<\/p>","protected":false},"excerpt":{"rendered":"<p>Eine Vielzahl von Regelungen dienen dem Schutz von Verbrauchenden. Allerdings ist das Recht so ausgestaltet, dass diese verbrauchersch\u00fctzenden Rechte in aller Regel nicht von den betroffenen Verbrauchenden selbst durchgesetzt werden k\u00f6nnen. Ein Beispiel: In einem Supermarkt ist die Ware falsch bzw. irref\u00fchrend ausgezeichnet. Zwar gibt es eine gesetzliche Regel hierzu (die sog. &#8222;Preisangabenverordnung&#8220;), aber diese [&hellip;]<\/p>","protected":false},"author":1,"featured_media":0,"parent":0,"menu_order":0,"comment_status":"closed","ping_status":"open","template":"","meta":{"footnotes":""},"class_list":["post-2","page","type-page","status-publish","hentry"],"_links":{"self":[{"href":"https:\/\/euroconsum.eu\/sk\/wp-json\/wp\/v2\/pages\/2","targetHints":{"allow":["GET"]}}],"collection":[{"href":"https:\/\/euroconsum.eu\/sk\/wp-json\/wp\/v2\/pages"}],"about":[{"href":"https:\/\/euroconsum.eu\/sk\/wp-json\/wp\/v2\/types\/page"}],"author":[{"embeddable":true,"href":"https:\/\/euroconsum.eu\/sk\/wp-json\/wp\/v2\/users\/1"}],"replies":[{"embeddable":true,"href":"https:\/\/euroconsum.eu\/sk\/wp-json\/wp\/v2\/comments?post=2"}],"version-history":[{"count":3,"href":"https:\/\/euroconsum.eu\/sk\/wp-json\/wp\/v2\/pages\/2\/revisions"}],"predecessor-version":[{"id":3467,"href":"https:\/\/euroconsum.eu\/sk\/wp-json\/wp\/v2\/pages\/2\/revisions\/3467"}],"wp:attachment":[{"href":"https:\/\/euroconsum.eu\/sk\/wp-json\/wp\/v2\/media?parent=2"}],"curies":[{"name":"wp","href":"https:\/\/api.w.org\/{rel}","templated":true}]}}