{"id":1166,"date":"2022-03-03T21:53:24","date_gmt":"2022-03-03T20:53:24","guid":{"rendered":"https:\/\/euroconsum.eu\/?page_id=1166"},"modified":"2022-03-10T19:56:15","modified_gmt":"2022-03-10T18:56:15","slug":"1166-2","status":"publish","type":"page","link":"https:\/\/euroconsum.eu\/sk\/1166-2\/","title":{"rendered":"\u010co n\u00e1s rob\u00ed mo\u017en\u00fdmi"},"content":{"rendered":"<p>Na\u0161u pr\u00e1cu podporuje&nbsp;<strong>Dobrovo\u013en\u00edci a \u010destn\u00ed pracovn\u00edci<\/strong>&nbsp;podporovan\u00e1 a umo\u017enen\u00e1. Od svojho zalo\u017eenia sa n\u00e1\u0161 hlavn\u00fd t\u00edm sklad\u00e1 z pr\u00e1vnikov a lek\u00e1rov (v\u00e4\u010d\u0161inou na d\u00f4chodku), ktor\u00ed ka\u017edoro\u010dne vykonaj\u00fa pre spolo\u010dn\u00e9 ciele zdru\u017eenia pr\u00e1cu v hodnote tri\u0161tvrte mili\u00f3na eur.<\/p>\n\n\n\n<div class=\"wp-block-image\"><figure class=\"alignleft size-full is-resized\"><img fetchpriority=\"high\" decoding=\"async\" src=\"https:\/\/euroconsum.eu\/wp-content\/uploads\/2022\/03\/Bild_2022-03-10_195358.png\" alt=\"\" class=\"wp-image-1536\" width=\"265\" height=\"333\"\/><\/figure><\/div>\n\n\n\n<p>Po rozsiahlej diskusii medzi na\u0161imi \u010dlenmi sme v roku 2018 za\u010dali mapova\u0165 v\u0161etky procesy a funkcie pomocou bezplatn\u00e9ho softv\u00e9ru. Podarilo sa n\u00e1m to vo v\u0161etk\u00fdch oblastiach nemateri\u00e1lnej pr\u00e1ce a vo ve\u013ekej miere sme uspeli v oblasti presadzovania pr\u00e1va, kde sa mus\u00ed pou\u017e\u00edva\u0165 \u0161pecializovan\u00fd softv\u00e9r. Sme z&nbsp;<strong>Softv\u00e9r s otvoren\u00fdm zdrojov\u00fdm k\u00f3dom<\/strong>&nbsp;a ka\u017edoro\u010dne v\u00fdznamne prispieva\u0165 do komunity open source.<\/p>\n\n\n\n<p>Individu\u00e1lne dary vo v\u00fd\u0161ke 10 000 EUR alebo viac a firemn\u00e9 dary vo v\u00fd\u0161ke 1 EUR alebo viac n\u00e1jdete v\u00a0<strong><a href=\"https:\/\/euroconsum.eu\/sk\/transparenzbericht\/\" data-type=\"page\" data-id=\"1127\">Spr\u00e1va o transparentnosti<\/a><\/strong>. Spr\u00e1va o transparentnosti sa ka\u017edoro\u010dne aktualizuje.<\/p>","protected":false},"excerpt":{"rendered":"<p>Na\u0161u pr\u00e1cu podporuj\u00fa a umo\u017e\u0148uj\u00fa dobrovo\u013en\u00edci. Od n\u00e1\u0161ho zalo\u017eenia tvoria n\u00e1\u0161 z\u00e1kladn\u00fd t\u00edm pr\u00e1vnici a lek\u00e1ri (v\u00e4\u010d\u0161inou na d\u00f4chodku), ktor\u00ed prispievaj\u00fa na spolo\u010dn\u00e9 ciele zdru\u017eenia sumou rovnaj\u00facou sa tri\u0161tvrte mili\u00f3nu eur ro\u010dne. Po rozsiahlej diskusii medzi na\u0161imi \u010dlenmi sme v roku 2018 za\u010dali harmonizova\u0165 v\u0161etky procesy [...]<\/p>","protected":false},"author":1,"featured_media":0,"parent":0,"menu_order":0,"comment_status":"closed","ping_status":"closed","template":"","meta":{"footnotes":""},"class_list":["post-1166","page","type-page","status-publish","hentry"],"_links":{"self":[{"href":"https:\/\/euroconsum.eu\/sk\/wp-json\/wp\/v2\/pages\/1166","targetHints":{"allow":["GET"]}}],"collection":[{"href":"https:\/\/euroconsum.eu\/sk\/wp-json\/wp\/v2\/pages"}],"about":[{"href":"https:\/\/euroconsum.eu\/sk\/wp-json\/wp\/v2\/types\/page"}],"author":[{"embeddable":true,"href":"https:\/\/euroconsum.eu\/sk\/wp-json\/wp\/v2\/users\/1"}],"replies":[{"embeddable":true,"href":"https:\/\/euroconsum.eu\/sk\/wp-json\/wp\/v2\/comments?post=1166"}],"version-history":[{"count":4,"href":"https:\/\/euroconsum.eu\/sk\/wp-json\/wp\/v2\/pages\/1166\/revisions"}],"predecessor-version":[{"id":1539,"href":"https:\/\/euroconsum.eu\/sk\/wp-json\/wp\/v2\/pages\/1166\/revisions\/1539"}],"wp:attachment":[{"href":"https:\/\/euroconsum.eu\/sk\/wp-json\/wp\/v2\/media?parent=1166"}],"curies":[{"name":"wp","href":"https:\/\/api.w.org\/{rel}","templated":true}]}}