{"id":1151,"date":"2022-03-03T21:46:34","date_gmt":"2022-03-03T20:46:34","guid":{"rendered":"https:\/\/euroconsum.eu\/?page_id=1151"},"modified":"2023-04-09T08:03:32","modified_gmt":"2023-04-09T06:03:32","slug":"1151-2","status":"publish","type":"page","link":"https:\/\/euroconsum.eu\/sk\/1151-2\/","title":{"rendered":"Predn\u00e1\u0161ky, podujatia, publik\u00e1cie"},"content":{"rendered":"<h1 class=\"wp-block-heading\">Publik\u00e1cie<\/h1>\n\n\n\n<p>Pre tento typ obsahu je k dispoz\u00edcii mo\u017enos\u0165 filtrovania:&nbsp;<a href=\"https:\/\/euroconsum.eu\/sk\/publication\/\">Filtrovanie publik\u00e1ci\u00ed pod\u013ea t\u00e9my<\/a>.<a href=\"https:\/\/euroconsum.eu\/sk\/publication\/transparenz\/\">Spr\u00e1va o transparentnosti<\/a><a href=\"https:\/\/euroconsum.eu\/sk\/publication\/transparenz\/\">Spr\u00e1va o daroch a transparentnosti<\/a><\/p>\n\n\n\n<figure class=\"wp-block-image\"><a href=\"https:\/\/euroconsum.eu\/sk\/publication\/transparenz\/\"><img decoding=\"async\" src=\"https:\/\/euroconsum.eu\/de\/publication\/transparenz\/featured_hu706c2842d527792b38d4486eb4fc153a_575496_150x0_resize_q100_lanczos.jpg\" alt=\"Transparenzbericht\"\/><\/a><\/figure>\n\n\n\n<p><a href=\"https:\/\/euroconsum.eu\/sk\/publication\/erfolge-homoepathie\/\">Ako mo\u017eno vysvetli\u0165 \"\u00faspechy\" homeopatie?<\/a><a href=\"https:\/\/euroconsum.eu\/sk\/publication\/erfolge-homoepathie\/\">Existuje mnoho spr\u00e1v o \"\u00faspechoch\" homeopatie a \u010dasto sa prid\u00e1va potvrdzuj\u00faca veta \"Kto lie\u010di, m\u00e1 pravdu\", aby sa met\u00f3da ospravedlnila. \u010casto to \u013eudia komentuj\u00fa slovami: \"Nevieme, ako to funguje, ale vid\u00edme, \u017ee to funguje!<\/a><\/p>\n\n\n\n<figure class=\"wp-block-image\"><a href=\"https:\/\/euroconsum.eu\/sk\/publication\/erfolge-homoepathie\/\"><img decoding=\"async\" src=\"https:\/\/euroconsum.eu\/de\/publication\/erfolge-homoepathie\/featured_hu5d926b49cab28cd204d30624a6b4bf4c_1453662_150x0_resize_q100_lanczos.jpg\" alt=\"Wie sind die &quot;Erfolge&quot; der Hom\u00f6pathie zu erkl\u00e4ren?\"\/><\/a><\/figure>\n\n\n\n<p><a href=\"https:\/\/euroconsum.eu\/sk\/publication\/warum-homoeopathie-populaer\/\">Pre\u010do je homeopatia tak\u00e1 popul\u00e1rna?<\/a><a href=\"https:\/\/euroconsum.eu\/sk\/publication\/warum-homoeopathie-populaer\/\">D\u00f4vodov je nieko\u013eko. Hoci homeopatia bola v Hahnemannovej dobe pokrokom (vyv\u00edjal ju od roku 1796 a\u017e do svojej smrti v roku 1843), u\u017e vtedy bola, samozrejme, nespr\u00e1vna. Met\u00f3dy, ktor\u00e9 pou\u017e\u00edvala v\u00e4\u010d\u0161ina vtedaj\u0161\u00edch lek\u00e1rov, boli brut\u00e1lne a oslabovali pacientov - niekedy a\u017e na hranicu smrti.<\/a><\/p>\n\n\n\n<figure class=\"wp-block-image\"><a href=\"https:\/\/euroconsum.eu\/sk\/publication\/warum-homoeopathie-populaer\/\"><img decoding=\"async\" src=\"https:\/\/euroconsum.eu\/de\/publication\/warum-homoeopathie-populaer\/featured_hu5f01d06f764da66c6a4af34ece277408_1688627_150x0_resize_q100_lanczos.jpg\" alt=\"Warum ist Hom\u00f6opathie so popul\u00e4r?\"\/><\/a><\/figure>\n\n\n\n<p><a href=\"https:\/\/euroconsum.eu\/sk\/publication\/homoeopathische-impfung\/\">\u010co je to \"homeopatick\u00e9 o\u010dkovanie\"?<\/a><a href=\"https:\/\/euroconsum.eu\/sk\/publication\/homoeopathische-impfung\/\">Homeopati a obhajcovia homeopatie opakovane tvrdia, \u017ee ich praotec a nadotec Hahnemann prakticky vyna\u0161iel o\u010dkovanie a \u017ee sa pou\u017e\u00edva aj homeopatick\u00e9 o\u010dkovanie. Na zd\u00f4vodnenie sa odvol\u00e1vaj\u00fa na Hahnemannov z\u00e1kladn\u00fd princ\u00edp similia similibus curentur, podobn\u00e9 veci lie\u010dia podobn\u00e9 veci. Presne to sa deje pri o\u010dkovan\u00ed - pod\u00e1vaj\u00fa sa zlo\u017eky patog\u00e9nu, ktor\u00fd sp\u00f4sobuje ochorenie, proti ktor\u00e9mu sa pod\u00e1va vakc\u00edna.<\/a><\/p>\n\n\n\n<figure class=\"wp-block-image\"><a href=\"https:\/\/euroconsum.eu\/sk\/publication\/homoeopathische-impfung\/\"><img decoding=\"async\" src=\"https:\/\/euroconsum.eu\/de\/publication\/homoeopathische-impfung\/featured_hu7f5ea5061939d96a9de257e9aa3ea962_1045660_150x0_resize_q100_lanczos.jpg\" alt=\"Was ist eine &quot;Hom\u00f6opathische Impfung&quot;?\"\/><\/a><\/figure>\n\n\n\n<p><a href=\"https:\/\/euroconsum.eu\/sk\/publication\/homoeopathie-schaden\/\">M\u00f4\u017ee homeopatia \u0161kodi\u0165?<\/a><a href=\"https:\/\/euroconsum.eu\/sk\/publication\/homoeopathie-schaden\/\">Odpove\u010f je jednozna\u010dne \u00e1no. Nie priamo u\u017e\u00edvan\u00edm globul\u00ed, ktor\u00e9 bu\u010f obsahuj\u00fa pr\u00edli\u0161 m\u00e1lo \u00fa\u010dinnej l\u00e1tky, alebo neobsahuj\u00fa v\u00f4bec \u017eiadnu, aby na \u0148u organizmus mohol reagova\u0165, a preto ich mo\u017eno bezpe\u010dne pova\u017eova\u0165 za \u010dist\u00fd cukor. Tak ako pri v\u0161etk\u00fdch pseudolie\u010debn\u00fdch met\u00f3dach spo\u010d\u00edva nebezpe\u010denstvo pre pou\u017e\u00edvate\u013eov homeopatie v mo\u017enom oddialen\u00ed alebo dokonca zabr\u00e1nen\u00ed v\u010dasnej odbornej lek\u00e1rskej pomoci.<\/a><\/p>\n\n\n\n<figure class=\"wp-block-image\"><a href=\"https:\/\/euroconsum.eu\/sk\/publication\/homoeopathie-schaden\/\"><img decoding=\"async\" src=\"https:\/\/euroconsum.eu\/de\/publication\/homoeopathie-schaden\/featured_hu2fdb171626ca22370c9c50f20616d677_769041_150x0_resize_q100_lanczos.jpg\" alt=\"Kann Hom\u00f6opathie schaden?\"\/><\/a><\/figure>\n\n\n\n<p><a href=\"https:\/\/euroconsum.eu\/sk\/publication\/\">\u010eAL\u0160IE PUBLIK\u00c1CIE&nbsp;<\/a><\/p>\n\n\n\n<h1 class=\"wp-block-heading\">Predn\u00e1\u0161ky a podujatia<\/h1>\n\n\n\n<p><a href=\"https:\/\/euroconsum.eu\/sk\/talk\/big-data-evidenz-wissenschaftliche-praxis\/\">Vedeck\u00e1 prax a d\u00f4kazy verzus ve\u013ek\u00e9 d\u00e1ta a umel\u00e1 inteligencia?<\/a><a href=\"https:\/\/euroconsum.eu\/sk\/talk\/big-data-evidenz-wissenschaftliche-praxis\/\">Spr\u00e1vna vedeck\u00e1 prax a d\u00f4kazy verzus ve\u013ek\u00e9 d\u00e1ta a umel\u00e1 inteligencia - partneri alebo protivn\u00edci?<\/a><a href=\"https:\/\/euroconsum.eu\/sk\/author\/urs\/\">Urs<\/a>j\u00fan 1, 2020<a href=\"https:\/\/www.skepkon.org\/images\/PDF-Abstracts\/Evidenz_vs._Big_Data.pdf\" target=\"_blank\" rel=\"noreferrer noopener\">PDF<\/a><a href=\"https:\/\/www.skepkon.org\/images\/PDF-Abstracts\/Evidenz_vs._Big_Data.pdf\" target=\"_blank\" rel=\"noreferrer noopener\">Prezent\u00e1cie<\/a><a href=\"https:\/\/www.youtube.com\/watch?v=U8vBWQr3tLs\" target=\"_blank\" rel=\"noreferrer noopener\">Video<\/a><\/p>\n\n\n\n<figure class=\"wp-block-image\"><a href=\"https:\/\/euroconsum.eu\/sk\/talk\/big-data-evidenz-wissenschaftliche-praxis\/\"><img decoding=\"async\" src=\"https:\/\/euroconsum.eu\/de\/talk\/big-data-evidenz-wissenschaftliche-praxis\/featured_hu4ff0a919cfd472561f7d6b41c170a5e0_397344_150x0_resize_q100_lanczos.jpg\" alt=\"Wissenschaftliche Praxis und Evidenz vs. Big Data und K\u00fcnstliche Intelligenz?\"\/><\/a><\/figure>\n\n\n\n<p><a href=\"https:\/\/euroconsum.eu\/sk\/talk\/futterverschwoerung\/\">Kon\u0161pir\u00e1cia s krmivom - trendy vo v\u00fd\u017eive psov a ma\u010diek<\/a><a href=\"https:\/\/euroconsum.eu\/sk\/talk\/futterverschwoerung\/\">Zdrav\u00e1 v\u00fd\u017eiva dom\u00e1cich zvierat je m\u00f3dnou t\u00e9mou. \u010co je d\u00f4le\u017eit\u00e9, \u010do je humbuk, \u010do je blbos\u0165<\/a><a href=\"https:\/\/euroconsum.eu\/sk\/author\/dr.-stefanie-handl\/\">Dr. Stefanie Handl<\/a>j\u00fan 1, 2019<a href=\"https:\/\/www.youtube.com\/watch?v=L3yUwCvniVY\" target=\"_blank\" rel=\"noreferrer noopener\">Video<\/a><a href=\"https:\/\/twitter.com\/skepkon\" target=\"_blank\" rel=\"noreferrer noopener\">&nbsp;Sledujte Skepkon<\/a><\/p>\n\n\n\n<figure class=\"wp-block-image\"><a href=\"https:\/\/euroconsum.eu\/sk\/talk\/futterverschwoerung\/\"><img decoding=\"async\" src=\"https:\/\/euroconsum.eu\/de\/talk\/futterverschwoerung\/featured_hu9b5622fa2b67805f5e8d345621d58df3_171651_150x0_resize_q100_lanczos.jpg\" alt=\"Die Futterverschw\u00f6rung - Trends in der Ern\u00e4hrung von Hunden und Katzen\"\/><\/a><\/figure>\n\n\n\n<p><a href=\"https:\/\/euroconsum.eu\/sk\/talk\/geschichte-kurpfuscherei\/\">Hist\u00f3ria lie\u010debnej medic\u00edny v Nemecku<\/a><a href=\"https:\/\/euroconsum.eu\/sk\/talk\/geschichte-kurpfuscherei\/\">V roku 1869 bol z\u00e1kaz lie\u010debnej medic\u00edny zru\u0161en\u00fd. Predn\u00e1\u0161ka poukazuje na d\u00f4le\u017eit\u00e9 etapy laickej medic\u00edny a s\u00fa\u010dasn\u00e9 probl\u00e9my.<\/a>31. m\u00e1ja 2019<a href=\"https:\/\/www.youtube.com\/watch?v=WQBFMMtDC1c\" target=\"_blank\" rel=\"noreferrer noopener\">Video<\/a><\/p>\n\n\n\n<figure class=\"wp-block-image\"><a href=\"https:\/\/euroconsum.eu\/sk\/talk\/geschichte-kurpfuscherei\/\"><img decoding=\"async\" src=\"https:\/\/euroconsum.eu\/de\/talk\/geschichte-kurpfuscherei\/featured_hu4b4f272db0609987f341892200770db4_296516_150x0_resize_q100_lanczos.jpg\" alt=\"Die Geschichte der Kurpfuscherei in Deutschland\"\/><\/a><\/figure>\n\n\n\n<h1 class=\"wp-block-heading\">V centre pozornosti<\/h1>\n\n\n\n<p>07.02.2021&nbsp;&nbsp;&nbsp;<a href=\"https:\/\/euroconsum.eu\/sk\/category\/diversitat\/\">Rozmanitos\u0165<\/a><a href=\"https:\/\/euroconsum.eu\/sk\/publication\/diversitaet-und-konsum\/\"><\/a><a href=\"https:\/\/euroconsum.eu\/sk\/publication\/diversitaet-und-konsum\/\">Medzit\u00f3ny namiesto \u0161abl\u00f3n<\/a><a href=\"https:\/\/euroconsum.eu\/sk\/publication\/diversitaet-und-konsum\/\">Na\u0161ou snahou o ochranu spotrebite\u013ea je zahrn\u00fa\u0165 v\u0161etky perspekt\u00edvy<\/a><a href=\"https:\/\/euroconsum.eu\/sk\/project\/diversitaet-und-konsum\/\">Projekt<\/a><\/p>","protected":false},"excerpt":{"rendered":"<p>Publik\u00e1cie Pre tento typ obsahu je k dispoz\u00edcii mo\u017enos\u0165 filtrovania: Ako sa daj\u00fa vysvetli\u0165 \"\u00faspechy\" homeopatie? Existuje mnoho spr\u00e1v o \"\u00faspechoch\" homeopatie a \u010dasto sa prid\u00e1va potvrdzuj\u00faca veta \"Kto lie\u010di, m\u00e1 pravdu\", aby sa met\u00f3da ospravedlnila. Koment\u00e1re s\u00fa potom \u010dasto doplnen\u00e9 vetou: \"Nevieme, ako [...].<\/p>","protected":false},"author":1,"featured_media":0,"parent":0,"menu_order":0,"comment_status":"closed","ping_status":"closed","template":"","meta":{"footnotes":""},"class_list":["post-1151","page","type-page","status-publish","hentry"],"_links":{"self":[{"href":"https:\/\/euroconsum.eu\/sk\/wp-json\/wp\/v2\/pages\/1151","targetHints":{"allow":["GET"]}}],"collection":[{"href":"https:\/\/euroconsum.eu\/sk\/wp-json\/wp\/v2\/pages"}],"about":[{"href":"https:\/\/euroconsum.eu\/sk\/wp-json\/wp\/v2\/types\/page"}],"author":[{"embeddable":true,"href":"https:\/\/euroconsum.eu\/sk\/wp-json\/wp\/v2\/users\/1"}],"replies":[{"embeddable":true,"href":"https:\/\/euroconsum.eu\/sk\/wp-json\/wp\/v2\/comments?post=1151"}],"version-history":[{"count":10,"href":"https:\/\/euroconsum.eu\/sk\/wp-json\/wp\/v2\/pages\/1151\/revisions"}],"predecessor-version":[{"id":3565,"href":"https:\/\/euroconsum.eu\/sk\/wp-json\/wp\/v2\/pages\/1151\/revisions\/3565"}],"wp:attachment":[{"href":"https:\/\/euroconsum.eu\/sk\/wp-json\/wp\/v2\/media?parent=1151"}],"curies":[{"name":"wp","href":"https:\/\/api.w.org\/{rel}","templated":true}]}}