{"id":831,"date":"2022-01-09T13:03:37","date_gmt":"2022-01-09T12:03:37","guid":{"rendered":"https:\/\/euroconsum.eu\/?page_id=831"},"modified":"2022-10-22T21:12:31","modified_gmt":"2022-10-22T19:12:31","slug":"unterlassungsklagen","status":"publish","type":"page","link":"https:\/\/euroconsum.eu\/pl\/unterlassungsklagen\/","title":{"rendered":"Procedura nak\u0142adania kar"},"content":{"rendered":"<div data-elementor-type=\"wp-page\" data-elementor-id=\"831\" class=\"elementor elementor-831\" data-elementor-post-type=\"page\">\n\t\t\t\t\t\t<section class=\"elementor-section elementor-top-section elementor-element elementor-element-e253d34 elementor-section-boxed elementor-section-height-default elementor-section-height-default\" data-id=\"e253d34\" data-element_type=\"section\" data-e-type=\"section\">\n\t\t\t\t\t\t<div class=\"elementor-container elementor-column-gap-default\">\n\t\t\t\t\t<div class=\"elementor-column elementor-col-100 elementor-top-column elementor-element elementor-element-03746e1\" data-id=\"03746e1\" data-element_type=\"column\" data-e-type=\"column\">\n\t\t\t<div class=\"elementor-widget-wrap\">\n\t\t\t\t\t\t\t<\/div>\n\t\t<\/div>\n\t\t\t\t\t<\/div>\n\t\t<\/section>\n\t\t\t\t<section class=\"elementor-section elementor-top-section elementor-element elementor-element-3120fd6 elementor-section-boxed elementor-section-height-default elementor-section-height-default\" data-id=\"3120fd6\" data-element_type=\"section\" data-e-type=\"section\">\n\t\t\t\t\t\t<div class=\"elementor-container elementor-column-gap-default\">\n\t\t\t\t\t<div class=\"elementor-column elementor-col-100 elementor-top-column elementor-element elementor-element-27caff8\" data-id=\"27caff8\" data-element_type=\"column\" data-e-type=\"column\">\n\t\t\t<div class=\"elementor-widget-wrap elementor-element-populated\">\n\t\t\t\t\t\t<div class=\"elementor-element elementor-element-86c995f elementor-widget elementor-widget-spacer\" data-id=\"86c995f\" data-element_type=\"widget\" data-e-type=\"widget\" data-widget_type=\"spacer.default\">\n\t\t\t\t<div class=\"elementor-widget-container\">\n\t\t\t\t\t\t\t<div class=\"elementor-spacer\">\n\t\t\t<div class=\"elementor-spacer-inner\"><\/div>\n\t\t<\/div>\n\t\t\t\t\t\t<\/div>\n\t\t\t\t<\/div>\n\t\t\t\t<div class=\"elementor-element elementor-element-b7cf06a elementor-widget elementor-widget-heading\" data-id=\"b7cf06a\" data-element_type=\"widget\" data-e-type=\"widget\" data-widget_type=\"heading.default\">\n\t\t\t\t<div class=\"elementor-widget-container\">\n\t\t\t\t\t<h2 class=\"elementor-heading-title elementor-size-large\">Procedura nak\u0142adania kar<\/h2>\t\t\t\t<\/div>\n\t\t\t\t<\/div>\n\t\t\t\t<section class=\"elementor-section elementor-inner-section elementor-element elementor-element-068afe0 elementor-section-boxed elementor-section-height-default elementor-section-height-default\" data-id=\"068afe0\" data-element_type=\"section\" data-e-type=\"section\">\n\t\t\t\t\t\t<div class=\"elementor-container elementor-column-gap-default\">\n\t\t\t\t\t<div class=\"elementor-column elementor-col-50 elementor-inner-column elementor-element elementor-element-03e8144\" data-id=\"03e8144\" data-element_type=\"column\" data-e-type=\"column\">\n\t\t\t<div class=\"elementor-widget-wrap elementor-element-populated\">\n\t\t\t\t\t\t<div class=\"elementor-element elementor-element-ee86aa3 elementor-widget elementor-widget-text-editor\" data-id=\"ee86aa3\" data-element_type=\"widget\" data-e-type=\"widget\" data-widget_type=\"text-editor.default\">\n\t\t\t\t<div class=\"elementor-widget-container\">\n\t\t\t\t\t\t\t\t\t<p>Je\u015bli s\u0105d nakazuje sp\u00f3\u0142ce zaprzestanie dzia\u0142alno\u015bci, nie skutkuje to pocz\u0105tkowo na\u0142o\u017ceniem kary. Nakaz jest, \u017ce tak powiem, \"<b>Darmowy strza\u0142<\/b>&#8222;<b> dla firmy \u0142ami\u0105cej prawo<\/b>. Nakaz s\u0105dowy (zazwyczaj wyrok lub nakaz s\u0105dowy) oznacza zatem nic innego jak nakazanie sp\u00f3\u0142ce przez s\u0105d powstrzymania si\u0119 od zachowa\u0144, kt\u00f3re by\u0142y ju\u017c zakazane przez prawo.\u00a0<span style=\"color: var( --e-global-color-text );\">Z tego powodu zwyk\u0142o si\u0119 m\u00f3wi\u0107, \u017ce naruszenie prawa konkurencji by\u0142o zawsze op\u0142acalne, poniewa\u017c firma mog\u0142a zatrzyma\u0107 to, co zyska\u0142a na naruszeniu, dop\u00f3ki w pewnym momencie nie zosta\u0142 wydany nakaz s\u0105dowy.<\/span><span style=\"color: var( --e-global-color-text );\">\u00a0Prawo jest zatem pocz\u0105tkowo po stronie\u00a0<\/span>sprawca naruszenia.<\/p><p>Sp\u00f3\u0142ka jest jednak r\u00f3wnie\u017c informowana o konsekwencjach, je\u015bli zostanie ponownie przy\u0142apana na pope\u0142nieniu czynu zabronionego. W tym celu, tak zwany \"<b>Rozstrzyganie zagro\u017ce\u0144<\/b>\", kt\u00f3ry zazwyczaj jest ju\u017c zawarty w tytule.\u00a0<span style=\"color: var( --e-global-color-text );\">Cho\u0107 z jednej strony prawo jest przyjazne dla sprawc\u00f3w, poniewa\u017c nie przewiduje pocz\u0105tkowo kary za ju\u017c pope\u0142nione przest\u0119pstwo, konsekwencje ponownego pope\u0142nienia przest\u0119pstwa s\u0105 powa\u017cne.\u00a0<\/span><\/p><p><span style=\"color: var( --e-global-color-text );\">Poniewa\u017c firma jest wtedy zagro\u017cona:<\/span><\/p><ul><li><b>Dobrze<\/b> (grzywna administracyjna)<\/li><li><b>Alternatywna kara pozbawienia wolno\u015bci<\/b>kt\u00f3ra jest egzekwowana od cz\u0142onk\u00f3w organ\u00f3w wykonawczych sp\u00f3\u0142ki (np. cz\u0142onk\u00f3w zarz\u0105du lub rady dyrektor\u00f3w), je\u017celi kara nie zosta\u0142a zap\u0142acona lub nie mo\u017ce zosta\u0107 zap\u0142acona, oraz<\/li><li><b>Kara pozbawienia wolno\u015bci<\/b> (tzw. odpowiedzialno\u015b\u0107 cywilna), kt\u00f3ra jest r\u00f3wnie\u017c egzekwowana od cz\u0142onk\u00f3w organ\u00f3w wykonawczych.<\/li><\/ul><p>Jednak\u017ce <b>Monitorowanie tytu\u0142\u00f3w<\/b> \u017baden organ pa\u0144stwowy, ale ponownie stowarzyszenia. Nasze stowarzyszenie bardzo uwa\u017cnie monitoruje tytu\u0142y s\u0105dowe i regularnie sk\u0142ada wnioski o na\u0142o\u017cenie kar.\u00a0<\/p><p>Je\u015bli uznamy, \u017ce kara jest zbyt niska, w razie potrzeby z\u0142o\u017cymy odwo\u0142anie, aby uzyska\u0107 wy\u017csz\u0105 kar\u0119.<\/p>\t\t\t\t\t\t\t\t<\/div>\n\t\t\t\t<\/div>\n\t\t\t\t\t<\/div>\n\t\t<\/div>\n\t\t\t\t<div class=\"elementor-column elementor-col-50 elementor-inner-column elementor-element elementor-element-a5caa54\" data-id=\"a5caa54\" data-element_type=\"column\" data-e-type=\"column\">\n\t\t\t<div class=\"elementor-widget-wrap elementor-element-populated\">\n\t\t\t\t\t\t<div class=\"elementor-element elementor-element-418363f elementor-widget elementor-widget-image\" data-id=\"418363f\" data-element_type=\"widget\" data-e-type=\"widget\" data-widget_type=\"image.default\">\n\t\t\t\t<div class=\"elementor-widget-container\">\n\t\t\t\t\t\t\t\t\t\t\t\t\t\t\t<img fetchpriority=\"high\" decoding=\"async\" width=\"800\" height=\"600\" src=\"https:\/\/euroconsum.eu\/wp-content\/uploads\/2021\/12\/bgh-1024x768.jpeg\" class=\"attachment-large size-large wp-image-427\" alt=\"\" \/>\t\t\t\t\t\t\t\t\t\t\t\t\t\t\t<\/div>\n\t\t\t\t<\/div>\n\t\t\t\t<div class=\"elementor-element elementor-element-208590b elementor-widget elementor-widget-text-editor\" data-id=\"208590b\" data-element_type=\"widget\" data-e-type=\"widget\" data-widget_type=\"text-editor.default\">\n\t\t\t\t<div class=\"elementor-widget-container\">\n\t\t\t\t\t\t\t\t\t<p><span style=\"font-weight: bold;\">Wi\u0119cej informacji:<\/span><\/p><ul><li><a href=\"https:\/\/euroconsum.eu\/pl\/prozessabteilung\/\">Nasz dzia\u0142 procesowy<\/a><\/li><li><a href=\"https:\/\/euroconsum.eu\/pl\/elementor-655\/\">Nasze nakazy<\/a><\/li><li><a href=\"https:\/\/euroconsum.eu\/pl\/abhilfeklagen\/\">Nasze dzia\u0142ania odszkodowawcze<\/a><\/li><li><a href=\"https:\/\/euroconsum.eu\/pl\/verstoss-melden\/\">Zg\u0142o\u015b wykroczenie<\/a><\/li><\/ul>\t\t\t\t\t\t\t\t<\/div>\n\t\t\t\t<\/div>\n\t\t\t\t\t<\/div>\n\t\t<\/div>\n\t\t\t\t\t<\/div>\n\t\t<\/section>\n\t\t\t\t\t<\/div>\n\t\t<\/div>\n\t\t\t\t\t<\/div>\n\t\t<\/section>\n\t\t\t\t<\/div>","protected":false},"excerpt":{"rendered":"<p>Bestrafungsverfahren Wird ein Unternehmen gerichtlich zum Unterlassen verurteilt, folgt hieraus ersteinmal keine Strafe. Der Unterlassungstitel ist sozusagen ein &#8222;Freischuss&#8222; f\u00fcr das rechtsbrechende Unternehmen. Ein Unterlassungstitel (in der Regel ist dies ein Urteil oder ein Gerichtsbeschluss) bedeutet also erst einmal nicht mehr, als dass dem Unternehmen gerichtlich aufgegeben wird, ein Verhalten, das ohnehin bereits von Gesetzes [&hellip;]<\/p>","protected":false},"author":1,"featured_media":0,"parent":0,"menu_order":0,"comment_status":"closed","ping_status":"closed","template":"","meta":{"footnotes":""},"class_list":["post-831","page","type-page","status-publish","hentry"],"_links":{"self":[{"href":"https:\/\/euroconsum.eu\/pl\/wp-json\/wp\/v2\/pages\/831","targetHints":{"allow":["GET"]}}],"collection":[{"href":"https:\/\/euroconsum.eu\/pl\/wp-json\/wp\/v2\/pages"}],"about":[{"href":"https:\/\/euroconsum.eu\/pl\/wp-json\/wp\/v2\/types\/page"}],"author":[{"embeddable":true,"href":"https:\/\/euroconsum.eu\/pl\/wp-json\/wp\/v2\/users\/1"}],"replies":[{"embeddable":true,"href":"https:\/\/euroconsum.eu\/pl\/wp-json\/wp\/v2\/comments?post=831"}],"version-history":[{"count":10,"href":"https:\/\/euroconsum.eu\/pl\/wp-json\/wp\/v2\/pages\/831\/revisions"}],"predecessor-version":[{"id":3283,"href":"https:\/\/euroconsum.eu\/pl\/wp-json\/wp\/v2\/pages\/831\/revisions\/3283"}],"wp:attachment":[{"href":"https:\/\/euroconsum.eu\/pl\/wp-json\/wp\/v2\/media?parent=831"}],"curies":[{"name":"wp","href":"https:\/\/api.w.org\/{rel}","templated":true}]}}