{"id":817,"date":"2022-01-09T12:42:40","date_gmt":"2022-01-09T11:42:40","guid":{"rendered":"https:\/\/euroconsum.eu\/?page_id=817"},"modified":"2022-10-22T21:14:30","modified_gmt":"2022-10-22T19:14:30","slug":"abhilfeklagen","status":"publish","type":"page","link":"https:\/\/euroconsum.eu\/pl\/abhilfeklagen\/","title":{"rendered":"\u015arodki zaradcze"},"content":{"rendered":"<div data-elementor-type=\"wp-page\" data-elementor-id=\"817\" class=\"elementor elementor-817\" data-elementor-post-type=\"page\">\n\t\t\t\t\t\t<section class=\"elementor-section elementor-top-section elementor-element elementor-element-3120fd6 elementor-section-boxed elementor-section-height-default elementor-section-height-default\" data-id=\"3120fd6\" data-element_type=\"section\" data-e-type=\"section\">\n\t\t\t\t\t\t<div class=\"elementor-container elementor-column-gap-default\">\n\t\t\t\t\t<div class=\"elementor-column elementor-col-100 elementor-top-column elementor-element elementor-element-27caff8\" data-id=\"27caff8\" data-element_type=\"column\" data-e-type=\"column\">\n\t\t\t<div class=\"elementor-widget-wrap elementor-element-populated\">\n\t\t\t\t\t\t<div class=\"elementor-element elementor-element-86c995f elementor-widget elementor-widget-spacer\" data-id=\"86c995f\" data-element_type=\"widget\" data-e-type=\"widget\" data-widget_type=\"spacer.default\">\n\t\t\t\t<div class=\"elementor-widget-container\">\n\t\t\t\t\t\t\t<div class=\"elementor-spacer\">\n\t\t\t<div class=\"elementor-spacer-inner\"><\/div>\n\t\t<\/div>\n\t\t\t\t\t\t<\/div>\n\t\t\t\t<\/div>\n\t\t\t\t<div class=\"elementor-element elementor-element-b7cf06a elementor-widget elementor-widget-heading\" data-id=\"b7cf06a\" data-element_type=\"widget\" data-e-type=\"widget\" data-widget_type=\"heading.default\">\n\t\t\t\t<div class=\"elementor-widget-container\">\n\t\t\t\t\t<h2 class=\"elementor-heading-title elementor-size-large\">\u015arodki zaradcze<\/h2>\t\t\t\t<\/div>\n\t\t\t\t<\/div>\n\t\t\t\t<section class=\"elementor-section elementor-inner-section elementor-element elementor-element-068afe0 elementor-section-boxed elementor-section-height-default elementor-section-height-default\" data-id=\"068afe0\" data-element_type=\"section\" data-e-type=\"section\">\n\t\t\t\t\t\t<div class=\"elementor-container elementor-column-gap-default\">\n\t\t\t\t\t<div class=\"elementor-column elementor-col-50 elementor-inner-column elementor-element elementor-element-03e8144\" data-id=\"03e8144\" data-element_type=\"column\" data-e-type=\"column\">\n\t\t\t<div class=\"elementor-widget-wrap elementor-element-populated\">\n\t\t\t\t\t\t<div class=\"elementor-element elementor-element-ee86aa3 elementor-widget elementor-widget-text-editor\" data-id=\"ee86aa3\" data-element_type=\"widget\" data-e-type=\"widget\" data-widget_type=\"text-editor.default\">\n\t\t\t\t<div class=\"elementor-widget-container\">\n\t\t\t\t\t\t\t\t\t<p>Konsumenci powinni wiedzie\u0107 o <b>Dzia\u0142ania naprawcze i wzory pow\u00f3dztw deklaratoryjnych<\/b> wiesz:<\/p><ul><li>The\u00a0<a href=\"https:\/\/eur-lex.europa.eu\/legal-content\/DE\/TXT\/HTML\/?uri=CELEX:32020L1828\">Dyrektywa Parlamentu Europejskiego i Rady (UE) 2020\/1828 z dnia 25 listopada 2020 r. w sprawie pow\u00f3dztw przedstawicielskich w celu ochrony interes\u00f3w zbiorowych [...].<\/a>) wprowadza <strong>nowy system ochrony prawnej w celu egzekwowania zbiorowych interes\u00f3w<\/strong>.<\/li><li><span style=\"color: var( --e-global-color-text );\">W przeciwie\u0144stwie do niemieckiego <strong>Wz\u00f3r pow\u00f3dztwa deklaratoryjnego<\/strong> jest procedur\u0105 jednoetapow\u0105. Oznacza to, \u017ce pow\u00f3dztwo o zado\u015b\u0107uczynienie lub odszkodowanie mo\u017cna wnie\u015b\u0107 bezpo\u015brednio, a obecnie konieczne przekierowania w drodze orzeczenia deklaratoryjnego nie s\u0105 ju\u017c konieczne.<\/span><\/li><\/ul><p>Dyrektywa oczekuje obecnie na wdro\u017cenie.<\/p><p><strong style=\"color: var( --e-global-color-text );\">B\u0119dziemy o tym informowa\u0107, gdy tylko przeprowadzimy odpowiednie post\u0119powanie.<\/strong><\/p>\t\t\t\t\t\t\t\t<\/div>\n\t\t\t\t<\/div>\n\t\t\t\t\t<\/div>\n\t\t<\/div>\n\t\t\t\t<div class=\"elementor-column elementor-col-50 elementor-inner-column elementor-element elementor-element-a5caa54\" data-id=\"a5caa54\" data-element_type=\"column\" data-e-type=\"column\">\n\t\t\t<div class=\"elementor-widget-wrap elementor-element-populated\">\n\t\t\t\t\t\t<div class=\"elementor-element elementor-element-418363f elementor-widget elementor-widget-image\" data-id=\"418363f\" data-element_type=\"widget\" data-e-type=\"widget\" data-widget_type=\"image.default\">\n\t\t\t\t<div class=\"elementor-widget-container\">\n\t\t\t\t\t\t\t\t\t\t\t\t\t\t\t<img fetchpriority=\"high\" decoding=\"async\" width=\"800\" height=\"600\" src=\"https:\/\/euroconsum.eu\/wp-content\/uploads\/2021\/12\/bgh-1024x768.jpeg\" class=\"attachment-large size-large wp-image-427\" alt=\"\" \/>\t\t\t\t\t\t\t\t\t\t\t\t\t\t\t<\/div>\n\t\t\t\t<\/div>\n\t\t\t\t<div class=\"elementor-element elementor-element-c2fd0ec elementor-widget elementor-widget-text-editor\" data-id=\"c2fd0ec\" data-element_type=\"widget\" data-e-type=\"widget\" data-widget_type=\"text-editor.default\">\n\t\t\t\t<div class=\"elementor-widget-container\">\n\t\t\t\t\t\t\t\t\t<p><span style=\"font-weight: bold;\">Wi\u0119cej informacji:<\/span><\/p><ul><li><a href=\"https:\/\/euroconsum.eu\/pl\/prozessabteilung\/\">Nasz dzia\u0142 procesowy<\/a><\/li><li><a href=\"https:\/\/euroconsum.eu\/pl\/elementor-655\/\">Nasze nakazy<\/a><\/li><li><a href=\"https:\/\/euroconsum.eu\/pl\/unterlassungsklagen\/\">Nasze procedury karania<\/a><\/li><li><a href=\"https:\/\/euroconsum.eu\/pl\/verstoss-melden\/\">Zg\u0142o\u015b wykroczenie<\/a><\/li><\/ul>\t\t\t\t\t\t\t\t<\/div>\n\t\t\t\t<\/div>\n\t\t\t\t\t<\/div>\n\t\t<\/div>\n\t\t\t\t\t<\/div>\n\t\t<\/section>\n\t\t\t\t<div class=\"elementor-element elementor-element-b84b648 elementor-widget elementor-widget-spacer\" data-id=\"b84b648\" data-element_type=\"widget\" data-e-type=\"widget\" data-widget_type=\"spacer.default\">\n\t\t\t\t<div class=\"elementor-widget-container\">\n\t\t\t\t\t\t\t<div class=\"elementor-spacer\">\n\t\t\t<div class=\"elementor-spacer-inner\"><\/div>\n\t\t<\/div>\n\t\t\t\t\t\t<\/div>\n\t\t\t\t<\/div>\n\t\t\t\t\t<\/div>\n\t\t<\/div>\n\t\t\t\t\t<\/div>\n\t\t<\/section>\n\t\t\t\t<\/div>","protected":false},"excerpt":{"rendered":"<p>Abhilfeklagen Das sollten Verbrauchende \u00fcber Abhilfeklagen und Musterfeststellungsklagen wissen: Die\u00a0Richtlinie (EU) 2020\/1828 des Europ\u00e4ischen Parlaments und\u00a0des Rates vom 25. November 2020\u00a0\u00fcber Verbandsklagen zum Schutz der Kollektivinteressen [&#8230;]) f\u00fchrt ein neues Rechtsschutzregime f\u00fcr die Durchsetzung von Kollektivinteressen ein. Anders als die deutsche Musterfeststellungsklage handelt es sich um ein einstufiges Verfahren. Das bedeutet, dass unmittelbar aus Abhilfe [&hellip;]<\/p>","protected":false},"author":1,"featured_media":0,"parent":0,"menu_order":0,"comment_status":"closed","ping_status":"closed","template":"","meta":{"footnotes":""},"class_list":["post-817","page","type-page","status-publish","hentry"],"_links":{"self":[{"href":"https:\/\/euroconsum.eu\/pl\/wp-json\/wp\/v2\/pages\/817","targetHints":{"allow":["GET"]}}],"collection":[{"href":"https:\/\/euroconsum.eu\/pl\/wp-json\/wp\/v2\/pages"}],"about":[{"href":"https:\/\/euroconsum.eu\/pl\/wp-json\/wp\/v2\/types\/page"}],"author":[{"embeddable":true,"href":"https:\/\/euroconsum.eu\/pl\/wp-json\/wp\/v2\/users\/1"}],"replies":[{"embeddable":true,"href":"https:\/\/euroconsum.eu\/pl\/wp-json\/wp\/v2\/comments?post=817"}],"version-history":[{"count":10,"href":"https:\/\/euroconsum.eu\/pl\/wp-json\/wp\/v2\/pages\/817\/revisions"}],"predecessor-version":[{"id":3286,"href":"https:\/\/euroconsum.eu\/pl\/wp-json\/wp\/v2\/pages\/817\/revisions\/3286"}],"wp:attachment":[{"href":"https:\/\/euroconsum.eu\/pl\/wp-json\/wp\/v2\/media?parent=817"}],"curies":[{"name":"wp","href":"https:\/\/api.w.org\/{rel}","templated":true}]}}