{"id":565,"date":"2022-01-08T21:34:46","date_gmt":"2022-01-08T20:34:46","guid":{"rendered":"https:\/\/euroconsum.eu\/?page_id=565"},"modified":"2023-04-09T08:03:03","modified_gmt":"2023-04-09T06:03:03","slug":"nachverstoss","status":"publish","type":"page","link":"https:\/\/euroconsum.eu\/pl\/nachverstoss\/","title":{"rendered":"Z\u0142\u00f3\u017c wniosek o cz\u0142onkostwo"},"content":{"rendered":"<h1 class=\"wp-block-heading\" id=\"block-f9cef70c-768c-4ec5-b5f8-70a9e08603fa\"><br>Rozmiar ma znaczenie!<\/h1>\n\n\n\n<p id=\"block-6213da01-20b4-44ac-a9a7-ecd99df21f11\">Szeroka baza cz\u0142onkowska legitymizuje nasz\u0105 prac\u0119 wobec decydent\u00f3w politycznych i daje nam cenny impuls do naszej pracy.<\/p>\n\n\n\n<p id=\"block-25c8ec09-de7f-4aa9-a074-3d6d6d5f3c55\">Z&nbsp;<strong>Twoje cz\u0142onkostwo<\/strong>...<\/p>\n\n\n\n<ul class=\"wp-block-list\" id=\"block-b12eada2-43ce-4666-9e96-c97806273d17\"><li>przyczyniasz si\u0119 do tego, \u017ce dowody staj\u0105 si\u0119 podstaw\u0105 decyzji politycznych.<\/li><li>Wzmacniasz nasz\u0105 prac\u0119 na rzecz ochrony konsument\u00f3w opartej na nauce.<\/li><li>wspierasz nas w legalnej walce z nielegalnymi praktykami.<\/li><\/ul>\n\n\n\n<p id=\"block-836a650e-c5c1-4aa4-8ef4-5bd9782dabf7\"><a href=\"https:\/\/euroconsum.eu\/pl\/media\/mitgliedsantrag.pdf\/\"><strong>Wniosek o cz\u0142onkostwo<\/strong>&nbsp;(pdf, bez barier)<\/a><\/p>\n\n\n\n<p id=\"block-2e5ef3c7-55e1-428c-ba24-a67601a1618a\"><a href=\"https:\/\/www.gesetze-im-internet.de\/gg\/art_9.html\">Art. 9 ust. 3 GG<\/a>\u00a0gwarantuje prawo do pracy na rzecz promowania warunk\u00f3w ekonomicznych w stowarzyszeniach. Naszym zdaniem korzystanie z tego podstawowego prawa nie mo\u017ce zale\u017ce\u0107 od osobistej si\u0142y finansowej. Aby to zagwarantowa\u0107, ka\u017cdy cz\u0142onek mo\u017ce samodzielnie\u00a0<strong>Op\u0142ata cz\u0142onkowska ustalana przez sam\u0105 firm\u0119<\/strong>\u00a0i s\u0105\u00a0<strong>Brak minimalnego wk\u0142adu<\/strong>.<\/p>\n\n\n\n<figure class=\"wp-block-image\" id=\"block-abfdc3be-4985-4daf-8b92-b9f0f6ef3798\"><img decoding=\"async\" src=\"https:\/\/euroconsum.eu\/de\/media\/mitgliedsantrag.png\" alt=\"Es kommt sehr wohl auf die Gr\u00f6\u00dfe an!\"\/><\/figure>","protected":false},"excerpt":{"rendered":"<p>Wielko\u015b\u0107 ma znaczenie! Szeroka baza cz\u0142onkowska legitymizuje nasz\u0105 prac\u0119 wobec decydent\u00f3w politycznych i daje nam cenny impuls do naszej pracy. Dzi\u0119ki Twojemu cz\u0142onkostwu... przyczyniasz si\u0119 do tego, aby dowody sta\u0142y si\u0119 podstaw\u0105 decyzji politycznych. wzmacniasz nasz\u0105 prac\u0119 na rzecz ochrony konsument\u00f3w opartej na nauce. wspierasz nas w walce prawnej z bezprawnymi [...].<\/p>","protected":false},"author":1,"featured_media":0,"parent":0,"menu_order":0,"comment_status":"closed","ping_status":"closed","template":"","meta":{"footnotes":""},"class_list":["post-565","page","type-page","status-publish","hentry"],"_links":{"self":[{"href":"https:\/\/euroconsum.eu\/pl\/wp-json\/wp\/v2\/pages\/565","targetHints":{"allow":["GET"]}}],"collection":[{"href":"https:\/\/euroconsum.eu\/pl\/wp-json\/wp\/v2\/pages"}],"about":[{"href":"https:\/\/euroconsum.eu\/pl\/wp-json\/wp\/v2\/types\/page"}],"author":[{"embeddable":true,"href":"https:\/\/euroconsum.eu\/pl\/wp-json\/wp\/v2\/users\/1"}],"replies":[{"embeddable":true,"href":"https:\/\/euroconsum.eu\/pl\/wp-json\/wp\/v2\/comments?post=565"}],"version-history":[{"count":5,"href":"https:\/\/euroconsum.eu\/pl\/wp-json\/wp\/v2\/pages\/565\/revisions"}],"predecessor-version":[{"id":3530,"href":"https:\/\/euroconsum.eu\/pl\/wp-json\/wp\/v2\/pages\/565\/revisions\/3530"}],"wp:attachment":[{"href":"https:\/\/euroconsum.eu\/pl\/wp-json\/wp\/v2\/media?parent=565"}],"curies":[{"name":"wp","href":"https:\/\/api.w.org\/{rel}","templated":true}]}}