{"id":4168,"date":"2024-05-14T09:40:45","date_gmt":"2024-05-14T07:40:45","guid":{"rendered":"https:\/\/euroconsum.eu\/?page_id=4168"},"modified":"2024-05-14T10:12:36","modified_gmt":"2024-05-14T08:12:36","slug":"satzung-euroconsum-ev","status":"publish","type":"page","link":"https:\/\/euroconsum.eu\/pl\/satzung-euroconsum-ev\/","title":{"rendered":"Statut EuroConsum e.V."},"content":{"rendered":"<div data-elementor-type=\"wp-page\" data-elementor-id=\"4168\" class=\"elementor elementor-4168\" data-elementor-post-type=\"page\">\n\t\t\t\t\t\t<section class=\"elementor-section elementor-top-section elementor-element elementor-element-cf39644 elementor-section-boxed elementor-section-height-default elementor-section-height-default\" data-id=\"cf39644\" data-element_type=\"section\" data-e-type=\"section\">\n\t\t\t\t\t\t<div class=\"elementor-container elementor-column-gap-default\">\n\t\t\t\t\t<div class=\"elementor-column elementor-col-100 elementor-top-column elementor-element elementor-element-4c854f6\" data-id=\"4c854f6\" data-element_type=\"column\" data-e-type=\"column\">\n\t\t\t<div class=\"elementor-widget-wrap elementor-element-populated\">\n\t\t\t\t\t\t<div class=\"elementor-element elementor-element-7aefedc elementor-alert-info elementor-widget elementor-widget-alert\" data-id=\"7aefedc\" data-element_type=\"widget\" data-e-type=\"widget\" data-widget_type=\"alert.default\">\n\t\t\t\t<div class=\"elementor-widget-container\">\n\t\t\t\t\t\t\t<div class=\"elementor-alert\" role=\"alert\">\n\n\t\t\t\n\t\t\t\t\t\t<span class=\"elementor-alert-description\">Uwaga: oprawa <b><a \/>Niemiecka wersja j\u0119zykowa<\/a><\/b> niniejszego Statutu.<\/span>\n\t\t\t\n\t\t\t\t\t\t<button type=\"button\" class=\"elementor-alert-dismiss\" aria-label=\"Odrzu\u0107 dziesi\u0119\u0107 ostrze\u017ce\u0144.\">\n\t\t\t\t\t\t\t\t\t<span aria-hidden=\"true\">\u00d7<\/span>\n\t\t\t\t\t\t\t<\/button>\n\t\t\t\n\t\t<\/div>\n\t\t\t\t\t\t<\/div>\n\t\t\t\t<\/div>\n\t\t\t\t\t<\/div>\n\t\t<\/div>\n\t\t\t\t\t<\/div>\n\t\t<\/section>\n\t\t\t\t<section class=\"elementor-section elementor-top-section elementor-element elementor-element-6e271a8e elementor-section-boxed elementor-section-height-default elementor-section-height-default\" data-id=\"6e271a8e\" data-element_type=\"section\" data-e-type=\"section\">\n\t\t\t\t\t\t<div class=\"elementor-container elementor-column-gap-default\">\n\t\t\t\t\t<div class=\"elementor-column elementor-col-100 elementor-top-column elementor-element elementor-element-2b58860a\" data-id=\"2b58860a\" data-element_type=\"column\" data-e-type=\"column\">\n\t\t\t<div class=\"elementor-widget-wrap elementor-element-populated\">\n\t\t\t\t\t\t<div class=\"elementor-element elementor-element-fff04dd elementor-widget elementor-widget-text-editor\" data-id=\"fff04dd\" data-element_type=\"widget\" data-e-type=\"widget\" data-widget_type=\"text-editor.default\">\n\t\t\t\t<div class=\"elementor-widget-container\">\n\t\t\t\t\t\t\t\t\t<p><\/p>\n<h3 class=\"wp-block-heading\" style=\"text-align: left;\">\u00a7 1 NAZWA I SIEDZIBA<\/h3>\n<p><\/p>\n<p><\/p>\n<p>Stowarzyszenie nosi nazw\u0119 \"<em><strong>EuroConsum<\/strong><\/em>\"; po rejestracji z dodatkiem e. V. Siedzib\u0105 stowarzyszenia jest Kassel (Hesja, Niemcy). Rok stowarzyszeniowy rozpoczyna si\u0119 1 lipca i ko\u0144czy 30 czerwca nast\u0119pnego roku. Zostanie on wpisany do rejestru stowarzysze\u0144.&nbsp;<\/p>\n<p><\/p>\n<p><\/p>\n<h3 class=\"wp-block-heading\">\u00a7 2 CEL I STATUS NON-PROFIT<\/h3>\n<p><\/p>\n<p><\/p>\n<h4 class=\"wp-block-heading\">I. CEL I REALIZACJA CELU<\/h4>\n<p><\/p>\n<p><\/p>\n<p>Stowarzyszenie realizuje wy\u0142\u0105cznie cele charytatywne, a mianowicie cel promowania doradztwa konsumenckiego i ochrony konsument\u00f3w oraz zbierania funduszy na cele charytatywne.<br>W ramach realizacji swojego celu reprezentuje interesy konsument\u00f3w poprzez dostarczanie informacji, edukacj\u0119 i doradztwo w spos\u00f3b niekomercyjny, a nie tylko tymczasowy, w szczeg\u00f3lno\u015bci poprzez wydawanie publikacji, organizowanie spotka\u0144 i godzin konsultacji, a tak\u017ce organizowanie wydarze\u0144 i promowanie jako\u015bci towar\u00f3w i us\u0142ug, w szczeg\u00f3lno\u015bci za po\u015brednictwem Internetu. Reprezentuje r\u00f3wnie\u017c interesy konsument\u00f3w wobec polityk\u00f3w.<\/p>\n<p><\/p>\n<p><\/p>\n<p>Stowarzyszenie realizuje r\u00f3wnie\u017c swoje cele poprzez dochodzenie roszcze\u0144, w szczeg\u00f3lno\u015bci roszcze\u0144 o zabezpieczenie roszcze\u0144 i zado\u015b\u0107uczynienie, oraz poprzez prowadzenie post\u0119powa\u0144 (r\u00f3wnie\u017c s\u0105dowych) lub post\u0119powa\u0144 przed organami administracyjnymi (bez ogranicze\u0144 geograficznych lub geograficznych), w szczeg\u00f3lno\u015bci zgodnie z dyrektyw\u0105 UE w sprawie pow\u00f3dztw przedstawicielskich (dyrektywa (UE) 2020\/1828). Stowarzyszenie mo\u017ce r\u00f3wnie\u017c dzia\u0142a\u0107 na rzecz ochrony<br>praw konsument\u00f3w poprzez przeniesienie na niego roszcze\u0144, o ile jest to prawnie dopuszczalne.<\/p>\n<p><\/p>\n<p><\/p>\n<p>Dzia\u0142alno\u015b\u0107 ta jest r\u00f3wnie\u017c realizowana poprzez fakt, \u017ce stowarzyszenie doradza konsumentom w zakresie aspekt\u00f3w dyskryminacji, kt\u00f3re s\u0105 niedopuszczalne na mocy prawa wsp\u00f3lnotowego (w szczeg\u00f3lno\u015bci dyrektyw 76\/207\/EWG, 97\/80\/WE, 2000\/43\/WE, 2000\/78\/WE, 2002\/73\/WE, 2004\/113\/WE i art. 18-21 TFUE), broni interes\u00f3w os\u00f3b i grup dotkni\u0119tych dyskryminacj\u0105 oraz podejmuje i\/lub koordynuje odpowiednie \u015brodki w celu zwalczania dyskryminacji wobec nich. W szczeg\u00f3lno\u015bci obejmuje to wszystkie aspekty dyskryminacji ze wzgl\u0119du na cechy, kt\u00f3re s\u0105 zabronione na mocy prawa wsp\u00f3lnotowego w zwi\u0105zku z masowymi transakcjami w \u017cyciu codziennym, dost\u0119pem do (p\u0142atnych) mo\u017cliwo\u015bci edukacyjnych i rynku wynajmu mieszka\u0144.<\/p>\n<p><\/p>\n<p><\/p>\n<p>Cel ten realizowany jest r\u00f3wnie\u017c poprzez udzielanie porad oraz wykonywanie (w tym reprezentowanie) roszcze\u0144 i praw zgodnie z RODO (Rozporz\u0105dzenie (UE) 2016\/679), w szczeg\u00f3lno\u015bci r\u00f3wnie\u017c zgodnie z art. 80 RODO.<\/p>\n<p><\/p>\n<p><\/p>\n<p>Zgodnie z wymogami prawa wsp\u00f3lnotowego, stowarzyszenie informuje r\u00f3wnie\u017c o prawach konsument\u00f3w, w szczeg\u00f3lno\u015bci publikuj\u0105c informacje i dane o prowadzonych przez siebie post\u0119powaniach (i ich wynikach), gdy\u017c u\u0142atwia to dochodzenie i egzekwowanie indywidualnych roszcze\u0144 (follow-up).<\/p>\n<p><\/p>\n<p><\/p>\n<p>W tym celu mo\u017ce udziela\u0107 pomocy, w szczeg\u00f3lno\u015bci w odniesieniu do r\u00f3\u017cnorodno\u015bci j\u0119zykowej, kulturowej i etnicznej Unii Europejskiej (zob. dyrektywa (UE) 2019\/2161). Zadanie ustawowe mo\u017ce r\u00f3wnie\u017c obejmowa\u0107 koordynacj\u0119 z organami antymonopolowymi i Komisj\u0105 Europejsk\u0105 oraz dochodzenie roszcze\u0144 zgodnie z art. 33 i 34a ARC oraz udzia\u0142 w post\u0119powaniach zgodnie z art. 34 ARC.<\/p>\n<p><\/p>\n<p><\/p>\n<p>Stowarzyszenie dzia\u0142a bezinteresownie i nie d\u0105\u017cy przede wszystkim do realizacji w\u0142asnych cel\u00f3w gospodarczych lub zamiaru osi\u0105gni\u0119cia zysku.<\/p>\n<p><\/p>\n<p><\/p>\n<p>Jako cz\u0142onkowie, cz\u0142onkowie stowarzyszenia nie otrzymuj\u0105 \u017cadnych korzy\u015bci z funduszy stowarzyszenia. \u017badna osoba nie mo\u017ce by\u0107 faworyzowana przez wydatki, kt\u00f3re s\u0105 obce celowi stowarzyszenia lub przez nieproporcjonalnie wysokie wynagrodzenie.<\/p>\n<p><\/p>\n<p><\/p>\n<p>Fundusze Stowarzyszenia mog\u0105 by\u0107 wykorzystywane wy\u0142\u0105cznie do cel\u00f3w okre\u015blonych w Statucie Stowarzyszenia.<\/p>\n<p><\/p>\n<p><\/p>\n<h4 class=\"wp-block-heading\">II. STOSUNKI Z UNI\u0104 EUROPEJSK\u0104<\/h4>\n<p><\/p>\n<p><\/p>\n<p>Stowarzyszenie docenia osi\u0105gni\u0119cia zjednoczenia Europy, w tym rynku wewn\u0119trznego, i jest zaanga\u017cowane w ich realizacj\u0119 oraz w tworzenie wsp\u00f3lnej przestrzeni wolno\u015bci, bezpiecze\u0144stwa i sprawiedliwo\u015bci. Czuje si\u0119 szczeg\u00f3lnie zobowi\u0105zane do wspierania konsument\u00f3w w sprawach o wymiarze wewn\u0105trzwsp\u00f3lnotowym. Stowarzyszenie do\u0142o\u017cy wszelkich stara\u0144, aby wspiera\u0107 dzia\u0142ania instytucji europejskich, w szczeg\u00f3lno\u015bci Komisji Europejskiej, na rzecz ochrony konsument\u00f3w. Nowoczesne \u015brodki komunikacji (Internet, poczta elektroniczna itp.) oraz pluralizm j\u0119zykowy i kulturowy Europy maj\u0105 szczeg\u00f3lne znaczenie w pracy stowarzyszenia.<\/p>\n<p><\/p>\n<p><\/p>\n<h3 class=\"wp-block-heading\">\u00a7 3 CZ\u0141ONKOSTWO, WYKLUCZENIE, SK\u0141ADKA<\/h3>\n<p><\/p>\n<p><\/p>\n<p>Cz\u0142onkiem mo\u017ce zosta\u0107 ka\u017cdy pe\u0142noletni podmiot prawny lub osoba fizyczna. Zarz\u0105d decyduje o przyj\u0119ciu, o kt\u00f3re mo\u017cna ubiega\u0107 si\u0119 nieformalnie. Je\u015bli wniosek o przyj\u0119cie zostanie odrzucony, wnioskodawca mo\u017ce z\u0142o\u017cy\u0107 sprzeciw. Zarz\u0105d przeka\u017ce ten sprzeciw Walnemu Zgromadzeniu; Walne Zgromadzenie podejmie nast\u0119pnie decyzj\u0119 o przyj\u0119ciu.<\/p>\n<p><\/p>\n<p><\/p>\n<p>Sk\u0142adka cz\u0142onkowska dla cz\u0142onk\u00f3w, kt\u00f3rzy przyst\u0105pi\u0105 do stowarzyszenia po 1 stycznia 2023 r., wynosi co najmniej<br>0,01 euro (1 eurocent) rocznie; cz\u0142onkostwo pozostaje bezp\u0142atne dla cz\u0142onk\u00f3w, kt\u00f3rzy wcze\u015bniej przyst\u0105pili do stowarzyszenia. Ka\u017cdy cz\u0142onek mo\u017ce jednak wspiera\u0107 stowarzyszenie finansowo. Cz\u0142onkostwo ko\u0144czy si\u0119 w momencie rezygnacji lub \u015bmierci. O\u015bwiadczenie o rezygnacji nie wymaga \u017cadnej formy.<\/p>\n<p><\/p>\n<p><\/p>\n<p>Cz\u0142onkowie mog\u0105 zosta\u0107 wykluczeni uchwa\u0142\u0105 Walnego Zgromadzenia, je\u015bli ich zachowanie jest niezgodne z celami stowarzyszenia. Wykluczenie wymaga wi\u0119kszo\u015bci g\u0142os\u00f3w obecnych cz\u0142onk\u00f3w, przy czym cz\u0142onek, kt\u00f3rego wykluczenie jest przedmiotem g\u0142osowania, nie ma prawa g\u0142osu.<\/p>\n<p><\/p>\n<p><\/p>\n<p>Zarz\u0105d mo\u017ce - w szczeg\u00f3lno\u015bci ze wzgl\u0119d\u00f3w oszcz\u0119dno\u015bci proceduralnych i interesu reputacyjnego - odst\u0105pi\u0107 od pobierania sk\u0142adek cz\u0142onkowskich wed\u0142ug w\u0142asnego uznania. Je\u015bli suma sk\u0142adek, z kt\u00f3rych pobierania zrezygnowano, przekracza 10 % ca\u0142kowitego dochodu ze wszystkich sk\u0142adek cz\u0142onkowskich w danym roku kalendarzowym, Zarz\u0105d musi wskaza\u0107 to na Walnym Zgromadzeniu.<\/p>\n<p><\/p>\n<p><\/p>\n<h3 class=\"wp-block-heading\">\u00a7 4 ORGANIZACJA<\/h3>\n<p><\/p>\n<p><\/p>\n<h4 class=\"wp-block-heading\">I. WALNE ZGROMADZENIE<\/h4>\n<p><\/p>\n<p><\/p>\n<p>Walne Zgromadzenie zbiera si\u0119 co najmniej raz w roku kalendarzowym. Mo\u017ce ono zosta\u0107 zwo\u0142ane na pisemny wniosek 1\/3 cz\u0142onk\u00f3w lub przez Zarz\u0105d. Termin zaproszenia wynosi jeden tydzie\u0144. Do zaproszenia nie musi by\u0107 do\u0142\u0105czony porz\u0105dek obrad. Je\u015bli istniej\u0105 wnioski o zmian\u0119 Statutu Stowarzyszenia, fakt ten powinien zosta\u0107 wskazany bez konieczno\u015bci wymieniania poszczeg\u00f3lnych zmian.<\/p>\n<p><\/p>\n<p><\/p>\n<p>Zaproszenie musi mie\u0107 przynajmniej form\u0119 tekstow\u0105.<\/p>\n<p><\/p>\n<p><\/p>\n<p>Walne Zgromadzenie mo\u017ce r\u00f3wnie\u017c odby\u0107 si\u0119 w miejscu innym ni\u017c siedziba Stowarzyszenia.<br>Rada Dyrektor\u00f3w okre\u015bla lokalizacj\u0119 wed\u0142ug w\u0142asnego uznania. Jednak\u017ce w przypadku walnego zgromadzenia, kt\u00f3re musi odby\u0107 si\u0119 na wniosek niekt\u00f3rych cz\u0142onk\u00f3w, takie walne zgromadzenie musi odby\u0107 si\u0119 w siedzibie statutowej.<\/p>\n<p><\/p>\n<p><\/p>\n<p>Z przebiegu obrad Walnego Zgromadzenia i podj\u0119tych uchwa\u0142 nale\u017cy sporz\u0105dzi\u0107 protok\u00f3\u0142, kt\u00f3ry musi zosta\u0107 podpisany przez osob\u0119 sporz\u0105dzaj\u0105c\u0105 protok\u00f3\u0142.<\/p>\n<p><\/p>\n<p><\/p>\n<h4 class=\"wp-block-heading\">II. ZARZ\u0104D I KIEROWNICTWO<\/h4>\n<p><\/p>\n<p><\/p>\n<p>Walne Zebranie wybiera Zarz\u0105d sk\u0142adaj\u0105cy si\u0119 z maksymalnie trzech os\u00f3b (Walne Zebranie, na kt\u00f3rym wybierany jest Zarz\u0105d, decyduje o konkretnej liczbie cz\u0142onk\u00f3w Zarz\u0105du), reprezentuje Stowarzyszenie samodzielnie w s\u0105dzie i poza s\u0105dem (w ka\u017cdym przypadku) oraz kieruje jego dzia\u0142alno\u015bci\u0105. Jest odpowiedzialny za notarialne po\u015bwiadczanie uchwa\u0142 Walnego Zebrania. Jego kadencja trwa pi\u0119\u0107 lat, chyba \u017ce Walne Zgromadzenie wybierze wcze\u015bniej nowego Przewodnicz\u0105cego. Zarz\u0105d wyznacza dyrektora zarz\u0105dzaj\u0105cego, kt\u00f3ry reprezentuje stowarzyszenie w s\u0105dzie i poza nim.<br>Rada Dyrektor\u00f3w reprezentuje Rad\u0119 Dyrektor\u00f3w samodzielnie, w szczeg\u00f3lno\u015bci w sporach prawnych i codziennych sprawach administracyjnych.<\/p>\n<p><\/p>\n<p><\/p>\n<p>Zarz\u0105d - dzia\u0142aj\u0105c w imieniu stowarzyszenia - powinien zawrze\u0107 umow\u0119 o prac\u0119 z dyrektorem zarz\u0105dzaj\u0105cym. Je\u015bli Zarz\u0105d nie jest w stanie prowadzi\u0107 dzia\u0142alno\u015bci Stowarzyszenia przez okres d\u0142u\u017cszy ni\u017c cztery tygodnie z powodu \u015bmierci lub choroby, Dyrektor Zarz\u0105dzaj\u0105cy jest odpowiedzialny za zorganizowanie walnego zgromadzenia w celu wyboru nowego Zarz\u0105du niezw\u0142ocznie, ale zazwyczaj w ci\u0105gu o\u015bmiu tygodni.<\/p>\n<p><\/p>\n<p><\/p>\n<p>Zar\u00f3wno Zarz\u0105d, jak i Dyrektor Zarz\u0105dzaj\u0105cy s\u0105 zwolnieni z ogranicze\u0144 wynikaj\u0105cych z \u00a7 181 BGB w odniesieniu do reprezentowania innego organu lub stowarzyszenia, ale z nast\u0119puj\u0105cym ograniczeniem: Przy zawieraniu, przed\u0142u\u017caniu i rozwi\u0105zywaniu umowy o prac\u0119 lub umowy o \u015bwiadczenie us\u0142ug Dyrektora Zarz\u0105dzaj\u0105cego, w tym wszelkich czynno\u015bci prawnych zwi\u0105zanych z tre\u015bci\u0105 i\/lub organizacj\u0105 stosunku pracy lub stosunku s\u0142u\u017cbowego Dyrektora Zarz\u0105dzaj\u0105cego, Dyrektor Zarz\u0105dzaj\u0105cy podlega ograniczeniom wynikaj\u0105cym z \u00a7 181 BGB.<\/p>\n<p><\/p>\n<p><\/p>\n<p>Organy mog\u0105 swobodnie u\u017cywa\u0107 \u017ce\u0144skiej formy dla oznaczenia swojego urz\u0119du.<\/p>\n<p><\/p>\n<p><\/p>\n<h4 class=\"wp-block-heading\">III. KOMITETY DORADCZE<\/h4>\n<p><\/p>\n<p><\/p>\n<p>Zarz\u0105d organizuje organy doradcze w porozumieniu z kierownictwem. O utworzeniu i sk\u0142adzie tych komitet\u00f3w nale\u017cy poinformowa\u0107 Walne Zgromadzenie. Zarz\u0105d powinien bra\u0107 pod uwag\u0119 \u017cyczenia Walnego Zgromadzenia.<\/p>\n<p><\/p>\n<p><\/p>\n<h3 class=\"wp-block-heading\">\u00a7 5 G\u0141OSOWANIE, WYBORY I ZMIANY STATUTU SP\u00d3\u0141KI<\/h3>\n<p><\/p>\n<p><\/p>\n<p>G\u0142osowanie i wybory reguluje regulamin wyborczy. Zmiany w Statucie Stowarzyszenia wymagaj\u0105 wi\u0119kszo\u015bci dw\u00f3ch trzecich g\u0142os\u00f3w cz\u0142onk\u00f3w obecnych na Walnym Zgromadzeniu.<\/p>\n<p><\/p>\n<p><\/p>\n<h3 class=\"wp-block-heading\">\u00a7 6 KLAUZULA ROZWI\u0104ZANIA I NIEPRZEWIDZIANYCH OKOLICZNO\u015aCI<\/h3>\n<p><\/p>\n<p><\/p>\n<p>Rozwi\u0105zanie stowarzyszenia wymaga wi\u0119kszo\u015bci 3\/4 oddanych g\u0142os\u00f3w i jednoczesnej obecno\u015bci co najmniej 3\/4 cz\u0142onk\u00f3w stowarzyszenia na walnym zgromadzeniu. Je\u015bli stowarzyszenie zostanie rozwi\u0105zane lub anulowane lub je\u015bli przestan\u0105 istnie\u0107 cele uprzywilejowane podatkowo, maj\u0105tek zostanie przekazany Gesellschaft zur wissenschaftlichen Untersuchung von Parawissenschaften e. V. (AG Darmstadt VR 2028), kt\u00f3ra musi wykorzysta\u0107 je bezpo\u015brednio i wy\u0142\u0105cznie na cele charytatywne.<\/p>\n<p><\/p>\n<p><\/p>\n<h3 class=\"wp-block-heading\">\u00a7 7 CZ\u0141ONKOSTWO WSPIERAJ\u0104CE<\/h3>\n<p><\/p>\n<p><\/p>\n<p>Opr\u00f3cz pe\u0142nego cz\u0142onkostwa istnieje r\u00f3wnie\u017c opcja cz\u0142onkostwa wspieraj\u0105cego. Cz\u0142onkowie wspieraj\u0105cy nie maj\u0105 prawa g\u0142osu i nie s\u0105 cz\u0142onkami w rozumieniu \u00a7 32 BGB. P\u0142ac\u0105 oni roczn\u0105 sk\u0142adk\u0119 cz\u0142onkowsk\u0105, kt\u00f3ra jest okre\u015blona w statucie sk\u0142adki cz\u0142onkowskiej ustalanym przez Walne Zgromadzenie. O przyj\u0119ciu cz\u0142onka wspieraj\u0105cego decyduje Zarz\u0105d, kt\u00f3ry mo\u017ce delegowa\u0107 to zadanie.<\/p>\n<p><\/p>\n<p><\/p>\n<p>Je\u015bli dana osoba jest zar\u00f3wno cz\u0142onkiem, jak i cz\u0142onkiem wspieraj\u0105cym, prawa tej osoby jako cz\u0142onka (\u00a7 32 BGB) pozostaj\u0105 nienaruszone przez cz\u0142onkostwo wspieraj\u0105ce.<\/p>\n<p><\/p>\n<p><\/p>\n<p>Wniosek o cz\u0142onkostwo z\u0142o\u017cony po 1 lutego 2011 r. (ale najwcze\u015bniej po wprowadzeniu statutu sk\u0142adki cz\u0142onkowskiej przez s\u0105d rejestrowy) b\u0119dzie uwa\u017cany za wniosek o cz\u0142onkostwo sponsorowane, chyba \u017ce okoliczno\u015bci wskazuj\u0105 inaczej.<\/p>\n<p><\/p>\n<p><\/p>\n<p>Cz\u0142onkostwo sponsorskie mo\u017cna anulowa\u0107 w dowolnym momencie z zachowaniem okresu wypowiedzenia wynosz\u0105cego cztery tygodnie do ko\u0144ca miesi\u0105ca. Sk\u0142adki zap\u0142acone za cz\u0142onkostwo wspieraj\u0105ce nie b\u0119d\u0105 zwracane. Wysoko\u015b\u0107 sk\u0142adek cz\u0142onkowskich zale\u017cy od decyzji Zarz\u0105du. W przypadku zalegania z op\u0142atami cz\u0142onkowskimi prawo cz\u0142onka wspieraj\u0105cego do jakichkolwiek korzy\u015bci zostaje zawieszone.<\/p><p><br><\/p>\n<p><\/p>\n<p><\/p>\n<hr class=\"wp-block-separator has-alpha-channel-opacity\">\n<p><\/p>\n<p><\/p>\n<p><em>Ostatnio zmieniona uchwa\u0142\u0105 Walnego Zgromadzenia z dnia 18 lipca 2023 r.<\/em><\/p>\n<p><\/p>\t\t\t\t\t\t\t\t<\/div>\n\t\t\t\t<\/div>\n\t\t\t\t\t<\/div>\n\t\t<\/div>\n\t\t\t\t\t<\/div>\n\t\t<\/section>\n\t\t\t\t<\/div>","protected":false},"excerpt":{"rendered":"<p>Uwaga: niemiecka wersja j\u0119zykowa niniejszego statutu jest wi\u0105\u017c\u0105ca. \u00d7 Ukryj notatk\u0119. \u00a7 1 NAZWA I SIEDZIBA Stowarzyszenie nosi nazw\u0119 \"EuroConsum\"; po rejestracji z dodatkiem e. V. Siedzib\u0105 Stowarzyszenia jest Kassel (Hesja, Niemcy). Rok stowarzyszeniowy rozpoczyna si\u0119 1 lipca i ko\u0144czy 30 czerwca nast\u0119pnego roku. Zostaje ono wpisane do rejestru stowarzysze\u0144 [...]<\/p>","protected":false},"author":1,"featured_media":0,"parent":0,"menu_order":0,"comment_status":"closed","ping_status":"closed","template":"","meta":{"footnotes":""},"class_list":["post-4168","page","type-page","status-publish","hentry"],"_links":{"self":[{"href":"https:\/\/euroconsum.eu\/pl\/wp-json\/wp\/v2\/pages\/4168","targetHints":{"allow":["GET"]}}],"collection":[{"href":"https:\/\/euroconsum.eu\/pl\/wp-json\/wp\/v2\/pages"}],"about":[{"href":"https:\/\/euroconsum.eu\/pl\/wp-json\/wp\/v2\/types\/page"}],"author":[{"embeddable":true,"href":"https:\/\/euroconsum.eu\/pl\/wp-json\/wp\/v2\/users\/1"}],"replies":[{"embeddable":true,"href":"https:\/\/euroconsum.eu\/pl\/wp-json\/wp\/v2\/comments?post=4168"}],"version-history":[{"count":10,"href":"https:\/\/euroconsum.eu\/pl\/wp-json\/wp\/v2\/pages\/4168\/revisions"}],"predecessor-version":[{"id":4190,"href":"https:\/\/euroconsum.eu\/pl\/wp-json\/wp\/v2\/pages\/4168\/revisions\/4190"}],"wp:attachment":[{"href":"https:\/\/euroconsum.eu\/pl\/wp-json\/wp\/v2\/media?parent=4168"}],"curies":[{"name":"wp","href":"https:\/\/api.w.org\/{rel}","templated":true}]}}