{"id":3685,"date":"2023-05-09T08:28:53","date_gmt":"2023-05-09T06:28:53","guid":{"rendered":"https:\/\/euroconsum.eu\/?page_id=3685"},"modified":"2023-05-10T06:14:16","modified_gmt":"2023-05-10T04:14:16","slug":"beratung","status":"publish","type":"page","link":"https:\/\/euroconsum.eu\/pl\/beratung\/","title":{"rendered":"Doradztwo"},"content":{"rendered":"<div data-elementor-type=\"wp-page\" data-elementor-id=\"3685\" class=\"elementor elementor-3685\" data-elementor-post-type=\"page\">\n\t\t\t\t\t\t<section class=\"elementor-section elementor-top-section elementor-element elementor-element-e517222 elementor-section-boxed elementor-section-height-default elementor-section-height-default\" data-id=\"e517222\" data-element_type=\"section\" data-e-type=\"section\">\n\t\t\t\t\t\t<div class=\"elementor-container elementor-column-gap-default\">\n\t\t\t\t\t<div class=\"elementor-column elementor-col-50 elementor-top-column elementor-element elementor-element-9f0e51f\" data-id=\"9f0e51f\" data-element_type=\"column\" data-e-type=\"column\">\n\t\t\t<div class=\"elementor-widget-wrap elementor-element-populated\">\n\t\t\t\t\t\t<div class=\"elementor-element elementor-element-17ad45d elementor-widget elementor-widget-text-editor\" data-id=\"17ad45d\" data-element_type=\"widget\" data-e-type=\"widget\" data-widget_type=\"text-editor.default\">\n\t\t\t\t<div class=\"elementor-widget-container\">\n\t\t\t\t\t\t\t\t\t<p><span style=\"background-color: var( --e-global-color-1b77cfb );\"><span style=\"color: var( --e-global-color-text ); letter-spacing: var( --e-global-typography-text-letter-spacing ); text-transform: var( --e-global-typography-text-text-transform );\">Cieszymy si\u0119 swobodami, kt\u00f3re przynios\u0142a nam i gwarantuje Unia Europejska. Podr\u00f3\u017cujemy, mieszkamy i pracujemy w miejscach, kt\u00f3rych nazwy nasi rodzice ledwo potrafi\u0105 wym\u00f3wi\u0107. Ale \u017cycie w Europie nie jest wolne od codziennych problem\u00f3w.<\/span>problemy.<\/span><\/p>\n<p><span style=\"background-color: var( --e-global-color-1b77cfb );\"><span style=\"color: var( --e-global-color-text ); letter-spacing: var( --e-global-typography-text-letter-spacing ); text-transform: var( --e-global-typography-text-text-transform );\">Prawa gwarantowane przez UE obejmuj\u0105 w szczeg\u00f3lno\u015bci wysoki (i w du\u017cej mierze znormalizowany) poziom ochrony konsument\u00f3w. Ale co to konkretnie dla nas oznacza? &nbsp;<\/span><\/span><\/p>\n<p><span style=\"color: var( --e-global-color-text ); font-size: var( --e-global-typography-text-font-size ); letter-spacing: var( --e-global-typography-text-letter-spacing ); text-transform: var( --e-global-typography-text-text-transform ); text-decoration: var( --e-global-typography-text-text-decoration ); background-color: var( --e-global-color-1b77cfb );\">Poni\u017csze pytania doradcze s\u0105 typowe:<\/span><\/p>\n<ul>\n<li><span style=\"color: var( --e-global-color-text ); font-size: var( --e-global-typography-text-font-size ); letter-spacing: var( --e-global-typography-text-letter-spacing ); text-transform: var( --e-global-typography-text-text-transform ); text-decoration: var( --e-global-typography-text-text-decoration ); background-color: var( --e-global-color-1b77cfb );\">Jakie prawa i gwarancje przys\u0142uguj\u0105 mi na mocy prawa Unii?&nbsp;<\/span><\/li>\n<li><span style=\"color: var( --e-global-color-text ); font-size: var( --e-global-typography-text-font-size ); letter-spacing: var( --e-global-typography-text-letter-spacing ); text-transform: var( --e-global-typography-text-text-transform ); text-decoration: var( --e-global-typography-text-text-decoration ); background-color: var( --e-global-color-1b77cfb );\">Czy mog\u0119 z\u0142o\u017cy\u0107 pozew w s\u0105dzie kraju zamieszkania, mimo \u017ce nie jestem jego obywatelem?&nbsp;<\/span><\/li>\n<li><span style=\"color: var( --e-global-color-text ); font-size: var( --e-global-typography-text-font-size ); letter-spacing: var( --e-global-typography-text-letter-spacing ); text-transform: var( --e-global-typography-text-text-transform ); text-decoration: var( --e-global-typography-text-text-decoration ); background-color: var( --e-global-color-1b77cfb );\">Jak mog\u0119 skorzysta\u0107 z wyroku uzyskanego przez stowarzyszenie EuroConsum?&nbsp;<\/span><\/li>\n<li><span style=\"color: var( --e-global-color-text ); font-size: var( --e-global-typography-text-font-size ); letter-spacing: var( --e-global-typography-text-letter-spacing ); text-transform: var( --e-global-typography-text-text-transform ); text-decoration: var( --e-global-typography-text-text-decoration ); background-color: var( --e-global-color-1b77cfb );\">O jakich szczeg\u00f3lnych cechach danego kraju musz\u0119 pami\u0119ta\u0107, maj\u0105c do czynienia z wymiarem sprawiedliwo\u015bci w moim kraju zamieszkania?&nbsp;<\/span><\/li>\n<li><span style=\"color: var( --e-global-color-text ); font-size: var( --e-global-typography-text-font-size ); letter-spacing: var( --e-global-typography-text-letter-spacing ); text-transform: var( --e-global-typography-text-text-transform ); text-decoration: var( --e-global-typography-text-text-decoration ); background-color: var( --e-global-color-1b77cfb );\">Jak m\u0105drze korzysta\u0107 z mo\u017cliwo\u015bci ochrony prawnej gwarantowanej lub przyznawanej przez prawo UE?<\/span><\/li>\n<li><span style=\"color: var( --e-global-color-text ); font-size: var( --e-global-typography-text-font-size ); letter-spacing: var( --e-global-typography-text-letter-spacing ); text-transform: var( --e-global-typography-text-text-transform ); text-decoration: var( --e-global-typography-text-text-decoration ); background-color: var( --e-global-color-1b77cfb );\">Jakie mam inne mo\u017cliwo\u015bci z\u0142o\u017cenia skargi?&nbsp;<\/span><\/li>\n<li><span style=\"color: var( --e-global-color-text ); font-size: var( --e-global-typography-text-font-size ); letter-spacing: var( --e-global-typography-text-letter-spacing ); text-transform: var( --e-global-typography-text-text-transform ); text-decoration: var( --e-global-typography-text-text-decoration ); background-color: var( --e-global-color-1b77cfb );\">Czy potrzebuj\u0119 porady prawnej?&nbsp;<\/span><\/li>\n<li><span style=\"color: var( --e-global-color-text ); font-size: var( --e-global-typography-text-font-size ); letter-spacing: var( --e-global-typography-text-letter-spacing ); text-transform: var( --e-global-typography-text-text-transform ); text-decoration: var( --e-global-typography-text-text-decoration ); background-color: var( --e-global-color-1b77cfb );\">Czy LegalTech jest dla mnie op\u0142acalny?<\/span><\/li>\n<\/ul>\n<p><span style=\"color: var( --e-global-color-text ); font-size: var( --e-global-typography-text-font-size ); letter-spacing: var( --e-global-typography-text-letter-spacing ); text-transform: var( --e-global-typography-text-text-transform ); background-color: var( --e-global-color-1b77cfb ); text-decoration: var( --e-global-typography-text-text-decoration );\">&nbsp;<\/span><\/p>\n<p><span style=\"color: var( --e-global-color-text ); font-size: var( --e-global-typography-text-font-size ); letter-spacing: var( --e-global-typography-text-letter-spacing ); text-transform: var( --e-global-typography-text-text-transform ); background-color: var( --e-global-color-1b77cfb ); text-decoration: var( --e-global-typography-text-text-decoration );\">Doradztwo jest zazwyczaj bezp\u0142atne dla cz\u0142onk\u00f3w.&nbsp;<\/span><\/p>\n<p><b>Zwr\u00f3\u0107 uwag\u0119:<\/b>&nbsp;<\/p>\n<ol>\n<li><span style=\"color: var( --e-global-color-text ); font-size: var( --e-global-typography-text-font-size ); letter-spacing: var( --e-global-typography-text-letter-spacing ); text-transform: var( --e-global-typography-text-text-transform ); text-decoration: var( --e-global-typography-text-text-decoration ); background-color: var( --e-global-color-1b77cfb );\">Co do zasady, nie doradzamy w nast\u0119puj\u0105cych kwestiach <\/span><b style=\"color: var( --e-global-color-text ); font-size: var( --e-global-typography-text-font-size ); letter-spacing: var( --e-global-typography-text-letter-spacing ); text-transform: var( --e-global-typography-text-text-transform ); text-decoration: var( --e-global-typography-text-text-decoration );\">Kwestie prawa najmu<\/b><span style=\"color: var( --e-global-color-text ); font-size: var( --e-global-typography-text-font-size ); letter-spacing: var( --e-global-typography-text-letter-spacing ); text-transform: var( --e-global-typography-text-text-transform ); text-decoration: var( --e-global-typography-text-text-decoration ); background-color: var( --e-global-color-1b77cfb );\">poniewa\u017c ten obszar prawa nie jest obecnie zharmonizowany (wyj\u0105tek: dyskryminacja w poszukiwaniu zakwaterowania).&nbsp;<\/span><span style=\"color: var( --e-global-color-text ); font-size: var( --e-global-typography-text-font-size ); letter-spacing: var( --e-global-typography-text-letter-spacing ); text-transform: var( --e-global-typography-text-text-transform ); text-decoration: var( --e-global-typography-text-text-decoration ); background-color: var( --e-global-color-1b77cfb );\">Je\u015bli masz problemy z prawem najmu, skontaktuj si\u0119 ze stowarzyszeniem ochrony najemc\u00f3w.<\/span><\/li>\n<li><span style=\"color: var( --e-global-color-text ); font-size: var( --e-global-typography-text-font-size ); letter-spacing: var( --e-global-typography-text-letter-spacing ); text-transform: var( --e-global-typography-text-text-transform ); background-color: var( --e-global-color-1b77cfb ); text-decoration: var( --e-global-typography-text-text-decoration );\">Ponadto nie doradzamy w kwestiach dotycz\u0105cych <\/span><b style=\"color: var( --e-global-color-text ); font-size: var( --e-global-typography-text-font-size ); letter-spacing: var( --e-global-typography-text-letter-spacing ); text-transform: var( --e-global-typography-text-text-transform ); background-color: var( --e-global-color-1b77cfb ); text-decoration: var( --e-global-typography-text-text-decoration );\">ochrona inwestor\u00f3w<\/b><span style=\"color: var( --e-global-color-text ); font-size: var( --e-global-typography-text-font-size ); letter-spacing: var( --e-global-typography-text-letter-spacing ); text-transform: var( --e-global-typography-text-text-transform ); background-color: var( --e-global-color-1b77cfb ); text-decoration: var( --e-global-typography-text-text-decoration );\">.<\/span><\/li>\n<\/ol>\t\t\t\t\t\t\t\t<\/div>\n\t\t\t\t<\/div>\n\t\t\t\t\t<\/div>\n\t\t<\/div>\n\t\t\t\t<div class=\"elementor-column elementor-col-50 elementor-top-column elementor-element elementor-element-da4612b\" data-id=\"da4612b\" data-element_type=\"column\" data-e-type=\"column\" data-settings=\"{&quot;background_background&quot;:&quot;slideshow&quot;,&quot;background_slideshow_gallery&quot;:[{&quot;id&quot;:3632,&quot;url&quot;:&quot;https:\\\/\\\/euroconsum.eu\\\/wp-content\\\/uploads\\\/2023\\\/04\\\/EU27-2020_European_Union_map.svg&quot;}],&quot;background_slideshow_loop&quot;:&quot;yes&quot;,&quot;background_slideshow_slide_duration&quot;:5000,&quot;background_slideshow_slide_transition&quot;:&quot;fade&quot;,&quot;background_slideshow_transition_duration&quot;:500}\">\n\t\t\t<div class=\"elementor-widget-wrap elementor-element-populated\">\n\t\t\t\t\t\t<div class=\"elementor-element elementor-element-d5110c0 elementor-widget elementor-widget-spacer\" data-id=\"d5110c0\" data-element_type=\"widget\" data-e-type=\"widget\" data-widget_type=\"spacer.default\">\n\t\t\t\t<div class=\"elementor-widget-container\">\n\t\t\t\t\t\t\t<div class=\"elementor-spacer\">\n\t\t\t<div class=\"elementor-spacer-inner\"><\/div>\n\t\t<\/div>\n\t\t\t\t\t\t<\/div>\n\t\t\t\t<\/div>\n\t\t\t\t\t<\/div>\n\t\t<\/div>\n\t\t\t\t\t<\/div>\n\t\t<\/section>\n\t\t\t\t<section class=\"elementor-section elementor-top-section elementor-element elementor-element-c1a3340 elementor-section-boxed elementor-section-height-default elementor-section-height-default\" data-id=\"c1a3340\" data-element_type=\"section\" data-e-type=\"section\">\n\t\t\t\t\t\t<div class=\"elementor-container elementor-column-gap-default\">\n\t\t\t\t\t<div class=\"elementor-column elementor-col-100 elementor-top-column elementor-element elementor-element-7d06430\" data-id=\"7d06430\" data-element_type=\"column\" data-e-type=\"column\">\n\t\t\t<div class=\"elementor-widget-wrap elementor-element-populated\">\n\t\t\t\t\t\t<div class=\"elementor-element elementor-element-d59fc21 elementor-widget elementor-widget-spacer\" data-id=\"d59fc21\" data-element_type=\"widget\" data-e-type=\"widget\" data-widget_type=\"spacer.default\">\n\t\t\t\t<div class=\"elementor-widget-container\">\n\t\t\t\t\t\t\t<div class=\"elementor-spacer\">\n\t\t\t<div class=\"elementor-spacer-inner\"><\/div>\n\t\t<\/div>\n\t\t\t\t\t\t<\/div>\n\t\t\t\t<\/div>\n\t\t\t\t<div class=\"elementor-element elementor-element-a028e0c elementor-widget elementor-widget-heading\" data-id=\"a028e0c\" data-element_type=\"widget\" data-e-type=\"widget\" data-widget_type=\"heading.default\">\n\t\t\t\t<div class=\"elementor-widget-container\">\n\t\t\t\t\t<h2 class=\"elementor-heading-title elementor-size-default\">M\u00f3wimy naszymi j\u0119zykami ...<\/h2>\t\t\t\t<\/div>\n\t\t\t\t<\/div>\n\t\t\t\t\t<\/div>\n\t\t<\/div>\n\t\t\t\t\t<\/div>\n\t\t<\/section>\n\t\t\t\t<section class=\"elementor-section elementor-top-section elementor-element elementor-element-230c80d elementor-section-boxed elementor-section-height-default elementor-section-height-default\" data-id=\"230c80d\" data-element_type=\"section\" data-e-type=\"section\">\n\t\t\t\t\t\t<div class=\"elementor-container elementor-column-gap-default\">\n\t\t\t\t\t<div class=\"elementor-column elementor-col-100 elementor-top-column elementor-element elementor-element-90393a8\" data-id=\"90393a8\" data-element_type=\"column\" data-e-type=\"column\">\n\t\t\t<div class=\"elementor-widget-wrap elementor-element-populated\">\n\t\t\t\t\t\t<div class=\"elementor-element elementor-element-31e4566 elementor-widget elementor-widget-spacer\" data-id=\"31e4566\" data-element_type=\"widget\" data-e-type=\"widget\" data-widget_type=\"spacer.default\">\n\t\t\t\t<div class=\"elementor-widget-container\">\n\t\t\t\t\t\t\t<div class=\"elementor-spacer\">\n\t\t\t<div class=\"elementor-spacer-inner\"><\/div>\n\t\t<\/div>\n\t\t\t\t\t\t<\/div>\n\t\t\t\t<\/div>\n\t\t\t\t\t<\/div>\n\t\t<\/div>\n\t\t\t\t\t<\/div>\n\t\t<\/section>\n\t\t\t\t<section class=\"elementor-section elementor-top-section elementor-element elementor-element-a82efbb elementor-section-boxed elementor-section-height-default elementor-section-height-default\" data-id=\"a82efbb\" data-element_type=\"section\" data-e-type=\"section\">\n\t\t\t\t\t\t<div class=\"elementor-container elementor-column-gap-default\">\n\t\t\t\t\t<div class=\"elementor-column elementor-col-50 elementor-top-column elementor-element elementor-element-0b0396b\" data-id=\"0b0396b\" data-element_type=\"column\" data-e-type=\"column\" data-settings=\"{&quot;background_background&quot;:&quot;slideshow&quot;,&quot;background_slideshow_gallery&quot;:[{&quot;id&quot;:2077,&quot;url&quot;:&quot;https:\\\/\\\/euroconsum.eu\\\/wp-content\\\/uploads\\\/2022\\\/03\\\/IMG_0289-scaled.jpg&quot;}],&quot;background_slideshow_loop&quot;:&quot;yes&quot;,&quot;background_slideshow_slide_duration&quot;:5000,&quot;background_slideshow_slide_transition&quot;:&quot;fade&quot;,&quot;background_slideshow_transition_duration&quot;:500}\">\n\t\t\t<div class=\"elementor-widget-wrap\">\n\t\t\t\t\t\t\t<\/div>\n\t\t<\/div>\n\t\t\t\t<div class=\"elementor-column elementor-col-50 elementor-top-column elementor-element elementor-element-bb9675a\" data-id=\"bb9675a\" data-element_type=\"column\" data-e-type=\"column\">\n\t\t\t<div class=\"elementor-widget-wrap elementor-element-populated\">\n\t\t\t\t\t\t<div class=\"elementor-element elementor-element-cccfc02 elementor-widget elementor-widget-text-editor\" data-id=\"cccfc02\" data-element_type=\"widget\" data-e-type=\"widget\" data-widget_type=\"text-editor.default\">\n\t\t\t\t<div class=\"elementor-widget-container\">\n\t\t\t\t\t\t\t\t\t<p><\/p>\n<p><\/p>\n<p><\/p>\n<h3 class=\"wp-block-heading\"><span style=\"letter-spacing: var( --e-global-typography-text-letter-spacing ); text-transform: var( --e-global-typography-text-text-transform ); text-decoration: var( --e-global-typography-text-text-decoration ); background-color: var( --e-global-color-1b77cfb );\">Doradztwo wideo<\/span><\/h3>\n<div><span style=\"font-family: 'Times New Roman', Times, serif; color: var( --e-global-color-text ); font-size: var( --e-global-typography-text-font-size ); letter-spacing: var( --e-global-typography-text-letter-spacing ); text-transform: var( --e-global-typography-text-text-transform ); text-decoration: var( --e-global-typography-text-text-decoration ); background-color: var( --e-global-color-1b77cfb );\">\u00a0<\/span><\/div>\n<div>\n<div><span style=\"font-family: var( --e-global-typography-text-font-family ), Serif;\"><span style=\"color: var( --e-global-color-text ); letter-spacing: var( --e-global-typography-text-letter-spacing ); text-transform: var( --e-global-typography-text-text-transform );\">Stowarzyszenia EuroConsum oferuj\u0105 porady <\/span><\/span>skoncentrowany<span style=\"font-family: var( --e-global-typography-text-font-family ), Serif;\"><span style=\"color: var( --e-global-color-text ); letter-spacing: var( --e-global-typography-text-letter-spacing ); text-transform: var( --e-global-typography-text-text-transform );\">\u00a0na potrzeby emigrant\u00f3w w UE.\u00a0<\/span><\/span><\/div>\n<div><span style=\"color: var( --e-global-color-text ); letter-spacing: var( --e-global-typography-text-letter-spacing ); text-transform: var( --e-global-typography-text-text-transform ); font-family: var( --e-global-typography-text-font-family ), Serif; font-size: var( --e-global-typography-text-font-size ); text-decoration: var( --e-global-typography-text-text-decoration ); background-color: var( --e-global-color-1b77cfb );\">\u00a0<\/span><\/div>\n<div><span style=\"color: var( --e-global-color-text ); letter-spacing: var( --e-global-typography-text-letter-spacing ); text-transform: var( --e-global-typography-text-text-transform ); font-family: var( --e-global-typography-text-font-family ), Serif; font-size: var( --e-global-typography-text-font-size ); text-decoration: var( --e-global-typography-text-text-decoration ); background-color: var( --e-global-color-1b77cfb );\">Obecnie mo\u017cemy udziela\u0107 porad w nast\u0119puj\u0105cych j\u0119zykach:<\/span><\/div>\n<\/div>\n<ul>\n<li>Angielski<\/li>\n<li style=\"font-size: 14px; background-image: none; background-color: #ffffff;\">Niemiecki<\/li>\n<li>Holenderski<\/li>\n<li>S\u0142owacki<\/li>\n<li>Polski<\/li>\n<\/ul>\n<div>\u00a0<\/div>\n<div>\n<p>Porady udzielane s\u0105 przez <b>Czat wideo <\/b>po wcze\u015bniejszym um\u00f3wieniu.<\/p>\n<\/div>\n<p><\/p>\n<p><!-- \/wp:list --><\/p>\t\t\t\t\t\t\t\t<\/div>\n\t\t\t\t<\/div>\n\t\t\t\t\t<\/div>\n\t\t<\/div>\n\t\t\t\t\t<\/div>\n\t\t<\/section>\n\t\t\t\t<section class=\"elementor-section elementor-top-section elementor-element elementor-element-abb77c3 elementor-section-boxed elementor-section-height-default elementor-section-height-default\" data-id=\"abb77c3\" data-element_type=\"section\" data-e-type=\"section\">\n\t\t\t\t\t\t<div class=\"elementor-container elementor-column-gap-default\">\n\t\t\t\t\t<div class=\"elementor-column elementor-col-100 elementor-top-column elementor-element elementor-element-105f26c\" data-id=\"105f26c\" data-element_type=\"column\" data-e-type=\"column\">\n\t\t\t<div class=\"elementor-widget-wrap elementor-element-populated\">\n\t\t\t\t\t\t<div class=\"elementor-element elementor-element-7dd2f7a elementor-widget elementor-widget-spacer\" data-id=\"7dd2f7a\" data-element_type=\"widget\" data-e-type=\"widget\" data-widget_type=\"spacer.default\">\n\t\t\t\t<div class=\"elementor-widget-container\">\n\t\t\t\t\t\t\t<div class=\"elementor-spacer\">\n\t\t\t<div class=\"elementor-spacer-inner\"><\/div>\n\t\t<\/div>\n\t\t\t\t\t\t<\/div>\n\t\t\t\t<\/div>\n\t\t\t\t\t<\/div>\n\t\t<\/div>\n\t\t\t\t\t<\/div>\n\t\t<\/section>\n\t\t\t\t<section class=\"elementor-section elementor-top-section elementor-element elementor-element-38be949 elementor-section-boxed elementor-section-height-default elementor-section-height-default\" data-id=\"38be949\" data-element_type=\"section\" data-e-type=\"section\">\n\t\t\t\t\t\t<div class=\"elementor-container elementor-column-gap-default\">\n\t\t\t\t\t<div class=\"elementor-column elementor-col-50 elementor-top-column elementor-element elementor-element-e224e1d\" data-id=\"e224e1d\" data-element_type=\"column\" data-e-type=\"column\">\n\t\t\t<div class=\"elementor-widget-wrap elementor-element-populated\">\n\t\t\t\t\t\t<div class=\"elementor-element elementor-element-5be3da8 elementor-widget elementor-widget-text-editor\" data-id=\"5be3da8\" data-element_type=\"widget\" data-e-type=\"widget\" data-widget_type=\"text-editor.default\">\n\t\t\t\t<div class=\"elementor-widget-container\">\n\t\t\t\t\t\t\t\t\t<p><!-- wp:paragraph --><\/p>\n<p><!-- \/wp:paragraph --><\/p>\n<p><!-- wp:heading {\"level\":3} --><\/p>\n<h3><span style=\"background-color: var( --e-global-color-1b77cfb );\">Spersonalizowane porady<span style=\"font-family: Times New Roman, Times, serif;\"><span style=\"color: var( --e-global-color-text ); letter-spacing: var( --e-global-typography-text-letter-spacing ); text-transform: var( --e-global-typography-text-text-transform );\">\u00a0<\/span><\/span><\/span><\/h3>\n<div>\n<div><span style=\"font-family: var( --e-global-typography-text-font-family ), Serif;\"><span style=\"color: var( --e-global-color-text ); letter-spacing: var( --e-global-typography-text-letter-spacing ); text-transform: var( --e-global-typography-text-text-transform );\">Mo\u017cesz r\u00f3wnie\u017c um\u00f3wi\u0107 si\u0119 na osobist\u0105 konsultacj\u0119 w Niemczech pod adresem <\/span><\/span><a href=\"https:\/\/euroconsum.eu\/pl\/prozessabteilung\/\">Pomieszczenia naszej obs\u0142ugi prawnej<\/a><span style=\"font-family: var( --e-global-typography-text-font-family ), Serif;\"><span style=\"color: var( --e-global-color-text ); letter-spacing: var( --e-global-typography-text-letter-spacing ); text-transform: var( --e-global-typography-text-text-transform );\">\u00a0w Kassel.\u00a0<\/span><\/span><\/div>\n<div>\u00a0<\/div>\n<div><span style=\"font-family: var( --e-global-typography-text-font-family ), Serif;\"><span style=\"color: var( --e-global-color-text ); letter-spacing: var( --e-global-typography-text-letter-spacing ); text-transform: var( --e-global-typography-text-text-transform );\">J\u0119zyki doradztwa to:<\/span><\/span><\/div>\n<\/div>\n<ul>\n<li>Angielski<\/li>\n<li style=\"font-size: 14px; background-image: none; background-color: #ffffff;\">Niemiecki<\/li>\n<li>Holenderski<\/li>\n<li>S\u0142owacki<\/li>\n<li>Polski<\/li>\n<\/ul>\n<p>\u00a0<\/p>\n<p>Pami\u0119taj, aby um\u00f3wi\u0107 si\u0119 na spotkanie.<\/p>\n<p><!-- \/wp:list-item --><\/p>\n<p><!-- \/wp:list --><\/p>\t\t\t\t\t\t\t\t<\/div>\n\t\t\t\t<\/div>\n\t\t\t\t\t<\/div>\n\t\t<\/div>\n\t\t\t\t<div class=\"elementor-column elementor-col-50 elementor-top-column elementor-element elementor-element-8cefa3a\" data-id=\"8cefa3a\" data-element_type=\"column\" data-e-type=\"column\" data-settings=\"{&quot;background_background&quot;:&quot;slideshow&quot;,&quot;background_slideshow_gallery&quot;:[{&quot;id&quot;:3643,&quot;url&quot;:&quot;https:\\\/\\\/euroconsum.eu\\\/wp-content\\\/uploads\\\/2023\\\/04\\\/IMG_7952-scaled.jpg&quot;}],&quot;background_slideshow_loop&quot;:&quot;yes&quot;,&quot;background_slideshow_slide_duration&quot;:5000,&quot;background_slideshow_slide_transition&quot;:&quot;fade&quot;,&quot;background_slideshow_transition_duration&quot;:500}\">\n\t\t\t<div class=\"elementor-widget-wrap\">\n\t\t\t\t\t\t\t<\/div>\n\t\t<\/div>\n\t\t\t\t\t<\/div>\n\t\t<\/section>\n\t\t\t\t<\/div>","protected":false},"excerpt":{"rendered":"<p>Cieszymy si\u0119 swobodami, kt\u00f3re przynios\u0142a nam i gwarantuje Unia Europejska. Podr\u00f3\u017cujemy, mieszkamy i pracujemy w miejscach, kt\u00f3rych nazwy nasi rodzice ledwo potrafi\u0105 wym\u00f3wi\u0107. \u017bycie w Europie nie jest jednak wolne od codziennych problem\u00f3w. Prawa gwarantowane przez UE obejmuj\u0105 w szczeg\u00f3lno\u015bci wysoki (i w du\u017cej mierze znormalizowany) poziom ochrony konsument\u00f3w. Ale [...]<\/p>","protected":false},"author":1,"featured_media":0,"parent":0,"menu_order":0,"comment_status":"closed","ping_status":"closed","template":"","meta":{"footnotes":""},"class_list":["post-3685","page","type-page","status-publish","hentry"],"_links":{"self":[{"href":"https:\/\/euroconsum.eu\/pl\/wp-json\/wp\/v2\/pages\/3685","targetHints":{"allow":["GET"]}}],"collection":[{"href":"https:\/\/euroconsum.eu\/pl\/wp-json\/wp\/v2\/pages"}],"about":[{"href":"https:\/\/euroconsum.eu\/pl\/wp-json\/wp\/v2\/types\/page"}],"author":[{"embeddable":true,"href":"https:\/\/euroconsum.eu\/pl\/wp-json\/wp\/v2\/users\/1"}],"replies":[{"embeddable":true,"href":"https:\/\/euroconsum.eu\/pl\/wp-json\/wp\/v2\/comments?post=3685"}],"version-history":[{"count":11,"href":"https:\/\/euroconsum.eu\/pl\/wp-json\/wp\/v2\/pages\/3685\/revisions"}],"predecessor-version":[{"id":3705,"href":"https:\/\/euroconsum.eu\/pl\/wp-json\/wp\/v2\/pages\/3685\/revisions\/3705"}],"wp:attachment":[{"href":"https:\/\/euroconsum.eu\/pl\/wp-json\/wp\/v2\/media?parent=3685"}],"curies":[{"name":"wp","href":"https:\/\/api.w.org\/{rel}","templated":true}]}}