{"id":2,"date":"2021-12-15T06:15:39","date_gmt":"2021-12-15T05:15:39","guid":{"rendered":"https:\/\/euroconsum.eu\/?page_id=2"},"modified":"2023-04-09T07:57:36","modified_gmt":"2023-04-09T05:57:36","slug":"sample-page","status":"publish","type":"page","link":"https:\/\/euroconsum.eu\/pl\/sample-page\/","title":{"rendered":"Procedura nak\u0142adania kar"},"content":{"rendered":"<p>Du\u017ca liczba przepis\u00f3w s\u0142u\u017cy ochronie konsument\u00f3w. Prawo jest jednak zaprojektowane w taki spos\u00f3b, \u017ce te prawa ochrony konsument\u00f3w nie mog\u0105 by\u0107 egzekwowane przez samych konsument\u00f3w.<\/p>\n\n\n\n<p>Jeden przyk\u0142ad:<\/p>\n\n\n\n<figure class=\"wp-block-pullquote\"><blockquote><p>Towary w supermarkecie s\u0105 nieprawid\u0142owo lub myl\u0105co oznakowane. Chocia\u017c istniej\u0105 przepisy prawne w tym zakresie (tak zwane \"rozporz\u0105dzenie w sprawie oznaczania cen\"), nie daje to konkretnej osobie, kt\u00f3rej to dotyczy, \u017cadnych uprawnie\u0144. Na przyk\u0142ad, je\u015bli cena podstawowa produktu jest oznaczona zbyt nisko, klienci sklepu nie maj\u0105 prawa do zakupu produktu po ni\u017cszej cenie. <\/p><p>W niekt\u00f3rych (skrajnych i bardzo skomplikowanych) przypadkach mo\u017ce si\u0119 zdarzy\u0107, \u017ce naruszenie daje klientowi prawo do \"odst\u0105pienia\" od umowy. Konsekwencj\u0105 prawn\u0105 nie jest jednak uniewa\u017cnienie umowy.<\/p><\/blockquote><\/figure>\n\n\n\n<p><\/p>\n\n\n\n<h2 class=\"wp-block-heading\">Przest\u0119pstwo jest tego warte... zawsze<\/h2>\n\n\n\n<p>Jednym z zada\u0144 stowarzyszenia konsument\u00f3w jest dzia\u0142anie w charakterze powiernika interes\u00f3w konsument\u00f3w.<\/p>\n\n\n\n<blockquote class=\"wp-block-quote is-layout-flow wp-block-quote-is-layout-flow\"><p>Witajcie! Jestem kurierem rowerowym w dzie\u0144, aspiruj\u0105cym aktorem w nocy, a to jest moja strona internetowa. Mieszkam w Los Angeles, mam wspania\u0142ego psa o imieniu Jack i lubi\u0119 pi\u00f1a colad\u0119. (I da\u0107 si\u0119 z\u0142apa\u0107 w deszczu).<\/p><\/blockquote>\n\n\n\n<p>...lub co\u015b w tym stylu:<\/p>\n\n\n\n<blockquote class=\"wp-block-quote is-layout-flow wp-block-quote-is-layout-flow\"><p>Firma XYZ Doohickey Company zosta\u0142a za\u0142o\u017cona w 1971 roku i od tego czasu dostarcza wysokiej jako\u015bci doohickeys. Zlokalizowana w Gotham City firma XYZ zatrudnia ponad 2000 os\u00f3b i robi wiele niesamowitych rzeczy dla spo\u0142eczno\u015bci Gotham.<\/p><\/blockquote>\n\n\n\n<p>Jako nowy u\u017cytkownik WordPressa powiniene\u015b przej\u015b\u0107 do pulpitu nawigacyjnego, aby usun\u0105\u0107 t\u0119 stron\u0119 i utworzy\u0107 nowe strony dla swoich tre\u015bci. Baw si\u0119 dobrze!<\/p>","protected":false},"excerpt":{"rendered":"<p>Eine Vielzahl von Regelungen dienen dem Schutz von Verbrauchenden. Allerdings ist das Recht so ausgestaltet, dass diese verbrauchersch\u00fctzenden Rechte in aller Regel nicht von den betroffenen Verbrauchenden selbst durchgesetzt werden k\u00f6nnen. Ein Beispiel: In einem Supermarkt ist die Ware falsch bzw. irref\u00fchrend ausgezeichnet. Zwar gibt es eine gesetzliche Regel hierzu (die sog. &#8222;Preisangabenverordnung&#8220;), aber diese [&hellip;]<\/p>","protected":false},"author":1,"featured_media":0,"parent":0,"menu_order":0,"comment_status":"closed","ping_status":"open","template":"","meta":{"footnotes":""},"class_list":["post-2","page","type-page","status-publish","hentry"],"_links":{"self":[{"href":"https:\/\/euroconsum.eu\/pl\/wp-json\/wp\/v2\/pages\/2","targetHints":{"allow":["GET"]}}],"collection":[{"href":"https:\/\/euroconsum.eu\/pl\/wp-json\/wp\/v2\/pages"}],"about":[{"href":"https:\/\/euroconsum.eu\/pl\/wp-json\/wp\/v2\/types\/page"}],"author":[{"embeddable":true,"href":"https:\/\/euroconsum.eu\/pl\/wp-json\/wp\/v2\/users\/1"}],"replies":[{"embeddable":true,"href":"https:\/\/euroconsum.eu\/pl\/wp-json\/wp\/v2\/comments?post=2"}],"version-history":[{"count":3,"href":"https:\/\/euroconsum.eu\/pl\/wp-json\/wp\/v2\/pages\/2\/revisions"}],"predecessor-version":[{"id":3467,"href":"https:\/\/euroconsum.eu\/pl\/wp-json\/wp\/v2\/pages\/2\/revisions\/3467"}],"wp:attachment":[{"href":"https:\/\/euroconsum.eu\/pl\/wp-json\/wp\/v2\/media?parent=2"}],"curies":[{"name":"wp","href":"https:\/\/api.w.org\/{rel}","templated":true}]}}