{"id":1726,"date":"2022-03-12T19:28:38","date_gmt":"2022-03-12T18:28:38","guid":{"rendered":"https:\/\/euroconsum.eu\/?page_id=1726"},"modified":"2022-12-31T10:25:35","modified_gmt":"2022-12-31T09:25:35","slug":"datenschutzerklaerung","status":"publish","type":"page","link":"https:\/\/euroconsum.eu\/pl\/datenschutzerklaerung\/","title":{"rendered":"Polityka prywatno\u015bci"},"content":{"rendered":"<div data-elementor-type=\"wp-page\" data-elementor-id=\"1726\" class=\"elementor elementor-1726\" data-elementor-post-type=\"page\">\n\t\t\t\t\t\t<section class=\"elementor-section elementor-top-section elementor-element elementor-element-e6c396b elementor-section-boxed elementor-section-height-default elementor-section-height-default\" data-id=\"e6c396b\" data-element_type=\"section\" data-e-type=\"section\">\n\t\t\t\t\t\t<div class=\"elementor-container elementor-column-gap-default\">\n\t\t\t\t\t<div class=\"elementor-column elementor-col-100 elementor-top-column elementor-element elementor-element-9a6495d\" data-id=\"9a6495d\" data-element_type=\"column\" data-e-type=\"column\">\n\t\t\t<div class=\"elementor-widget-wrap elementor-element-populated\">\n\t\t\t\t\t\t<div class=\"elementor-element elementor-element-3470f149 elementor-widget elementor-widget-text-editor\" data-id=\"3470f149\" data-element_type=\"widget\" data-e-type=\"widget\" data-widget_type=\"text-editor.default\">\n\t\t\t\t<div class=\"elementor-widget-container\">\n\t\t\t\t\t\t\t\t\t\n<h3 class=\"wp-block-heading\">Polityka prywatno\u015bci i zgody<\/h3>\n\n\n\n<p><strong>Spis tre\u015bci<\/strong><br>1. obiektywny i odpowiedzialny organ<br>2. podstawowe informacje na temat przetwarzania danych<br>3. przetwarzanie danych osobowych<br>4. gromadzenie danych dost\u0119powych<br>5 Pliki cookie i pomiar zasi\u0119gu<br>6. google analytics<br>7. wtyczki spo\u0142eczno\u015bciowe \/ przyciski udost\u0119pniania<br>8. integracja us\u0142ug i tre\u015bci stron trzecich<br>9. prawa u\u017cytkownik\u00f3w i usuwanie<br>10. zmiany w polityce prywatno\u015bci<\/p>\n\n\n\n<h3 class=\"wp-block-heading\">1. obiektywny i odpowiedzialny organ<\/h3>\n\n\n\n<p>Niniejsze o\u015bwiadczenie o ochronie danych zawiera informacje na temat rodzaju, zakresu i celu przetwarzania (w tym gromadzenia, przetwarzania i wykorzystywania, a tak\u017ce uzyskiwania zgody) danych osobowych w ramach naszej oferty online oraz zwi\u0105zanych z ni\u0105 stron internetowych, funkcji i tre\u015bci (zwanych dalej \u0142\u0105cznie \"ofert\u0105 online\" lub \"stron\u0105 internetow\u0105\"). O\u015bwiadczenie o ochronie danych ma zastosowanie niezale\u017cnie od domen, system\u00f3w, platform i urz\u0105dze\u0144 (np. stacjonarnych lub mobilnych), na kt\u00f3rych realizowana jest oferta online.<\/p>\n\n\n\n<p>Dostawc\u0105 oferty online i organem odpowiedzialnym zgodnie z prawem o ochronie danych jest  <\/p>\n\n\n\n<p><strong><strong>Niemieckie Stowarzyszenie Konsument\u00f3w (Deutscher Konsumentenbund e.V.)<\/strong>, Arheilger Weg 11, 64380 Ro\u00dfdorf<br>Telefon +49 6154 6039754-0, Faks +49 6154 6039754-9 <\/strong>Zarz\u0105d: Iwona Szczeblewski, ibidem; siedziba: Ro\u00dfdorf<\/p>\n\n\n\n<p>(zwany dalej \"dostawc\u0105\", \"my\" lub \"nas\"). Aby uzyska\u0107 dane kontaktowe, zapoznaj si\u0119 z naszym nadrukiem.<\/p>\n\n\n\n<p>Termin \"u\u017cytkownicy\" obejmuje wszystkich klient\u00f3w i osoby odwiedzaj\u0105ce nasz\u0105 ofert\u0119 online. <\/p>\n\n\n\n<h3 class=\"wp-block-heading\">2. podstawowe informacje na temat przetwarzania danych<\/h3>\n\n\n\n<p>Przetwarzamy dane osobowe u\u017cytkownik\u00f3w wy\u0142\u0105cznie zgodnie z odpowiednimi przepisami o ochronie danych, zgodnie z zasadami gospodarki danymi i unikania przetwarzania danych. Oznacza to, \u017ce dane u\u017cytkownika b\u0119d\u0105 przetwarzane tylko wtedy, gdy istnieje zezwolenie prawne (w szczeg\u00f3lno\u015bci, gdy dane s\u0105 wymagane lub prawnie wymagane do \u015bwiadczenia naszych us\u0142ug \/ us\u0142ug online) lub je\u015bli wyra\u017cono na to zgod\u0119.<\/p>\n\n\n\n<p>Podejmujemy organizacyjne, umowne i techniczne \u015brodki bezpiecze\u0144stwa zgodnie z aktualnym stanem wiedzy, aby zapewni\u0107 przestrzeganie przepis\u00f3w o ochronie danych, a tym samym chroni\u0107 przetwarzane przez nas dane przed przypadkow\u0105 lub celow\u0105 manipulacj\u0105, utrat\u0105, zniszczeniem lub dost\u0119pem os\u00f3b nieupowa\u017cnionych.<\/p>\n\n\n\n<p>Je\u015bli tre\u015bci, narz\u0119dzia lub inne \u015brodki od innych dostawc\u00f3w (zwanych dalej \u0142\u0105cznie \"dostawcami zewn\u0119trznymi\") s\u0105 wykorzystywane w ramach niniejszego o\u015bwiadczenia o ochronie danych, a ich siedziba znajduje si\u0119 za granic\u0105, nale\u017cy za\u0142o\u017cy\u0107, \u017ce ma miejsce przekazywanie danych do kraj\u00f3w, w kt\u00f3rych maj\u0105 siedzib\u0119 dostawcy zewn\u0119trzni. Przekazywanie danych do kraj\u00f3w trzecich odbywa si\u0119 na podstawie zezwolenia prawnego, zgody u\u017cytkownika lub specjalnych klauzul umownych, kt\u00f3re gwarantuj\u0105 wymagane prawem bezpiecze\u0144stwo danych.<\/p>\n\n\n\n<h3 class=\"wp-block-heading\">3. przetwarzanie danych osobowych<\/h3>\n\n\n\n<p>Dane osobowe, opr\u00f3cz zastosowa\u0144 wyra\u017anie wymienionych w niniejszej polityce prywatno\u015bci, s\u0105 przetwarzane w nast\u0119puj\u0105cych celach na podstawie zezwole\u0144 prawnych lub zg\u00f3d u\u017cytkownik\u00f3w:<\/p>\n\n\n\n<ul class=\"wp-block-list\"><li>Dostarczanie, wykonywanie, utrzymywanie, optymalizowanie i zabezpieczanie naszych us\u0142ug, serwis\u00f3w i us\u0142ug dla u\u017cytkownik\u00f3w;<\/li><li>Zapewnij skuteczn\u0105 obs\u0142ug\u0119 klienta i wsparcie techniczne.<\/li><\/ul>\n\n\n\n<p>Takie dane s\u0105 gromadzone tylko wtedy, gdy korzystasz z naszej witryny, je\u015bli kontaktujesz si\u0119 z nami za po\u015brednictwem formularza kontaktowego lub poczty e-mail.<\/p>\n\n\n\n<p>Przekazujemy dane u\u017cytkownik\u00f3w stronom trzecim tylko wtedy, gdy jest to konieczne ze wzgl\u0119du na zobowi\u0105zania umowne lub prawne.<\/p>\n\n\n\n<p>Podczas kontaktu z nami (za po\u015brednictwem formularza kontaktowego lub wiadomo\u015bci e-mail) dane u\u017cytkownika s\u0105 przechowywane w celu przetworzenia zapytania oraz w przypadku pojawienia si\u0119 dalszych pyta\u0144.<\/p>\n\n\n\n<p>Dane osobowe zostan\u0105 usuni\u0119te, je\u015bli spe\u0142ni\u0142y sw\u00f3j cel i nie ma obowi\u0105zku ich przechowywania.<\/p>\n\n\n\n<h3 class=\"wp-block-heading\">4. gromadzenie danych dost\u0119powych<\/h3>\n\n\n\n<p>Ponadto gromadzimy dane o ka\u017cdym dost\u0119pie do serwera, na kt\u00f3rym znajduje si\u0119 ta us\u0142uga (tzw. pliki dziennika serwera). Dane dost\u0119pu obejmuj\u0105 nazw\u0119 strony internetowej, do kt\u00f3rej uzyskano dost\u0119p, plik, dat\u0119 i godzin\u0119 dost\u0119pu, ilo\u015b\u0107 przes\u0142anych danych, powiadomienie o pomy\u015blnym dost\u0119pie, typ i wersj\u0119 przegl\u0105darki, system operacyjny u\u017cytkownika, adres URL odsy\u0142acza (je\u015bli zosta\u0142 wys\u0142any, poprzednio odwiedzan\u0105 stron\u0119), adres IP i dostawc\u0119 \u017c\u0105dania.<\/p>\n\n\n\n<p>U\u017cywamy danych dziennika bez przypisywania ich do osoby u\u017cytkownika lub w inny spos\u00f3b tworzenia profilu zgodnie z przepisami prawa wy\u0142\u0105cznie do oceny statystycznej w celu obs\u0142ugi, bezpiecze\u0144stwa i optymalizacji naszej oferty online. Zastrzegamy sobie jednak prawo do retrospektywnego sprawdzenia danych dziennika, je\u015bli istnieje uzasadnione podejrzenie niezgodnego z prawem wykorzystania danych ze wzgl\u0119du na konkretne przes\u0142anki.<\/p>\n\n\n\n<h3 class=\"wp-block-heading\">5 Pliki cookie i pomiar zasi\u0119gu<\/h3>\n\n\n\n<p>Niniejsza strona internetowa wykorzystuje wy\u0142\u0105cznie tak zwane technicznie niezb\u0119dne pliki cookie, aby funkcjonalnie umo\u017cliwi\u0107 udost\u0119pnienie strony internetowej klientowi sk\u0142adaj\u0105cemu zapytanie (tak zwane pliki cookie pierwszej strony).  Nie s\u0105 z nich pozyskiwane \u017cadne dane osobowe.<\/p>\n\n\n\n<p>Zgodnie z najnowszym orzecznictwem Europejskiego Trybuna\u0142u Sprawiedliwo\u015bci (wyrok z dnia 9.10.2019 r.), aktywna zgoda lub odrzucenie przez u\u017cytkownika musi by\u0107 jednak zagwarantowane, zanim pliki cookie stan\u0105 si\u0119 aktywne (zostan\u0105 ustawione). Je\u015bli u\u017cytkownik odrzuci powiadomienie o plikach cookie, nie mo\u017cna zaoferowa\u0107 dost\u0119pu do strony internetowej w tym zakresie, u\u017cytkownicy odrzucaj\u0105cy s\u0105 przekierowywani na t\u0119 stron\u0119 ochrony danych.<\/p>\n\n\n\n<h3 class=\"wp-block-heading\">6 Google Analytics \/ Pomiar zasi\u0119gu<\/h3>\n\n\n\n<p>Korzystamy z us\u0142ugi analityki internetowej Google Analytics&nbsp;<strong>nie<\/strong>&nbsp;ani \u017cadnych innych narz\u0119dzi analizy i zasi\u0119gu, kt\u00f3re opieraj\u0105 si\u0119 na gromadzeniu \/ przechowywaniu \u017c\u0105daj\u0105cych adres\u00f3w IP.<\/p>\n\n\n\n<h3 class=\"wp-block-heading\"><strong>7. wtyczki spo\u0142eczno\u015bciowe \/ przyciski udost\u0119pniania<\/strong><\/h3>\n\n\n\n<p>Po\u0142\u0105czenie tej strony z naszym kontem na Twitterze jest prostym linkiem, kt\u00f3ry nie przekazuje \u017cadnych danych u\u017cytkownika (nofollow), w przeciwie\u0144stwie do tak zwanych przycisk\u00f3w udost\u0119pniania spo\u0142eczno\u015bciowego. Przestrzegamy r\u00f3wnie\u017c zasady oszcz\u0119dno\u015bci danych i zgodno\u015bci z DSGVO.<\/p>\n\n\n\n<h3 class=\"wp-block-heading\">8. integracja us\u0142ug i tre\u015bci stron trzecich<\/h3>\n\n\n\n<p>Mo\u017ce si\u0119 zdarzy\u0107, \u017ce tre\u015bci lub us\u0142ugi od dostawc\u00f3w zewn\u0119trznych, takie jak mapy miast lub czcionki z innych stron internetowych, zostan\u0105 zintegrowane z nasz\u0105 ofert\u0105 online. Integracja tre\u015bci od dostawc\u00f3w zewn\u0119trznych zawsze wymaga, aby dostawcy zewn\u0119trzni znali adres IP u\u017cytkownika, poniewa\u017c bez adresu IP nie byliby w stanie wys\u0142a\u0107 tre\u015bci do przegl\u0105darki u\u017cytkownika. Adres IP jest zatem wymagany do wy\u015bwietlania tych tre\u015bci. Ponadto dostawcy tre\u015bci stron trzecich mog\u0105 ustawia\u0107 w\u0142asne pliki cookie i przetwarza\u0107 dane u\u017cytkownik\u00f3w do w\u0142asnych cel\u00f3w. W ten spos\u00f3b na podstawie przetworzonych danych mog\u0105 by\u0107 tworzone profile u\u017cytkownik\u00f3w. W miar\u0119 mo\u017cliwo\u015bci b\u0119dziemy korzysta\u0107 z tych tre\u015bci w spos\u00f3b oszcz\u0119dzaj\u0105cy dane i wybieraj\u0105c wiarygodnych dostawc\u00f3w zewn\u0119trznych w odniesieniu do bezpiecze\u0144stwa danych.<\/p>\n\n\n\n<p>Obecnie nie korzystamy z osadzonych us\u0142ug stron trzecich, kt\u00f3re przekazuj\u0105 dane konta wywo\u0142uj\u0105cego w taki spos\u00f3b.<\/p>\n\n\n\n<h3 class=\"wp-block-heading\">9. prawa u\u017cytkownik\u00f3w i usuwanie danych<\/h3>\n\n\n\n<p>U\u017cytkownicy maj\u0105 prawo, na \u017c\u0105danie i bezp\u0142atnie, do uzyskania informacji o przechowywanych przez nas danych osobowych.<br>Ponadto u\u017cytkownicy maj\u0105 prawo do poprawienia niedok\u0142adnych danych, cofni\u0119cia zgody, zablokowania i usuni\u0119cia swoich danych osobowych, a tak\u017ce prawo do z\u0142o\u017cenia skargi do w\u0142a\u015bciwego organu nadzorczego w przypadku stwierdzenia niezgodnego z prawem przetwarzania danych.<\/p>\n\n\n\n<p>Przechowywane przez nas dane zostan\u0105 usuni\u0119te, gdy tylko nie b\u0119d\u0105 ju\u017c potrzebne do zamierzonego celu, a usuni\u0119cie nie b\u0119dzie sprzeczne z \u017cadnymi ustawowymi obowi\u0105zkami przechowywania.<\/p>\n\n\n\n<p>Mo\u017cesz znale\u017a\u0107 formularz online, aby uzyska\u0107 informacje o przechowywanych przez nas danych&nbsp;<a href=\"https:\/\/susannchen.info\/?page_id=3167\">tutaj.<\/a><\/p>\n\n\n\n<p>Mo\u017cesz znale\u017a\u0107 formularz online do usuni\u0119cia danych, kt\u00f3re przechowujemy na Tw\u00f3j temat&nbsp;<a href=\"https:\/\/susannchen.info\/?page_id=3168\">tutaj.<\/a><\/p>\n\n\n\n<h3 class=\"wp-block-heading\">10. zmiany w polityce prywatno\u015bci<\/h3>\n\n\n\n<p>Zastrzegamy sobie prawo do zmiany o\u015bwiadczenia o ochronie danych w celu dostosowania go do zmienionej sytuacji prawnej lub w przypadku zmian w us\u0142udze oraz przetwarzaniu danych. Dotyczy to jednak wy\u0142\u0105cznie o\u015bwiadcze\u0144 o przetwarzaniu danych. O ile wymagane s\u0105 zgody u\u017cytkownik\u00f3w lub elementy o\u015bwiadczenia o ochronie danych zawieraj\u0105 postanowienia dotycz\u0105ce stosunku umownego z u\u017cytkownikami, zmiany b\u0119d\u0105 wprowadzane wy\u0142\u0105cznie za zgod\u0105 u\u017cytkownik\u00f3w.<br>U\u017cytkownicy s\u0105 proszeni o regularne zapoznawanie si\u0119 z tre\u015bci\u0105 polityki prywatno\u015bci.<\/p>\n\n\n\n<p>Status: 12.03.2022 15:00<\/p>\n\t\t\t\t\t\t\t\t<\/div>\n\t\t\t\t<\/div>\n\t\t\t\t\t<\/div>\n\t\t<\/div>\n\t\t\t\t\t<\/div>\n\t\t<\/section>\n\t\t\t\t<\/div>","protected":false},"excerpt":{"rendered":"<p>Polityka prywatno\u015bci i zgody Spis tre\u015bci1. Cel i administrator danych2. Podstawowe informacje o przetwarzaniu danych3. Przetwarzanie danych osobowych4. Gromadzenie danych dost\u0119powych5. Pliki cookie i pomiar zasi\u0119gu6. Google Analytics7. Wtyczki spo\u0142eczno\u015bciowe \/ przyciski udost\u0119pniania8. Integracja us\u0142ug i tre\u015bci stron trzecich9. Prawa u\u017cytkownika i usuwanie10. Zmiany w polityce prywatno\u015bci 1. Cel i podmiot odpowiedzialny Niniejsza polityka prywatno\u015bci wyja\u015bnia charakter, zakres [...].<\/p>","protected":false},"author":1,"featured_media":0,"parent":0,"menu_order":0,"comment_status":"closed","ping_status":"closed","template":"","meta":{"footnotes":""},"class_list":["post-1726","page","type-page","status-publish","hentry"],"_links":{"self":[{"href":"https:\/\/euroconsum.eu\/pl\/wp-json\/wp\/v2\/pages\/1726","targetHints":{"allow":["GET"]}}],"collection":[{"href":"https:\/\/euroconsum.eu\/pl\/wp-json\/wp\/v2\/pages"}],"about":[{"href":"https:\/\/euroconsum.eu\/pl\/wp-json\/wp\/v2\/types\/page"}],"author":[{"embeddable":true,"href":"https:\/\/euroconsum.eu\/pl\/wp-json\/wp\/v2\/users\/1"}],"replies":[{"embeddable":true,"href":"https:\/\/euroconsum.eu\/pl\/wp-json\/wp\/v2\/comments?post=1726"}],"version-history":[{"count":6,"href":"https:\/\/euroconsum.eu\/pl\/wp-json\/wp\/v2\/pages\/1726\/revisions"}],"predecessor-version":[{"id":3323,"href":"https:\/\/euroconsum.eu\/pl\/wp-json\/wp\/v2\/pages\/1726\/revisions\/3323"}],"wp:attachment":[{"href":"https:\/\/euroconsum.eu\/pl\/wp-json\/wp\/v2\/media?parent=1726"}],"curies":[{"name":"wp","href":"https:\/\/api.w.org\/{rel}","templated":true}]}}