{"id":1166,"date":"2022-03-03T21:53:24","date_gmt":"2022-03-03T20:53:24","guid":{"rendered":"https:\/\/euroconsum.eu\/?page_id=1166"},"modified":"2022-03-10T19:56:15","modified_gmt":"2022-03-10T18:56:15","slug":"1166-2","status":"publish","type":"page","link":"https:\/\/euroconsum.eu\/pl\/1166-2\/","title":{"rendered":"Co czyni nas mo\u017cliwymi"},"content":{"rendered":"<p>Nasza praca jest wspierana przez&nbsp;<strong>Wolontariusze i pracownicy honorowi<\/strong>&nbsp;wspierane i mo\u017cliwe. Od momentu powstania nasz g\u0142\u00f3wny zesp\u00f3\u0142 sk\u0142ada si\u0119 z prawnik\u00f3w i lekarzy (w wi\u0119kszo\u015bci emerytowanych), kt\u00f3rzy ka\u017cdego roku wykonuj\u0105 prac\u0119 o warto\u015bci trzech czwartych miliona euro na rzecz naszych wsp\u00f3lnych cel\u00f3w stowarzyszenia.<\/p>\n\n\n\n<div class=\"wp-block-image\"><figure class=\"alignleft size-full is-resized\"><img fetchpriority=\"high\" decoding=\"async\" src=\"https:\/\/euroconsum.eu\/wp-content\/uploads\/2022\/03\/Bild_2022-03-10_195358.png\" alt=\"\" class=\"wp-image-1536\" width=\"265\" height=\"333\"\/><\/figure><\/div>\n\n\n\n<p>Po szeroko zakrojonej dyskusji w\u015br\u00f3d naszych cz\u0142onk\u00f3w w 2018 r. rozpocz\u0119li\u015bmy mapowanie wszystkich proces\u00f3w i funkcji przy u\u017cyciu wolnego oprogramowania. Uda\u0142o nam si\u0119 to zrobi\u0107 we wszystkich obszarach pracy niematerialnej i odnie\u015bli\u015bmy du\u017cy sukces w dziedzinie egzekwowania prawa, gdzie musi by\u0107 u\u017cywane specjalistyczne oprogramowanie. Jeste\u015bmy z&nbsp;<strong>Oprogramowanie Open Source<\/strong>&nbsp;i wnie\u015b\u0107 znacz\u0105cy roczny wk\u0142ad w spo\u0142eczno\u015b\u0107 open source.<\/p>\n\n\n\n<p>Indywidualne darowizny w wysoko\u015bci 10 000 euro lub wi\u0119cej oraz darowizny firmowe w wysoko\u015bci 1 euro lub wi\u0119cej mo\u017cna znale\u017a\u0107 na stronie\u00a0<strong><a href=\"https:\/\/euroconsum.eu\/pl\/transparenzbericht\/\" data-type=\"page\" data-id=\"1127\">Sprawozdanie z przejrzysto\u015bci<\/a><\/strong>. Raport przejrzysto\u015bci jest aktualizowany co roku.<\/p>","protected":false},"excerpt":{"rendered":"<p>Unsere Arbeit wird von&nbsp;freiwillig und ehrenamtlich t\u00e4tigen Menschen&nbsp;getragen und erm\u00f6glicht. Bereits seit der Gr\u00fcndung bestand unser Kernteam aus Jurist:innen und \u00c4rzt:innen (meist im Ruhestand), die Arbeit im Gegenwert von j\u00e4hrlich einer dreiviertel Million Euro f\u00fcr unsere gemeinsamen Verbandsziele leisten. Nach einer ausgiebigen Diskussion unter unseren Mitgliedern im Jahr 2018 haben wir damit begonnen, alle Prozesse [&hellip;]<\/p>","protected":false},"author":1,"featured_media":0,"parent":0,"menu_order":0,"comment_status":"closed","ping_status":"closed","template":"","meta":{"footnotes":""},"class_list":["post-1166","page","type-page","status-publish","hentry"],"_links":{"self":[{"href":"https:\/\/euroconsum.eu\/pl\/wp-json\/wp\/v2\/pages\/1166","targetHints":{"allow":["GET"]}}],"collection":[{"href":"https:\/\/euroconsum.eu\/pl\/wp-json\/wp\/v2\/pages"}],"about":[{"href":"https:\/\/euroconsum.eu\/pl\/wp-json\/wp\/v2\/types\/page"}],"author":[{"embeddable":true,"href":"https:\/\/euroconsum.eu\/pl\/wp-json\/wp\/v2\/users\/1"}],"replies":[{"embeddable":true,"href":"https:\/\/euroconsum.eu\/pl\/wp-json\/wp\/v2\/comments?post=1166"}],"version-history":[{"count":4,"href":"https:\/\/euroconsum.eu\/pl\/wp-json\/wp\/v2\/pages\/1166\/revisions"}],"predecessor-version":[{"id":1539,"href":"https:\/\/euroconsum.eu\/pl\/wp-json\/wp\/v2\/pages\/1166\/revisions\/1539"}],"wp:attachment":[{"href":"https:\/\/euroconsum.eu\/pl\/wp-json\/wp\/v2\/media?parent=1166"}],"curies":[{"name":"wp","href":"https:\/\/api.w.org\/{rel}","templated":true}]}}