{"id":1151,"date":"2022-03-03T21:46:34","date_gmt":"2022-03-03T20:46:34","guid":{"rendered":"https:\/\/euroconsum.eu\/?page_id=1151"},"modified":"2023-04-09T08:03:32","modified_gmt":"2023-04-09T06:03:32","slug":"1151-2","status":"publish","type":"page","link":"https:\/\/euroconsum.eu\/pl\/1151-2\/","title":{"rendered":"Wyk\u0142ady, wydarzenia, publikacje"},"content":{"rendered":"<h1 class=\"wp-block-heading\">Publikacje<\/h1>\n\n\n\n<p>Dla tego typu zawarto\u015bci dost\u0119pna jest opcja filtrowania:&nbsp;<a href=\"https:\/\/euroconsum.eu\/pl\/publication\/\">Filtruj publikacje wed\u0142ug tematu<\/a>.<a href=\"https:\/\/euroconsum.eu\/pl\/publication\/transparenz\/\">Sprawozdanie z przejrzysto\u015bci<\/a><a href=\"https:\/\/euroconsum.eu\/pl\/publication\/transparenz\/\">Raport dotycz\u0105cy darowizn i przejrzysto\u015bci<\/a><\/p>\n\n\n\n<figure class=\"wp-block-image\"><a href=\"https:\/\/euroconsum.eu\/pl\/publication\/transparenz\/\"><img decoding=\"async\" src=\"https:\/\/euroconsum.eu\/de\/publication\/transparenz\/featured_hu706c2842d527792b38d4486eb4fc153a_575496_150x0_resize_q100_lanczos.jpg\" alt=\"Transparenzbericht\"\/><\/a><\/figure>\n\n\n\n<p><a href=\"https:\/\/euroconsum.eu\/pl\/publication\/erfolge-homoepathie\/\">Jak mo\u017cna wyja\u015bni\u0107 \"sukcesy\" homeopatii?<\/a><a href=\"https:\/\/euroconsum.eu\/pl\/publication\/erfolge-homoepathie\/\">Istnieje wiele doniesie\u0144 o \"sukcesach\" homeopatii i cz\u0119sto dodaje si\u0119 potwierdzaj\u0105ce zdanie \"Ten, kto leczy, ma racj\u0119\", aby uzasadni\u0107 t\u0119 metod\u0119. Cz\u0119sto ludzie komentuj\u0105: \"Nie wiemy, jak to dzia\u0142a, ale widzimy, \u017ce dzia\u0142a!<\/a><\/p>\n\n\n\n<figure class=\"wp-block-image\"><a href=\"https:\/\/euroconsum.eu\/pl\/publication\/erfolge-homoepathie\/\"><img decoding=\"async\" src=\"https:\/\/euroconsum.eu\/de\/publication\/erfolge-homoepathie\/featured_hu5d926b49cab28cd204d30624a6b4bf4c_1453662_150x0_resize_q100_lanczos.jpg\" alt=\"Wie sind die &quot;Erfolge&quot; der Hom\u00f6pathie zu erkl\u00e4ren?\"\/><\/a><\/figure>\n\n\n\n<p><a href=\"https:\/\/euroconsum.eu\/pl\/publication\/warum-homoeopathie-populaer\/\">Dlaczego homeopatia jest tak popularna?<\/a><a href=\"https:\/\/euroconsum.eu\/pl\/publication\/warum-homoeopathie-populaer\/\">Jest ku temu kilka powod\u00f3w. Chocia\u017c homeopatia by\u0142a post\u0119pem w czasach Hahnemanna (rozwija\u0142 j\u0105 od 1796 r. do swojej \u015bmierci w 1843 r.), to oczywi\u015bcie nawet wtedy by\u0142a b\u0142\u0119dna. Metody stosowane przez wi\u0119kszo\u015b\u0107 lekarzy w tamtych czasach by\u0142y brutalne i os\u0142abia\u0142y pacjent\u00f3w - czasami a\u017c do \u015bmierci.<\/a><\/p>\n\n\n\n<figure class=\"wp-block-image\"><a href=\"https:\/\/euroconsum.eu\/pl\/publication\/warum-homoeopathie-populaer\/\"><img decoding=\"async\" src=\"https:\/\/euroconsum.eu\/de\/publication\/warum-homoeopathie-populaer\/featured_hu5f01d06f764da66c6a4af34ece277408_1688627_150x0_resize_q100_lanczos.jpg\" alt=\"Warum ist Hom\u00f6opathie so popul\u00e4r?\"\/><\/a><\/figure>\n\n\n\n<p><a href=\"https:\/\/euroconsum.eu\/pl\/publication\/homoeopathische-impfung\/\">Co to jest \"szczepienie homeopatyczne\"?<\/a><a href=\"https:\/\/euroconsum.eu\/pl\/publication\/homoeopathische-impfung\/\">Homeopaci i zwolennicy homeopatii wielokrotnie twierdz\u0105, \u017ce ich przodek i nad-ojciec Hahnemann praktycznie wynalaz\u0142 szczepienia i \u017ce szczepienia homeopatyczne s\u0105 r\u00f3wnie\u017c stosowane. Aby to uzasadni\u0107, odwo\u0142uj\u0105 si\u0119 do podstawowej zasady Hahnemanna similia similibus curentur, podobne rzeczy lecz\u0105 podobne rzeczy. Dok\u0142adnie to dzieje si\u0119 w przypadku szczepie\u0144 - podawane s\u0105 sk\u0142adniki patogenu wywo\u0142uj\u0105cego chorob\u0119, przeciwko kt\u00f3rej podawana jest szczepionka.<\/a><\/p>\n\n\n\n<figure class=\"wp-block-image\"><a href=\"https:\/\/euroconsum.eu\/pl\/publication\/homoeopathische-impfung\/\"><img decoding=\"async\" src=\"https:\/\/euroconsum.eu\/de\/publication\/homoeopathische-impfung\/featured_hu7f5ea5061939d96a9de257e9aa3ea962_1045660_150x0_resize_q100_lanczos.jpg\" alt=\"Was ist eine &quot;Hom\u00f6opathische Impfung&quot;?\"\/><\/a><\/figure>\n\n\n\n<p><a href=\"https:\/\/euroconsum.eu\/pl\/publication\/homoeopathie-schaden\/\">Czy homeopatia mo\u017ce szkodzi\u0107?<\/a><a href=\"https:\/\/euroconsum.eu\/pl\/publication\/homoeopathie-schaden\/\">Odpowied\u017a jest jednoznacznie twierdz\u0105ca. Nie bezpo\u015brednio poprzez przyjmowanie globulek, kt\u00f3re albo zawieraj\u0105 zbyt ma\u0142o substancji czynnej, albo nie zawieraj\u0105 jej wcale, aby organizm m\u00f3g\u0142 zareagowa\u0107 i dlatego mo\u017cna je bezpiecznie traktowa\u0107 jako czysty cukier. Podobnie jak w przypadku wszystkich metod pseudomedycznych, niebezpiecze\u0144stwo dla u\u017cytkownik\u00f3w homeopatii polega na mo\u017cliwym op\u00f3\u017anieniu lub nawet uniemo\u017cliwieniu uzyskania specjalistycznej pomocy medycznej w odpowiednim czasie.<\/a><\/p>\n\n\n\n<figure class=\"wp-block-image\"><a href=\"https:\/\/euroconsum.eu\/pl\/publication\/homoeopathie-schaden\/\"><img decoding=\"async\" src=\"https:\/\/euroconsum.eu\/de\/publication\/homoeopathie-schaden\/featured_hu2fdb171626ca22370c9c50f20616d677_769041_150x0_resize_q100_lanczos.jpg\" alt=\"Kann Hom\u00f6opathie schaden?\"\/><\/a><\/figure>\n\n\n\n<p><a href=\"https:\/\/euroconsum.eu\/pl\/publication\/\">INNE PUBLIKACJE&nbsp;<\/a><\/p>\n\n\n\n<h1 class=\"wp-block-heading\">Wyk\u0142ady i wydarzenia<\/h1>\n\n\n\n<p><a href=\"https:\/\/euroconsum.eu\/pl\/talk\/big-data-evidenz-wissenschaftliche-praxis\/\">Praktyka naukowa i dowody a Big Data i sztuczna inteligencja?<\/a><a href=\"https:\/\/euroconsum.eu\/pl\/talk\/big-data-evidenz-wissenschaftliche-praxis\/\">Dobra praktyka naukowa i dowody a Big Data i sztuczna inteligencja - partnerzy czy przeciwnicy?<\/a><a href=\"https:\/\/euroconsum.eu\/pl\/author\/urs\/\">Urs<\/a>1 czerwca 2020 r.<a href=\"https:\/\/www.skepkon.org\/images\/PDF-Abstracts\/Evidenz_vs._Big_Data.pdf\" target=\"_blank\" rel=\"noreferrer noopener\">PDF<\/a><a href=\"https:\/\/www.skepkon.org\/images\/PDF-Abstracts\/Evidenz_vs._Big_Data.pdf\" target=\"_blank\" rel=\"noreferrer noopener\">Slajdy<\/a><a href=\"https:\/\/www.youtube.com\/watch?v=U8vBWQr3tLs\" target=\"_blank\" rel=\"noreferrer noopener\">Wideo<\/a><\/p>\n\n\n\n<figure class=\"wp-block-image\"><a href=\"https:\/\/euroconsum.eu\/pl\/talk\/big-data-evidenz-wissenschaftliche-praxis\/\"><img decoding=\"async\" src=\"https:\/\/euroconsum.eu\/de\/talk\/big-data-evidenz-wissenschaftliche-praxis\/featured_hu4ff0a919cfd472561f7d6b41c170a5e0_397344_150x0_resize_q100_lanczos.jpg\" alt=\"Wissenschaftliche Praxis und Evidenz vs. Big Data und K\u00fcnstliche Intelligenz?\"\/><\/a><\/figure>\n\n\n\n<p><a href=\"https:\/\/euroconsum.eu\/pl\/talk\/futterverschwoerung\/\">Spisek \u017cywieniowy - trendy w \u017cywieniu ps\u00f3w i kot\u00f3w<\/a><a href=\"https:\/\/euroconsum.eu\/pl\/talk\/futterverschwoerung\/\">Zdrowe \u017cywienie zwierz\u0105t domowych to modny temat. Co jest wa\u017cne, co jest szumem, a co bzdur\u0105?<\/a><a href=\"https:\/\/euroconsum.eu\/pl\/author\/dr.-stefanie-handl\/\">Dr Stefanie Handl<\/a>1 czerwca 2019 r.<a href=\"https:\/\/www.youtube.com\/watch?v=L3yUwCvniVY\" target=\"_blank\" rel=\"noreferrer noopener\">Wideo<\/a><a href=\"https:\/\/twitter.com\/skepkon\" target=\"_blank\" rel=\"noreferrer noopener\">&nbsp;\u015aled\u017a Skepkon<\/a><\/p>\n\n\n\n<figure class=\"wp-block-image\"><a href=\"https:\/\/euroconsum.eu\/pl\/talk\/futterverschwoerung\/\"><img decoding=\"async\" src=\"https:\/\/euroconsum.eu\/de\/talk\/futterverschwoerung\/featured_hu9b5622fa2b67805f5e8d345621d58df3_171651_150x0_resize_q100_lanczos.jpg\" alt=\"Die Futterverschw\u00f6rung - Trends in der Ern\u00e4hrung von Hunden und Katzen\"\/><\/a><\/figure>\n\n\n\n<p><a href=\"https:\/\/euroconsum.eu\/pl\/talk\/geschichte-kurpfuscherei\/\">Historia medycyny leczniczej w Niemczech<\/a><a href=\"https:\/\/euroconsum.eu\/pl\/talk\/geschichte-kurpfuscherei\/\">W 1869 r. zniesiono zakaz medycyny leczniczej. Wyk\u0142ad podkre\u015bla wa\u017cne etapy rozwoju medycyny \u015bwieckiej i aktualne problemy.<\/a>31 maja 2019 r.<a href=\"https:\/\/www.youtube.com\/watch?v=WQBFMMtDC1c\" target=\"_blank\" rel=\"noreferrer noopener\">Wideo<\/a><\/p>\n\n\n\n<figure class=\"wp-block-image\"><a href=\"https:\/\/euroconsum.eu\/pl\/talk\/geschichte-kurpfuscherei\/\"><img decoding=\"async\" src=\"https:\/\/euroconsum.eu\/de\/talk\/geschichte-kurpfuscherei\/featured_hu4b4f272db0609987f341892200770db4_296516_150x0_resize_q100_lanczos.jpg\" alt=\"Die Geschichte der Kurpfuscherei in Deutschland\"\/><\/a><\/figure>\n\n\n\n<h1 class=\"wp-block-heading\">W centrum uwagi<\/h1>\n\n\n\n<p>07.02.2021&nbsp;&nbsp;&nbsp;<a href=\"https:\/\/euroconsum.eu\/pl\/category\/diversitat\/\">R\u00f3\u017cnorodno\u015b\u0107<\/a><a href=\"https:\/\/euroconsum.eu\/pl\/publication\/diversitaet-und-konsum\/\"><\/a><a href=\"https:\/\/euroconsum.eu\/pl\/publication\/diversitaet-und-konsum\/\">D\u017awi\u0119ki po\u015brednie zamiast szablon\u00f3w<\/a><a href=\"https:\/\/euroconsum.eu\/pl\/publication\/diversitaet-und-konsum\/\">Nasz\u0105 aspiracj\u0105 w zakresie ochrony konsument\u00f3w jest uwzgl\u0119dnienie wszystkich perspektyw<\/a><a href=\"https:\/\/euroconsum.eu\/pl\/project\/diversitaet-und-konsum\/\">Projekt<\/a><\/p>","protected":false},"excerpt":{"rendered":"<p>Publikacje Dla tego typu tre\u015bci dost\u0119pna jest opcja filtrowania: Filtruj publikacje wed\u0142ug tematuRaport przejrzysto\u015bciDarowizna i raport przejrzysto\u015bciJak mo\u017cna wyja\u015bni\u0107 \"sukcesy\" homeopatii? Istnieje wiele doniesie\u0144 o \"sukcesach\" homeopatii i cz\u0119sto dodaje si\u0119 zdanie twierdz\u0105ce \"Ten, kto leczy, ma racj\u0119\", aby uzasadni\u0107 metod\u0119. Nast\u0119pnie cz\u0119sto pojawiaj\u0105 si\u0119 komentarze \"Nie wiemy, jak [...]<\/p>","protected":false},"author":1,"featured_media":0,"parent":0,"menu_order":0,"comment_status":"closed","ping_status":"closed","template":"","meta":{"footnotes":""},"class_list":["post-1151","page","type-page","status-publish","hentry"],"_links":{"self":[{"href":"https:\/\/euroconsum.eu\/pl\/wp-json\/wp\/v2\/pages\/1151","targetHints":{"allow":["GET"]}}],"collection":[{"href":"https:\/\/euroconsum.eu\/pl\/wp-json\/wp\/v2\/pages"}],"about":[{"href":"https:\/\/euroconsum.eu\/pl\/wp-json\/wp\/v2\/types\/page"}],"author":[{"embeddable":true,"href":"https:\/\/euroconsum.eu\/pl\/wp-json\/wp\/v2\/users\/1"}],"replies":[{"embeddable":true,"href":"https:\/\/euroconsum.eu\/pl\/wp-json\/wp\/v2\/comments?post=1151"}],"version-history":[{"count":10,"href":"https:\/\/euroconsum.eu\/pl\/wp-json\/wp\/v2\/pages\/1151\/revisions"}],"predecessor-version":[{"id":3565,"href":"https:\/\/euroconsum.eu\/pl\/wp-json\/wp\/v2\/pages\/1151\/revisions\/3565"}],"wp:attachment":[{"href":"https:\/\/euroconsum.eu\/pl\/wp-json\/wp\/v2\/media?parent=1151"}],"curies":[{"name":"wp","href":"https:\/\/api.w.org\/{rel}","templated":true}]}}