{"id":1129,"date":"2021-01-25T19:57:00","date_gmt":"2021-01-25T18:57:00","guid":{"rendered":"https:\/\/euroconsum.eu\/?page_id=1129"},"modified":"2022-06-14T23:40:13","modified_gmt":"2022-06-14T21:40:13","slug":"marktwaecherin-psychomarkt","status":"publish","type":"page","link":"https:\/\/euroconsum.eu\/pl\/marktwaecherin-psychomarkt\/","title":{"rendered":"Psychomarket stra\u017cnik rynku"},"content":{"rendered":"<div data-elementor-type=\"wp-page\" data-elementor-id=\"1129\" class=\"elementor elementor-1129\" data-elementor-post-type=\"page\">\n\t\t\t\t\t\t<section class=\"elementor-section elementor-top-section elementor-element elementor-element-2b2226c9 elementor-section-boxed elementor-section-height-default elementor-section-height-default\" data-id=\"2b2226c9\" data-element_type=\"section\" data-e-type=\"section\">\n\t\t\t\t\t\t<div class=\"elementor-container elementor-column-gap-default\">\n\t\t\t\t\t<div class=\"elementor-column elementor-col-100 elementor-top-column elementor-element elementor-element-111ce350\" data-id=\"111ce350\" data-element_type=\"column\" data-e-type=\"column\">\n\t\t\t<div class=\"elementor-widget-wrap elementor-element-populated\">\n\t\t\t\t\t\t<div class=\"elementor-element elementor-element-2532b01c elementor-widget elementor-widget-text-editor\" data-id=\"2532b01c\" data-element_type=\"widget\" data-e-type=\"widget\" data-widget_type=\"text-editor.default\">\n\t\t\t\t<div class=\"elementor-widget-container\">\n\t\t\t\t\t\t\t\t\t<p><\/p>\n<h1 class=\"wp-block-heading\">&nbsp;<\/h1>\n<p><\/p>\n<p><\/p>\n<figure class=\"wp-block-image size-full\"><img fetchpriority=\"high\" decoding=\"async\" width=\"720\" height=\"407\" class=\"wp-image-1710\" src=\"https:\/\/euroconsum.eu\/wp-content\/uploads\/2022\/03\/Bild_2022-03-12_125344.png\" alt=\"\"><\/figure>\n<p><\/p>\n<p><\/p>\n<h2 class=\"wp-block-heading\" id=\"der-psychomarkt\">Psychomarket<\/h2>\n<p><\/p>\n<p><\/p>\n<h3 class=\"wp-block-heading\" id=\"-ist-ein-aneingnungsprinzip\">(...) kieruje si\u0119 zasad\u0105 przyw\u0142aszczenia<\/h3>\n<p><\/p>\n<p><\/p>\n<p>Termin psychomarket odnosi si\u0119 do niemo\u017cliwej do opanowania r\u00f3\u017cnorodno\u015bci ofert cz\u0119sto w\u0105tpliwych us\u0142ug psychologicznych i psychoterapeutycznych. To&nbsp;<strong>us\u0142ugi pseudoterapeutyczne<\/strong>&nbsp;przyjd\u017a jako<\/p>\n<p><\/p>\n<p><\/p>\n<ul class=\"wp-block-list\">\n<li>diagnostyka psychologiczna,<\/li>\n<li>Doradztwo \u017cyciowe i wsparcie \u017cyciowe,<\/li>\n<li>Rozw\u00f3j osobowo\u015bci,<\/li>\n<li>Psychoterapie, ale tak\u017ce<\/li>\n<li>jako rozwi\u0105zanie techniczne<\/li>\n<\/ul>\n<p><\/p>\n<p><\/p>\n<p>i celowo d\u0105\u017c\u0105 do zbli\u017cenia si\u0119 do ustalonej terminologii i praktyk opartych na dowodach (przyw\u0142aszczaj\u0105c sobie ich terminy, konteksty spo\u0142eczne i powi\u0105zane tre\u015bci). Na przyk\u0142ad, koncepcja Lebenshilfe od dawna jest prefiguracj\u0105 ruch\u00f3w empowermentowych z obszaru ruchu na rzecz praw os\u00f3b niepe\u0142nosprawnych. Poprzez alienuj\u0105ce zaw\u0142aszczanie termin\u00f3w, kt\u00f3re jest typowe dla tej sceny, dostawcy na rynku psychomedycznym dostosowuj\u0105 si\u0119 do tej konceptualizacji. Na przyk\u0142ad adviqo AG u\u017cywa r\u00f3wnie\u017c zaw\u0142aszczonych etykiet \"pomoc \u017cyciowa\", \"doradztwo \u017cyciowe\" lub \"odpowiedzi na pytania \u017cyciowe\" w ofertach handlowych w dziedzinie \"wr\u00f3\u017cbiarstwa\" i \"astrologii\".<\/p>\n<p><\/p>\n<p><\/p>\n<h3 class=\"wp-block-heading\" id=\"-funktioniert-durch-t\u00e4uschen-einfangen-und-ausnehmen\">... dzia\u0142a poprzez oszustwo, schwytanie i wypatroszenie<\/h3>\n<p><\/p>\n<p><\/p>\n<p>Inn\u0105 cech\u0105 ofert psychomarketingowych jest zabawa narracjami spiskowymi, zgodnie z kt\u00f3rymi na przyk\u0142ad \"przemys\u0142 farmaceutyczny\" t\u0142umi rzekomo rewolucyjn\u0105 terapi\u0119. Oferty przedstawiaj\u0105 si\u0119 jako s\u0142absze lub outsiderzy pod przykrywk\u0105 bycia \"alternatyw\u0105\". Zainteresowani klienci s\u0105 nast\u0119pnie anga\u017cowani w proces sprzeda\u017cy tak szybko, jak to mo\u017cliwe.<\/p>\n<p><\/p>\n<p><\/p>\n<p>Podobny do&nbsp;<strong>Marketing wielopoziomowy<\/strong>&nbsp;Systemy dystrybucji s\u0105 tworzone w bardzo kr\u00f3tkim czasie. Zazwyczaj odbywa si\u0119 to za pomoc\u0105 pozytywnej narracji, kt\u00f3ra czyni klienta bohaterem opowie\u015bci. Jest to szczeg\u00f3lnie perfidne, gdy oszukani i z\u0142apani klienci maj\u0105 nast\u0119pnie sami sfinansowa\u0107 swoje zaanga\u017cowanie w model dystrybucji, na przyk\u0142ad poprzez \"dyplomy\" lub \"certyfikaty\" z samozwa\u0144czych instytut\u00f3w. Cz\u0119sto sugerowany jest \"model promocji\", kt\u00f3ry ma by\u0107 finansowany poprzez rozpocz\u0119cie zarabiania w\u0142asnych pieni\u0119dzy jeszcze przed uko\u0144czeniem \"kwalifikacji\" (<em>\"Zarabiaj, gdy si\u0119 uczysz\"<\/em>).<\/p>\n<p><\/p>\n<p><\/p>\n<p>Ten \"upadek w d\u00f3\u0142 kr\u00f3liczej nory\", jak to kiedy\u015b nazwa\u0142a jedna z dotkni\u0119tych os\u00f3b, cz\u0119sto zaczyna si\u0119 od perfidnego pytania, czy nie chcemy zrobi\u0107 czego\u015b dobrego dla w\u0142asnej rodziny lub innych ludzi. W ko\u0144cu kto\u015b ju\u017c do\u015bwiadczy\u0142, jak rzekomo dobry jest ten produkt. Niewiele os\u00f3b mo\u017ce \u0142atwo zdystansowa\u0107 si\u0119 od takich praktyk, poniewa\u017c wszyscy mamy tendencj\u0119 do postrzegania siebie jako bohaterek w\u0142asnej historii. Oczywi\u015bcie wszyscy chcemy by\u0107 po stronie dobra. Oczywi\u015bcie wszyscy chcemy pomaga\u0107. A fakt, \u017ce mo\u017cna zarobi\u0107 na pomaganiu, oczywi\u015bcie nam nie przeszkadza.<\/p>\n<p><\/p>\n<p><\/p>\n<p>Typowe jest r\u00f3wnie\u017c cz\u0119ste pos\u0142ugiwanie si\u0119 argumentami autorytetu. Znaki towarowe s\u0105 cz\u0119sto rejestrowane lub terminy s\u0105 znakami towarowymi, aby sprawia\u0107 wra\u017cenie dowodu skuteczno\u015bci, co nie ma miejsca. Scena psycho-marketingowa lubi r\u00f3wnie\u017c pracowa\u0107 z zakupionymi tytu\u0142ami akademickimi.<\/p>\n<p><\/p>\n<p><\/p>\n<h3 class=\"wp-block-heading\" id=\"-kreiert-vielfaches-vicitm-blaming-und-zu-re-traumatisierung\">... powoduje wielokrotne obwinianie ofiar i prowadzi do ponownej traumatyzacji.<\/h3>\n<p><\/p>\n<p><\/p>\n<p>Typowe dla psychomarketingu jest&nbsp;<strong>Gra z nadziej\u0105, ciekawo\u015bci\u0105, poczuciem winy<\/strong>&nbsp;i&nbsp;<strong>Wstyd<\/strong>&nbsp;poszkodowanych. W ten spos\u00f3b, z jednej strony, tworzony jest dost\u0119p do klienta, z drugiej strony, w\u0105tpliwe praktyki pozostaj\u0105 ukryte przez d\u0142ugi czas, poniewa\u017c osoby poszkodowane nie szukaj\u0105 kontaktu ze \u015bwiatem zewn\u0119trznym ze wstydu i z\u0142o\u015bci z powodu w\u0142asnej rzekomej naiwno\u015bci. Szczeg\u00f3lnie perfidne jest to, \u017ce im wi\u0119ksza szkoda, tym wi\u0119kszy wstyd.<\/p>\n<p><\/p>\n<p><\/p>\n<p>Nierzadko towarzysz\u0105 temu realne i negatywne do\u015bwiadczenia z prokuratur\u0105 i policj\u0105. Z wielu rozm\u00f3w wiemy, \u017ce osoby pokrzywdzone, kt\u00f3re zwracaj\u0105 si\u0119 do w\u0142adz publicznych, cz\u0119sto spotykaj\u0105 si\u0119 z ich strony z pogard\u0105 i wy\u015bmiewaniem, zamiast ze zrozumieniem i empati\u0105. Czasami prowadzi to do strasznych do\u015bwiadcze\u0144 zwi\u0105zanych z ponown\u0105 traumatyzacj\u0105.<\/p>\n<p><\/p>\n<p><\/p>\n<h3 class=\"wp-block-heading\" id=\"-ist-extrem-unreguliert-extrem-lukrativ\">... jest wyj\u0105tkowo nieuregulowany, ale niezwykle lukratywny<\/h3>\n<p><\/p>\n<p><\/p>\n<p>Psychomarket jest nie tylko antropologicznym panopticonem, ale przede wszystkim rynkiem, i to w du\u017cej mierze nieuregulowanym. Psychomarket jest niezwykle skomercjalizowanym obszarem. Roczny obr\u00f3t w Niemczech szacuje si\u0119 na od 5 do 10 miliard\u00f3w euro, w zale\u017cno\u015bci od definicji. Liczb\u0119 dostawc\u00f3w ezoterycznych i alternatywnych terapii psychologicznych w Niemczech szacuje si\u0119 na 10 000 do 20 000 w 2011 roku, wed\u0142ug \"Zeit\".<\/p>\n<p><\/p>\n<p><\/p>\n<p>W 2020 r. zak\u0142adamy, \u017ce liczba graczy nie wzros\u0142a ju\u017c znacz\u0105co, ale obroty i zyski znacznie wzros\u0142y w wyniku profesjonalizacji rynku. Nasze szacunki na 2020 r., kt\u00f3re opieraj\u0105 si\u0119 na obserwacjach z 2018 i 2019 r., przewiduj\u0105, \u017ce rynek osi\u0105gnie poziom ok.&nbsp;<strong>30 mld euro<\/strong>&nbsp;w niemieckoj\u0119zycznym \u015bwiecie na oko\u0142o 20.000 dostawc\u00f3w, z kt\u00f3rych jednak oko\u0142o 5 % (1.000 graczy) mo\u017ce generowa\u0107 oko\u0142o 85% obrotu. Ka\u017cdy z tych 1000 g\u0142\u00f3wnych graczy generuje zatem oko\u0142o 250 milion\u00f3w euro ... rocznie.<\/p>\n<p><\/p>\n<p><\/p>\n<h2 class=\"wp-block-heading\" id=\"unsere-arbeit\">Nasza praca<\/h2>\n<p><\/p>\n<p><\/p>\n<p>My&nbsp;<strong>doradzaj osobom, kt\u00f3rych to dotyczy<\/strong>&nbsp;i ich krewnych oraz wsp\u00f3\u0142pracowa\u0107 z&nbsp;<strong>Grupy samopomocy<\/strong>&nbsp;razem, kt\u00f3rych profesjonalnie wspieramy. Zbieramy r\u00f3wnie\u017c zg\u0142oszenia od os\u00f3b poszkodowanych, aby tworzy\u0107 profile dzia\u0142a\u0144 i akcji. W miar\u0119 mo\u017cliwo\u015bci podejmujemy dzia\u0142ania prawne przeciwko naruszeniom prawa, je\u015bli s\u0105 one namacalne. W tym celu korzystamy r\u00f3wnie\u017c z sieci nabywc\u00f3w testowych i klient\u00f3w testowych, aby m\u00f3c analizowa\u0107 struktury sprzeda\u017cy typowe dla danej sceny od wewn\u0105trz.<\/p>\n<p><\/p>\n<p><\/p>\n<p>Ponadto towarzyszymy osobom poszkodowanym, kt\u00f3re chc\u0105 walczy\u0107 o swoje prawa poprzez&nbsp;<strong>Wskaz\u00f3wki proceduralne i doradztwo<\/strong>od wniesienia oskar\u017cenia do udzia\u0142u w post\u0119powaniu s\u0105dowym.<\/p>\n<p>W kilku g\u0142\u00f3wnych post\u0119powaniach&nbsp;<strong>Post\u0119powanie karne skarbowe<\/strong>&nbsp;zainicjowany.<\/p>\n<p>W tym celu utrzymujemy obszern\u0105 kolekcj\u0119 substancji, w tym du\u017c\u0105 bibliotek\u0119 na temat wielu ofert rynkowych. Od 2016 roku budujemy wystaw\u0119 z nieefektywnymi produktami pod nazw\u0105&nbsp;<strong>Tytu\u0142 roboczy \"Bullshit for Sale<\/strong>&nbsp;(z przyjemno\u015bci\u0105 przyjmujemy darowizny nieefektywnych produkt\u00f3w).<\/p><p><br><\/p>\n<p><\/p>\n<p><\/p>\n<h5 class=\"has-text-align-center wp-block-heading\"><br><\/h5>\n<p><\/p>\t\t\t\t\t\t\t\t<\/div>\n\t\t\t\t<\/div>\n\t\t\t\t\t<\/div>\n\t\t<\/div>\n\t\t\t\t\t<\/div>\n\t\t<\/section>\n\t\t\t\t<\/div>","protected":false},"excerpt":{"rendered":"<p>&nbsp; Psychomarket ... kieruje si\u0119 zasad\u0105 zaw\u0142aszczania Termin psychomarket odnosi si\u0119 do niemo\u017cliwej do opanowania r\u00f3\u017cnorodno\u015bci ofert cz\u0119sto w\u0105tpliwych us\u0142ug psychologicznych i psychoterapeutycznych. Te pseudoterapeutyczne us\u0142ugi wyst\u0119puj\u0105 w formie diagnostyki psychologicznej, doradztwa i wsparcia \u017cyciowego, rozwoju osobowo\u015bci, psychoterapii, ale tak\u017ce jako rozwi\u0105zania techniczne i celowo d\u0105\u017c\u0105 do blisko\u015bci z ustalon\u0105 terminologi\u0105 i procedurami opartymi na dowodach (przyw\u0142aszczaj\u0105c sobie ich terminy, konteksty spo\u0142eczne [...]).<\/p>","protected":false},"author":1,"featured_media":0,"parent":0,"menu_order":0,"comment_status":"closed","ping_status":"closed","template":"","meta":{"footnotes":""},"class_list":["post-1129","page","type-page","status-publish","hentry"],"_links":{"self":[{"href":"https:\/\/euroconsum.eu\/pl\/wp-json\/wp\/v2\/pages\/1129","targetHints":{"allow":["GET"]}}],"collection":[{"href":"https:\/\/euroconsum.eu\/pl\/wp-json\/wp\/v2\/pages"}],"about":[{"href":"https:\/\/euroconsum.eu\/pl\/wp-json\/wp\/v2\/types\/page"}],"author":[{"embeddable":true,"href":"https:\/\/euroconsum.eu\/pl\/wp-json\/wp\/v2\/users\/1"}],"replies":[{"embeddable":true,"href":"https:\/\/euroconsum.eu\/pl\/wp-json\/wp\/v2\/comments?post=1129"}],"version-history":[{"count":10,"href":"https:\/\/euroconsum.eu\/pl\/wp-json\/wp\/v2\/pages\/1129\/revisions"}],"predecessor-version":[{"id":2755,"href":"https:\/\/euroconsum.eu\/pl\/wp-json\/wp\/v2\/pages\/1129\/revisions\/2755"}],"wp:attachment":[{"href":"https:\/\/euroconsum.eu\/pl\/wp-json\/wp\/v2\/media?parent=1129"}],"curies":[{"name":"wp","href":"https:\/\/api.w.org\/{rel}","templated":true}]}}