{"id":1123,"date":"2022-03-08T20:58:30","date_gmt":"2022-03-08T19:58:30","guid":{"rendered":"https:\/\/euroconsum.eu\/?p=1123"},"modified":"2023-04-09T08:03:34","modified_gmt":"2023-04-09T06:03:34","slug":"diversitaet-und-konsum","status":"publish","type":"page","link":"https:\/\/euroconsum.eu\/pl\/diversitaet-und-konsum\/","title":{"rendered":""},"content":{"rendered":"<div data-elementor-type=\"wp-page\" data-elementor-id=\"1123\" class=\"elementor elementor-1123\" data-elementor-post-type=\"page\">\n\t\t\t\t\t\t<section class=\"elementor-section elementor-top-section elementor-element elementor-element-09d58c5 elementor-section-boxed elementor-section-height-default elementor-section-height-default\" data-id=\"09d58c5\" data-element_type=\"section\" data-e-type=\"section\">\n\t\t\t\t\t\t<div class=\"elementor-container elementor-column-gap-default\">\n\t\t\t\t\t<div class=\"elementor-column elementor-col-100 elementor-top-column elementor-element elementor-element-fc298c5\" data-id=\"fc298c5\" data-element_type=\"column\" data-e-type=\"column\">\n\t\t\t<div class=\"elementor-widget-wrap elementor-element-populated\">\n\t\t\t\t\t\t<div class=\"elementor-element elementor-element-481dff7 elementor-widget elementor-widget-heading\" data-id=\"481dff7\" data-element_type=\"widget\" data-e-type=\"widget\" data-widget_type=\"heading.default\">\n\t\t\t\t<div class=\"elementor-widget-container\">\n\t\t\t\t\t<h2 class=\"elementor-heading-title elementor-size-xl\">R\u00f3\u017cnorodno\u015b\u0107 i konsumpcja<\/h2>\t\t\t\t<\/div>\n\t\t\t\t<\/div>\n\t\t\t\t\t<\/div>\n\t\t<\/div>\n\t\t\t\t\t<\/div>\n\t\t<\/section>\n\t\t\t\t<section class=\"elementor-section elementor-top-section elementor-element elementor-element-2bf89da0 elementor-section-boxed elementor-section-height-default elementor-section-height-default\" data-id=\"2bf89da0\" data-element_type=\"section\" data-e-type=\"section\">\n\t\t\t\t\t\t<div class=\"elementor-container elementor-column-gap-default\">\n\t\t\t\t\t<div class=\"elementor-column elementor-col-100 elementor-top-column elementor-element elementor-element-2f9ced4f\" data-id=\"2f9ced4f\" data-element_type=\"column\" data-e-type=\"column\">\n\t\t\t<div class=\"elementor-widget-wrap elementor-element-populated\">\n\t\t\t\t\t\t<div class=\"elementor-element elementor-element-4ff6602c elementor-widget elementor-widget-text-editor\" data-id=\"4ff6602c\" data-element_type=\"widget\" data-e-type=\"widget\" data-widget_type=\"text-editor.default\">\n\t\t\t\t<div class=\"elementor-widget-container\">\n\t\t\t\t\t\t\t\t\t<p><\/p>\n<p><img decoding=\"async\" style=\"color: var( --e-global-color-text ); letter-spacing: 0px; background-color: var( --e-global-color-1b77cfb );\" src=\"https:\/\/euroconsum.eu\/de\/project\/diversitaet-und-konsum\/featured_huc048fedf0d7535d5633c2478958f2a05_2846947_720x0_resize_q100_lanczos.jpg\" alt=\"\" \/><\/p>\n<p><\/p>\n<p><\/p>\n<h2 class=\"wp-block-heading\" id=\"es-gibt-einiges-zu-besprechen\">Jest wiele do om\u00f3wienia<\/h2>\n<p><\/p>\n<p><\/p>\n<p>W czerwcu 2019 r. Walter L\u00fcbcke pad\u0142 ofiar\u0105 rasistowskich morderc\u00f3w. Byli\u015bmy g\u0142\u0119boko poruszeni tym incydentem: jego oficjalne miejsce zamieszkania w Radzie Regionu Kassel znajdowa\u0142o si\u0119 nieca\u0142e 600 metr\u00f3w od biur naszego dzia\u0142u procesowego. Niekt\u00f3rzy z naszych pracownik\u00f3w znali go osobi\u015bcie, inni pracowali w RP Kassel lub uko\u0144czyli tam studia prawnicze. Niekt\u00f3rzy znali go z lokalnej polityki w P\u00f3\u0142nocnej Hesji. Jeden z naszych cz\u0142onk\u00f3w by\u0142 obecny na spotkaniu obywatelskim w dniu 14.10.2015 r. w Lohfelden, kt\u00f3re zosta\u0142o p\u00f3\u017aniej zinstrumentalizowane przez osoby z kr\u0119g\u00f3w rasistowskich i celowo zak\u0142\u00f3cone obelgami. Natychmiast po tym wydarzeniu zwolennicy lokalnego spektrum Pegidy rozpowszechnili kr\u00f3tki film z ko\u0144cowymi wypowiedziami L\u00fcbcke za po\u015brednictwem YouTube i Facebooka, kt\u00f3ry jednak pomija\u0142 wcze\u015bniejsze obelgi.<\/p>\n<p><\/p>\n<p><\/p>\n<p>1 czerwca 2019 r., na tarasie na obrze\u017cach Istha, Walter L\u00fcbcke, polityk, m\u0105\u017c i ojciec, zgin\u0105\u0142 z r\u0105k rasist\u00f3w. Zab\u00f3jstwo nie by\u0142o przypadkowe, nie by\u0142o si\u0142\u0105 natury. Walter L\u00fcbcke zgin\u0105\u0142, poniewa\u017c stan\u0105\u0142 w obronie wolnego, demokratycznego porz\u0105dku Republiki Federalnej Niemiec. Nasi koledzy z Kassel wzi\u0119li udzia\u0142 w ceremonii \u017ca\u0142obnej przed Rad\u0105 Regionu Kassel na Steinweg, wraz z by\u0142ymi kolegami i kilkoma cz\u0142onkami, i chocia\u017c sami nie zostali\u015bmy bezpo\u015brednio dotkni\u0119ci, naszym kolegom zaj\u0119\u0142o troch\u0119 czasu, aby osobi\u015bcie pogodzi\u0107 si\u0119 z tym wydarzeniem.<\/p>\n<p><\/p>\n<p><\/p>\n<p>Pami\u0119tanie oznacza - jak powiedzia\u0142 kiedy\u015b Richard von Weizs\u00e4cker - pami\u0119tanie wydarzenia tak szczerze i czysto, \u017ce staje si\u0119 ono cz\u0119\u015bci\u0105 w\u0142asnej wewn\u0119trznej istoty. Wed\u0142ug von Weizs\u00e4ckera stawia to wielkie wymagania naszej prawdom\u00f3wno\u015bci. W procesie, kt\u00f3ry trwa\u0142 ponad rok i nadal cz\u0119\u015bciowo trwa, zadali\u015bmy sobie pytanie, co to wydarzenie oznacza dla nas i naszej pracy.<\/p>\n<p><\/p>\n<p><\/p>\n<h2 class=\"wp-block-heading\" id=\"zwischent\u00f6ne-statt-schablonen\">\"D\u017awi\u0119ki po\u015brednie zamiast szablon\u00f3w\".<\/h2>\n<p><\/p>\n<p><\/p>\n<p>W ramach\u00a0<a href=\"https:\/\/euroconsum.eu\/pl\/zwischentoene-statt-schablonen\/\">Papierowe \"tony po\u015brednie\" zamiast szablon\u00f3w<\/a>\u00a0W 2020 r. odpowiedzieli\u015bmy na pytanie, czy nasza koncepcja ochrony konsument\u00f3w jest nadal aktualna.<\/p>\n<p><\/p>\n<p><\/p>\n<ul class=\"wp-block-list\">\n<li>Czy nasza koncepcja ochrony konsument\u00f3w jest aktualna?<\/li>\n<li>Czy odpowiednio reprezentujemy interesy i perspektywy zmarginalizowanych os\u00f3b i grup?<\/li>\n<li>W jaki spos\u00f3b rasizm i wykluczenie odnosz\u0105 si\u0119 do ochrony konsument\u00f3w?<\/li>\n<\/ul>\n<p><\/p>\n<p><\/p>\n<p>Proces ten przyni\u00f3s\u0142 nam pewne spostrze\u017cenia:<\/p>\n<p><\/p>\n<p><\/p>\n<ol class=\"wp-block-list\">\n<li>W przysz\u0142o\u015bci nie b\u0119dziemy ju\u017c twierdzi\u0107, \u017ce chcemy wypowiada\u0107 si\u0119 w imieniu wszystkich konsument\u00f3w, poniewa\u017c uniemo\u017cliwi\u0142oby nam to odr\u00f3\u017cnienie si\u0119 od rasistowskich, seksistowskich, homofobicznych lub zdolnych pogl\u0105d\u00f3w i motyw\u00f3w.<\/li>\n<li>Niezb\u0119dne jest, aby nasza praca uwzgl\u0119dnia\u0142a perspektyw\u0119 cz\u0142onk\u00f3w grup marginalizowanych na wszystkich poziomach pracy.<\/li>\n<li>Musimy sprawi\u0107, by cz\u0142onkowie marginalizowanych grup byli widoczni poprzez nasz\u0105 prac\u0119.<\/li>\n<\/ol>\n<p><\/p>\n<p><\/p>\n<h2 class=\"wp-block-heading\">Publikacje<\/h2>\n<p><\/p>\n<p><\/p>\n<p>Projekt:\u00a0<a href=\"https:\/\/euroconsum.eu\/pl\/2021\/02\/07\/zwischentoene-statt-schablonen\/\">D\u017awi\u0119ki po\u015brednie zamiast szablon\u00f3w<\/a>\u00a0- Nasz\u0105 aspiracj\u0105 w zakresie ochrony konsument\u00f3w jest uwzgl\u0119dnienie wszystkich perspektyw<\/p>\n<p><\/p>\n<p><\/p>\t\t\t\t\t\t\t\t<\/div>\n\t\t\t\t<\/div>\n\t\t\t\t\t<\/div>\n\t\t<\/div>\n\t\t\t\t\t<\/div>\n\t\t<\/section>\n\t\t\t\t<\/div>","protected":false},"excerpt":{"rendered":"<p>R\u00f3\u017cnorodno\u015b\u0107 i konsumpcja Jest o czym rozmawia\u0107 W czerwcu 2019 r. Walter L\u00fcbcke pad\u0142 ofiar\u0105 rasistowskich morderc\u00f3w. Byli\u015bmy g\u0142\u0119boko poruszeni tym incydentem: jego biuro w Radzie Regionu Kassel znajdowa\u0142o si\u0119 nieca\u0142e 600 metr\u00f3w od biur naszego dzia\u0142u procesowego. Niekt\u00f3rzy z naszych pracownik\u00f3w znali go osobi\u015bcie, inni pracowali w Radzie Regionu Kassel lub mieli [...]<\/p>","protected":false},"author":1,"featured_media":0,"parent":0,"menu_order":0,"comment_status":"open","ping_status":"open","template":"","meta":{"footnotes":""},"class_list":["post-1123","page","type-page","status-publish","hentry"],"_links":{"self":[{"href":"https:\/\/euroconsum.eu\/pl\/wp-json\/wp\/v2\/pages\/1123","targetHints":{"allow":["GET"]}}],"collection":[{"href":"https:\/\/euroconsum.eu\/pl\/wp-json\/wp\/v2\/pages"}],"about":[{"href":"https:\/\/euroconsum.eu\/pl\/wp-json\/wp\/v2\/types\/page"}],"author":[{"embeddable":true,"href":"https:\/\/euroconsum.eu\/pl\/wp-json\/wp\/v2\/users\/1"}],"replies":[{"embeddable":true,"href":"https:\/\/euroconsum.eu\/pl\/wp-json\/wp\/v2\/comments?post=1123"}],"version-history":[{"count":10,"href":"https:\/\/euroconsum.eu\/pl\/wp-json\/wp\/v2\/pages\/1123\/revisions"}],"predecessor-version":[{"id":3568,"href":"https:\/\/euroconsum.eu\/pl\/wp-json\/wp\/v2\/pages\/1123\/revisions\/3568"}],"wp:attachment":[{"href":"https:\/\/euroconsum.eu\/pl\/wp-json\/wp\/v2\/media?parent=1123"}],"curies":[{"name":"wp","href":"https:\/\/api.w.org\/{rel}","templated":true}]}}