{"id":655,"date":"2022-01-09T08:52:31","date_gmt":"2022-01-09T07:52:31","guid":{"rendered":"https:\/\/euroconsum.eu\/?page_id=655"},"modified":"2022-10-22T21:32:37","modified_gmt":"2022-10-22T19:32:37","slug":"elementor-655","status":"publish","type":"page","link":"https:\/\/euroconsum.eu\/nl\/elementor-655\/","title":{"rendered":"Dwangbevelen"},"content":{"rendered":"<div data-elementor-type=\"wp-page\" data-elementor-id=\"655\" class=\"elementor elementor-655\" data-elementor-post-type=\"page\">\n\t\t\t\t\t\t<section class=\"elementor-section elementor-top-section elementor-element elementor-element-3120fd6 elementor-section-boxed elementor-section-height-default elementor-section-height-default\" data-id=\"3120fd6\" data-element_type=\"section\" data-e-type=\"section\">\n\t\t\t\t\t\t<div class=\"elementor-container elementor-column-gap-default\">\n\t\t\t\t\t<div class=\"elementor-column elementor-col-100 elementor-top-column elementor-element elementor-element-27caff8\" data-id=\"27caff8\" data-element_type=\"column\" data-e-type=\"column\">\n\t\t\t<div class=\"elementor-widget-wrap elementor-element-populated\">\n\t\t\t\t\t\t<div class=\"elementor-element elementor-element-86c995f elementor-widget elementor-widget-spacer\" data-id=\"86c995f\" data-element_type=\"widget\" data-e-type=\"widget\" data-widget_type=\"spacer.default\">\n\t\t\t\t<div class=\"elementor-widget-container\">\n\t\t\t\t\t\t\t<div class=\"elementor-spacer\">\n\t\t\t<div class=\"elementor-spacer-inner\"><\/div>\n\t\t<\/div>\n\t\t\t\t\t\t<\/div>\n\t\t\t\t<\/div>\n\t\t\t\t<div class=\"elementor-element elementor-element-b7cf06a elementor-widget__width-initial elementor-widget elementor-widget-heading\" data-id=\"b7cf06a\" data-element_type=\"widget\" data-e-type=\"widget\" data-widget_type=\"heading.default\">\n\t\t\t\t<div class=\"elementor-widget-container\">\n\t\t\t\t\t<h2 class=\"elementor-heading-title elementor-size-large\">Dwangbevelen<br> <\/h2>\t\t\t\t<\/div>\n\t\t\t\t<\/div>\n\t\t\t\t<section class=\"elementor-section elementor-inner-section elementor-element elementor-element-068afe0 elementor-section-boxed elementor-section-height-default elementor-section-height-default\" data-id=\"068afe0\" data-element_type=\"section\" data-e-type=\"section\">\n\t\t\t\t\t\t<div class=\"elementor-container elementor-column-gap-default\">\n\t\t\t\t\t<div class=\"elementor-column elementor-col-50 elementor-inner-column elementor-element elementor-element-03e8144\" data-id=\"03e8144\" data-element_type=\"column\" data-e-type=\"column\">\n\t\t\t<div class=\"elementor-widget-wrap elementor-element-populated\">\n\t\t\t\t\t\t<div class=\"elementor-element elementor-element-ee86aa3 elementor-widget elementor-widget-text-editor\" data-id=\"ee86aa3\" data-element_type=\"widget\" data-e-type=\"widget\" data-widget_type=\"text-editor.default\">\n\t\t\t\t<div class=\"elementor-widget-container\">\n\t\t\t\t\t\t\t\t\t<p><strong>Consumentenorganisaties<\/strong> (zogenaamde \"gekwalificeerde organisaties\") worden beschouwd als \"advocaten voor consumenten\". In feite zijn het echter geen echte advocaten en spannen ze geen verbodsacties aan in hun eigen belang, maar als <strong>Beheerders van de collectieve belangen<\/strong>.&nbsp;<\/p>\n<p>Een gerechtelijk bevel levert de vereniging geen financieel voordeel op. Als het echter wordt verloren, kan de vereniging een schadevergoeding moeten betalen. Gekwalificeerde organisaties handelen daarom belangeloos en dragen het volledige economische risico van hun acties.&nbsp;<\/p>\n<p>De zogenaamde \"Wet ter versterking van eerlijke concurrentie\" van november 2020 heeft de rol van consumentenorganisaties op een zeer fundamentele manier be\u00efnvloed en hun ori\u00ebntatie fundamenteel veranderd. Sinds de inwerkingtreding van de wet is de handhaving van grote delen van de Europese consumentenbeschermingswetgeving in Duitsland bijna uitsluitend de verantwoordelijkheid van de verenigingen met rechtspersoonlijkheid, omdat concurrenten (die voorheen een aanzienlijk deel van de wettelijke handhaving voor hun rekening namen) in feite grotendeels zijn uitgesloten van wettelijke handhaving. De verenigingen handelen dus in het algemeen belang. Verdere veranderingen vloeien direct en indirect voort uit de EU-richtlijn inzake acties door belangenbehartigers.<\/p>\n<p>Relevante normen voor deze activiteit zijn<\/p>\n<ul>\n<li><a href=\"http:\/\/www.gesetze-im-internet.de\/uklag\/BJNR317300001.html\">Wet op de rechterlijke bevelen (UKlaG)<\/a><\/li>\n<li><a href=\"https:\/\/www.gesetze-im-internet.de\/uwg_2004\/BJNR141400004.html\">Wet tegen oneerlijke concurrentie (UWG)<\/a><\/li>\n<li><a href=\"https:\/\/eur-lex.europa.eu\/legal-content\/DE\/TXT\/HTML\/?uri=CELEX:32020L1828&amp;from=DE\">EU-richtlijn inzake collectief verhaal<\/a><\/li>\n<\/ul>\n<p><br><\/p>\n<p>Over <b>Collectieve verbodsacties<\/b>Op deze pagina geven we informatie over de verschillende programma's van onze vereniging:<\/p>\t\t\t\t\t\t\t\t<\/div>\n\t\t\t\t<\/div>\n\t\t\t\t<div class=\"elementor-element elementor-element-f80ecf8 elementor-widget elementor-widget-heading\" data-id=\"f80ecf8\" data-element_type=\"widget\" data-e-type=\"widget\" data-widget_type=\"heading.default\">\n\t\t\t\t<div class=\"elementor-widget-container\">\n\t\t\t\t\t<h3 class=\"elementor-heading-title elementor-size-medium\">Uw hulp bij het markttoezicht is zeer welkom ...<\/h3>\t\t\t\t<\/div>\n\t\t\t\t<\/div>\n\t\t\t\t<div class=\"elementor-element elementor-element-9e1316e elementor-widget elementor-widget-text-editor\" data-id=\"9e1316e\" data-element_type=\"widget\" data-e-type=\"widget\" data-widget_type=\"text-editor.default\">\n\t\t\t\t<div class=\"elementor-widget-container\">\n\t\t\t\t\t\t\t\t\t<p>Erger je je aan onwettige of agressieve praktijken tegenover bedrijven? Help ons dan door praktijken en juridische overtredingen te melden bij ons klachtenbureau.<\/p>\t\t\t\t\t\t\t\t<\/div>\n\t\t\t\t<\/div>\n\t\t\t\t<div class=\"elementor-element elementor-element-7a4c251 elementor-align-center elementor-widget elementor-widget-button\" data-id=\"7a4c251\" data-element_type=\"widget\" data-e-type=\"widget\" data-widget_type=\"button.default\">\n\t\t\t\t<div class=\"elementor-widget-container\">\n\t\t\t\t\t\t\t\t\t<div class=\"elementor-button-wrapper\">\n\t\t\t\t\t<a class=\"elementor-button elementor-button-link elementor-size-lg\" href=\"https:\/\/euroconsum.eu\/nl\/verstoss-melden\/\">\n\t\t\t\t\t\t<span class=\"elementor-button-content-wrapper\">\n\t\t\t\t\t\t\t\t\t<span class=\"elementor-button-text\">NAAR HET KLACHTENBUREAU...<\/span>\n\t\t\t\t\t<\/span>\n\t\t\t\t\t<\/a>\n\t\t\t\t<\/div>\n\t\t\t\t\t\t\t\t<\/div>\n\t\t\t\t<\/div>\n\t\t\t\t<div class=\"elementor-element elementor-element-e7c32b9 elementor-widget elementor-widget-spacer\" data-id=\"e7c32b9\" data-element_type=\"widget\" data-e-type=\"widget\" data-widget_type=\"spacer.default\">\n\t\t\t\t<div class=\"elementor-widget-container\">\n\t\t\t\t\t\t\t<div class=\"elementor-spacer\">\n\t\t\t<div class=\"elementor-spacer-inner\"><\/div>\n\t\t<\/div>\n\t\t\t\t\t\t<\/div>\n\t\t\t\t<\/div>\n\t\t\t\t\t<\/div>\n\t\t<\/div>\n\t\t\t\t<div class=\"elementor-column elementor-col-50 elementor-inner-column elementor-element elementor-element-a5caa54\" data-id=\"a5caa54\" data-element_type=\"column\" data-e-type=\"column\">\n\t\t\t<div class=\"elementor-widget-wrap elementor-element-populated\">\n\t\t\t\t\t\t<div class=\"elementor-element elementor-element-418363f elementor-widget elementor-widget-image\" data-id=\"418363f\" data-element_type=\"widget\" data-e-type=\"widget\" data-widget_type=\"image.default\">\n\t\t\t\t<div class=\"elementor-widget-container\">\n\t\t\t\t\t\t\t\t\t\t\t\t\t\t\t<img fetchpriority=\"high\" decoding=\"async\" width=\"800\" height=\"600\" src=\"https:\/\/euroconsum.eu\/wp-content\/uploads\/2021\/12\/bgh-1024x768.jpeg\" class=\"attachment-large size-large wp-image-427\" alt=\"\" \/>\t\t\t\t\t\t\t\t\t\t\t\t\t\t\t<\/div>\n\t\t\t\t<\/div>\n\t\t\t\t<div class=\"elementor-element elementor-element-b84b648 elementor-widget elementor-widget-spacer\" data-id=\"b84b648\" data-element_type=\"widget\" data-e-type=\"widget\" data-widget_type=\"spacer.default\">\n\t\t\t\t<div class=\"elementor-widget-container\">\n\t\t\t\t\t\t\t<div class=\"elementor-spacer\">\n\t\t\t<div class=\"elementor-spacer-inner\"><\/div>\n\t\t<\/div>\n\t\t\t\t\t\t<\/div>\n\t\t\t\t<\/div>\n\t\t\t\t<div class=\"elementor-element elementor-element-6e19848 elementor-widget elementor-widget-text-editor\" data-id=\"6e19848\" data-element_type=\"widget\" data-e-type=\"widget\" data-widget_type=\"text-editor.default\">\n\t\t\t\t<div class=\"elementor-widget-container\">\n\t\t\t\t\t\t\t\t\t<p><span style=\"font-weight: bold;\">Meer informatie:<\/span><\/p><ul><li><a href=\"https:\/\/euroconsum.eu\/nl\/prozessabteilung\/\">Onze procesafdeling<\/a><\/li><li><a href=\"https:\/\/euroconsum.eu\/nl\/elementor-655\/\">Onze bevelen<\/a><\/li><li><a href=\"https:\/\/euroconsum.eu\/nl\/abhilfeklagen\/\">Onze verhaalacties<\/a><\/li><li><a href=\"https:\/\/euroconsum.eu\/nl\/verstoss-melden\/\">Een overtreding melden<\/a><\/li><\/ul>\t\t\t\t\t\t\t\t<\/div>\n\t\t\t\t<\/div>\n\t\t\t\t\t<\/div>\n\t\t<\/div>\n\t\t\t\t\t<\/div>\n\t\t<\/section>\n\t\t\t\t\t<\/div>\n\t\t<\/div>\n\t\t\t\t\t<\/div>\n\t\t<\/section>\n\t\t\t\t<section class=\"elementor-section elementor-top-section elementor-element elementor-element-1b71ac2 elementor-section-boxed elementor-section-height-default elementor-section-height-default\" data-id=\"1b71ac2\" data-element_type=\"section\" data-e-type=\"section\">\n\t\t\t\t\t\t<div class=\"elementor-container elementor-column-gap-default\">\n\t\t\t\t\t<div class=\"elementor-column elementor-col-100 elementor-top-column elementor-element elementor-element-0d48162\" data-id=\"0d48162\" data-element_type=\"column\" data-e-type=\"column\">\n\t\t\t<div class=\"elementor-widget-wrap elementor-element-populated\">\n\t\t\t\t\t\t<div class=\"elementor-element elementor-element-953796f elementor-widget elementor-widget-heading\" data-id=\"953796f\" data-element_type=\"widget\" data-e-type=\"widget\" data-widget_type=\"heading.default\">\n\t\t\t\t<div class=\"elementor-widget-container\">\n\t\t\t\t\t<h3 class=\"elementor-heading-title elementor-size-large\">Rechterlijke bevelen door onze vereniging<\/h3>\t\t\t\t<\/div>\n\t\t\t\t<\/div>\n\t\t\t\t\t<\/div>\n\t\t<\/div>\n\t\t\t\t\t<\/div>\n\t\t<\/section>\n\t\t\t\t<section class=\"elementor-section elementor-top-section elementor-element elementor-element-2fa373d elementor-section-boxed elementor-section-height-default elementor-section-height-default\" data-id=\"2fa373d\" data-element_type=\"section\" data-e-type=\"section\">\n\t\t\t\t\t\t<div class=\"elementor-container elementor-column-gap-default\">\n\t\t\t\t\t<div class=\"elementor-column elementor-col-100 elementor-top-column elementor-element elementor-element-f8606cc\" data-id=\"f8606cc\" data-element_type=\"column\" data-e-type=\"column\">\n\t\t\t<div class=\"elementor-widget-wrap elementor-element-populated\">\n\t\t\t\t\t\t<div class=\"elementor-element elementor-element-083dd0e elementor-grid-3 elementor-grid-tablet-2 elementor-grid-mobile-1 elementor-posts--thumbnail-top elementor-card-shadow-yes elementor-posts__hover-gradient elementor-widget elementor-widget-posts\" data-id=\"083dd0e\" data-element_type=\"widget\" data-e-type=\"widget\" data-settings=\"{&quot;pagination_type&quot;:&quot;prev_next&quot;,&quot;cards_columns&quot;:&quot;3&quot;,&quot;cards_columns_tablet&quot;:&quot;2&quot;,&quot;cards_columns_mobile&quot;:&quot;1&quot;,&quot;cards_row_gap&quot;:{&quot;unit&quot;:&quot;px&quot;,&quot;size&quot;:35,&quot;sizes&quot;:[]},&quot;cards_row_gap_tablet&quot;:{&quot;unit&quot;:&quot;px&quot;,&quot;size&quot;:&quot;&quot;,&quot;sizes&quot;:[]},&quot;cards_row_gap_mobile&quot;:{&quot;unit&quot;:&quot;px&quot;,&quot;size&quot;:&quot;&quot;,&quot;sizes&quot;:[]}}\" data-widget_type=\"posts.cards\">\n\t\t\t\t<div class=\"elementor-widget-container\">\n\t\t\t\t\t\t\t<div class=\"elementor-posts-container elementor-posts elementor-posts--skin-cards elementor-grid\">\n\t\t\t\t<article class=\"elementor-post elementor-grid-item post-1055 post type-post status-publish format-standard has-post-thumbnail hentry category-preistransparenz category-unterlassungsklage tag-marktverhalten\">\n\t\t\t<div class=\"elementor-post__card\">\n\t\t\t\t<a class=\"elementor-post__thumbnail__link\" href=\"https:\/\/euroconsum.eu\/nl\/2022\/03\/10\/archiv-konsumentenbund-siegt-vor-dem-olg-wegen-preisauszeichnungsverstoessen-in-lidl-filiale\/\" tabindex=\"-1\" ><div class=\"elementor-post__thumbnail\"><img decoding=\"async\" width=\"720\" height=\"540\" src=\"https:\/\/euroconsum.eu\/wp-content\/uploads\/2022\/03\/Bild_2022-03-12_003227.png\" class=\"attachment-medium_large size-medium_large wp-image-1662\" alt=\"\" \/><\/div><\/a>\n\t\t\t\t<div class=\"elementor-post__text\">\n\t\t\t\t<h5 class=\"elementor-post__title\">\n\t\t\t<a href=\"https:\/\/euroconsum.eu\/nl\/2022\/03\/10\/archiv-konsumentenbund-siegt-vor-dem-olg-wegen-preisauszeichnungsverstoessen-in-lidl-filiale\/\" >\n\t\t\t\tConsumentenbond wint voor Hoger Regionaal Gerechtshof vanwege overtreding prijsetikettering in LIDL-winkels\t\t\t<\/a>\n\t\t<\/h5>\n\t\t\t\t<div class=\"elementor-post__excerpt\">\n\t\t\t<p>Ontbrekende basisprijsindicatie in een filiaal van het regionale bedrijf LIDL in Paderborn<\/p>\n\t\t<\/div>\n\t\t\t\t<\/div>\n\t\t\t\t<div class=\"elementor-post__meta-data\">\n\t\t\t\t\t<span class=\"elementor-post-date\">\n\t\t\t10. maart 2022\t\t<\/span>\n\t\t\t\t<\/div>\n\t\t\t\t\t<\/div>\n\t\t<\/article>\n\t\t\t\t<article class=\"elementor-post elementor-grid-item post-1069 post type-post status-publish format-standard has-post-thumbnail hentry category-health-claims-bei-lebensmitteln category-unterlassungsklage tag-lebensmittel tag-marktverhalten tag-produktinformationen\">\n\t\t\t<div class=\"elementor-post__card\">\n\t\t\t\t<a class=\"elementor-post__thumbnail__link\" href=\"https:\/\/euroconsum.eu\/nl\/2022\/03\/10\/alkohol-am-besten-gleich-zum-fruehstueck-lg-muenchen-i-untersagt-weissweinwerbung\/\" tabindex=\"-1\" ><div class=\"elementor-post__thumbnail\"><img decoding=\"async\" width=\"720\" height=\"324\" src=\"https:\/\/euroconsum.eu\/wp-content\/uploads\/2022\/03\/Bild_2022-03-11_184742.png\" class=\"attachment-medium_large size-medium_large wp-image-1580\" alt=\"\" \/><\/div><\/a>\n\t\t\t\t<div class=\"elementor-post__text\">\n\t\t\t\t<h5 class=\"elementor-post__title\">\n\t\t\t<a href=\"https:\/\/euroconsum.eu\/nl\/2022\/03\/10\/alkohol-am-besten-gleich-zum-fruehstueck-lg-muenchen-i-untersagt-weissweinwerbung\/\" >\n\t\t\t\tAlcohol kan best bij het ontbijt?- LG M\u00fcnchen I verbiedt reclame voor witte wijn\t\t\t<\/a>\n\t\t<\/h5>\n\t\t\t\t<div class=\"elementor-post__excerpt\">\n\t\t\t\t\t<\/div>\n\t\t\t\t<\/div>\n\t\t\t\t<div class=\"elementor-post__meta-data\">\n\t\t\t\t\t<span class=\"elementor-post-date\">\n\t\t\t10. maart 2022\t\t<\/span>\n\t\t\t\t<\/div>\n\t\t\t\t\t<\/div>\n\t\t<\/article>\n\t\t\t\t<article class=\"elementor-post elementor-grid-item post-1052 post type-post status-publish format-standard has-post-thumbnail hentry category-preistransparenz category-unterlassungsklage tag-marktverhalten\">\n\t\t\t<div class=\"elementor-post__card\">\n\t\t\t\t<a class=\"elementor-post__thumbnail__link\" href=\"https:\/\/euroconsum.eu\/nl\/2022\/03\/03\/konsumentenbund-siegt-vor-dem-olg-wegen-preisauszeichnungsverstoessen-in-lidl-filialen\/\" tabindex=\"-1\" ><div class=\"elementor-post__thumbnail\"><img loading=\"lazy\" decoding=\"async\" width=\"720\" height=\"540\" src=\"https:\/\/euroconsum.eu\/wp-content\/uploads\/2022\/03\/featured_hu2a89bd683e554fd97498a5f99e41f435_2436521_720x0_resize_q100_lanczos.jpeg\" class=\"attachment-medium_large size-medium_large wp-image-2329\" alt=\"\" \/><\/div><\/a>\n\t\t\t\t<div class=\"elementor-post__text\">\n\t\t\t\t<h5 class=\"elementor-post__title\">\n\t\t\t<a href=\"https:\/\/euroconsum.eu\/nl\/2022\/03\/03\/konsumentenbund-siegt-vor-dem-olg-wegen-preisauszeichnungsverstoessen-in-lidl-filialen\/\" >\n\t\t\t\tConsumentenbond wint voor Hoger Regionaal Gerechtshof vanwege overtreding prijsetikettering in LIDL-winkels\t\t\t<\/a>\n\t\t<\/h5>\n\t\t\t\t<div class=\"elementor-post__excerpt\">\n\t\t\t<p>Basisprijsindicatie in een filiaal in B\u00f6nen en Dortmund van het regionale bedrijf LIDL 23 nov 2021 2 min. lezing VerenigingsactieFoto: Deutscher Konsumentenbund<\/p>\n\t\t<\/div>\n\t\t\t\t<\/div>\n\t\t\t\t<div class=\"elementor-post__meta-data\">\n\t\t\t\t\t<span class=\"elementor-post-date\">\n\t\t\t3. maart 2022\t\t<\/span>\n\t\t\t\t<\/div>\n\t\t\t\t\t<\/div>\n\t\t<\/article>\n\t\t\t\t<article class=\"elementor-post elementor-grid-item post-1059 post type-post status-publish format-standard has-post-thumbnail hentry category-preistransparenz category-unterlassungsklage tag-marktverhalten\">\n\t\t\t<div class=\"elementor-post__card\">\n\t\t\t\t<a class=\"elementor-post__thumbnail__link\" href=\"https:\/\/euroconsum.eu\/nl\/2021\/08\/31\/konsumentenbund-siegt-vor-dem-olg-duesseldorf-gegen-real-wegen-mangelhafter-preisauszeichnung\/\" tabindex=\"-1\" ><div class=\"elementor-post__thumbnail\"><img loading=\"lazy\" decoding=\"async\" width=\"720\" height=\"540\" src=\"https:\/\/euroconsum.eu\/wp-content\/uploads\/2022\/03\/featured_hufe6fc9f686944d448b877ec5ccd5dd55_1924843_720x0_resize_q100_lanczos.jpeg\" class=\"attachment-medium_large size-medium_large wp-image-2346\" alt=\"\" \/><\/div><\/a>\n\t\t\t\t<div class=\"elementor-post__text\">\n\t\t\t\t<h5 class=\"elementor-post__title\">\n\t\t\t<a href=\"https:\/\/euroconsum.eu\/nl\/2021\/08\/31\/konsumentenbund-siegt-vor-dem-olg-duesseldorf-gegen-real-wegen-mangelhafter-preisauszeichnung\/\" >\n\t\t\t\tConsumentenbond wint van Real bij het Oberlandesgericht D\u00fcsseldorf wegens gebrekkige prijsetikettering\t\t\t<\/a>\n\t\t<\/h5>\n\t\t\t\t<div class=\"elementor-post__excerpt\">\n\t\t\t<p>Hoger regionaal gerechtshof D\u00fcsseldorf bevestigt onze vereniging<\/p>\n\t\t<\/div>\n\t\t\t\t<\/div>\n\t\t\t\t<div class=\"elementor-post__meta-data\">\n\t\t\t\t\t<span class=\"elementor-post-date\">\n\t\t\t31 augustus 2021\t\t<\/span>\n\t\t\t\t<\/div>\n\t\t\t\t\t<\/div>\n\t\t<\/article>\n\t\t\t\t<article class=\"elementor-post elementor-grid-item post-1061 post type-post status-publish format-standard has-post-thumbnail hentry category-health-claims-bei-lebensmitteln category-unterlassungsklage tag-lebensmittel tag-marktverhalten tag-produktinformationen\">\n\t\t\t<div class=\"elementor-post__card\">\n\t\t\t\t<a class=\"elementor-post__thumbnail__link\" href=\"https:\/\/euroconsum.eu\/nl\/2021\/08\/30\/besonders-gesundes-wasser-konsumentenbund-erwirkt-untersagungsverfuegung-gegen-getraenkehandlung-klauss-gmbh-sindelfingen\/\" tabindex=\"-1\" ><div class=\"elementor-post__thumbnail\"><img loading=\"lazy\" decoding=\"async\" width=\"720\" height=\"392\" src=\"https:\/\/euroconsum.eu\/wp-content\/uploads\/2022\/03\/Bild_2022-03-11_221001.png\" class=\"attachment-medium_large size-medium_large wp-image-1620\" alt=\"\" \/><\/div><\/a>\n\t\t\t\t<div class=\"elementor-post__text\">\n\t\t\t\t<h5 class=\"elementor-post__title\">\n\t\t\t<a href=\"https:\/\/euroconsum.eu\/nl\/2021\/08\/30\/besonders-gesundes-wasser-konsumentenbund-erwirkt-untersagungsverfuegung-gegen-getraenkehandlung-klauss-gmbh-sindelfingen\/\" >\n\t\t\t\tBijzonder gezond water: Consumentenbond verkrijgt gerechtelijk bevel tegen Getr\u00e4nkehandlung Klau\u00df GmbH (Sindelfingen)\t\t\t<\/a>\n\t\t<\/h5>\n\t\t\t\t<div class=\"elementor-post__excerpt\">\n\t\t\t<p>Het bedrijf uit Sindelfingen maakte reclame voor verschillende mineraalwaters met ongeoorloofde gezondheidsclaims.<\/p>\n\t\t<\/div>\n\t\t\t\t<\/div>\n\t\t\t\t<div class=\"elementor-post__meta-data\">\n\t\t\t\t\t<span class=\"elementor-post-date\">\n\t\t\t30 augustus 2021\t\t<\/span>\n\t\t\t\t<\/div>\n\t\t\t\t\t<\/div>\n\t\t<\/article>\n\t\t\t\t<article class=\"elementor-post elementor-grid-item post-1067 post type-post status-publish format-standard has-post-thumbnail hentry category-health-claims-bei-lebensmitteln category-unterlassungsklage tag-lebensmittel tag-marktverhalten tag-produktinformationen\">\n\t\t\t<div class=\"elementor-post__card\">\n\t\t\t\t<a class=\"elementor-post__thumbnail__link\" href=\"https:\/\/euroconsum.eu\/nl\/2021\/08\/07\/gesundheitsbezogene-angaben-fuer-alkoholika-franzoesischer-weinhandels-riese-vinatis-s-a-r-l-unterwirft-sich-im-prozess\/\" tabindex=\"-1\" ><div class=\"elementor-post__thumbnail\"><img loading=\"lazy\" decoding=\"async\" width=\"720\" height=\"370\" src=\"https:\/\/euroconsum.eu\/wp-content\/uploads\/2022\/03\/Bild_2022-03-12_014415.png\" class=\"attachment-medium_large size-medium_large wp-image-1684\" alt=\"\" \/><\/div><\/a>\n\t\t\t\t<div class=\"elementor-post__text\">\n\t\t\t\t<h5 class=\"elementor-post__title\">\n\t\t\t<a href=\"https:\/\/euroconsum.eu\/nl\/2021\/08\/07\/gesundheitsbezogene-angaben-fuer-alkoholika-franzoesischer-weinhandels-riese-vinatis-s-a-r-l-unterwirft-sich-im-prozess\/\" >\n\t\t\t\tGezondheidsclaims voor alcoholische dranken - Franse wijnhandelsgigant Vinatis S.\u00e0.r.l. dient rechtszaak in\t\t\t<\/a>\n\t\t<\/h5>\n\t\t\t\t<div class=\"elementor-post__excerpt\">\n\t\t\t<p>Nadat vinatis S\u00e0rl een verklaring van staking van betaling had afgegeven, verklaarden beide partijen het geschil beslecht. Volgens artikel 13 van Richtlijn (EU) 2020\/1828 (EU-richtlijn inzake acties van de Unie) moeten gekwalificeerde instanties<\/p>\n\t\t<\/div>\n\t\t\t\t<\/div>\n\t\t\t\t<div class=\"elementor-post__meta-data\">\n\t\t\t\t\t<span class=\"elementor-post-date\">\n\t\t\t7 augustus 2021\t\t<\/span>\n\t\t\t\t<\/div>\n\t\t\t\t\t<\/div>\n\t\t<\/article>\n\t\t\t\t<article class=\"elementor-post elementor-grid-item post-1073 post type-post status-publish format-standard has-post-thumbnail hentry category-unlautere-geschaeftspraktiken category-unterlassungsklage tag-marktverhalten\">\n\t\t\t<div class=\"elementor-post__card\">\n\t\t\t\t<a class=\"elementor-post__thumbnail__link\" href=\"https:\/\/euroconsum.eu\/nl\/2021\/06\/22\/unzulaessige-kundenbewertungen-weinhaendler-ebrosia-unterliegt-vor-gericht\/\" tabindex=\"-1\" ><div class=\"elementor-post__thumbnail\"><img loading=\"lazy\" decoding=\"async\" width=\"720\" height=\"501\" src=\"https:\/\/euroconsum.eu\/wp-content\/uploads\/2021\/06\/Bild_2022-10-11_154728175.png\" class=\"attachment-medium_large size-medium_large wp-image-3126\" alt=\"\" \/><\/div><\/a>\n\t\t\t\t<div class=\"elementor-post__text\">\n\t\t\t\t<h5 class=\"elementor-post__title\">\n\t\t\t<a href=\"https:\/\/euroconsum.eu\/nl\/2021\/06\/22\/unzulaessige-kundenbewertungen-weinhaendler-ebrosia-unterliegt-vor-gericht\/\" >\n\t\t\t\tOntoelaatbare klantenbeoordelingen: Wijnhandelaar ebrosia verliest voor de rechter\t\t\t<\/a>\n\t\t<\/h5>\n\t\t\t\t<div class=\"elementor-post__excerpt\">\n\t\t\t<p>Het Oberlandesgericht Dresden (OLG) verbiedt de online wijnhandelaar ebrosia uit Delitzsch in tweede instantie reclame te maken met ontoelaatbare klantbeoordelingen.Foto: Radio Bremen, Buten un Binnen; Vespermann, Brunn\u00e9e<\/p>\n\t\t<\/div>\n\t\t\t\t<\/div>\n\t\t\t\t<div class=\"elementor-post__meta-data\">\n\t\t\t\t\t<span class=\"elementor-post-date\">\n\t\t\t22 juni 2021\t\t<\/span>\n\t\t\t\t<\/div>\n\t\t\t\t\t<\/div>\n\t\t<\/article>\n\t\t\t\t<article class=\"elementor-post elementor-grid-item post-1075 post type-post status-publish format-standard has-post-thumbnail hentry category-preistransparenz category-unterlassungsklage tag-marktverhalten\">\n\t\t\t<div class=\"elementor-post__card\">\n\t\t\t\t<a class=\"elementor-post__thumbnail__link\" href=\"https:\/\/euroconsum.eu\/nl\/2021\/05\/23\/lidl-regionalgesellschaft-woellstein\/\" tabindex=\"-1\" ><div class=\"elementor-post__thumbnail\"><img loading=\"lazy\" decoding=\"async\" width=\"720\" height=\"540\" src=\"https:\/\/euroconsum.eu\/wp-content\/uploads\/2022\/03\/Bild_2022-03-11_215214.png\" class=\"attachment-medium_large size-medium_large wp-image-1609\" alt=\"\" \/><\/div><\/a>\n\t\t\t\t<div class=\"elementor-post__text\">\n\t\t\t\t<h5 class=\"elementor-post__title\">\n\t\t\t<a href=\"https:\/\/euroconsum.eu\/nl\/2021\/05\/23\/lidl-regionalgesellschaft-woellstein\/\" >\n\t\t\t\tLidl regionale onderneming (W\u00f6llstein): Procedure wegens overtreding van de prijsaanduidingsverordening\t\t\t<\/a>\n\t\t<\/h5>\n\t\t\t\t<div class=\"elementor-post__excerpt\">\n\t\t\t<p>Volgens artikel 13 van Richtlijn (EU) 2020\/1828 (richtlijn representatieve acties van de EU) moeten bevoegde entiteiten verslag uitbrengen over representatieve acties die zijn gepland, die worden uitgevoerd en over het resultaat van de uitgevoerde representatieve acties op<\/p>\n\t\t<\/div>\n\t\t\t\t<\/div>\n\t\t\t\t<div class=\"elementor-post__meta-data\">\n\t\t\t\t\t<span class=\"elementor-post-date\">\n\t\t\t23 mei 2021\t\t<\/span>\n\t\t\t\t<\/div>\n\t\t\t\t\t<\/div>\n\t\t<\/article>\n\t\t\t\t<\/div>\n\t\t\n\t\t\t\t\t\t<\/div>\n\t\t\t\t<\/div>\n\t\t\t\t<div class=\"elementor-element elementor-element-98b3be2 elementor-widget elementor-widget-spacer\" data-id=\"98b3be2\" data-element_type=\"widget\" data-e-type=\"widget\" data-widget_type=\"spacer.default\">\n\t\t\t\t<div class=\"elementor-widget-container\">\n\t\t\t\t\t\t\t<div class=\"elementor-spacer\">\n\t\t\t<div class=\"elementor-spacer-inner\"><\/div>\n\t\t<\/div>\n\t\t\t\t\t\t<\/div>\n\t\t\t\t<\/div>\n\t\t\t\t\t<\/div>\n\t\t<\/div>\n\t\t\t\t\t<\/div>\n\t\t<\/section>\n\t\t\t\t<\/div>","protected":false},"excerpt":{"rendered":"<p>Unterlassungsklagen Verbrauchendenverb\u00e4nde (so genannte \u201cQualifizierte Einrichtungen\u201d) gelten als &#8222;Anw\u00e4lte der Verbrauchenden&#8220;. Tats\u00e4chlich sind sie aber keine richtigen Anw\u00e4lte und f\u00fchren Unterlassungsklagen auch nicht im eigenen Interesse, sondern als Treuh\u00e4nderinnen der Kollektivinteressen.&nbsp; Eine Unterlassungsklage bringt dem Verband keinen finanziellen Vorteil. Geht sie aber verloren, muss der Verband unter Umst\u00e4nden Schadensersatz leisten. Qualifizierte Einrichtungen werden also selbstlos [&hellip;]<\/p>","protected":false},"author":1,"featured_media":0,"parent":0,"menu_order":0,"comment_status":"closed","ping_status":"closed","template":"","meta":{"footnotes":""},"class_list":["post-655","page","type-page","status-publish","hentry"],"_links":{"self":[{"href":"https:\/\/euroconsum.eu\/nl\/wp-json\/wp\/v2\/pages\/655","targetHints":{"allow":["GET"]}}],"collection":[{"href":"https:\/\/euroconsum.eu\/nl\/wp-json\/wp\/v2\/pages"}],"about":[{"href":"https:\/\/euroconsum.eu\/nl\/wp-json\/wp\/v2\/types\/page"}],"author":[{"embeddable":true,"href":"https:\/\/euroconsum.eu\/nl\/wp-json\/wp\/v2\/users\/1"}],"replies":[{"embeddable":true,"href":"https:\/\/euroconsum.eu\/nl\/wp-json\/wp\/v2\/comments?post=655"}],"version-history":[{"count":10,"href":"https:\/\/euroconsum.eu\/nl\/wp-json\/wp\/v2\/pages\/655\/revisions"}],"predecessor-version":[{"id":3314,"href":"https:\/\/euroconsum.eu\/nl\/wp-json\/wp\/v2\/pages\/655\/revisions\/3314"}],"wp:attachment":[{"href":"https:\/\/euroconsum.eu\/nl\/wp-json\/wp\/v2\/media?parent=655"}],"curies":[{"name":"wp","href":"https:\/\/api.w.org\/{rel}","templated":true}]}}