{"id":2,"date":"2021-12-15T06:15:39","date_gmt":"2021-12-15T05:15:39","guid":{"rendered":"https:\/\/euroconsum.eu\/?page_id=2"},"modified":"2023-04-09T07:57:36","modified_gmt":"2023-04-09T05:57:36","slug":"sample-page","status":"publish","type":"page","link":"https:\/\/euroconsum.eu\/nl\/sample-page\/","title":{"rendered":"Strafprocedure"},"content":{"rendered":"<p>Een groot aantal regels dient om consumenten te beschermen. De wet is echter zo ontworpen dat deze rechten ter bescherming van de consument over het algemeen niet door de getroffen consumenten zelf kunnen worden afgedwongen.<\/p>\n\n\n\n<p>Een voorbeeld:<\/p>\n\n\n\n<figure class=\"wp-block-pullquote\"><blockquote><p>De goederen in een supermarkt zijn verkeerd of misleidend ge\u00ebtiketteerd. Hoewel hier een wettelijke regel voor bestaat (de zogenaamde \"Prijsaanduidingsverordening\"), geeft dit de specifieke gedupeerde geen enkel recht. Als bijvoorbeeld de basisprijs van een product te laag is ge\u00ebtiketteerd, hebben de klanten van de winkel geen recht om het product tegen de lagere prijs te kopen. <\/p><p>In sommige (extreme en zeer gecompliceerde) gevallen is het mogelijk dat een schending de klant het recht geeft om het contract te \"ontbinden\". Het juridische gevolg is echter niet dat het contract wordt ontbonden.<\/p><\/blockquote><\/figure>\n\n\n\n<p><\/p>\n\n\n\n<h2 class=\"wp-block-heading\">De overtreding is het waard... altijd<\/h2>\n\n\n\n<p>Een van de taken van een consumentenvereniging is om op te treden als vertrouwenspersoon voor de belangen van consumenten.<\/p>\n\n\n\n<blockquote class=\"wp-block-quote is-layout-flow wp-block-quote-is-layout-flow\"><p>Hallo! Ik ben overdag fietskoerier, 's nachts aspirant-acteur en dit is mijn website. Ik woon in Los Angeles, heb een geweldige hond die Jack heet en ik hou van pi\u00f1a colada's. (En verstrikt raken in de regen.)<\/p><\/blockquote>\n\n\n\n<p>...of zoiets:<\/p>\n\n\n\n<blockquote class=\"wp-block-quote is-layout-flow wp-block-quote-is-layout-flow\"><p>De XYZ Doohickey Company is opgericht in 1971 en levert sindsdien doohickeys van hoge kwaliteit aan het publiek. XYZ is gevestigd in Gotham City, heeft meer dan 2000 mensen in dienst en doet allerlei geweldige dingen voor de Gotham-gemeenschap.<\/p><\/blockquote>\n\n\n\n<p>Als nieuwe WordPress gebruiker moet je naar je dashboard gaan om deze pagina te verwijderen en nieuwe pagina's te maken voor je inhoud. Veel plezier!<\/p>","protected":false},"excerpt":{"rendered":"<p>Eine Vielzahl von Regelungen dienen dem Schutz von Verbrauchenden. Allerdings ist das Recht so ausgestaltet, dass diese verbrauchersch\u00fctzenden Rechte in aller Regel nicht von den betroffenen Verbrauchenden selbst durchgesetzt werden k\u00f6nnen. Ein Beispiel: In einem Supermarkt ist die Ware falsch bzw. irref\u00fchrend ausgezeichnet. Zwar gibt es eine gesetzliche Regel hierzu (die sog. &#8222;Preisangabenverordnung&#8220;), aber diese [&hellip;]<\/p>","protected":false},"author":1,"featured_media":0,"parent":0,"menu_order":0,"comment_status":"closed","ping_status":"open","template":"","meta":{"footnotes":""},"class_list":["post-2","page","type-page","status-publish","hentry"],"_links":{"self":[{"href":"https:\/\/euroconsum.eu\/nl\/wp-json\/wp\/v2\/pages\/2","targetHints":{"allow":["GET"]}}],"collection":[{"href":"https:\/\/euroconsum.eu\/nl\/wp-json\/wp\/v2\/pages"}],"about":[{"href":"https:\/\/euroconsum.eu\/nl\/wp-json\/wp\/v2\/types\/page"}],"author":[{"embeddable":true,"href":"https:\/\/euroconsum.eu\/nl\/wp-json\/wp\/v2\/users\/1"}],"replies":[{"embeddable":true,"href":"https:\/\/euroconsum.eu\/nl\/wp-json\/wp\/v2\/comments?post=2"}],"version-history":[{"count":3,"href":"https:\/\/euroconsum.eu\/nl\/wp-json\/wp\/v2\/pages\/2\/revisions"}],"predecessor-version":[{"id":3467,"href":"https:\/\/euroconsum.eu\/nl\/wp-json\/wp\/v2\/pages\/2\/revisions\/3467"}],"wp:attachment":[{"href":"https:\/\/euroconsum.eu\/nl\/wp-json\/wp\/v2\/media?parent=2"}],"curies":[{"name":"wp","href":"https:\/\/api.w.org\/{rel}","templated":true}]}}