{"id":831,"date":"2022-01-09T13:03:37","date_gmt":"2022-01-09T12:03:37","guid":{"rendered":"https:\/\/euroconsum.eu\/?page_id=831"},"modified":"2022-10-22T21:12:31","modified_gmt":"2022-10-22T19:12:31","slug":"unterlassungsklagen","status":"publish","type":"page","link":"https:\/\/euroconsum.eu\/fr\/unterlassungsklagen\/","title":{"rendered":"Proc\u00e9dure de sanction"},"content":{"rendered":"<div data-elementor-type=\"wp-page\" data-elementor-id=\"831\" class=\"elementor elementor-831\" data-elementor-post-type=\"page\">\n\t\t\t\t\t\t<section class=\"elementor-section elementor-top-section elementor-element elementor-element-e253d34 elementor-section-boxed elementor-section-height-default elementor-section-height-default\" data-id=\"e253d34\" data-element_type=\"section\" data-e-type=\"section\">\n\t\t\t\t\t\t<div class=\"elementor-container elementor-column-gap-default\">\n\t\t\t\t\t<div class=\"elementor-column elementor-col-100 elementor-top-column elementor-element elementor-element-03746e1\" data-id=\"03746e1\" data-element_type=\"column\" data-e-type=\"column\">\n\t\t\t<div class=\"elementor-widget-wrap\">\n\t\t\t\t\t\t\t<\/div>\n\t\t<\/div>\n\t\t\t\t\t<\/div>\n\t\t<\/section>\n\t\t\t\t<section class=\"elementor-section elementor-top-section elementor-element elementor-element-3120fd6 elementor-section-boxed elementor-section-height-default elementor-section-height-default\" data-id=\"3120fd6\" data-element_type=\"section\" data-e-type=\"section\">\n\t\t\t\t\t\t<div class=\"elementor-container elementor-column-gap-default\">\n\t\t\t\t\t<div class=\"elementor-column elementor-col-100 elementor-top-column elementor-element elementor-element-27caff8\" data-id=\"27caff8\" data-element_type=\"column\" data-e-type=\"column\">\n\t\t\t<div class=\"elementor-widget-wrap elementor-element-populated\">\n\t\t\t\t\t\t<div class=\"elementor-element elementor-element-86c995f elementor-widget elementor-widget-spacer\" data-id=\"86c995f\" data-element_type=\"widget\" data-e-type=\"widget\" data-widget_type=\"spacer.default\">\n\t\t\t\t<div class=\"elementor-widget-container\">\n\t\t\t\t\t\t\t<div class=\"elementor-spacer\">\n\t\t\t<div class=\"elementor-spacer-inner\"><\/div>\n\t\t<\/div>\n\t\t\t\t\t\t<\/div>\n\t\t\t\t<\/div>\n\t\t\t\t<div class=\"elementor-element elementor-element-b7cf06a elementor-widget elementor-widget-heading\" data-id=\"b7cf06a\" data-element_type=\"widget\" data-e-type=\"widget\" data-widget_type=\"heading.default\">\n\t\t\t\t<div class=\"elementor-widget-container\">\n\t\t\t\t\t<h2 class=\"elementor-heading-title elementor-size-large\">Proc\u00e9dure de sanction<\/h2>\t\t\t\t<\/div>\n\t\t\t\t<\/div>\n\t\t\t\t<section class=\"elementor-section elementor-inner-section elementor-element elementor-element-068afe0 elementor-section-boxed elementor-section-height-default elementor-section-height-default\" data-id=\"068afe0\" data-element_type=\"section\" data-e-type=\"section\">\n\t\t\t\t\t\t<div class=\"elementor-container elementor-column-gap-default\">\n\t\t\t\t\t<div class=\"elementor-column elementor-col-50 elementor-inner-column elementor-element elementor-element-03e8144\" data-id=\"03e8144\" data-element_type=\"column\" data-e-type=\"column\">\n\t\t\t<div class=\"elementor-widget-wrap elementor-element-populated\">\n\t\t\t\t\t\t<div class=\"elementor-element elementor-element-ee86aa3 elementor-widget elementor-widget-text-editor\" data-id=\"ee86aa3\" data-element_type=\"widget\" data-e-type=\"widget\" data-widget_type=\"text-editor.default\">\n\t\t\t\t<div class=\"elementor-widget-container\">\n\t\t\t\t\t\t\t\t\t<p>Si une entreprise est condamn\u00e9e par le tribunal \u00e0 s'abstenir, il n'y a pas de sanction. L'injonction est en quelque sorte un \"<b>Coup franc<\/b>&#8222;<b> pour l'entreprise qui enfreint la loi<\/b>. Une injonction (g\u00e9n\u00e9ralement un jugement ou une d\u00e9cision de justice) ne signifie donc rien de plus que l'ordre donn\u00e9 par le tribunal \u00e0 l'entreprise de cesser un comportement qui \u00e9tait de toute fa\u00e7on d\u00e9j\u00e0 interdit par la loi, mais qui est d\u00e9sormais r\u00e9ellement interdit.\u00a0<span style=\"color: var( --e-global-color-text );\">C'est pour cette raison que l'on disait auparavant qu'une infraction \u00e0 la concurrence \u00e9tait toujours rentable, car ce que l'entreprise a obtenu gr\u00e2ce \u00e0 l'infraction, elle peut le conserver jusqu'\u00e0 ce que l'interdiction judiciaire arrive \u00e0 un moment donn\u00e9.<\/span><span style=\"color: var( --e-global-color-text );\">\u00a0Le droit est donc d'abord du c\u00f4t\u00e9 de\u00a0<\/span>Bless\u00e9.<\/p><p>Cependant, l'entreprise est \u00e9galement inform\u00e9e des cons\u00e9quences si elle est \u00e0 nouveau prise en flagrant d\u00e9lit d'action interdite. C'est ce que l'on appelle le \"test d'\u00e9valuation\".<b>D\u00e9cision de menace<\/b>\", qui est g\u00e9n\u00e9ralement d\u00e9j\u00e0 inclus dans le titre.\u00a0<span style=\"color: var( --e-global-color-text );\">Autant le droit est donc favorable aux d\u00e9linquants d'un c\u00f4t\u00e9, en ne pr\u00e9voyant tout d'abord aucune sanction pour l'infraction d\u00e9j\u00e0 commise, autant les cons\u00e9quences sont lourdes en cas de r\u00e9cidive.\u00a0<\/span><\/p><p><span style=\"color: var( --e-global-color-text );\">Car l'entreprise est alors menac\u00e9e :<\/span><\/p><ul><li><b>Amende<\/b> (amende d'ordre)<\/li><li><b>Peine de substitution<\/b>Si l'amende n'est pas pay\u00e9e ou ne peut pas \u00eatre pay\u00e9e, la sanction sera appliqu\u00e9e aux membres des organes de l'entreprise (par exemple, les membres de la direction ou du conseil d'administration).<\/li><li><b>Peine de prison<\/b> (dite responsabilit\u00e9 civile), qui est \u00e9galement ex\u00e9cut\u00e9e sur les membres des organes.<\/li><\/ul><p>Mais c'est \u00e0 toi de d\u00e9cider. <b>Surveillance des titres<\/b> aucun organisme d'Etat mais, une fois de plus, aux associations. Notre association surveille de tr\u00e8s pr\u00e8s les titres judiciaires et fait r\u00e9guli\u00e8rement des demandes de sanction.\u00a0<\/p><p>Si nous estimons qu'une sanction est trop faible, nous ferons \u00e9galement appel, si n\u00e9cessaire, pour obtenir une sanction plus \u00e9lev\u00e9e.<\/p>\t\t\t\t\t\t\t\t<\/div>\n\t\t\t\t<\/div>\n\t\t\t\t\t<\/div>\n\t\t<\/div>\n\t\t\t\t<div class=\"elementor-column elementor-col-50 elementor-inner-column elementor-element elementor-element-a5caa54\" data-id=\"a5caa54\" data-element_type=\"column\" data-e-type=\"column\">\n\t\t\t<div class=\"elementor-widget-wrap elementor-element-populated\">\n\t\t\t\t\t\t<div class=\"elementor-element elementor-element-418363f elementor-widget elementor-widget-image\" data-id=\"418363f\" data-element_type=\"widget\" data-e-type=\"widget\" data-widget_type=\"image.default\">\n\t\t\t\t<div class=\"elementor-widget-container\">\n\t\t\t\t\t\t\t\t\t\t\t\t\t\t\t<img fetchpriority=\"high\" decoding=\"async\" width=\"800\" height=\"600\" src=\"https:\/\/euroconsum.eu\/wp-content\/uploads\/2021\/12\/bgh-1024x768.jpeg\" class=\"attachment-large size-large wp-image-427\" alt=\"\" \/>\t\t\t\t\t\t\t\t\t\t\t\t\t\t\t<\/div>\n\t\t\t\t<\/div>\n\t\t\t\t<div class=\"elementor-element elementor-element-208590b elementor-widget elementor-widget-text-editor\" data-id=\"208590b\" data-element_type=\"widget\" data-e-type=\"widget\" data-widget_type=\"text-editor.default\">\n\t\t\t\t<div class=\"elementor-widget-container\">\n\t\t\t\t\t\t\t\t\t<p><span style=\"font-weight: bold;\">Informations compl\u00e9mentaires :<\/span><\/p><ul><li><a href=\"https:\/\/euroconsum.eu\/fr\/prozessabteilung\/\">Notre d\u00e9partement de processus<\/a><\/li><li><a href=\"https:\/\/euroconsum.eu\/fr\/elementor-655\/\">Nos actions en cessation<\/a><\/li><li><a href=\"https:\/\/euroconsum.eu\/fr\/abhilfeklagen\/\">Nos plaintes en r\u00e9paration<\/a><\/li><li><a href=\"https:\/\/euroconsum.eu\/fr\/verstoss-melden\/\">Signaler une infraction<\/a><\/li><\/ul>\t\t\t\t\t\t\t\t<\/div>\n\t\t\t\t<\/div>\n\t\t\t\t\t<\/div>\n\t\t<\/div>\n\t\t\t\t\t<\/div>\n\t\t<\/section>\n\t\t\t\t\t<\/div>\n\t\t<\/div>\n\t\t\t\t\t<\/div>\n\t\t<\/section>\n\t\t\t\t<\/div>","protected":false},"excerpt":{"rendered":"<p>Proc\u00e9dure de sanction Lorsqu'une entreprise est condamn\u00e9e par le tribunal \u00e0 s'abstenir de faire quelque chose, il n'en r\u00e9sulte tout d'abord aucune sanction. L'injonction est en quelque sorte un \"coup de pouce\" pour l'entreprise qui enfreint la loi. Une injonction (g\u00e9n\u00e9ralement un jugement ou une d\u00e9cision de justice) ne signifie donc rien de plus que l'obligation faite par la justice \u00e0 l'entreprise de mettre fin \u00e0 un comportement qui, de toute fa\u00e7on, a d\u00e9j\u00e0 \u00e9t\u00e9 adopt\u00e9 par la loi [...].<\/p>","protected":false},"author":1,"featured_media":0,"parent":0,"menu_order":0,"comment_status":"closed","ping_status":"closed","template":"","meta":{"footnotes":""},"class_list":["post-831","page","type-page","status-publish","hentry"],"_links":{"self":[{"href":"https:\/\/euroconsum.eu\/fr\/wp-json\/wp\/v2\/pages\/831","targetHints":{"allow":["GET"]}}],"collection":[{"href":"https:\/\/euroconsum.eu\/fr\/wp-json\/wp\/v2\/pages"}],"about":[{"href":"https:\/\/euroconsum.eu\/fr\/wp-json\/wp\/v2\/types\/page"}],"author":[{"embeddable":true,"href":"https:\/\/euroconsum.eu\/fr\/wp-json\/wp\/v2\/users\/1"}],"replies":[{"embeddable":true,"href":"https:\/\/euroconsum.eu\/fr\/wp-json\/wp\/v2\/comments?post=831"}],"version-history":[{"count":10,"href":"https:\/\/euroconsum.eu\/fr\/wp-json\/wp\/v2\/pages\/831\/revisions"}],"predecessor-version":[{"id":3283,"href":"https:\/\/euroconsum.eu\/fr\/wp-json\/wp\/v2\/pages\/831\/revisions\/3283"}],"wp:attachment":[{"href":"https:\/\/euroconsum.eu\/fr\/wp-json\/wp\/v2\/media?parent=831"}],"curies":[{"name":"wp","href":"https:\/\/api.w.org\/{rel}","templated":true}]}}