{"id":565,"date":"2022-01-08T21:34:46","date_gmt":"2022-01-08T20:34:46","guid":{"rendered":"https:\/\/euroconsum.eu\/?page_id=565"},"modified":"2023-04-09T08:03:03","modified_gmt":"2023-04-09T06:03:03","slug":"nachverstoss","status":"publish","type":"page","link":"https:\/\/euroconsum.eu\/fr\/nachverstoss\/","title":{"rendered":"Demander l'adh\u00e9sion"},"content":{"rendered":"<h1 class=\"wp-block-heading\" id=\"block-f9cef70c-768c-4ec5-b5f8-70a9e08603fa\"><br>Tout d\u00e9pend de la taille !<\/h1>\n\n\n\n<p id=\"block-6213da01-20b4-44ac-a9a7-ecd99df21f11\">Une large base d'adh\u00e9rents l\u00e9gitime notre travail aupr\u00e8s des d\u00e9cideurs politiques* et nous donne de pr\u00e9cieuses impulsions pour notre travail.<\/p>\n\n\n\n<p id=\"block-25c8ec09-de7f-4aa9-a074-3d6d6d5f3c55\">Avec&nbsp;<strong>Ton adh\u00e9sion<\/strong>...<\/p>\n\n\n\n<ul class=\"wp-block-list\" id=\"block-b12eada2-43ce-4666-9e96-c97806273d17\"><li>tu contribues \u00e0 faire de l'\u00e9vidence la base des d\u00e9cisions politiques.<\/li><li>Tu renforces notre travail pour une protection des consommateurs bas\u00e9e sur la science.<\/li><li>tu nous soutiens dans la lutte juridique contre les pratiques ill\u00e9gales.<\/li><\/ul>\n\n\n\n<p id=\"block-836a650e-c5c1-4aa4-8ef4-5bd9782dabf7\"><a href=\"https:\/\/euroconsum.eu\/fr\/media\/mitgliedsantrag.pdf\/\"><strong>Demande d'adh\u00e9sion<\/strong>&nbsp;(pdf, sans barri\u00e8re)<\/a><\/p>\n\n\n\n<p id=\"block-2e5ef3c7-55e1-428c-ba24-a67601a1618a\"><a href=\"https:\/\/www.gesetze-im-internet.de\/gg\/art_9.html\">Art. 9 al. 3 de la Loi fondamentale<\/a>\u00a0garantit le droit de s'engager dans des associations pour la promotion des conditions \u00e9conomiques. Nous estimons que l'exercice de ce droit fondamental ne doit pas d\u00e9pendre de la capacit\u00e9 financi\u00e8re personnelle. Pour garantir cela, chaque membre peut utiliser son propre\u00a0<strong>Fixer soi-m\u00eame le montant de l'adh\u00e9sion<\/strong>\u00a0et il y a\u00a0<strong>Pas de contribution minimale<\/strong>.<\/p>\n\n\n\n<figure class=\"wp-block-image\" id=\"block-abfdc3be-4985-4daf-8b92-b9f0f6ef3798\"><img decoding=\"async\" src=\"https:\/\/euroconsum.eu\/de\/media\/mitgliedsantrag.png\" alt=\"Es kommt sehr wohl auf die Gr\u00f6\u00dfe an!\"\/><\/figure>","protected":false},"excerpt":{"rendered":"<p>La taille est tr\u00e8s importante ! Une large base d'adh\u00e9sion l\u00e9gitime notre travail aupr\u00e8s des d\u00e9cideurs politiques* et nous donne de pr\u00e9cieuses impulsions pour notre travail. En devenant membre... tu contribues \u00e0 faire de l'\u00e9vidence la base des d\u00e9cisions politiques. tu renforces notre travail pour une protection des consommateurs bas\u00e9e sur la science. tu nous soutiens dans la lutte juridique contre les [...] ill\u00e9gaux.<\/p>","protected":false},"author":1,"featured_media":0,"parent":0,"menu_order":0,"comment_status":"closed","ping_status":"closed","template":"","meta":{"footnotes":""},"class_list":["post-565","page","type-page","status-publish","hentry"],"_links":{"self":[{"href":"https:\/\/euroconsum.eu\/fr\/wp-json\/wp\/v2\/pages\/565","targetHints":{"allow":["GET"]}}],"collection":[{"href":"https:\/\/euroconsum.eu\/fr\/wp-json\/wp\/v2\/pages"}],"about":[{"href":"https:\/\/euroconsum.eu\/fr\/wp-json\/wp\/v2\/types\/page"}],"author":[{"embeddable":true,"href":"https:\/\/euroconsum.eu\/fr\/wp-json\/wp\/v2\/users\/1"}],"replies":[{"embeddable":true,"href":"https:\/\/euroconsum.eu\/fr\/wp-json\/wp\/v2\/comments?post=565"}],"version-history":[{"count":5,"href":"https:\/\/euroconsum.eu\/fr\/wp-json\/wp\/v2\/pages\/565\/revisions"}],"predecessor-version":[{"id":3530,"href":"https:\/\/euroconsum.eu\/fr\/wp-json\/wp\/v2\/pages\/565\/revisions\/3530"}],"wp:attachment":[{"href":"https:\/\/euroconsum.eu\/fr\/wp-json\/wp\/v2\/media?parent=565"}],"curies":[{"name":"wp","href":"https:\/\/api.w.org\/{rel}","templated":true}]}}