{"id":2,"date":"2021-12-15T06:15:39","date_gmt":"2021-12-15T05:15:39","guid":{"rendered":"https:\/\/euroconsum.eu\/?page_id=2"},"modified":"2023-04-09T07:57:36","modified_gmt":"2023-04-09T05:57:36","slug":"sample-page","status":"publish","type":"page","link":"https:\/\/euroconsum.eu\/fr\/sample-page\/","title":{"rendered":"Proc\u00e9dure de sanction"},"content":{"rendered":"<p>Un grand nombre de r\u00e9glementations visent \u00e0 prot\u00e9ger les consommateurs. Cependant, le droit est con\u00e7u de telle sorte que ces droits de protection des consommateurs ne peuvent g\u00e9n\u00e9ralement pas \u00eatre mis en \u0153uvre par les consommateurs concern\u00e9s eux-m\u00eames.<\/p>\n\n\n\n<p>Un exemple :<\/p>\n\n\n\n<figure class=\"wp-block-pullquote\"><blockquote><p>Dans un supermarch\u00e9, l'\u00e9tiquetage des produits est faux ou trompeur. Bien qu'il existe une r\u00e8gle l\u00e9gale \u00e0 ce sujet (appel\u00e9e \"ordonnance sur l'indication des prix\"), elle ne donne aucun droit aux personnes concr\u00e8tement concern\u00e9es. Ainsi, si le prix de base d'un produit est indiqu\u00e9 de mani\u00e8re trop basse, les clients du magasin n'ont pas le droit d'acheter le produit au prix le plus bas. <\/p><p>Dans certains cas (extr\u00eames et tr\u00e8s compliqu\u00e9s), il est possible qu'une infraction donne aux clients un droit de \"contestation\" du contrat. Mais la cons\u00e9quence juridique est que le contrat est annul\u00e9, non.<\/p><\/blockquote><\/figure>\n\n\n\n<p><\/p>\n\n\n\n<h2 class=\"wp-block-heading\">La violation de la loi vaut la peine... toujours<\/h2>\n\n\n\n<p>L'une des missions d'une association de consommateurs est d'agir en tant qu'administrateur des int\u00e9r\u00eats des consommateurs.<\/p>\n\n\n\n<blockquote class=\"wp-block-quote is-layout-flow wp-block-quote-is-layout-flow\"><p>Salut ici ! Je suis un bike messenger le jour, un aspirant acteur la nuit, et voici mon site web. Je vis \u00e0 Los Angeles, j'ai un grand chien qui s'appelle Jack, et j'aime les pi\u00f1a coladas. (Et gettin' caught in the rain.)<\/p><\/blockquote>\n\n\n\n<p>...ou quelque chose comme \u00e7a :<\/p>\n\n\n\n<blockquote class=\"wp-block-quote is-layout-flow wp-block-quote-is-layout-flow\"><p>La soci\u00e9t\u00e9 XYZ Doohickey a \u00e9t\u00e9 fond\u00e9e en 1971, et a toujours fourni des doohickeys de qualit\u00e9 au public depuis lors. Situ\u00e9e \u00e0 Gotham City, XYZ emploie plus de 2 000 personnes et fait toutes sortes de choses g\u00e9niales pour la communaut\u00e9 de Gotham.<\/p><\/blockquote>\n\n\n\n<p>En tant que nouvel utilisateur de WordPress, tu devrais aller dans ton tableau de bord pour supprimer cette page et cr\u00e9er de nouvelles pages pour ton contenu. Amuse-toi bien !<\/p>","protected":false},"excerpt":{"rendered":"<p>Eine Vielzahl von Regelungen dienen dem Schutz von Verbrauchenden. Allerdings ist das Recht so ausgestaltet, dass diese verbrauchersch\u00fctzenden Rechte in aller Regel nicht von den betroffenen Verbrauchenden selbst durchgesetzt werden k\u00f6nnen. Ein Beispiel: In einem Supermarkt ist die Ware falsch bzw. irref\u00fchrend ausgezeichnet. Zwar gibt es eine gesetzliche Regel hierzu (die sog. &#8222;Preisangabenverordnung&#8220;), aber diese [&hellip;]<\/p>","protected":false},"author":1,"featured_media":0,"parent":0,"menu_order":0,"comment_status":"closed","ping_status":"open","template":"","meta":{"footnotes":""},"class_list":["post-2","page","type-page","status-publish","hentry"],"_links":{"self":[{"href":"https:\/\/euroconsum.eu\/fr\/wp-json\/wp\/v2\/pages\/2","targetHints":{"allow":["GET"]}}],"collection":[{"href":"https:\/\/euroconsum.eu\/fr\/wp-json\/wp\/v2\/pages"}],"about":[{"href":"https:\/\/euroconsum.eu\/fr\/wp-json\/wp\/v2\/types\/page"}],"author":[{"embeddable":true,"href":"https:\/\/euroconsum.eu\/fr\/wp-json\/wp\/v2\/users\/1"}],"replies":[{"embeddable":true,"href":"https:\/\/euroconsum.eu\/fr\/wp-json\/wp\/v2\/comments?post=2"}],"version-history":[{"count":3,"href":"https:\/\/euroconsum.eu\/fr\/wp-json\/wp\/v2\/pages\/2\/revisions"}],"predecessor-version":[{"id":3467,"href":"https:\/\/euroconsum.eu\/fr\/wp-json\/wp\/v2\/pages\/2\/revisions\/3467"}],"wp:attachment":[{"href":"https:\/\/euroconsum.eu\/fr\/wp-json\/wp\/v2\/media?parent=2"}],"curies":[{"name":"wp","href":"https:\/\/api.w.org\/{rel}","templated":true}]}}