{"id":1166,"date":"2022-03-03T21:53:24","date_gmt":"2022-03-03T20:53:24","guid":{"rendered":"https:\/\/euroconsum.eu\/?page_id=1166"},"modified":"2022-03-10T19:56:15","modified_gmt":"2022-03-10T18:56:15","slug":"1166-2","status":"publish","type":"page","link":"https:\/\/euroconsum.eu\/fr\/1166-2\/","title":{"rendered":"Ce qui nous rend possible"},"content":{"rendered":"<p>Notre travail est soutenu par&nbsp;<strong>les b\u00e9n\u00e9voles et les volontaires<\/strong>&nbsp;et rendus possibles. Depuis la cr\u00e9ation de l'association, notre \u00e9quipe de base est compos\u00e9e de juristes et de m\u00e9decins (pour la plupart \u00e0 la retraite) qui fournissent un travail \u00e9quivalent \u00e0 trois quarts de million d'euros par an pour les objectifs communs de notre association.<\/p>\n\n\n\n<div class=\"wp-block-image\"><figure class=\"alignleft size-full is-resized\"><img fetchpriority=\"high\" decoding=\"async\" src=\"https:\/\/euroconsum.eu\/wp-content\/uploads\/2022\/03\/Bild_2022-03-10_195358.png\" alt=\"\" class=\"wp-image-1536\" width=\"265\" height=\"333\"\/><\/figure><\/div>\n\n\n\n<p>Apr\u00e8s une discussion approfondie entre nos membres en 2018, nous avons commenc\u00e9 \u00e0 repr\u00e9senter tous les processus et fonctionnalit\u00e9s par des logiciels libres. Nous y sommes parvenus pour tous les domaines du travail id\u00e9al, et en grande partie pour le domaine de l'application de la loi, qui n\u00e9cessite l'utilisation de logiciels sp\u00e9cialis\u00e9s. Nous sommes de&nbsp;<strong>Logiciel open source<\/strong>&nbsp;convaincus et apportent chaque ann\u00e9e une contribution notable \u00e0 la communaut\u00e9 open source.<\/p>\n\n\n\n<p>Les dons individuels \u00e0 partir de 10 000 \u20ac et les dons d'entreprise \u00e0 partir de 1 \u20ac se trouvent dans le\u00a0<strong><a href=\"https:\/\/euroconsum.eu\/fr\/transparenzbericht\/\" data-type=\"page\" data-id=\"1127\">Rapport de transparence<\/a><\/strong>. Le rapport de transparence est mis \u00e0 jour chaque ann\u00e9e.<\/p>","protected":false},"excerpt":{"rendered":"<p>Notre travail est soutenu et rendu possible par des personnes volontaires et b\u00e9n\u00e9voles. Depuis sa cr\u00e9ation, notre \u00e9quipe de base \u00e9tait d\u00e9j\u00e0 compos\u00e9e de juristes et de m\u00e9decins (pour la plupart \u00e0 la retraite), qui fournissent un travail \u00e9quivalent \u00e0 trois quarts de million d'euros par an pour les objectifs communs de notre association. Apr\u00e8s une discussion approfondie entre nos membres en 2018, nous avons commenc\u00e9 \u00e0 revoir tous les processus [...].<\/p>","protected":false},"author":1,"featured_media":0,"parent":0,"menu_order":0,"comment_status":"closed","ping_status":"closed","template":"","meta":{"footnotes":""},"class_list":["post-1166","page","type-page","status-publish","hentry"],"_links":{"self":[{"href":"https:\/\/euroconsum.eu\/fr\/wp-json\/wp\/v2\/pages\/1166","targetHints":{"allow":["GET"]}}],"collection":[{"href":"https:\/\/euroconsum.eu\/fr\/wp-json\/wp\/v2\/pages"}],"about":[{"href":"https:\/\/euroconsum.eu\/fr\/wp-json\/wp\/v2\/types\/page"}],"author":[{"embeddable":true,"href":"https:\/\/euroconsum.eu\/fr\/wp-json\/wp\/v2\/users\/1"}],"replies":[{"embeddable":true,"href":"https:\/\/euroconsum.eu\/fr\/wp-json\/wp\/v2\/comments?post=1166"}],"version-history":[{"count":4,"href":"https:\/\/euroconsum.eu\/fr\/wp-json\/wp\/v2\/pages\/1166\/revisions"}],"predecessor-version":[{"id":1539,"href":"https:\/\/euroconsum.eu\/fr\/wp-json\/wp\/v2\/pages\/1166\/revisions\/1539"}],"wp:attachment":[{"href":"https:\/\/euroconsum.eu\/fr\/wp-json\/wp\/v2\/media?parent=1166"}],"curies":[{"name":"wp","href":"https:\/\/api.w.org\/{rel}","templated":true}]}}