{"id":1151,"date":"2022-03-03T21:46:34","date_gmt":"2022-03-03T20:46:34","guid":{"rendered":"https:\/\/euroconsum.eu\/?page_id=1151"},"modified":"2023-04-09T08:03:32","modified_gmt":"2023-04-09T06:03:32","slug":"1151-2","status":"publish","type":"page","link":"https:\/\/euroconsum.eu\/fr\/1151-2\/","title":{"rendered":"Conf\u00e9rences, \u00e9v\u00e9nements, publications"},"content":{"rendered":"<h1 class=\"wp-block-heading\">Publications<\/h1>\n\n\n\n<p>Une option de filtrage est disponible pour ce type de contenu :&nbsp;<a href=\"https:\/\/euroconsum.eu\/fr\/publication\/\">Filtrer les publications par th\u00e8me<\/a>.<a href=\"https:\/\/euroconsum.eu\/fr\/publication\/transparenz\/\">Rapport de transparence<\/a><a href=\"https:\/\/euroconsum.eu\/fr\/publication\/transparenz\/\">Rapport sur les dons et la transparence<\/a><\/p>\n\n\n\n<figure class=\"wp-block-image\"><a href=\"https:\/\/euroconsum.eu\/fr\/publication\/transparenz\/\"><img decoding=\"async\" src=\"https:\/\/euroconsum.eu\/de\/publication\/transparenz\/featured_hu706c2842d527792b38d4486eb4fc153a_575496_150x0_resize_q100_lanczos.jpg\" alt=\"Transparenzbericht\"\/><\/a><\/figure>\n\n\n\n<p><a href=\"https:\/\/euroconsum.eu\/fr\/publication\/erfolge-homoepathie\/\">Comment expliquer les \"succ\u00e8s\" de l'hom\u00e9opathie ?<\/a><a href=\"https:\/\/euroconsum.eu\/fr\/publication\/erfolge-homoepathie\/\">On parle beaucoup des \"succ\u00e8s\" de l'hom\u00e9opathie, et souvent, pour justifier la m\u00e9thode, on ajoute la phrase affirmative \"qui gu\u00e9rit a raison\". Souvent, le commentaire suivant est ajout\u00e9 : \"Nous ne savons pas comment cela fonctionne, mais nous voyons que cela fonctionne !<\/a><\/p>\n\n\n\n<figure class=\"wp-block-image\"><a href=\"https:\/\/euroconsum.eu\/fr\/publication\/erfolge-homoepathie\/\"><img decoding=\"async\" src=\"https:\/\/euroconsum.eu\/de\/publication\/erfolge-homoepathie\/featured_hu5d926b49cab28cd204d30624a6b4bf4c_1453662_150x0_resize_q100_lanczos.jpg\" alt=\"Wie sind die &quot;Erfolge&quot; der Hom\u00f6pathie zu erkl\u00e4ren?\"\/><\/a><\/figure>\n\n\n\n<p><a href=\"https:\/\/euroconsum.eu\/fr\/publication\/warum-homoeopathie-populaer\/\">Pourquoi l'hom\u00e9opathie est-elle si populaire ?<\/a><a href=\"https:\/\/euroconsum.eu\/fr\/publication\/warum-homoeopathie-populaer\/\">Il y a plusieurs raisons \u00e0 cela. L'hom\u00e9opathie \u00e9tait certes un progr\u00e8s \u00e0 l'\u00e9poque d'Hahnemann (il l'a d\u00e9velopp\u00e9e \u00e0 partir de 1796 jusqu'\u00e0 sa mort en 1843), mais elle \u00e9tait bien s\u00fbr d\u00e9j\u00e0 fausse \u00e0 l'\u00e9poque. Les m\u00e9thodes utilis\u00e9es \u00e0 l'\u00e9poque par la plupart des m\u00e9decins \u00e9taient brutales et affaiblissaient les patients, parfois jusqu'\u00e0 la mort.<\/a><\/p>\n\n\n\n<figure class=\"wp-block-image\"><a href=\"https:\/\/euroconsum.eu\/fr\/publication\/warum-homoeopathie-populaer\/\"><img decoding=\"async\" src=\"https:\/\/euroconsum.eu\/de\/publication\/warum-homoeopathie-populaer\/featured_hu5f01d06f764da66c6a4af34ece277408_1688627_150x0_resize_q100_lanczos.jpg\" alt=\"Warum ist Hom\u00f6opathie so popul\u00e4r?\"\/><\/a><\/figure>\n\n\n\n<p><a href=\"https:\/\/euroconsum.eu\/fr\/publication\/homoeopathische-impfung\/\">Qu'est-ce qu'un \"vaccin hom\u00e9opathique\" ?<\/a><a href=\"https:\/\/euroconsum.eu\/fr\/publication\/homoeopathische-impfung\/\">Les hom\u00e9opathes et les d\u00e9fenseurs de l'hom\u00e9opathie pr\u00e9tendent que leur grand-p\u00e8re Hahnemann a quasiment invent\u00e9 la vaccination et qu'on vaccine aussi avec l'hom\u00e9opathie. Ils s'appuient sur le principe hahnemannien de base du Similia similibus curentur, le semblable gu\u00e9rit le semblable. C'est exactement ce qui se passe avec la vaccination - on administre des composants de l'agent pathog\u00e8ne qui provoque la maladie contre laquelle on vaccine.<\/a><\/p>\n\n\n\n<figure class=\"wp-block-image\"><a href=\"https:\/\/euroconsum.eu\/fr\/publication\/homoeopathische-impfung\/\"><img decoding=\"async\" src=\"https:\/\/euroconsum.eu\/de\/publication\/homoeopathische-impfung\/featured_hu7f5ea5061939d96a9de257e9aa3ea962_1045660_150x0_resize_q100_lanczos.jpg\" alt=\"Was ist eine &quot;Hom\u00f6opathische Impfung&quot;?\"\/><\/a><\/figure>\n\n\n\n<p><a href=\"https:\/\/euroconsum.eu\/fr\/publication\/homoeopathie-schaden\/\">L'hom\u00e9opathie peut-elle faire du mal ?<\/a><a href=\"https:\/\/euroconsum.eu\/fr\/publication\/homoeopathie-schaden\/\">La r\u00e9ponse est clairement oui. Pas directement en prenant les globules, qui contiennent soit beaucoup trop peu, soit pas du tout de substance active pour que l'organisme r\u00e9agisse, et qui peuvent donc \u00eatre consid\u00e9r\u00e9s sans crainte comme du pur sucre. Comme pour toutes les m\u00e9thodes pseudo-m\u00e9dicales, le danger pour les utilisateurs de l'hom\u00e9opathie r\u00e9side dans la possibilit\u00e9 de retarder ou m\u00eame d'emp\u00eacher une aide m\u00e9dicale sp\u00e9cialis\u00e9e en temps voulu.<\/a><\/p>\n\n\n\n<figure class=\"wp-block-image\"><a href=\"https:\/\/euroconsum.eu\/fr\/publication\/homoeopathie-schaden\/\"><img decoding=\"async\" src=\"https:\/\/euroconsum.eu\/de\/publication\/homoeopathie-schaden\/featured_hu2fdb171626ca22370c9c50f20616d677_769041_150x0_resize_q100_lanczos.jpg\" alt=\"Kann Hom\u00f6opathie schaden?\"\/><\/a><\/figure>\n\n\n\n<p><a href=\"https:\/\/euroconsum.eu\/fr\/publication\/\">AUTRES PUBLICATIONS&nbsp;<\/a><\/p>\n\n\n\n<h1 class=\"wp-block-heading\">Conf\u00e9rences et \u00e9v\u00e9nements<\/h1>\n\n\n\n<p><a href=\"https:\/\/euroconsum.eu\/fr\/talk\/big-data-evidenz-wissenschaftliche-praxis\/\">Pratique scientifique et preuves vs. big data et intelligence artificielle ?<\/a><a href=\"https:\/\/euroconsum.eu\/fr\/talk\/big-data-evidenz-wissenschaftliche-praxis\/\">Bonnes pratiques scientifiques et preuves versus Big Data et intelligence artificielle - partenaires ou adversaires ?<\/a><a href=\"https:\/\/euroconsum.eu\/fr\/author\/urs\/\">Urs<\/a>juin 1, 2020<a href=\"https:\/\/www.skepkon.org\/images\/PDF-Abstracts\/Evidenz_vs._Big_Data.pdf\" target=\"_blank\" rel=\"noreferrer noopener\">PDF<\/a><a href=\"https:\/\/www.skepkon.org\/images\/PDF-Abstracts\/Evidenz_vs._Big_Data.pdf\" target=\"_blank\" rel=\"noreferrer noopener\">Transparents<\/a><a href=\"https:\/\/www.youtube.com\/watch?v=U8vBWQr3tLs\" target=\"_blank\" rel=\"noreferrer noopener\">Vid\u00e9o<\/a><\/p>\n\n\n\n<figure class=\"wp-block-image\"><a href=\"https:\/\/euroconsum.eu\/fr\/talk\/big-data-evidenz-wissenschaftliche-praxis\/\"><img decoding=\"async\" src=\"https:\/\/euroconsum.eu\/de\/talk\/big-data-evidenz-wissenschaftliche-praxis\/featured_hu4ff0a919cfd472561f7d6b41c170a5e0_397344_150x0_resize_q100_lanczos.jpg\" alt=\"Wissenschaftliche Praxis und Evidenz vs. Big Data und K\u00fcnstliche Intelligenz?\"\/><\/a><\/figure>\n\n\n\n<p><a href=\"https:\/\/euroconsum.eu\/fr\/talk\/futterverschwoerung\/\">La conspiration de l'alimentation - Tendances dans l'alimentation des chiens et des chats<\/a><a href=\"https:\/\/euroconsum.eu\/fr\/talk\/futterverschwoerung\/\">Une alimentation saine pour les animaux de compagnie est un sujet \u00e0 la mode. Qu'est-ce qui est important, qu'est-ce qui est hype, qu'est-ce qui est bullshit<\/a><a href=\"https:\/\/euroconsum.eu\/fr\/author\/dr.-stefanie-handl\/\">Dr. Stefanie Handl<\/a>juin 1, 2019<a href=\"https:\/\/www.youtube.com\/watch?v=L3yUwCvniVY\" target=\"_blank\" rel=\"noreferrer noopener\">Vid\u00e9o<\/a><a href=\"https:\/\/twitter.com\/skepkon\" target=\"_blank\" rel=\"noreferrer noopener\">&nbsp;Suis Skepkon<\/a><\/p>\n\n\n\n<figure class=\"wp-block-image\"><a href=\"https:\/\/euroconsum.eu\/fr\/talk\/futterverschwoerung\/\"><img decoding=\"async\" src=\"https:\/\/euroconsum.eu\/de\/talk\/futterverschwoerung\/featured_hu9b5622fa2b67805f5e8d345621d58df3_171651_150x0_resize_q100_lanczos.jpg\" alt=\"Die Futterverschw\u00f6rung - Trends in der Ern\u00e4hrung von Hunden und Katzen\"\/><\/a><\/figure>\n\n\n\n<p><a href=\"https:\/\/euroconsum.eu\/fr\/talk\/geschichte-kurpfuscherei\/\">L'histoire de la cure en Allemagne<\/a><a href=\"https:\/\/euroconsum.eu\/fr\/talk\/geschichte-kurpfuscherei\/\">En 1869, l'interdiction de la m\u00e9decine curative a \u00e9t\u00e9 lev\u00e9e. La conf\u00e9rence met en lumi\u00e8re les \u00e9tapes essentielles de la m\u00e9decine non professionnelle et les probl\u00e8mes actuels.<\/a>May 31, 2019<a href=\"https:\/\/www.youtube.com\/watch?v=WQBFMMtDC1c\" target=\"_blank\" rel=\"noreferrer noopener\">Vid\u00e9o<\/a><\/p>\n\n\n\n<figure class=\"wp-block-image\"><a href=\"https:\/\/euroconsum.eu\/fr\/talk\/geschichte-kurpfuscherei\/\"><img decoding=\"async\" src=\"https:\/\/euroconsum.eu\/de\/talk\/geschichte-kurpfuscherei\/featured_hu4b4f272db0609987f341892200770db4_296516_150x0_resize_q100_lanczos.jpg\" alt=\"Die Geschichte der Kurpfuscherei in Deutschland\"\/><\/a><\/figure>\n\n\n\n<h1 class=\"wp-block-heading\">En point de mire<\/h1>\n\n\n\n<p>07.02.2021&nbsp;&nbsp;&nbsp;<a href=\"https:\/\/euroconsum.eu\/fr\/category\/diversitat\/\">Diversit\u00e9<\/a><a href=\"https:\/\/euroconsum.eu\/fr\/publication\/diversitaet-und-konsum\/\"><\/a><a href=\"https:\/\/euroconsum.eu\/fr\/publication\/diversitaet-und-konsum\/\">Des nuances plut\u00f4t que des mod\u00e8les<\/a><a href=\"https:\/\/euroconsum.eu\/fr\/publication\/diversitaet-und-konsum\/\">Notre exigence en mati\u00e8re de protection des consommateurs est d'inclure toutes les perspectives.<\/a><a href=\"https:\/\/euroconsum.eu\/fr\/project\/diversitaet-und-konsum\/\">Projet<\/a><\/p>","protected":false},"excerpt":{"rendered":"<p>Publications Une option de filtrage est disponible pour ce type de contenu : Filtrer les publications par th\u00e8me.Rapport de transparenceRapport sur les dons et la transparence Comment expliquer les \"succ\u00e8s\" de l'hom\u00e9opathie?On parle beaucoup des \"succ\u00e8s\" de l'hom\u00e9opathie, et souvent, pour justifier la m\u00e9thode, on ajoute ensuite la phrase affirmative \"Qui gu\u00e9rit a raison\". Souvent, le commentaire suivant est ajout\u00e9 : \"Nous ne savons pas comment [...].<\/p>","protected":false},"author":1,"featured_media":0,"parent":0,"menu_order":0,"comment_status":"closed","ping_status":"closed","template":"","meta":{"footnotes":""},"class_list":["post-1151","page","type-page","status-publish","hentry"],"_links":{"self":[{"href":"https:\/\/euroconsum.eu\/fr\/wp-json\/wp\/v2\/pages\/1151","targetHints":{"allow":["GET"]}}],"collection":[{"href":"https:\/\/euroconsum.eu\/fr\/wp-json\/wp\/v2\/pages"}],"about":[{"href":"https:\/\/euroconsum.eu\/fr\/wp-json\/wp\/v2\/types\/page"}],"author":[{"embeddable":true,"href":"https:\/\/euroconsum.eu\/fr\/wp-json\/wp\/v2\/users\/1"}],"replies":[{"embeddable":true,"href":"https:\/\/euroconsum.eu\/fr\/wp-json\/wp\/v2\/comments?post=1151"}],"version-history":[{"count":10,"href":"https:\/\/euroconsum.eu\/fr\/wp-json\/wp\/v2\/pages\/1151\/revisions"}],"predecessor-version":[{"id":3565,"href":"https:\/\/euroconsum.eu\/fr\/wp-json\/wp\/v2\/pages\/1151\/revisions\/3565"}],"wp:attachment":[{"href":"https:\/\/euroconsum.eu\/fr\/wp-json\/wp\/v2\/media?parent=1151"}],"curies":[{"name":"wp","href":"https:\/\/api.w.org\/{rel}","templated":true}]}}