{"id":1129,"date":"2021-01-25T19:57:00","date_gmt":"2021-01-25T18:57:00","guid":{"rendered":"https:\/\/euroconsum.eu\/?page_id=1129"},"modified":"2022-06-14T23:40:13","modified_gmt":"2022-06-14T21:40:13","slug":"marktwaecherin-psychomarkt","status":"publish","type":"page","link":"https:\/\/euroconsum.eu\/fr\/marktwaecherin-psychomarkt\/","title":{"rendered":"Laveuse de march\u00e9 psychique"},"content":{"rendered":"<div data-elementor-type=\"wp-page\" data-elementor-id=\"1129\" class=\"elementor elementor-1129\" data-elementor-post-type=\"page\">\n\t\t\t\t\t\t<section class=\"elementor-section elementor-top-section elementor-element elementor-element-2b2226c9 elementor-section-boxed elementor-section-height-default elementor-section-height-default\" data-id=\"2b2226c9\" data-element_type=\"section\" data-e-type=\"section\">\n\t\t\t\t\t\t<div class=\"elementor-container elementor-column-gap-default\">\n\t\t\t\t\t<div class=\"elementor-column elementor-col-100 elementor-top-column elementor-element elementor-element-111ce350\" data-id=\"111ce350\" data-element_type=\"column\" data-e-type=\"column\">\n\t\t\t<div class=\"elementor-widget-wrap elementor-element-populated\">\n\t\t\t\t\t\t<div class=\"elementor-element elementor-element-2532b01c elementor-widget elementor-widget-text-editor\" data-id=\"2532b01c\" data-element_type=\"widget\" data-e-type=\"widget\" data-widget_type=\"text-editor.default\">\n\t\t\t\t<div class=\"elementor-widget-container\">\n\t\t\t\t\t\t\t\t\t<p><\/p>\n<h1 class=\"wp-block-heading\">&nbsp;<\/h1>\n<p><\/p>\n<p><\/p>\n<figure class=\"wp-block-image size-full\"><img fetchpriority=\"high\" decoding=\"async\" width=\"720\" height=\"407\" class=\"wp-image-1710\" src=\"https:\/\/euroconsum.eu\/wp-content\/uploads\/2022\/03\/Bild_2022-03-12_125344.png\" alt=\"\"><\/figure>\n<p><\/p>\n<p><\/p>\n<h2 class=\"wp-block-heading\" id=\"der-psychomarkt\">Le march\u00e9 de la psychologie<\/h2>\n<p><\/p>\n<p><\/p>\n<h3 class=\"wp-block-heading\" id=\"-ist-ein-aneingnungsprinzip\">... suit le principe d'appropriation<\/h3>\n<p><\/p>\n<p><\/p>\n<p>Le terme de march\u00e9 de la psychologie d\u00e9signe une diversit\u00e9 inextricable d'offres de services psychologiques et psychoth\u00e9rapeutiques souvent douteux. Ces&nbsp;<strong>les services pseudo-th\u00e9rapeutiques<\/strong>&nbsp;viennent en tant que<\/p>\n<p><\/p>\n<p><\/p>\n<ul class=\"wp-block-list\">\n<li>diagnostics psychologiques,<\/li>\n<li>Conseils de vie et aide \u00e0 la vie,<\/li>\n<li>D\u00e9veloppement personnel,<\/li>\n<li>Les psychoth\u00e9rapies, mais aussi<\/li>\n<li>comme solution technique<\/li>\n<\/ul>\n<p><\/p>\n<p><\/p>\n<p>et cherchent d\u00e9lib\u00e9r\u00e9ment \u00e0 se rapprocher de la terminologie \u00e9tablie et des proc\u00e9dures bas\u00e9es sur des preuves (s'approprient ses termes, ses contextes sociaux et ses contenus associ\u00e9s). Le terme d'aide \u00e0 la vie, par exemple, a \u00e9t\u00e9 fa\u00e7onn\u00e9 depuis longtemps par les mouvements d'empowerment du domaine des droits des personnes handicap\u00e9es. Par le biais d'une appropriation ali\u00e9nante des termes, typique de ce milieu, les fournisseurs du march\u00e9 de la psychologie s'appuient sur cette terminologie. Par exemple, adviqo AG utilise \u00e9galement les \u00e9tiquettes \"aide \u00e0 la vie\", \"conseil de vie\" ou \"r\u00e9ponses aux questions de vie\" pour des offres commerciales dans le domaine de la \"voyance\" et de \"l'astrologie\".<\/p>\n<p><\/p>\n<p><\/p>\n<h3 class=\"wp-block-heading\" id=\"-funktioniert-durch-t\u00e4uschen-einfangen-und-ausnehmen\">... fonctionne par tromperie, capture et \u00e9visc\u00e9ration<\/h3>\n<p><\/p>\n<p><\/p>\n<p>Une autre caract\u00e9ristique de l'offre du march\u00e9 de la sant\u00e9 mentale est le fait de jouer avec les r\u00e9cits de conspiration selon lesquels, par exemple, \"l'industrie pharmaceutique\" r\u00e9prime une th\u00e9rapie soi-disant r\u00e9volutionnaire. Sous couvert d'\u00eatre une \"alternative\", les offres se pr\u00e9sentent comme un underdog ou un outsider de premier plan. Les clients int\u00e9ress\u00e9s sont ensuite int\u00e9gr\u00e9s le plus rapidement possible dans la distribution.<\/p>\n<p><\/p>\n<p><\/p>\n<p>Comme dans le&nbsp;<strong>Marketing multi-niveaux<\/strong>&nbsp;Les syst\u00e8mes de vente sont \u00e9tablis en tr\u00e8s peu de temps. Pour cela, on utilise g\u00e9n\u00e9ralement un r\u00e9cit positif qui fait du client le h\u00e9ros d'une histoire. C'est particuli\u00e8rement perfide lorsque les clientes tromp\u00e9es et captur\u00e9es doivent financer elles-m\u00eames leur int\u00e9gration dans le mod\u00e8le de distribution, par exemple en obtenant des \"dipl\u00f4mes\" ou des \"certificats\" d'instituts autoproclam\u00e9s. Souvent, on sugg\u00e8re un \"mod\u00e8le d'ascension\" qui est cens\u00e9 \u00eatre financ\u00e9 par le fait que l'on commence \u00e0 gagner de l'argent avant m\u00eame d'avoir termin\u00e9 la \"qualification\" (<em>\"gagner au fur et \u00e0 mesure que tu apprends\"<\/em>).<\/p>\n<p><\/p>\n<p><\/p>\n<p>Cette \"chute dans le terrier du lapin\", comme l'a appel\u00e9 une fois une personne concern\u00e9e, commence souvent par la question perfide de savoir si l'on ne veut pas faire quelque chose de bien pour sa famille ou d'autres personnes. Apr\u00e8s tout, on a d\u00e9j\u00e0 fait l'exp\u00e9rience de la soi-disant qualit\u00e9 du produit. Peu de personnes peuvent facilement se distancer de telles pratiques, car nous avons tous tendance \u00e0 nous consid\u00e9rer comme les h\u00e9ros de notre propre histoire. Bien s\u00fbr, nous voulons tous \u00eatre du c\u00f4t\u00e9 du bien. Bien s\u00fbr que nous voulons tous aider. Et le fait que l'on puisse gagner de l'argent en aidant n'est pas un probl\u00e8me.<\/p>\n<p><\/p>\n<p><\/p>\n<p>Il est \u00e9galement typique que l'on utilise souvent des arguments d'autorit\u00e9. Ainsi, les marques d\u00e9pos\u00e9es ou les termes prot\u00e9g\u00e9s sont souvent utilis\u00e9s pour donner l'impression qu'ils sont li\u00e9s \u00e0 une preuve d'efficacit\u00e9, ce qui n'est pas le cas. Le march\u00e9 de la psychologie aime aussi utiliser des titres universitaires achet\u00e9s.<\/p>\n<p><\/p>\n<p><\/p>\n<h3 class=\"wp-block-heading\" id=\"-kreiert-vielfaches-vicitm-blaming-und-zu-re-traumatisierung\">... cr\u00e9e de nombreux blasph\u00e8mes de victimes et conduit \u00e0 un re-traumatisme.<\/h3>\n<p><\/p>\n<p><\/p>\n<p>Typique du march\u00e9 de la psychologie est un&nbsp;<strong>Jouer avec l'espoir, la curiosit\u00e9, la culpabilit\u00e9<\/strong>&nbsp;et&nbsp;<strong>La honte<\/strong>&nbsp;Les personnes concern\u00e9es. De cette mani\u00e8re, on cr\u00e9e d'une part un acc\u00e8s \u00e0 la cliente, et d'autre part, les pratiques peu s\u00e9rieuses restent longtemps cach\u00e9es, car les personnes l\u00e9s\u00e9es ne cherchent pas \u00e0 \u00e9tablir un contact avec l'ext\u00e9rieur, par honte et col\u00e8re face \u00e0 leur propre cr\u00e9dulit\u00e9 pr\u00e9sum\u00e9e. Ce qui est particuli\u00e8rement perfide, c'est que plus le dommage est important, plus la honte est grande.<\/p>\n<p><\/p>\n<p><\/p>\n<p>Il n'est pas rare que cela s'accompagne d'exp\u00e9riences r\u00e9elles et n\u00e9gatives avec les procureurs et les autorit\u00e9s polici\u00e8res. De nombreux entretiens nous ont appris que les personnes l\u00e9s\u00e9es qui s'adressent aux services publics re\u00e7oivent souvent de leur part des moqueries et des railleries plut\u00f4t que de la compr\u00e9hension et de l'empathie. Cela conduit parfois \u00e0 de graves exp\u00e9riences de retraumatisation.<\/p>\n<p><\/p>\n<p><\/p>\n<h3 class=\"wp-block-heading\" id=\"-ist-extrem-unreguliert-extrem-lukrativ\">... est extr\u00eamement non r\u00e9glement\u00e9, tout en \u00e9tant extr\u00eamement lucratif<\/h3>\n<p><\/p>\n<p><\/p>\n<p>Le march\u00e9 de la sant\u00e9 mentale n'est pas seulement un panoptique anthropologique, c'est avant tout un march\u00e9, et un march\u00e9 largement non r\u00e9glement\u00e9. Le march\u00e9 de la psychologie est un secteur extr\u00eamement commercialis\u00e9. En Allemagne, le chiffre d'affaires annuel est estim\u00e9 entre 5 et 10 milliards d'euros, selon la d\u00e9finition. En 2011, le nombre de fournisseurs de traitements psychologiques \u00e9sot\u00e9riques et alternatifs en Allemagne a \u00e9t\u00e9 estim\u00e9 entre 10 000 et 20 000, selon le magazine \"Zeit\".<\/p>\n<p><\/p>\n<p><\/p>\n<p>Pour l'ann\u00e9e 2020, nous pensons que le nombre d'acteurs n'a plus beaucoup augment\u00e9, mais que le chiffre d'affaires et les b\u00e9n\u00e9fices ont consid\u00e9rablement augment\u00e9 suite \u00e0 la professionnalisation du march\u00e9. Notre estimation pour 2020, bas\u00e9e sur les observations de 2018 et 2019, situe le march\u00e9 \u00e0 environ&nbsp;<strong>30 milliards d'euros<\/strong>&nbsp;dans l'espace germanophone, environ 20 000 fournisseurs, dont environ 5 % (1 000 acteurs) devraient toutefois r\u00e9aliser environ 85% du chiffre d'affaires. Ces 1.000 acteurs principaux repr\u00e9sentent donc chacun environ 250 millions d'euros ... par an.<\/p>\n<p><\/p>\n<p><\/p>\n<h2 class=\"wp-block-heading\" id=\"unsere-arbeit\">Notre travail<\/h2>\n<p><\/p>\n<p><\/p>\n<p>Nous&nbsp;<strong>conseillent les personnes concern\u00e9es<\/strong>&nbsp;et leurs proches et travaillent avec&nbsp;<strong>Groupes d'entraide<\/strong>&nbsp;Nous les soutenons de mani\u00e8re professionnelle. Nous recueillons \u00e9galement des rapports de personnes concern\u00e9es et \u00e9tablissons ainsi des profils d'activit\u00e9 et d'action. Dans la mesure du possible, nous intentons une action en justice contre les violations de la loi, si elles sont tangibles. Nous utilisons \u00e9galement un r\u00e9seau d'acheteurs et de clients tests pour analyser de l'int\u00e9rieur les structures de vente typiques du milieu.<\/p>\n<p><\/p>\n<p><\/p>\n<p>De plus, nous accompagnons les personnes concern\u00e9es qui veulent se battre pour leur droit, en&nbsp;<strong>Accompagnement et conseil en mati\u00e8re de proc\u00e9dures<\/strong>De la d\u00e9nonciation \u00e0 la participation aux proc\u00e9dures judiciaires.<\/p>\n<p>Dans le cadre de plusieurs proc\u00e8s de grande envergure, de nombreuses d\u00e9cisions ont \u00e9t\u00e9 prises sur la base de notre travail.&nbsp;<strong>Proc\u00e9dure p\u00e9nale en mati\u00e8re fiscale<\/strong>&nbsp;initi\u00e9.<\/p>\n<p>Pour cela, nous maintenons une vaste collection de tissus, y compris une grande biblioth\u00e8que sur de nombreuses offres du march\u00e9. Depuis 2016, nous construisons une exposition de produits inefficaces sous le nom de&nbsp;<strong>Titre provisoire \"Bullshit for Sale\".<\/strong>&nbsp;(nous appr\u00e9cions les envois de produits inefficaces).<\/p><p><br><\/p>\n<p><\/p>\n<p><\/p>\n<h5 class=\"has-text-align-center wp-block-heading\"><br><\/h5>\n<p><\/p>\t\t\t\t\t\t\t\t<\/div>\n\t\t\t\t<\/div>\n\t\t\t\t\t<\/div>\n\t\t<\/div>\n\t\t\t\t\t<\/div>\n\t\t<\/section>\n\t\t\t\t<\/div>","protected":false},"excerpt":{"rendered":"<p>&nbsp; Le march\u00e9 de la psychologie ... suit le principe d'appropriation Le terme de march\u00e9 de la psychologie d\u00e9signe une vari\u00e9t\u00e9 incalculable d'offres de services psychologiques et psychoth\u00e9rapeutiques souvent douteux. Ces services pseudo-th\u00e9rapeutiques se pr\u00e9sentent sous la forme de diagnostics psychologiques, de conseils et d'aide \u00e0 la vie, de d\u00e9veloppement personnel, de psychoth\u00e9rapies, mais aussi de solutions techniques, et cherchent d\u00e9lib\u00e9r\u00e9ment \u00e0 se rapprocher des notions \u00e9tablies et des proc\u00e9dures bas\u00e9es sur les preuves (s'approprient-elles les termes de celles-ci, les contextes sociaux [...]) ?<\/p>","protected":false},"author":1,"featured_media":0,"parent":0,"menu_order":0,"comment_status":"closed","ping_status":"closed","template":"","meta":{"footnotes":""},"class_list":["post-1129","page","type-page","status-publish","hentry"],"_links":{"self":[{"href":"https:\/\/euroconsum.eu\/fr\/wp-json\/wp\/v2\/pages\/1129","targetHints":{"allow":["GET"]}}],"collection":[{"href":"https:\/\/euroconsum.eu\/fr\/wp-json\/wp\/v2\/pages"}],"about":[{"href":"https:\/\/euroconsum.eu\/fr\/wp-json\/wp\/v2\/types\/page"}],"author":[{"embeddable":true,"href":"https:\/\/euroconsum.eu\/fr\/wp-json\/wp\/v2\/users\/1"}],"replies":[{"embeddable":true,"href":"https:\/\/euroconsum.eu\/fr\/wp-json\/wp\/v2\/comments?post=1129"}],"version-history":[{"count":10,"href":"https:\/\/euroconsum.eu\/fr\/wp-json\/wp\/v2\/pages\/1129\/revisions"}],"predecessor-version":[{"id":2755,"href":"https:\/\/euroconsum.eu\/fr\/wp-json\/wp\/v2\/pages\/1129\/revisions\/2755"}],"wp:attachment":[{"href":"https:\/\/euroconsum.eu\/fr\/wp-json\/wp\/v2\/media?parent=1129"}],"curies":[{"name":"wp","href":"https:\/\/api.w.org\/{rel}","templated":true}]}}