{"id":1123,"date":"2022-03-08T20:58:30","date_gmt":"2022-03-08T19:58:30","guid":{"rendered":"https:\/\/euroconsum.eu\/?p=1123"},"modified":"2023-04-09T08:03:34","modified_gmt":"2023-04-09T06:03:34","slug":"diversitaet-und-konsum","status":"publish","type":"page","link":"https:\/\/euroconsum.eu\/fr\/diversitaet-und-konsum\/","title":{"rendered":""},"content":{"rendered":"<div data-elementor-type=\"wp-page\" data-elementor-id=\"1123\" class=\"elementor elementor-1123\" data-elementor-post-type=\"page\">\n\t\t\t\t\t\t<section class=\"elementor-section elementor-top-section elementor-element elementor-element-09d58c5 elementor-section-boxed elementor-section-height-default elementor-section-height-default\" data-id=\"09d58c5\" data-element_type=\"section\" data-e-type=\"section\">\n\t\t\t\t\t\t<div class=\"elementor-container elementor-column-gap-default\">\n\t\t\t\t\t<div class=\"elementor-column elementor-col-100 elementor-top-column elementor-element elementor-element-fc298c5\" data-id=\"fc298c5\" data-element_type=\"column\" data-e-type=\"column\">\n\t\t\t<div class=\"elementor-widget-wrap elementor-element-populated\">\n\t\t\t\t\t\t<div class=\"elementor-element elementor-element-481dff7 elementor-widget elementor-widget-heading\" data-id=\"481dff7\" data-element_type=\"widget\" data-e-type=\"widget\" data-widget_type=\"heading.default\">\n\t\t\t\t<div class=\"elementor-widget-container\">\n\t\t\t\t\t<h2 class=\"elementor-heading-title elementor-size-xl\">Diversit\u00e9 et consommation<\/h2>\t\t\t\t<\/div>\n\t\t\t\t<\/div>\n\t\t\t\t\t<\/div>\n\t\t<\/div>\n\t\t\t\t\t<\/div>\n\t\t<\/section>\n\t\t\t\t<section class=\"elementor-section elementor-top-section elementor-element elementor-element-2bf89da0 elementor-section-boxed elementor-section-height-default elementor-section-height-default\" data-id=\"2bf89da0\" data-element_type=\"section\" data-e-type=\"section\">\n\t\t\t\t\t\t<div class=\"elementor-container elementor-column-gap-default\">\n\t\t\t\t\t<div class=\"elementor-column elementor-col-100 elementor-top-column elementor-element elementor-element-2f9ced4f\" data-id=\"2f9ced4f\" data-element_type=\"column\" data-e-type=\"column\">\n\t\t\t<div class=\"elementor-widget-wrap elementor-element-populated\">\n\t\t\t\t\t\t<div class=\"elementor-element elementor-element-4ff6602c elementor-widget elementor-widget-text-editor\" data-id=\"4ff6602c\" data-element_type=\"widget\" data-e-type=\"widget\" data-widget_type=\"text-editor.default\">\n\t\t\t\t<div class=\"elementor-widget-container\">\n\t\t\t\t\t\t\t\t\t<p><\/p>\n<p><img decoding=\"async\" style=\"color: var( --e-global-color-text ); letter-spacing: 0px; background-color: var( --e-global-color-1b77cfb );\" src=\"https:\/\/euroconsum.eu\/de\/project\/diversitaet-und-konsum\/featured_huc048fedf0d7535d5633c2478958f2a05_2846947_720x0_resize_q100_lanczos.jpg\" alt=\"\" \/><\/p>\n<p><\/p>\n<p><\/p>\n<h2 class=\"wp-block-heading\" id=\"es-gibt-einiges-zu-besprechen\">Il y a des choses \u00e0 discuter<\/h2>\n<p><\/p>\n<p><\/p>\n<p>En juin 2019, Walter L\u00fcbcke a \u00e9t\u00e9 victime d'assassins racistes. L'incident nous a fortement \u00e9mus : son si\u00e8ge au gouvernement de Kassel se trouvait \u00e0 moins de 600 m\u00e8tres des locaux de notre d\u00e9partement de proc\u00e8s. Certains de nos collaborateurs le connaissaient personnellement, certains ont travaill\u00e9 au RP Kassel ou y ont suivi leur formation juridique. Certains le connaissaient en tant que politicien local dans le nord de la Hesse. L'un de nos membres \u00e9tait pr\u00e9sent \u00e0 l'assembl\u00e9e citoyenne du 14 octobre 2015 \u00e0 Lohfelden, qui a ensuite \u00e9t\u00e9 instrumentalis\u00e9e par des personnes issues de milieux racistes et d\u00e9lib\u00e9r\u00e9ment perturb\u00e9e par des insultes. Imm\u00e9diatement apr\u00e8s la r\u00e9union, des partisans du spectre local de Pegida ont diffus\u00e9 une courte vid\u00e9o des d\u00e9clarations finales de L\u00fcbcke sur YouTube et Facebook, mais qui omettait les insultes pr\u00e9c\u00e9dentes.<\/p>\n<p><\/p>\n<p><\/p>\n<p>Le 1er juin 2019, sur une terrasse \u00e0 la p\u00e9riph\u00e9rie d'Istha, Walter L\u00fcbcke, un homme politique, un mari et un p\u00e8re, est mort sous les balles de racistes. Cette tuerie n'\u00e9tait pas un hasard, ni une force de la nature. Walter L\u00fcbcke est mort parce qu'il avait pris position pour l'ordre fondamental lib\u00e9ral et d\u00e9mocratique de la R\u00e9publique f\u00e9d\u00e9rale d'Allemagne. Nos coll\u00e8gues de Kassel ont particip\u00e9 \u00e0 la c\u00e9r\u00e9monie fun\u00e9raire devant la pr\u00e9sidence du gouvernement de Kassel, Steinweg, en compagnie d'anciens coll\u00e8gues et de plusieurs membres, et bien que nous n'ayons pas \u00e9t\u00e9 directement touch\u00e9s nous-m\u00eames, nos coll\u00e8gues ont mis du temps \u00e0 situer l'\u00e9v\u00e9nement personnellement.<\/p>\n<p><\/p>\n<p><\/p>\n<p>Se souvenir, c'est - comme l'a dit Richard von Weizs\u00e4cker - se souvenir d'un \u00e9v\u00e9nement avec tant de sinc\u00e9rit\u00e9 et de puret\u00e9 qu'il devient une partie de son propre int\u00e9rieur. Selon von Weizs\u00e4cker, cela exige beaucoup de notre sinc\u00e9rit\u00e9. Dans un processus qui a dur\u00e9 plus d'un an et qui n'est pas encore termin\u00e9, nous nous sommes demand\u00e9 ce que l'\u00e9v\u00e9nement signifiait pour nous et notre travail.<\/p>\n<p><\/p>\n<p><\/p>\n<h2 class=\"wp-block-heading\" id=\"zwischent\u00f6ne-statt-schablonen\">\"Des nuances plut\u00f4t que des sch\u00e9mas\".<\/h2>\n<p><\/p>\n<p><\/p>\n<p>Dans le cadre du\u00a0<a href=\"https:\/\/euroconsum.eu\/fr\/zwischentoene-statt-schablonen\/\">Papier \"Des nuances au lieu de pochoirs\".<\/a>\u00a0nous nous sommes demand\u00e9, au cours de l'ann\u00e9e 2020, si notre conception de la protection des consommateurs \u00e9tait toujours d'actualit\u00e9.<\/p>\n<p><\/p>\n<p><\/p>\n<ul class=\"wp-block-list\">\n<li>Notre conception de la protection des consommateurs est-elle adapt\u00e9e \u00e0 notre \u00e9poque ?<\/li>\n<li>Est-ce que nous repr\u00e9sentons correctement les int\u00e9r\u00eats et les perspectives des personnes et des groupes marginalis\u00e9s ?<\/li>\n<li>Quelle est la relation entre le racisme et l'exclusion et la protection des consommateurs ?<\/li>\n<\/ul>\n<p><\/p>\n<p><\/p>\n<p>Ce processus nous a permis de prendre conscience de certaines choses :<\/p>\n<p><\/p>\n<p><\/p>\n<ol class=\"wp-block-list\">\n<li>Nous ne pr\u00e9tendrions plus \u00e0 l'avenir vouloir parler au nom de tous les consommateurs sans distinction, car cela nous emp\u00eacherait de nous d\u00e9marquer des opinions et des motivations racistes, sexistes, homophobes ou de rejet.<\/li>\n<li>Il est indispensable pour notre travail d'inclure la perspective des membres de groupes marginalis\u00e9s \u00e0 tous les niveaux de travail.<\/li>\n<li>Nous devons rendre visibles les membres des groupes marginalis\u00e9s \u00e0 travers notre travail.<\/li>\n<\/ol>\n<p><\/p>\n<p><\/p>\n<h2 class=\"wp-block-heading\">Publications<\/h2>\n<p><\/p>\n<p><\/p>\n<p>Projet :\u00a0<a href=\"https:\/\/euroconsum.eu\/fr\/2021\/02\/07\/zwischentoene-statt-schablonen\/\">Des nuances plut\u00f4t que des mod\u00e8les<\/a>\u00a0- Notre exigence en mati\u00e8re de protection des consommateurs est d'inclure toutes les perspectives.<\/p>\n<p><\/p>\n<p><\/p>\t\t\t\t\t\t\t\t<\/div>\n\t\t\t\t<\/div>\n\t\t\t\t\t<\/div>\n\t\t<\/div>\n\t\t\t\t\t<\/div>\n\t\t<\/section>\n\t\t\t\t<\/div>","protected":false},"excerpt":{"rendered":"<p>Diversit\u00e9 et consommation Il y a de quoi parler En juin 2019, Walter L\u00fcbcke a \u00e9t\u00e9 victime de tueurs racistes. L'incident nous a fortement \u00e9mus : son si\u00e8ge au gouvernement de Kassel se trouvait \u00e0 moins de 600 m\u00e8tres des locaux de notre d\u00e9partement de proc\u00e8s. Certains de nos collaborateurs le connaissaient personnellement, certains ont travaill\u00e9 au RP de Kassel ou ont fait leur [...].<\/p>","protected":false},"author":1,"featured_media":0,"parent":0,"menu_order":0,"comment_status":"open","ping_status":"open","template":"","meta":{"footnotes":""},"class_list":["post-1123","page","type-page","status-publish","hentry"],"_links":{"self":[{"href":"https:\/\/euroconsum.eu\/fr\/wp-json\/wp\/v2\/pages\/1123","targetHints":{"allow":["GET"]}}],"collection":[{"href":"https:\/\/euroconsum.eu\/fr\/wp-json\/wp\/v2\/pages"}],"about":[{"href":"https:\/\/euroconsum.eu\/fr\/wp-json\/wp\/v2\/types\/page"}],"author":[{"embeddable":true,"href":"https:\/\/euroconsum.eu\/fr\/wp-json\/wp\/v2\/users\/1"}],"replies":[{"embeddable":true,"href":"https:\/\/euroconsum.eu\/fr\/wp-json\/wp\/v2\/comments?post=1123"}],"version-history":[{"count":10,"href":"https:\/\/euroconsum.eu\/fr\/wp-json\/wp\/v2\/pages\/1123\/revisions"}],"predecessor-version":[{"id":3568,"href":"https:\/\/euroconsum.eu\/fr\/wp-json\/wp\/v2\/pages\/1123\/revisions\/3568"}],"wp:attachment":[{"href":"https:\/\/euroconsum.eu\/fr\/wp-json\/wp\/v2\/media?parent=1123"}],"curies":[{"name":"wp","href":"https:\/\/api.w.org\/{rel}","templated":true}]}}