{"id":831,"date":"2022-01-09T13:03:37","date_gmt":"2022-01-09T12:03:37","guid":{"rendered":"https:\/\/euroconsum.eu\/?page_id=831"},"modified":"2022-10-22T21:12:31","modified_gmt":"2022-10-22T19:12:31","slug":"unterlassungsklagen","status":"publish","type":"page","link":"https:\/\/euroconsum.eu\/de\/unterlassungsklagen\/","title":{"rendered":"Bestrafungsverfahren"},"content":{"rendered":"\t\t<div data-elementor-type=\"wp-page\" data-elementor-id=\"831\" class=\"elementor elementor-831\" data-elementor-post-type=\"page\">\n\t\t\t\t\t\t<section class=\"elementor-section elementor-top-section elementor-element elementor-element-e253d34 elementor-section-boxed elementor-section-height-default elementor-section-height-default\" data-id=\"e253d34\" data-element_type=\"section\" data-e-type=\"section\">\n\t\t\t\t\t\t<div class=\"elementor-container elementor-column-gap-default\">\n\t\t\t\t\t<div class=\"elementor-column elementor-col-100 elementor-top-column elementor-element elementor-element-03746e1\" data-id=\"03746e1\" data-element_type=\"column\" data-e-type=\"column\">\n\t\t\t<div class=\"elementor-widget-wrap\">\n\t\t\t\t\t\t\t<\/div>\n\t\t<\/div>\n\t\t\t\t\t<\/div>\n\t\t<\/section>\n\t\t\t\t<section class=\"elementor-section elementor-top-section elementor-element elementor-element-3120fd6 elementor-section-boxed elementor-section-height-default elementor-section-height-default\" data-id=\"3120fd6\" data-element_type=\"section\" data-e-type=\"section\">\n\t\t\t\t\t\t<div class=\"elementor-container elementor-column-gap-default\">\n\t\t\t\t\t<div class=\"elementor-column elementor-col-100 elementor-top-column elementor-element elementor-element-27caff8\" data-id=\"27caff8\" data-element_type=\"column\" data-e-type=\"column\">\n\t\t\t<div class=\"elementor-widget-wrap elementor-element-populated\">\n\t\t\t\t\t\t<div class=\"elementor-element elementor-element-86c995f elementor-widget elementor-widget-spacer\" data-id=\"86c995f\" data-element_type=\"widget\" data-e-type=\"widget\" data-widget_type=\"spacer.default\">\n\t\t\t\t<div class=\"elementor-widget-container\">\n\t\t\t\t\t\t\t<div class=\"elementor-spacer\">\n\t\t\t<div class=\"elementor-spacer-inner\"><\/div>\n\t\t<\/div>\n\t\t\t\t\t\t<\/div>\n\t\t\t\t<\/div>\n\t\t\t\t<div class=\"elementor-element elementor-element-b7cf06a elementor-widget elementor-widget-heading\" data-id=\"b7cf06a\" data-element_type=\"widget\" data-e-type=\"widget\" data-widget_type=\"heading.default\">\n\t\t\t\t<div class=\"elementor-widget-container\">\n\t\t\t\t\t<h2 class=\"elementor-heading-title elementor-size-large\">Bestrafungsverfahren<\/h2>\t\t\t\t<\/div>\n\t\t\t\t<\/div>\n\t\t\t\t<section class=\"elementor-section elementor-inner-section elementor-element elementor-element-068afe0 elementor-section-boxed elementor-section-height-default elementor-section-height-default\" data-id=\"068afe0\" data-element_type=\"section\" data-e-type=\"section\">\n\t\t\t\t\t\t<div class=\"elementor-container elementor-column-gap-default\">\n\t\t\t\t\t<div class=\"elementor-column elementor-col-50 elementor-inner-column elementor-element elementor-element-03e8144\" data-id=\"03e8144\" data-element_type=\"column\" data-e-type=\"column\">\n\t\t\t<div class=\"elementor-widget-wrap elementor-element-populated\">\n\t\t\t\t\t\t<div class=\"elementor-element elementor-element-ee86aa3 elementor-widget elementor-widget-text-editor\" data-id=\"ee86aa3\" data-element_type=\"widget\" data-e-type=\"widget\" data-widget_type=\"text-editor.default\">\n\t\t\t\t<div class=\"elementor-widget-container\">\n\t\t\t\t\t\t\t\t\t<p>Wird ein Unternehmen gerichtlich zum Unterlassen verurteilt, folgt hieraus ersteinmal keine Strafe. Der Unterlassungstitel ist sozusagen ein &#8222;<b>Freischuss<\/b>&#8222;<b> f\u00fcr das rechtsbrechende Unternehmen<\/b>. Ein Unterlassungstitel (in der Regel ist dies ein Urteil oder ein Gerichtsbeschluss) bedeutet also erst einmal nicht mehr, als dass dem Unternehmen gerichtlich aufgegeben wird, ein Verhalten, das ohnehin bereits von Gesetzes wegen verboten war, nun aber wirklich zu unterlassen.\u00a0<span style=\"color: var( --e-global-color-text );\">Aus diesem Grund hie\u00df es fr\u00fcher auch, dass sich ein Wettbewerbsversto\u00df immer lohnt, denn, was das Unternehmen durch den Versto\u00df erhalten hat, darf es behalten, bis irgendwann die gerichtliche Untersagung eintrudelt.<\/span><span style=\"color: var( --e-global-color-text );\">\u00a0Das Recht ist also erst einmal auf Seiten des\u00a0<\/span>Verletzers.<\/p><p>Allerdings wird dem Unternehmen auch in Aussicht gestellt, welche Folgen drohen, wenn das Unternehmen abermals bei der verbotenen Handlung ertappt wird. Hierf\u00fcr dienst der sog. &#8222;<b>Androhungsbeschluss<\/b>&#8222;, der in der Regel bereits im Titel enthalten ist.\u00a0<span style=\"color: var( --e-global-color-text );\">So t\u00e4terfreundlich das Recht also einerseits ist, indem es zun\u00e4chst einmal keine Strafe f\u00fcr den bereits begangenen Versto\u00df vorsieht, so schwerwiegend sind die Konsequenzen f\u00fcr den Wiederholungsfall.\u00a0<\/span><\/p><p><span style=\"color: var( --e-global-color-text );\">Denn dem Unternehmen drohen dann:<\/span><\/p><ul><li><b>Geldstrafe<\/b> (Ordnungsgeld)<\/li><li><b>Ersatzfreiheitsstrafe<\/b>, die an den Organmitgliedern des Unternehmens (z.B. die Mitglieder der Gesch\u00e4ftsf\u00fchrung oder der Vorstand) vollzogen wird, falls die Strafe nicht gezahlt wird bzw. nicht gezahlt werden kann und<\/li><li><b>Haftstrafe<\/b> (sog. Zivilhaft), die ebenfalls an den Organmitgliedern vollzogen wird.<\/li><\/ul><p>Allerdings obliege die <b>\u00dcberwachung der Titel<\/b> keiner staatlichen Stelle sondern abermals den Verb\u00e4nden. Unser Verband \u00fcberwacht die gerichtlichen Titel sehr genau und stellt regelm\u00e4\u00dfig Bestrafungsantr\u00e4ge.\u00a0<\/p><p>Sollten wir eine Strafe f\u00fcr zu gering halten, legen wir zudem erforderlichenfalls Rechtsmittel ein, um eine h\u00f6here Strafe zu bewirken.<\/p>\t\t\t\t\t\t\t\t<\/div>\n\t\t\t\t<\/div>\n\t\t\t\t\t<\/div>\n\t\t<\/div>\n\t\t\t\t<div class=\"elementor-column elementor-col-50 elementor-inner-column elementor-element elementor-element-a5caa54\" data-id=\"a5caa54\" data-element_type=\"column\" data-e-type=\"column\">\n\t\t\t<div class=\"elementor-widget-wrap elementor-element-populated\">\n\t\t\t\t\t\t<div class=\"elementor-element elementor-element-418363f elementor-widget elementor-widget-image\" data-id=\"418363f\" data-element_type=\"widget\" data-e-type=\"widget\" data-widget_type=\"image.default\">\n\t\t\t\t<div class=\"elementor-widget-container\">\n\t\t\t\t\t\t\t\t\t\t\t\t\t\t\t<img fetchpriority=\"high\" decoding=\"async\" width=\"800\" height=\"600\" src=\"https:\/\/euroconsum.eu\/wp-content\/uploads\/2021\/12\/bgh-1024x768.jpeg\" class=\"attachment-large size-large wp-image-427\" alt=\"\" \/>\t\t\t\t\t\t\t\t\t\t\t\t\t\t\t<\/div>\n\t\t\t\t<\/div>\n\t\t\t\t<div class=\"elementor-element elementor-element-208590b elementor-widget elementor-widget-text-editor\" data-id=\"208590b\" data-element_type=\"widget\" data-e-type=\"widget\" data-widget_type=\"text-editor.default\">\n\t\t\t\t<div class=\"elementor-widget-container\">\n\t\t\t\t\t\t\t\t\t<p><span style=\"font-weight: bold;\">Weitergehende Informationen:<\/span><\/p><ul><li><a href=\"https:\/\/euroconsum.eu\/prozessabteilung\/\">Unsere Prozessabteilung<\/a><\/li><li><a href=\"https:\/\/euroconsum.eu\/elementor-655\/\">Unsere Unterlassungsklagen<\/a><\/li><li><a href=\"https:\/\/euroconsum.eu\/abhilfeklagen\/\">Unsere Abhilfeklagen<\/a><\/li><li><a href=\"https:\/\/euroconsum.eu\/verstoss-melden\/\">Einen Versto\u00df melden<\/a><\/li><\/ul>\t\t\t\t\t\t\t\t<\/div>\n\t\t\t\t<\/div>\n\t\t\t\t\t<\/div>\n\t\t<\/div>\n\t\t\t\t\t<\/div>\n\t\t<\/section>\n\t\t\t\t\t<\/div>\n\t\t<\/div>\n\t\t\t\t\t<\/div>\n\t\t<\/section>\n\t\t\t\t<\/div>\n\t\t","protected":false},"excerpt":{"rendered":"<p>Bestrafungsverfahren Wird ein Unternehmen gerichtlich zum Unterlassen verurteilt, folgt hieraus ersteinmal keine Strafe. Der Unterlassungstitel ist sozusagen ein &#8222;Freischuss&#8222; f\u00fcr das rechtsbrechende Unternehmen. Ein Unterlassungstitel (in der Regel ist dies ein Urteil oder ein Gerichtsbeschluss) bedeutet also erst einmal nicht mehr, als dass dem Unternehmen gerichtlich aufgegeben wird, ein Verhalten, das ohnehin bereits von Gesetzes [&hellip;]<\/p>\n","protected":false},"author":1,"featured_media":0,"parent":0,"menu_order":0,"comment_status":"closed","ping_status":"closed","template":"","meta":{"footnotes":""},"class_list":["post-831","page","type-page","status-publish","hentry"],"_links":{"self":[{"href":"https:\/\/euroconsum.eu\/de\/wp-json\/wp\/v2\/pages\/831","targetHints":{"allow":["GET"]}}],"collection":[{"href":"https:\/\/euroconsum.eu\/de\/wp-json\/wp\/v2\/pages"}],"about":[{"href":"https:\/\/euroconsum.eu\/de\/wp-json\/wp\/v2\/types\/page"}],"author":[{"embeddable":true,"href":"https:\/\/euroconsum.eu\/de\/wp-json\/wp\/v2\/users\/1"}],"replies":[{"embeddable":true,"href":"https:\/\/euroconsum.eu\/de\/wp-json\/wp\/v2\/comments?post=831"}],"version-history":[{"count":10,"href":"https:\/\/euroconsum.eu\/de\/wp-json\/wp\/v2\/pages\/831\/revisions"}],"predecessor-version":[{"id":3283,"href":"https:\/\/euroconsum.eu\/de\/wp-json\/wp\/v2\/pages\/831\/revisions\/3283"}],"wp:attachment":[{"href":"https:\/\/euroconsum.eu\/de\/wp-json\/wp\/v2\/media?parent=831"}],"curies":[{"name":"wp","href":"https:\/\/api.w.org\/{rel}","templated":true}]}}