{"id":565,"date":"2022-01-08T21:34:46","date_gmt":"2022-01-08T20:34:46","guid":{"rendered":"https:\/\/euroconsum.eu\/?page_id=565"},"modified":"2023-04-09T08:03:03","modified_gmt":"2023-04-09T06:03:03","slug":"nachverstoss","status":"publish","type":"page","link":"https:\/\/euroconsum.eu\/de\/nachverstoss\/","title":{"rendered":"Mitgliedschaft beantragen"},"content":{"rendered":"\n<h1 class=\"wp-block-heading\" id=\"block-f9cef70c-768c-4ec5-b5f8-70a9e08603fa\"><br>Es kommt sehr wohl auf die Gr\u00f6\u00dfe an!<\/h1>\n\n\n\n<p id=\"block-6213da01-20b4-44ac-a9a7-ecd99df21f11\">Eine breite Mitgliedschaftsbasis legitimiert unsere Arbeit gegen\u00fcber politischen Entscheidungstr\u00e4ger*innen und gibt uns wertvolle Impulse f\u00fcr unsere Arbeit.<\/p>\n\n\n\n<p id=\"block-25c8ec09-de7f-4aa9-a074-3d6d6d5f3c55\">Mit&nbsp;<strong>Deiner Mitgliedschaft<\/strong>\u2026<\/p>\n\n\n\n<ul class=\"wp-block-list\" id=\"block-b12eada2-43ce-4666-9e96-c97806273d17\"><li>tr\u00e4gst Du dazu bei, die Evidenz zur Grundlage politischer Entscheidungen zu machen.<\/li><li>st\u00e4rkst Du unsere Arbeit f\u00fcr einen wissenschaftsbasierten Verbrauchendenschutz.<\/li><li>unterst\u00fctzt Du uns im juristischen Kampf gegen rechtswidrige Praktiken.<\/li><\/ul>\n\n\n\n<p id=\"block-836a650e-c5c1-4aa4-8ef4-5bd9782dabf7\"><a href=\"https:\/\/euroconsum.eu\/de\/media\/mitgliedsantrag.pdf\"><strong>Mitgliedantrag<\/strong>&nbsp;(pdf, barrierefrei)<\/a><\/p>\n\n\n\n<p id=\"block-2e5ef3c7-55e1-428c-ba24-a67601a1618a\"><a href=\"https:\/\/www.gesetze-im-internet.de\/gg\/art_9.html\">Art. 9 Abs. 3 GG<\/a>\u00a0gew\u00e4hrleistet das Recht, sich f\u00fcr die F\u00f6rderung der Wirtschaftsbedingungen in Vereinigungen einzusetzen. Die Wahrnehmung dieses Grundrechts darf nach unserer Ansicht nicht von der pers\u00f6nlichen Finanzkraft abh\u00e4ngen. Um dies zu gew\u00e4hrleisten kann jedes Mitglied den eigenen\u00a0<strong>Mitgliedschaftsbeitrag selbst festgesetzt<\/strong>\u00a0und es gibt\u00a0<strong>keinen Mindestbeitrag<\/strong>.<\/p>\n\n\n\n<figure class=\"wp-block-image\" id=\"block-abfdc3be-4985-4daf-8b92-b9f0f6ef3798\"><img decoding=\"async\" src=\"https:\/\/euroconsum.eu\/de\/media\/mitgliedsantrag.png\" alt=\"Es kommt sehr wohl auf die Gr\u00f6\u00dfe an!\"\/><\/figure>\n","protected":false},"excerpt":{"rendered":"<p>Es kommt sehr wohl auf die Gr\u00f6\u00dfe an! Eine breite Mitgliedschaftsbasis legitimiert unsere Arbeit gegen\u00fcber politischen Entscheidungstr\u00e4ger*innen und gibt uns wertvolle Impulse f\u00fcr unsere Arbeit. Mit&nbsp;Deiner Mitgliedschaft\u2026 tr\u00e4gst Du dazu bei, die Evidenz zur Grundlage politischer Entscheidungen zu machen. st\u00e4rkst Du unsere Arbeit f\u00fcr einen wissenschaftsbasierten Verbrauchendenschutz. unterst\u00fctzt Du uns im juristischen Kampf gegen rechtswidrige [&hellip;]<\/p>\n","protected":false},"author":1,"featured_media":0,"parent":0,"menu_order":0,"comment_status":"closed","ping_status":"closed","template":"","meta":{"footnotes":""},"class_list":["post-565","page","type-page","status-publish","hentry"],"_links":{"self":[{"href":"https:\/\/euroconsum.eu\/de\/wp-json\/wp\/v2\/pages\/565","targetHints":{"allow":["GET"]}}],"collection":[{"href":"https:\/\/euroconsum.eu\/de\/wp-json\/wp\/v2\/pages"}],"about":[{"href":"https:\/\/euroconsum.eu\/de\/wp-json\/wp\/v2\/types\/page"}],"author":[{"embeddable":true,"href":"https:\/\/euroconsum.eu\/de\/wp-json\/wp\/v2\/users\/1"}],"replies":[{"embeddable":true,"href":"https:\/\/euroconsum.eu\/de\/wp-json\/wp\/v2\/comments?post=565"}],"version-history":[{"count":5,"href":"https:\/\/euroconsum.eu\/de\/wp-json\/wp\/v2\/pages\/565\/revisions"}],"predecessor-version":[{"id":3530,"href":"https:\/\/euroconsum.eu\/de\/wp-json\/wp\/v2\/pages\/565\/revisions\/3530"}],"wp:attachment":[{"href":"https:\/\/euroconsum.eu\/de\/wp-json\/wp\/v2\/media?parent=565"}],"curies":[{"name":"wp","href":"https:\/\/api.w.org\/{rel}","templated":true}]}}