{"id":4168,"date":"2024-05-14T09:40:45","date_gmt":"2024-05-14T07:40:45","guid":{"rendered":"https:\/\/euroconsum.eu\/?page_id=4168"},"modified":"2024-05-14T10:12:36","modified_gmt":"2024-05-14T08:12:36","slug":"satzung-euroconsum-ev","status":"publish","type":"page","link":"https:\/\/euroconsum.eu\/de\/satzung-euroconsum-ev\/","title":{"rendered":"Satzung EuroConsum e.V."},"content":{"rendered":"\t\t<div data-elementor-type=\"wp-page\" data-elementor-id=\"4168\" class=\"elementor elementor-4168\" data-elementor-post-type=\"page\">\n\t\t\t\t\t\t<section class=\"elementor-section elementor-top-section elementor-element elementor-element-cf39644 elementor-section-boxed elementor-section-height-default elementor-section-height-default\" data-id=\"cf39644\" data-element_type=\"section\" data-e-type=\"section\">\n\t\t\t\t\t\t<div class=\"elementor-container elementor-column-gap-default\">\n\t\t\t\t\t<div class=\"elementor-column elementor-col-100 elementor-top-column elementor-element elementor-element-4c854f6\" data-id=\"4c854f6\" data-element_type=\"column\" data-e-type=\"column\">\n\t\t\t<div class=\"elementor-widget-wrap elementor-element-populated\">\n\t\t\t\t\t\t<div class=\"elementor-element elementor-element-7aefedc elementor-alert-info elementor-widget elementor-widget-alert\" data-id=\"7aefedc\" data-element_type=\"widget\" data-e-type=\"widget\" data-widget_type=\"alert.default\">\n\t\t\t\t<div class=\"elementor-widget-container\">\n\t\t\t\t\t\t\t<div class=\"elementor-alert\" role=\"alert\">\n\n\t\t\t\n\t\t\t\t\t\t<span class=\"elementor-alert-description\">Bitte beachte: verbindlich ist die <b><a \/>deutsche Sprachfassung<\/a><\/b> dieser Satzung.<\/span>\n\t\t\t\n\t\t\t\t\t\t<button type=\"button\" class=\"elementor-alert-dismiss\" aria-label=\"Hinweis ausblenden.\">\n\t\t\t\t\t\t\t\t\t<span aria-hidden=\"true\">&times;<\/span>\n\t\t\t\t\t\t\t<\/button>\n\t\t\t\n\t\t<\/div>\n\t\t\t\t\t\t<\/div>\n\t\t\t\t<\/div>\n\t\t\t\t\t<\/div>\n\t\t<\/div>\n\t\t\t\t\t<\/div>\n\t\t<\/section>\n\t\t\t\t<section class=\"elementor-section elementor-top-section elementor-element elementor-element-6e271a8e elementor-section-boxed elementor-section-height-default elementor-section-height-default\" data-id=\"6e271a8e\" data-element_type=\"section\" data-e-type=\"section\">\n\t\t\t\t\t\t<div class=\"elementor-container elementor-column-gap-default\">\n\t\t\t\t\t<div class=\"elementor-column elementor-col-100 elementor-top-column elementor-element elementor-element-2b58860a\" data-id=\"2b58860a\" data-element_type=\"column\" data-e-type=\"column\">\n\t\t\t<div class=\"elementor-widget-wrap elementor-element-populated\">\n\t\t\t\t\t\t<div class=\"elementor-element elementor-element-fff04dd elementor-widget elementor-widget-text-editor\" data-id=\"fff04dd\" data-element_type=\"widget\" data-e-type=\"widget\" data-widget_type=\"text-editor.default\">\n\t\t\t\t<div class=\"elementor-widget-container\">\n\t\t\t\t\t\t\t\t\t<p><\/p>\n<h3 class=\"wp-block-heading\" style=\"text-align: left;\">\u00a7 1 NAME UND SITZ<\/h3>\n<p><\/p>\n<p><\/p>\n<p>Der Verband tr\u00e4gt den Namen \u201e<em><strong>EuroConsum<\/strong><\/em>\u201c; nach Eintragung mit dem Zusatz e. V. Sitz des Verbands ist Kassel (Hessen, Deutschland). Das Vereinsjahr beginnt am 1. Juli und endet am 30. Juni des Folgejahres. Er soll im Vereinsregister eingetragen sein.&nbsp;<\/p>\n<p><\/p>\n<p><\/p>\n<h3 class=\"wp-block-heading\">\u00a7 2 ZWECK UND GEMEINN\u00dcTZIGKEIT<\/h3>\n<p><\/p>\n<p><\/p>\n<h4 class=\"wp-block-heading\">I. ZWECK UND ZWECKERF\u00dcLLUNG<\/h4>\n<p><\/p>\n<p><\/p>\n<p>Der Verband verfolgt ausschlie\u00dflich gemeinn\u00fctzige Zwecke und zwar den Zweck der F\u00f6rderung von Verbraucherberatung und Verbraucherschutz und der Mittelbeschaffung f\u00fcr gemeinn\u00fctzige Zwecke.<br>Im Rahmen der Zweckerf\u00fcllung nimmt er die Interessen der Verbrauchenden durch Information, Aufkl\u00e4rung und Beratung nicht gewerbsm\u00e4\u00dfig und nicht nur vor\u00fcbergehend wahr, insbesondere durch die Herausgabe von Publikationen, Abhalten von Versammlungen und Sprechstunden, sowie Veranstaltungen und Ver\u00f6ffentlichung zur Waren bzw. Dienstleistungsg\u00fcte, insbesondere auch \u00fcber das Internet. Er vertritt ferner die Interessen der Verbrauchenden auch gegen\u00fcber der Politik.<\/p>\n<p><\/p>\n<p><\/p>\n<p>Der Verband erf\u00fcllt seine Ziele auch durch die Geltendmachung von Anspr\u00fcchen, insb. Unterlassungs- und Abhilfeanspr\u00fcchen, und das F\u00fchren von (auch gerichtlichen) Verfahre bzw. Verfahren vor Verwaltungsbeh\u00f6rden (ohne r\u00e4umlich-geografische Beschr\u00e4nkung), insbesondere nach der EU-Verbandsklagenrichtlinie (Richtlinie (EU) 2020\/1828). Der Verband kann sich auch f\u00fcr die Wahrung der<br>Rechte von Verbrauchenden dadurch einsetzen, dass ihm Anspr\u00fcche abgetreten werden, soweit dies gesetzlich zul\u00e4ssig ist.<\/p>\n<p><\/p>\n<p><\/p>\n<p>Die T\u00e4tigkeit wird zudem hierneben auch dadurch verwirklicht, dass der Verband Verbrauchende zu Aspekten einer, nach den gemeinschaftsrechtlichen Vorgaben (insb. Richtlinien 76\/207\/EWG, 97\/80\/EG, 2000\/43\/EG, 2000\/78\/EG, 2002\/73\/EG, 2004\/113\/EG und Art. 18 bis 21 AEUV) unzul\u00e4ssigen Diskriminierung ber\u00e4t, sich f\u00fcr die Interessen der betroffenen Personen und Kreise einsetzt und zweck dienliche Ma\u00dfnahmen zur Bek\u00e4mpfung der Diskriminierung hiergegen ergreift und\/oder koordiniert. Insbesondere fallen hierunter alle Aspekte der Diskriminierung aufgrund gemeinschaftsrechtlich verp\u00f6nter Markmale im Zusammenhang mit Massengesch\u00e4ften des t\u00e4glichen Lebens, beim Zugang zu (entgeltlichen) Bildungsangeboten und am Markt f\u00fcr Wohnraummiete.<\/p>\n<p><\/p>\n<p><\/p>\n<p>Der Zweck wird ferner durch die Beratung und die Wahrnehmung (einschlie\u00dflich Vertretung) von Anspr\u00fcchen und Rechten nach der DSGVO (Verordnung (EU) 2016\/679), insbesondere auch nach Art. 80 DSGVO verwirklicht.<\/p>\n<p><\/p>\n<p><\/p>\n<p>In \u00dcbereinstimmung mit den gemeinschaftsrechtlichen Vorgaben informiert der Verband insbesondere auch dadurch \u00fcber die Rechte von Verbrauchenden, dass er Informationen und Daten zu den bzw. \u00fcber die von ihm gef\u00fchrten Verfahren (und deren Ergebnisse) ver\u00f6ffentlicht, weil hierdurch die Geltendmachung und Durchsetzung von individualanspr\u00fcchen erleichtert wird (Follow-Up).<\/p>\n<p><\/p>\n<p><\/p>\n<p>Hierzu darf er insbesondere unter Ber\u00fccksichtigung des Aspektes der sprachlichen, kulturellen und ethnischen Vielfalt der Europ\u00e4ischen Union Hilfestellung leisten (vgl. Richtlinie (EU) 2019\/2161). Zur satzungsm\u00e4\u00dfigen Aufgabe kann auch die Abstimmung mit den Kartellbeh\u00f6rden und der Europ\u00e4ischen Kommission und die Geltendmachung von Anspr\u00fcchen nach \u00a7 33, 34a GWB und eine Mitwirkung in Verfahren nach \u00a7 34 GWB geh\u00f6ren.<\/p>\n<p><\/p>\n<p><\/p>\n<p>Der Verband ist selbstlos t\u00e4tig und verfolgt weder in erster Linie eigenwirtschaftliche Zwecke noch eine Gewinnerzielungsabsicht.<\/p>\n<p><\/p>\n<p><\/p>\n<p>Die Mitglieder des Vereins erhalten in ihrer Eigenschaft als Mitglieder keine Zuwendungen aus Mitteln des Vereins. Keine Person darf durch Ausgaben, die dem Zweck des Vereins fremd sind oder durch unverh\u00e4ltnism\u00e4\u00dfig hohe Verg\u00fctungen beg\u00fcnstigt werden.<\/p>\n<p><\/p>\n<p><\/p>\n<p>Mittel des Vereins d\u00fcrfen nur f\u00fcr die satzungsm\u00e4\u00dfigen Zwecke verwendet werden.<\/p>\n<p><\/p>\n<p><\/p>\n<h4 class=\"wp-block-heading\">II. VERH\u00c4LTNIS ZUR EUROP\u00c4ISCHEN UNION<\/h4>\n<p><\/p>\n<p><\/p>\n<p>Der Verband wertsch\u00e4tzt die Errungenschaften der Europ\u00e4ischen Einigung einschlie\u00dflich des Binnenmarktes und bekennt sich zu Ihnen und zur Schaffung eines gemeinsamen Raumes der Freiheit, der Sicherheit und des Rechts. Er f\u00fchlt sich der Unterst\u00fctzung der Verbrauchenden in F\u00e4llen mit innergemeinschaftlichem Bezug besonders verbunden. Der Verband wird die verbrauchersch\u00fctzende Arbeit der Europ\u00e4ischen Institutionen, insbesondere der Europ\u00e4ischen Kommission, nach Kr\u00e4ften unterst\u00fctzten. Den modernen Kommunikationsmitteln (Internet, E-Mail, etc.) und dem sprachlichen und kulturellen Pluralismus Europas kommt bei der Arbeit des Verbandes besondere Bedeutung zu.<\/p>\n<p><\/p>\n<p><\/p>\n<h3 class=\"wp-block-heading\">\u00a7 3 MITGLIEDSCHAFT, AUSSCHLUSS, BEITRAG<\/h3>\n<p><\/p>\n<p><\/p>\n<p>Mitglied kann jede juristische oder vollj\u00e4hrige nat\u00fcrliche Person werden. \u00dcber die Aufnahme, die formlos beantragt werden kann, entscheidet der Vorstand. Wird ein Aufnahmeersuchen abgelehnt, so kann der Antragsteller hiergegen Widerspruch einlegen. Der Vorstand wird diesen Widerspruch der Mitgliederversammlung vorlegen; \u00fcber die Aufnahme entscheidet dann die Mitgliederversammlung.<\/p>\n<p><\/p>\n<p><\/p>\n<p>Der Mitgliedsbeitrag betr\u00e4gt f\u00fcr Mitglieder, die nach dem 01.01.2023 dem Verband beitreten mindestens<br>0,01 Euro (1 Eurocent) pro Jahr; f\u00fcr Mitglieder, die dem Verband vorher beigetreten sind, bleibt die Mitgliedschaft beitragsfrei. Jedem Mitglied steht es jedoch frei, den Verband finanziell zu unterst\u00fctzen. Die Mitgliedschaft endet mit dem Austritt einer Person oder dem Tode. Die Austrittserkl\u00e4rung bedarf keiner Form.<\/p>\n<p><\/p>\n<p><\/p>\n<p>Mitglieder k\u00f6nnen durch Beschluss der Mitgliederversammlung ausgeschlossen werden, wenn ihr Verhalten mit den Zielen des Verbandes unvereinbar ist. F\u00fcr den Ausschluss bedarf es der Mehrheit der anwesenden Mitglieder, wobei das Mitglied, \u00fcber dessen Ausschluss abgestimmt wird, kein Stimmrecht hat.<\/p>\n<p><\/p>\n<p><\/p>\n<p>Der Vorstand darf &#8211; insbesondere aus Gr\u00fcnden der Prozess\u00f6konomie und des Reputationsinteresses \u2013 nach billigem Ermessen von der Beitreibung von Mitgliedsbeitr\u00e4gen absehen. \u00dcbersteigt die Summe der Beitr\u00e4ge, auf deren Beitreibung verzichtet wurde, 10 % des Gesamtaufkommens aller Mitgliedsbeitr\u00e4ge in einem Kalenderjahr, hat der Vorstand hierauf in der Mitgliederversammlung hinzuweisen.<\/p>\n<p><\/p>\n<p><\/p>\n<h3 class=\"wp-block-heading\">\u00a7 4 ORGANE<\/h3>\n<p><\/p>\n<p><\/p>\n<h4 class=\"wp-block-heading\">I. DIE MITGLIEDERVERSAMMLUNG<\/h4>\n<p><\/p>\n<p><\/p>\n<p>Die Mitgliederversammlung soll mindestens einmal im Kalenderjahr zusammentreten. Sie kann durch schriftliches Begehren von 1\/3 der Mitglieder oder durch den Vorstand einberufen werden. Die Einladungsfrist betr\u00e4gt eine Woche. Eine Tagesordnung muss der Einladung nicht beigef\u00fcgt sein. Liegen Satzungs\u00e4nderungsantr\u00e4ge vor, soll auf diesen Umstand hingewiesen werden, ohne dass die einzelnen \u00c4nderungen genannt werden m\u00fcssen.<\/p>\n<p><\/p>\n<p><\/p>\n<p>Die Einladung bedarf mindestens der Textform.<\/p>\n<p><\/p>\n<p><\/p>\n<p>Die Mitgliederversammlung darf auch an einem anderen Ort als dem Sitzort des Verbandes abgehalten werden.<br>Den Ort bestimmt der Vorstand nach billigem Ermessen. Im Falle einer Mitgliederversammlung, die auf das Begehr eines Teils der Mitglieder hin stattfinden muss, muss diese Mitgliederversammlung jedoch am Sitzort durchgef\u00fchrt werden.<\/p>\n<p><\/p>\n<p><\/p>\n<p>\u00dcber den Ablauf der Mitgliederversammlung und die gefassten Beschl\u00fcsse ist ein Protokoll zu fertigen, das von der Person zu unterschreiben ist, welche das Protokoll f\u00fchrt.<\/p>\n<p><\/p>\n<p><\/p>\n<h4 class=\"wp-block-heading\">II. VORSTAND UND GESCH\u00c4FTSF\u00dcHRUNG<\/h4>\n<p><\/p>\n<p><\/p>\n<p>Die Mitgliederversammlung w\u00e4hlt einen Vorstand, der aus h\u00f6chstens drei Personen besteht (\u00fcber die konkrete Zahl der Vorstandsmitglieder entscheidet die Mitgliederversammlung, in der der Vorstand gew\u00e4hlt wird), den Verband gerichtlich und au\u00dfergerichtlich (ggF. jeweils) allein vertritt und die Gesch\u00e4fte f\u00fchrt. Ihm obliegt die Beurkundung der Beschl\u00fcsse der Mitgliederversammlung. Seine Amtszeit betr\u00e4gt f\u00fcnf Jahre, soweit nicht die Mitgliederversammlung zuvor einen neuen Vorsitzenden w\u00e4hlt. Der Vorstand soll einen Gesch\u00e4ftsf\u00fchrer bestellen, der den Verband gerichtlich und au\u00dferge-<br>richtlich insbesondere im Rahmen von Rechtsstreitigkeiten und bei Gesch\u00e4ften der t\u00e4glichen Verwaltung allein vertritt.<\/p>\n<p><\/p>\n<p><\/p>\n<p>Der Vorstand soll \u2013 handelnd f\u00fcr den Verband \u2013 mit dem Gesch\u00e4ftsf\u00fchrer einen Anstellungsvertrag schlie\u00dfen. Ist der Vorstand durch Tod oder krankheitsbedingt f\u00fcr voraussichtlich l\u00e4nger als vier Wochen nicht in der Lage, die Verbandsesch\u00e4fte zu t\u00e4tigen, obliegt es dem Gesch\u00e4ftsf\u00fchrer, unverz\u00fcglich, in der Regel aber binnen acht Wochen, eine Mitgliederversammlung mit dem Zwecke der Wahl eines neuen Vorstandes durchzuf\u00fchren.<\/p>\n<p><\/p>\n<p><\/p>\n<p>Vorstand wie Gesch\u00e4ftsf\u00fchrer sind im Hinblick auf die Vertretung des jeweils anderen Organs oder des Verbandes von den Beschr\u00e4nkungen des \u00a7 181 BGB befreit, jedoch mit folgender Einschr\u00e4nkung: Bei Abschluss, Verl\u00e4ngerung und Beendigung des Anstellungs- bzw. Dienstvertrages des Gesch\u00e4ftsf\u00fchrers, einschlie\u00dflich etwaiger Rechtshandlungen im Zusammenhang mit dem Inhalt und\/oder der Ausgestaltung des Arbeits- bzw. Dienstverh\u00e4ltnisses des Gesch\u00e4ftsf\u00fchrers unterliegt der Gesch\u00e4ftsf\u00fchrer der Beschr\u00e4nkung des \u00a7 181 BGB.<\/p>\n<p><\/p>\n<p><\/p>\n<p>Die Organe sind frei darin, die Bezeichnung ihres Amtes in einer weiblichen Form zu f\u00fchren.<\/p>\n<p><\/p>\n<p><\/p>\n<h4 class=\"wp-block-heading\">III. BEIR\u00c4TE<\/h4>\n<p><\/p>\n<p><\/p>\n<p>Der Vorstand soll im Einvernehmen mit der Gesch\u00e4ftsf\u00fchrung Beratungsgremien organisieren. \u00dcber Bildung und Zusammensetzung dieser Gremien ist der Mitgliederversammlung zu berichten. Der Vorstand soll W\u00fcnsche der Mitgliederversammlung beachten.<\/p>\n<p><\/p>\n<p><\/p>\n<h3 class=\"wp-block-heading\">\u00a7 5 ABSTIMMUNGEN, WAHLEN UND SATZUNGS\u00c4NDERUNGEN<\/h3>\n<p><\/p>\n<p><\/p>\n<p>Abstimmungen und Wahlen werden durch eine Wahlordnung geregelt. Satzungs\u00e4nderungen bed\u00fcrfen einer Zwei-Drittel-Mehrheit der in der Mitgliederversammlung anwesenden Mitglieder.<\/p>\n<p><\/p>\n<p><\/p>\n<h3 class=\"wp-block-heading\">\u00a7 6 AUFL\u00d6SUNG UND ANFALLKLAUSEL<\/h3>\n<p><\/p>\n<p><\/p>\n<p>Die Aufl\u00f6sung des Verbands erfordert eine Mehrheit von 3\/4 der abgegebenen Stimmen bei gleichzeitiger Anwesenheit von mindestens 3\/4 der Mitglieder des Verbands in der Mitgliederversammlung. Bei Aufl\u00f6sung oder Aufhebung des Verbands oder bei Wegfall steuerbeg\u00fcnstigter Zwecke f\u00e4llt das Verm\u00f6gen an die Gesellschaft zur wissenschaftlichen Untersuchung von Parawissenschaften e. V. (AG Darmstadt VR 2028), die es unmittelbar und ausschlie\u00dflich f\u00fcr gemeinn\u00fct zige Zwecke zu verwenden hat.<\/p>\n<p><\/p>\n<p><\/p>\n<h3 class=\"wp-block-heading\">\u00a7 7 F\u00d6RDERMITGLIEDSCHAFT<\/h3>\n<p><\/p>\n<p><\/p>\n<p>Neben der Vollmitgliedschaft gibt es die M\u00f6glichkeit der F\u00f6rdermitgliedschaft. F\u00f6rdermitglieder sind nicht stimmberechtigt und nicht Mitglieder im Sinne des \u00a7 32 BGB. Sie entrichten j\u00e4hrlich einen Jahresf\u00f6rderbeitrag, welcher in einer Beitragssatzung festgeschrieben wird, die von der Mitgliederversammlung festgelegt wird. \u00dcber die Aufnahme eines F\u00f6rdermitglieds entscheidet der Vorstand, der diese Aufgabe delegieren darf.<\/p>\n<p><\/p>\n<p><\/p>\n<p>Ist eine Person zugleich Mitglied und F\u00f6rdermitglied bleiben die Rechte dieser Person als Mitglied (\u00a7 32 BGB) durch die F\u00f6rdermitgliedschaft unber\u00fchrt.<\/p>\n<p><\/p>\n<p><\/p>\n<p>Ein Antrag auf Mitgliedschaft wird nach dem 1. Februar 2011 (fr\u00fchestens aber nach Eintragung der Beitragssatzung durch das Registergericht) als ein Antrag auf F\u00f6rdermitgliedschaft aufgefasst, soweit sich aus den Umst\u00e4nden nichts Anderes ergibt.<\/p>\n<p><\/p>\n<p><\/p>\n<p>Die F\u00f6rdermitgliedschaft ist jederzeit mit einer Frist von vier Wochen zum Monatsende k\u00fcndbar. Geleistete Beitr\u00e4ge f\u00fcr F\u00f6rdermitgliedschaften werden nicht zur\u00fcckerstattet. Die Geltendmachung von Mitgliedsbeitr\u00e4gen obliegt dem Vorstand, nach billigem Ermessen. Bestehen Beitragsr\u00fcckst\u00e4nde, ruht der Anspruch der F\u00f6rdermitglieder auf etwaige Leistungen.<\/p><p><br><\/p>\n<p><\/p>\n<p><\/p>\n<hr class=\"wp-block-separator has-alpha-channel-opacity\">\n<p><\/p>\n<p><\/p>\n<p><em>Zuletzt ge\u00e4ndert durch Beschluss der Mitgliederversammlung am 18.07.2023.<\/em><\/p>\n<p><\/p>\t\t\t\t\t\t\t\t<\/div>\n\t\t\t\t<\/div>\n\t\t\t\t\t<\/div>\n\t\t<\/div>\n\t\t\t\t\t<\/div>\n\t\t<\/section>\n\t\t\t\t<\/div>\n\t\t","protected":false},"excerpt":{"rendered":"<p>Bitte beachte: verbindlich ist die deutsche Sprachfassung dieser Satzung. &times; Hinweis ausblenden. \u00a7 1 NAME UND SITZ Der Verband tr\u00e4gt den Namen \u201eEuroConsum\u201c; nach Eintragung mit dem Zusatz e. V. Sitz des Verbands ist Kassel (Hessen, Deutschland). Das Vereinsjahr beginnt am 1. Juli und endet am 30. Juni des Folgejahres. Er soll im Vereinsregister eingetragen [&hellip;]<\/p>\n","protected":false},"author":1,"featured_media":0,"parent":0,"menu_order":0,"comment_status":"closed","ping_status":"closed","template":"","meta":{"footnotes":""},"class_list":["post-4168","page","type-page","status-publish","hentry"],"_links":{"self":[{"href":"https:\/\/euroconsum.eu\/de\/wp-json\/wp\/v2\/pages\/4168","targetHints":{"allow":["GET"]}}],"collection":[{"href":"https:\/\/euroconsum.eu\/de\/wp-json\/wp\/v2\/pages"}],"about":[{"href":"https:\/\/euroconsum.eu\/de\/wp-json\/wp\/v2\/types\/page"}],"author":[{"embeddable":true,"href":"https:\/\/euroconsum.eu\/de\/wp-json\/wp\/v2\/users\/1"}],"replies":[{"embeddable":true,"href":"https:\/\/euroconsum.eu\/de\/wp-json\/wp\/v2\/comments?post=4168"}],"version-history":[{"count":10,"href":"https:\/\/euroconsum.eu\/de\/wp-json\/wp\/v2\/pages\/4168\/revisions"}],"predecessor-version":[{"id":4190,"href":"https:\/\/euroconsum.eu\/de\/wp-json\/wp\/v2\/pages\/4168\/revisions\/4190"}],"wp:attachment":[{"href":"https:\/\/euroconsum.eu\/de\/wp-json\/wp\/v2\/media?parent=4168"}],"curies":[{"name":"wp","href":"https:\/\/api.w.org\/{rel}","templated":true}]}}