{"id":2,"date":"2021-12-15T06:15:39","date_gmt":"2021-12-15T05:15:39","guid":{"rendered":"https:\/\/euroconsum.eu\/?page_id=2"},"modified":"2023-04-09T07:57:36","modified_gmt":"2023-04-09T05:57:36","slug":"sample-page","status":"publish","type":"page","link":"https:\/\/euroconsum.eu\/de\/sample-page\/","title":{"rendered":"Bestrafungsverfahren"},"content":{"rendered":"\n<p>Eine Vielzahl von Regelungen dienen dem Schutz von Verbrauchenden. Allerdings ist das Recht so ausgestaltet, dass diese verbrauchersch\u00fctzenden Rechte in aller Regel nicht von den betroffenen Verbrauchenden selbst durchgesetzt werden k\u00f6nnen.<\/p>\n\n\n\n<p>Ein Beispiel:<\/p>\n\n\n\n<figure class=\"wp-block-pullquote\"><blockquote><p>In einem Supermarkt ist die Ware falsch bzw. irref\u00fchrend ausgezeichnet. Zwar gibt es eine gesetzliche Regel hierzu (die sog. &#8222;Preisangabenverordnung&#8220;), aber diese vermittelt den konkret betroffenen keinen Anspruch. Wenn also etwa der Grundpreis einer Ware zu niedrig angegeben haben die Kund:innen des Marktes keinen Anspruch die Ware zu dem niedrigeren Preis kaufen zu k\u00f6nnen. <\/p><p>In manchen (extremen und sehr komplizierten) F\u00e4llen, kann es m\u00f6glich sein, dass ein Versto\u00df den Kund:innen ein Recht zur &#8222;Anfechtung&#8220; des Vertrages vermittelt. Die rechtliche Folge ist aber, dass der Vertrag r\u00fcckabgewickelt wird, nicht.<\/p><\/blockquote><\/figure>\n\n\n\n<p><\/p>\n\n\n\n<h2 class=\"wp-block-heading\">Der Rechtsversto\u00df lohn sich&#8230; immer<\/h2>\n\n\n\n<p>Zu den Aufgaben eines Verbraucherverbandes geh\u00f6rt es, als Treuh\u00e4nder der Interessen der Verbrauchenden<\/p>\n\n\n\n<blockquote class=\"wp-block-quote is-layout-flow wp-block-quote-is-layout-flow\"><p>Hi there! I&#8217;m a bike messenger by day, aspiring actor by night, and this is my website. I live in Los Angeles, have a great dog named Jack, and I like pi\u00f1a coladas. (And gettin&#8216; caught in the rain.)<\/p><\/blockquote>\n\n\n\n<p>&#8230;or something like this:<\/p>\n\n\n\n<blockquote class=\"wp-block-quote is-layout-flow wp-block-quote-is-layout-flow\"><p>The XYZ Doohickey Company was founded in 1971, and has been providing quality doohickeys to the public ever since. Located in Gotham City, XYZ employs over 2,000 people and does all kinds of awesome things for the Gotham community.<\/p><\/blockquote>\n\n\n\n<p>As a new WordPress user, you should go to your dashboard to delete this page and create new pages for your content. Have fun!<\/p>\n","protected":false},"excerpt":{"rendered":"<p>Eine Vielzahl von Regelungen dienen dem Schutz von Verbrauchenden. Allerdings ist das Recht so ausgestaltet, dass diese verbrauchersch\u00fctzenden Rechte in aller Regel nicht von den betroffenen Verbrauchenden selbst durchgesetzt werden k\u00f6nnen. Ein Beispiel: In einem Supermarkt ist die Ware falsch bzw. irref\u00fchrend ausgezeichnet. Zwar gibt es eine gesetzliche Regel hierzu (die sog. &#8222;Preisangabenverordnung&#8220;), aber diese [&hellip;]<\/p>\n","protected":false},"author":1,"featured_media":0,"parent":0,"menu_order":0,"comment_status":"closed","ping_status":"open","template":"","meta":{"footnotes":""},"class_list":["post-2","page","type-page","status-publish","hentry"],"_links":{"self":[{"href":"https:\/\/euroconsum.eu\/de\/wp-json\/wp\/v2\/pages\/2","targetHints":{"allow":["GET"]}}],"collection":[{"href":"https:\/\/euroconsum.eu\/de\/wp-json\/wp\/v2\/pages"}],"about":[{"href":"https:\/\/euroconsum.eu\/de\/wp-json\/wp\/v2\/types\/page"}],"author":[{"embeddable":true,"href":"https:\/\/euroconsum.eu\/de\/wp-json\/wp\/v2\/users\/1"}],"replies":[{"embeddable":true,"href":"https:\/\/euroconsum.eu\/de\/wp-json\/wp\/v2\/comments?post=2"}],"version-history":[{"count":3,"href":"https:\/\/euroconsum.eu\/de\/wp-json\/wp\/v2\/pages\/2\/revisions"}],"predecessor-version":[{"id":3467,"href":"https:\/\/euroconsum.eu\/de\/wp-json\/wp\/v2\/pages\/2\/revisions\/3467"}],"wp:attachment":[{"href":"https:\/\/euroconsum.eu\/de\/wp-json\/wp\/v2\/media?parent=2"}],"curies":[{"name":"wp","href":"https:\/\/api.w.org\/{rel}","templated":true}]}}