{"id":1988,"date":"2022-03-15T06:18:30","date_gmt":"2022-03-15T05:18:30","guid":{"rendered":"https:\/\/euroconsum.eu\/contact\/"},"modified":"2022-03-15T06:18:30","modified_gmt":"2022-03-15T05:18:30","slug":"contact","status":"publish","type":"page","link":"https:\/\/euroconsum.eu\/de\/contact\/","title":{"rendered":"Contact"},"content":{"rendered":"\t\t<div data-elementor-type=\"wp-page\" data-elementor-id=\"1988\" class=\"elementor elementor-1988\" data-elementor-post-type=\"page\">\n\t\t\t\t\t\t<section class=\"elementor-section elementor-top-section elementor-element elementor-element-dff39f6 elementor-section-full_width elementor-section-height-default elementor-section-height-default\" data-id=\"dff39f6\" data-element_type=\"section\" data-e-type=\"section\">\n\t\t\t\t\t\t<div class=\"elementor-container elementor-column-gap-no\">\n\t\t\t\t\t<div class=\"elementor-column elementor-col-100 elementor-top-column elementor-element elementor-element-47a2dd76\" data-id=\"47a2dd76\" data-element_type=\"column\" data-e-type=\"column\">\n\t\t\t<div class=\"elementor-widget-wrap elementor-element-populated\">\n\t\t\t\t\t\t<div class=\"elementor-element elementor-element-589ffadf elementor-widget elementor-widget-heading\" data-id=\"589ffadf\" data-element_type=\"widget\" data-e-type=\"widget\" data-widget_type=\"heading.default\">\n\t\t\t\t<div class=\"elementor-widget-container\">\n\t\t\t\t\t<h1 class=\"elementor-heading-title elementor-size-default\">Find your spot with us<\/h1>\t\t\t\t<\/div>\n\t\t\t\t<\/div>\n\t\t\t\t<div class=\"elementor-element elementor-element-de9141a elementor-widget elementor-widget-image\" data-id=\"de9141a\" data-element_type=\"widget\" data-e-type=\"widget\" data-settings=\"{&quot;motion_fx_motion_fx_scrolling&quot;:&quot;yes&quot;,&quot;motion_fx_scale_effect&quot;:&quot;yes&quot;,&quot;motion_fx_scale_range&quot;:{&quot;unit&quot;:&quot;%&quot;,&quot;size&quot;:&quot;&quot;,&quot;sizes&quot;:{&quot;start&quot;:&quot;50&quot;,&quot;end&quot;:&quot;100&quot;}},&quot;motion_fx_devices&quot;:[&quot;desktop&quot;],&quot;motion_fx_scale_direction&quot;:&quot;out-in&quot;,&quot;motion_fx_scale_speed&quot;:{&quot;unit&quot;:&quot;px&quot;,&quot;size&quot;:4,&quot;sizes&quot;:[]}}\" data-widget_type=\"image.default\">\n\t\t\t\t<div class=\"elementor-widget-container\">\n\t\t\t\t\t\t\t\t\t\t\t\t\t\t\t<img fetchpriority=\"high\" decoding=\"async\" width=\"1725\" height=\"589\" src=\"https:\/\/euroconsum.eu\/wp-content\/uploads\/2022\/03\/ContactPage-Hero.jpg\" class=\"attachment-full size-full wp-image-1989\" alt=\"\" \/>\t\t\t\t\t\t\t\t\t\t\t\t\t\t\t<\/div>\n\t\t\t\t<\/div>\n\t\t\t\t\t<\/div>\n\t\t<\/div>\n\t\t\t\t\t<\/div>\n\t\t<\/section>\n\t\t\t\t<section class=\"elementor-section elementor-top-section elementor-element elementor-element-11c2af6d elementor-section-full_width elementor-section-height-default elementor-section-height-default\" data-id=\"11c2af6d\" data-element_type=\"section\" data-e-type=\"section\">\n\t\t\t\t\t\t<div class=\"elementor-container elementor-column-gap-no\">\n\t\t\t\t\t<div class=\"elementor-column elementor-col-100 elementor-top-column elementor-element elementor-element-60b89d15\" data-id=\"60b89d15\" data-element_type=\"column\" data-e-type=\"column\">\n\t\t\t<div class=\"elementor-widget-wrap elementor-element-populated\">\n\t\t\t\t\t\t<div class=\"elementor-element elementor-element-6919f897 elementor-widget elementor-widget-heading\" data-id=\"6919f897\" data-element_type=\"widget\" data-e-type=\"widget\" data-widget_type=\"heading.default\">\n\t\t\t\t<div class=\"elementor-widget-container\">\n\t\t\t\t\t<h2 class=\"elementor-heading-title elementor-size-default\">Let\u2019s meet and work together<\/h2>\t\t\t\t<\/div>\n\t\t\t\t<\/div>\n\t\t\t\t<div class=\"elementor-element elementor-element-14a5031a elementor-icon-list--layout-traditional elementor-list-item-link-full_width elementor-widget elementor-widget-icon-list\" data-id=\"14a5031a\" data-element_type=\"widget\" data-e-type=\"widget\" data-widget_type=\"icon-list.default\">\n\t\t\t\t<div class=\"elementor-widget-container\">\n\t\t\t\t\t\t\t<ul class=\"elementor-icon-list-items\">\n\t\t\t\t\t\t\t<li class=\"elementor-icon-list-item\">\n\t\t\t\t\t\t\t\t\t\t<span class=\"elementor-icon-list-text\">Address:  2750  Star Route, Chicago, Illinois<\/span>\n\t\t\t\t\t\t\t\t\t<\/li>\n\t\t\t\t\t\t\t\t<li class=\"elementor-icon-list-item\">\n\t\t\t\t\t\t\t\t\t\t<span class=\"elementor-icon-list-text\">Phone: 312-555-0188 <\/span>\n\t\t\t\t\t\t\t\t\t<\/li>\n\t\t\t\t\t\t<\/ul>\n\t\t\t\t\t\t<\/div>\n\t\t\t\t<\/div>\n\t\t\t\t\t<\/div>\n\t\t<\/div>\n\t\t\t\t\t<\/div>\n\t\t<\/section>\n\t\t\t\t<section class=\"elementor-section elementor-top-section elementor-element elementor-element-7edb6c07 elementor-section-full_width elementor-section-content-middle elementor-section-height-default elementor-section-height-default\" data-id=\"7edb6c07\" data-element_type=\"section\" data-e-type=\"section\">\n\t\t\t\t\t\t<div class=\"elementor-container elementor-column-gap-no\">\n\t\t\t\t\t<div class=\"elementor-column elementor-col-50 elementor-top-column elementor-element elementor-element-173b035c\" data-id=\"173b035c\" data-element_type=\"column\" data-e-type=\"column\">\n\t\t\t<div class=\"elementor-widget-wrap elementor-element-populated\">\n\t\t\t\t\t\t<div class=\"elementor-element elementor-element-7516361e elementor-button-align-start elementor-widget elementor-widget-form\" data-id=\"7516361e\" data-element_type=\"widget\" data-e-type=\"widget\" data-settings=\"{&quot;step_next_label&quot;:&quot;Next&quot;,&quot;step_previous_label&quot;:&quot;Previous&quot;,&quot;step_type&quot;:&quot;number_text&quot;,&quot;step_icon_shape&quot;:&quot;circle&quot;}\" data-widget_type=\"form.default\">\n\t\t\t\t<div class=\"elementor-widget-container\">\n\t\t\t\t\t\t\t<form class=\"elementor-form\" method=\"post\" name=\"Contact Form\">\n\t\t\t<input type=\"hidden\" name=\"post_id\" value=\"1988\"\/>\n\t\t\t<input type=\"hidden\" name=\"form_id\" value=\"7516361e\"\/>\n\t\t\t<input type=\"hidden\" name=\"referer_title\" value=\"Contact\" \/>\n\n\t\t\t\t\t\t\t<input type=\"hidden\" name=\"queried_id\" value=\"1988\"\/>\n\t\t\t\n\t\t\t<div class=\"elementor-form-fields-wrapper elementor-labels-above\">\n\t\t\t\t\t\t\t\t<div class=\"elementor-field-type-text elementor-field-group elementor-column elementor-field-group-name elementor-col-50\">\n\t\t\t\t\t\t\t\t\t\t\t\t<label for=\"form-field-name\" class=\"elementor-field-label\">\n\t\t\t\t\t\t\t\tFull Name:\t\t\t\t\t\t\t<\/label>\n\t\t\t\t\t\t\t\t\t\t\t\t\t\t<input size=\"1\" type=\"text\" name=\"form_fields[name]\" id=\"form-field-name\" class=\"elementor-field elementor-size-sm  elementor-field-textual\" placeholder=\"Full Name\">\n\t\t\t\t\t\t\t\t\t\t\t<\/div>\n\t\t\t\t\t\t\t\t<div class=\"elementor-field-type-select elementor-field-group elementor-column elementor-field-group-field_aff3bca elementor-col-50\">\n\t\t\t\t\t\t\t\t\t\t\t\t<label for=\"form-field-field_aff3bca\" class=\"elementor-field-label\">\n\t\t\t\t\t\t\t\tSUBJECT:\t\t\t\t\t\t\t<\/label>\n\t\t\t\t\t\t\t\t<div class=\"elementor-field elementor-select-wrapper remove-before \">\n\t\t\t<div class=\"select-caret-down-wrapper\">\n\t\t\t\t<i aria-hidden=\"true\" class=\"eicon-caret-down\"><\/i>\t\t\t<\/div>\n\t\t\t<select name=\"form_fields[field_aff3bca]\" id=\"form-field-field_aff3bca\" class=\"elementor-field-textual elementor-size-sm\">\n\t\t\t\t\t\t\t\t\t<option value=\"What are you looking for?\">What are you looking for?<\/option>\n\t\t\t\t\t\t\t<\/select>\n\t\t<\/div>\n\t\t\t\t\t\t<\/div>\n\t\t\t\t\t\t\t\t<div class=\"elementor-field-type-tel elementor-field-group elementor-column elementor-field-group-field_9556808 elementor-col-50\">\n\t\t\t\t\t\t\t\t\t\t\t\t<label for=\"form-field-field_9556808\" class=\"elementor-field-label\">\n\t\t\t\t\t\t\t\tPHONE NUMBER:\t\t\t\t\t\t\t<\/label>\n\t\t\t\t\t\t\t\t<input size=\"1\" type=\"tel\" name=\"form_fields[field_9556808]\" id=\"form-field-field_9556808\" class=\"elementor-field elementor-size-sm  elementor-field-textual\" placeholder=\"Phone\" pattern=\"[0-9()#&amp;+*-=.]+\" title=\"<trp-gettext data-trpgettextoriginal=1827>Akceptov\u00e1ny jsou pouze \u010d\u00edsla a telefonn\u00ed znaky (#, -, * atd.).<\/trp-gettext>\">\n\n\t\t\t\t\t\t<\/div>\n\t\t\t\t\t\t\t\t<div class=\"elementor-field-type-email elementor-field-group elementor-column elementor-field-group-email elementor-col-50 elementor-field-required\">\n\t\t\t\t\t\t\t\t\t\t\t\t<label for=\"form-field-email\" class=\"elementor-field-label\">\n\t\t\t\t\t\t\t\tEMAIL:\t\t\t\t\t\t\t<\/label>\n\t\t\t\t\t\t\t\t\t\t\t\t\t\t<input size=\"1\" type=\"email\" name=\"form_fields[email]\" id=\"form-field-email\" class=\"elementor-field elementor-size-sm  elementor-field-textual\" placeholder=\"Email\" required=\"required\">\n\t\t\t\t\t\t\t\t\t\t\t<\/div>\n\t\t\t\t\t\t\t\t<div class=\"elementor-field-type-textarea elementor-field-group elementor-column elementor-field-group-message elementor-col-100\">\n\t\t\t\t\t\t\t\t\t\t\t\t<label for=\"form-field-message\" class=\"elementor-field-label\">\n\t\t\t\t\t\t\t\tCOMMENT:\t\t\t\t\t\t\t<\/label>\n\t\t\t\t\t\t<textarea class=\"elementor-field-textual elementor-field  elementor-size-sm\" name=\"form_fields[message]\" id=\"form-field-message\" rows=\"4\" placeholder=\"Message (enter your text)\"><\/textarea>\t\t\t\t<\/div>\n\t\t\t\t\t\t\t\t<div class=\"elementor-field-group elementor-column elementor-field-type-submit elementor-col-100 e-form__buttons\">\n\t\t\t\t\t<button class=\"elementor-button elementor-size-sm\" type=\"submit\">\n\t\t\t\t\t\t<span class=\"elementor-button-content-wrapper\">\n\t\t\t\t\t\t\t\t\t\t\t\t\t\t\t\t\t\t\t\t\t\t<span class=\"elementor-button-text\">Submit<\/span>\n\t\t\t\t\t\t\t\t\t\t\t\t\t<\/span>\n\t\t\t\t\t<\/button>\n\t\t\t\t<\/div>\n\t\t\t<\/div>\n\t\t<\/form>\n\t\t\t\t\t\t<\/div>\n\t\t\t\t<\/div>\n\t\t\t\t\t<\/div>\n\t\t<\/div>\n\t\t\t\t<div class=\"elementor-column elementor-col-50 elementor-top-column elementor-element elementor-element-36d2784b\" data-id=\"36d2784b\" data-element_type=\"column\" data-e-type=\"column\">\n\t\t\t<div class=\"elementor-widget-wrap elementor-element-populated\">\n\t\t\t\t\t\t<div class=\"elementor-element elementor-element-23bf315a elementor-widget elementor-widget-google_maps\" data-id=\"23bf315a\" data-element_type=\"widget\" data-e-type=\"widget\" data-widget_type=\"google_maps.default\">\n\t\t\t\t<div class=\"elementor-widget-container\">\n\t\t\t\t\t\t\t<div class=\"elementor-custom-embed\">\n\t\t\t<iframe loading=\"lazy\"\n\t\t\t\t\tsrc=\"https:\/\/maps.google.com\/maps?q=Star%20Route%2C%20Chicago%2C%20Illinois&#038;t=m&#038;z=15&#038;output=embed&#038;iwloc=near\"\n\t\t\t\t\ttitle=\"Star Route, Chicago, Illinois\"\n\t\t\t\t\taria-label=\"Star Route, Chicago, Illinois\"\n\t\t\t><\/iframe>\n\t\t<\/div>\n\t\t\t\t\t\t<\/div>\n\t\t\t\t<\/div>\n\t\t\t\t\t<\/div>\n\t\t<\/div>\n\t\t\t\t\t<\/div>\n\t\t<\/section>\n\t\t\t\t<section class=\"elementor-section elementor-top-section elementor-element elementor-element-273e29e6 elementor-section-full_width elementor-section-height-default elementor-section-height-default\" data-id=\"273e29e6\" data-element_type=\"section\" data-e-type=\"section\">\n\t\t\t\t\t\t<div class=\"elementor-container elementor-column-gap-no\">\n\t\t\t\t\t<div class=\"elementor-column elementor-col-100 elementor-top-column elementor-element elementor-element-50aa4954\" data-id=\"50aa4954\" data-element_type=\"column\" data-e-type=\"column\">\n\t\t\t<div class=\"elementor-widget-wrap elementor-element-populated\">\n\t\t\t\t\t\t<div class=\"elementor-element elementor-element-3f677826 elementor-view-default elementor-widget elementor-widget-icon\" data-id=\"3f677826\" data-element_type=\"widget\" data-e-type=\"widget\" data-widget_type=\"icon.default\">\n\t\t\t\t<div class=\"elementor-widget-container\">\n\t\t\t\t\t\t\t<div class=\"elementor-icon-wrapper\">\n\t\t\t<div class=\"elementor-icon\">\n\t\t\t<svg xmlns=\"http:\/\/www.w3.org\/2000\/svg\" id=\"eef503f4-88d8-4613-a3bf-b71a695facd0\" data-name=\"Layer 1\" width=\"141\" height=\"95\" viewBox=\"0 0 141 95\"><polygon points=\"0 95 46.271 95 69 0 38.965 0 0 95\"><\/polygon><polygon points=\"110.965 0 72 95 118.271 95 141 0 110.965 0\"><\/polygon><\/svg>\t\t\t<\/div>\n\t\t<\/div>\n\t\t\t\t\t\t<\/div>\n\t\t\t\t<\/div>\n\t\t\t\t<div class=\"elementor-element elementor-element-2bf5cc9 elementor-blockquote--skin-clean elementor-blockquote--align-center elementor-blockquote--button-color-official elementor-widget elementor-widget-blockquote\" data-id=\"2bf5cc9\" data-element_type=\"widget\" data-e-type=\"widget\" data-widget_type=\"blockquote.default\">\n\t\t\t\t<div class=\"elementor-widget-container\">\n\t\t\t\t\t\t\t<blockquote class=\"elementor-blockquote\">\n\t\t\t<p class=\"elementor-blockquote__content\">\n\t\t\t\t\u201cThe power of business growth is the understanding that everyone is working together towards the same goal.\u201d\t\t\t<\/p>\n\t\t\t\t\t\t\t<div class=\"e-q-footer\">\n\t\t\t\t\t\t\t\t\t\t\t<cite class=\"elementor-blockquote__author\">Kimberly Wilson, The container founder<\/cite>\n\t\t\t\t\t\t\t\t\t\t\t\t\t\t<\/div>\n\t\t\t\t\t<\/blockquote>\n\t\t\t\t\t\t<\/div>\n\t\t\t\t<\/div>\n\t\t\t\t<div class=\"elementor-element elementor-element-67eb5239 elementor-widget-divider--view-line elementor-widget elementor-widget-divider\" data-id=\"67eb5239\" data-element_type=\"widget\" data-e-type=\"widget\" data-widget_type=\"divider.default\">\n\t\t\t\t<div class=\"elementor-widget-container\">\n\t\t\t\t\t\t\t<div class=\"elementor-divider\">\n\t\t\t<span class=\"elementor-divider-separator\">\n\t\t\t\t\t\t<\/span>\n\t\t<\/div>\n\t\t\t\t\t\t<\/div>\n\t\t\t\t<\/div>\n\t\t\t\t<div class=\"elementor-element elementor-element-4ccf481 elementor-view-default elementor-widget elementor-widget-icon\" data-id=\"4ccf481\" data-element_type=\"widget\" data-e-type=\"widget\" data-widget_type=\"icon.default\">\n\t\t\t\t<div class=\"elementor-widget-container\">\n\t\t\t\t\t\t\t<div class=\"elementor-icon-wrapper\">\n\t\t\t<div class=\"elementor-icon\">\n\t\t\t<svg xmlns=\"http:\/\/www.w3.org\/2000\/svg\" id=\"b5743511-8901-4dbb-a83b-ff787b5288e3\" data-name=\"Layer 1\" width=\"191\" height=\"14\" viewBox=\"0 0 191 14\"><polygon points=\"0 2.17 4.16 2.17 4.16 13 6.996 13 6.996 2.17 11.213 2.17 11.213 0 0 0 0 2.17\"><\/polygon><polygon points=\"24.828 5.268 19.297 5.268 19.297 0 16.461 0 16.461 13 19.297 13 19.297 7.429 24.828 7.429 24.828 13 27.664 13 27.664 0 24.828 0 24.828 5.268\"><\/polygon><polygon points=\"36.609 7.366 42.055 7.366 42.055 5.268 36.609 5.268 36.609 2.17 42.981 2.17 42.981 0 33.772 0 33.772 13 43 13 43 10.848 36.609 10.848 36.609 7.366\"><\/polygon><path d=\"M83.0886.8188a6.0624,6.0624,0,0,0-6.0852,0,5.4084,5.4084,0,0,0-2.06,2.349A8.1462,8.1462,0,0,0,74.2147,6.71v.6738a7.9554,7.9554,0,0,0,.743,3.4766,5.418,5.418,0,0,0,2.0692,2.3256,6.0712,6.0712,0,0,0,6.09-.0094,5.3649,5.3649,0,0,0,2.0456-2.34,8.1893,8.1893,0,0,0,.7149-3.5281V6.7006a8.1232,8.1232,0,0,0-.729-3.5328A5.4082,5.4082,0,0,0,83.0886.8188Zm-.07,6.5368a5.7492,5.7492,0,0,1-.7713,3.2333,2.7084,2.7084,0,0,1-4.4016-.0421,5.7825,5.7825,0,0,1-.7713-3.238V6.6444a5.6456,5.6456,0,0,1,.7807-3.2239,2.7325,2.7325,0,0,1,4.3922.014,5.711,5.711,0,0,1,.7713,3.2567Z\"><\/path><path d=\"M61.5787,3.3082A2.4016,2.4016,0,0,1,63.69,2.3021a2.7429,2.7429,0,0,1,1.9328.5943A2.8383,2.8383,0,0,1,66.3613,4.81h2.8216a5.1709,5.1709,0,0,0-1.6742-3.5468A6.2423,6.2423,0,0,0,60.6852.8,5.1982,5.1982,0,0,0,58.696,3.0976,8.1327,8.1327,0,0,0,58,6.56v.8329a7.21,7.21,0,0,0,1.51,4.8429A5.1652,5.1652,0,0,0,63.6526,14a5.7489,5.7489,0,0,0,3.88-1.2634A4.812,4.812,0,0,0,69.1641,9.274H66.3425a2.6775,2.6775,0,0,1-.7383,1.839,2.7948,2.7948,0,0,1-1.9516.5942,2.3569,2.3569,0,0,1-2.1209-1.02,6.01,6.01,0,0,1-.6725-3.2286V6.4291A5.6161,5.6161,0,0,1,61.5787,3.3082Z\"><\/path><path d=\"M126.8184.1872l-5.0976,13.6256h3l.9406-2.8074h4.9471l.95,2.8074h3L129.433.1872Zm-.395,8.5441,1.7023-5.1,1.7212,5.1Z\"><\/path><polygon points=\"168.71 7.908 174.127 7.908 174.127 5.709 168.71 5.709 168.71 2.461 175.049 2.461 175.049 0.187 165.888 0.187 165.888 13.813 175.067 13.813 175.067 11.557 168.71 11.557 168.71 7.908\"><\/polygon><path d=\"M188.0374,8.1136A4.1331,4.1331,0,0,0,189.8761,6.63a4.1765,4.1765,0,0,0,.6066-2.3256,3.7059,3.7059,0,0,0-1.3167-3.0414A5.7722,5.7722,0,0,0,185.4227.1872h-5.0883V13.8128h2.8216V8.8249h2.2479l2.5676,4.9879H191v-.131Zm-.9594-2.1009a2.3374,2.3374,0,0,1-1.6459.5381H183.156v-4.09h2.2667a2.2935,2.2935,0,0,1,1.6882.5522,2.0527,2.0527,0,0,1,.55,1.516A1.9185,1.9185,0,0,1,187.078,6.0127Z\"><\/path><polygon points=\"157 9.171 151.498 0.187 148.676 0.187 148.676 13.813 151.498 13.813 151.498 4.848 156.991 13.813 159.812 13.813 159.812 0.187 157 0.187 157 9.171\"><\/polygon><polygon points=\"107.632 2.461 111.77 2.461 111.77 13.813 114.592 13.813 114.592 2.461 118.786 2.461 118.786 0.187 107.632 0.187 107.632 2.461\"><\/polygon><rect x=\"139.6284\" y=\"0.1872\" width=\"2.8215\" height=\"13.6256\"><\/rect><polygon points=\"99.863 9.171 94.361 0.187 91.539 0.187 91.539 13.813 94.361 13.813 94.361 4.848 99.853 13.813 102.675 13.813 102.675 0.187 99.863 0.187 99.863 9.171\"><\/polygon><\/svg>\t\t\t<\/div>\n\t\t<\/div>\n\t\t\t\t\t\t<\/div>\n\t\t\t\t<\/div>\n\t\t\t\t\t<\/div>\n\t\t<\/div>\n\t\t\t\t\t<\/div>\n\t\t<\/section>\n\t\t\t\t<\/div>\n\t\t","protected":false},"excerpt":{"rendered":"<p>Find your spot with us Let\u2019s meet and work together Address: 2750 Star Route, Chicago, Illinois Phone: 312-555-0188 \u201cThe power of business growth is the understanding that everyone is working together towards the same goal.\u201d Kimberly Wilson, The container founder<\/p>\n","protected":false},"author":1,"featured_media":0,"parent":0,"menu_order":0,"comment_status":"closed","ping_status":"closed","template":"elementor_header_footer","meta":{"footnotes":""},"class_list":["post-1988","page","type-page","status-publish","hentry"],"_links":{"self":[{"href":"https:\/\/euroconsum.eu\/de\/wp-json\/wp\/v2\/pages\/1988","targetHints":{"allow":["GET"]}}],"collection":[{"href":"https:\/\/euroconsum.eu\/de\/wp-json\/wp\/v2\/pages"}],"about":[{"href":"https:\/\/euroconsum.eu\/de\/wp-json\/wp\/v2\/types\/page"}],"author":[{"embeddable":true,"href":"https:\/\/euroconsum.eu\/de\/wp-json\/wp\/v2\/users\/1"}],"replies":[{"embeddable":true,"href":"https:\/\/euroconsum.eu\/de\/wp-json\/wp\/v2\/comments?post=1988"}],"version-history":[{"count":2,"href":"https:\/\/euroconsum.eu\/de\/wp-json\/wp\/v2\/pages\/1988\/revisions"}],"predecessor-version":[{"id":1991,"href":"https:\/\/euroconsum.eu\/de\/wp-json\/wp\/v2\/pages\/1988\/revisions\/1991"}],"wp:attachment":[{"href":"https:\/\/euroconsum.eu\/de\/wp-json\/wp\/v2\/media?parent=1988"}],"curies":[{"name":"wp","href":"https:\/\/api.w.org\/{rel}","templated":true}]}}