{"id":1726,"date":"2022-03-12T19:28:38","date_gmt":"2022-03-12T18:28:38","guid":{"rendered":"https:\/\/euroconsum.eu\/?page_id=1726"},"modified":"2022-12-31T10:25:35","modified_gmt":"2022-12-31T09:25:35","slug":"datenschutzerklaerung","status":"publish","type":"page","link":"https:\/\/euroconsum.eu\/de\/datenschutzerklaerung\/","title":{"rendered":"Datenschutzerkl\u00e4rung"},"content":{"rendered":"\t\t<div data-elementor-type=\"wp-page\" data-elementor-id=\"1726\" class=\"elementor elementor-1726\" data-elementor-post-type=\"page\">\n\t\t\t\t\t\t<section class=\"elementor-section elementor-top-section elementor-element elementor-element-e6c396b elementor-section-boxed elementor-section-height-default elementor-section-height-default\" data-id=\"e6c396b\" data-element_type=\"section\" data-e-type=\"section\">\n\t\t\t\t\t\t<div class=\"elementor-container elementor-column-gap-default\">\n\t\t\t\t\t<div class=\"elementor-column elementor-col-100 elementor-top-column elementor-element elementor-element-9a6495d\" data-id=\"9a6495d\" data-element_type=\"column\" data-e-type=\"column\">\n\t\t\t<div class=\"elementor-widget-wrap elementor-element-populated\">\n\t\t\t\t\t\t<div class=\"elementor-element elementor-element-3470f149 elementor-widget elementor-widget-text-editor\" data-id=\"3470f149\" data-element_type=\"widget\" data-e-type=\"widget\" data-widget_type=\"text-editor.default\">\n\t\t\t\t<div class=\"elementor-widget-container\">\n\t\t\t\t\t\t\t\t\t\n<h3 class=\"wp-block-heading\">Datenschutzerkl\u00e4rung und Einwilligungen<\/h3>\n\n\n\n<p><strong>Inhaltsverzeichnis<\/strong><br>1. Zielsetzung und verantwortliche Stelle<br>2. Grunds\u00e4tzliche Angaben zur Datenverarbeitung<br>3. Verarbeitung personenbezogener Daten<br>4. Erhebung von Zugriffsdaten<br>5. Cookies &amp; Reichweitenmessung<br>6. Google Analytics<br>7. Social Plugins \/ Share Buttons<br>8. Einbindung von Diensten und Inhalten Dritter<br>9. Rechte der Nutzer und L\u00f6schung<br>10. \u00c4nderungen der Datenschutzerkl\u00e4rung<\/p>\n\n\n\n<h3 class=\"wp-block-heading\">1. Zielsetzung und verantwortliche Stelle<\/h3>\n\n\n\n<p>Diese Datenschutzerkl\u00e4rung kl\u00e4rt \u00fcber die Art, den Umfang und Zweck der Verarbeitung (u.a. Erhebung, Verarbeitung und Nutzung sowie Einholung von Einwilligungen) von personenbezogenen Daten innerhalb unseres Onlineangebotes und der mit ihm verbundenen Webseiten, Funktionen und Inhalte (nachfolgend gemeinsam bezeichnet als \u201eOnlineangebot\u201c oder \u201eWebsite\u201c) auf. Die Datenschutzerkl\u00e4rung gilt unabh\u00e4ngig von den verwendeten Domains, Systemen, Plattformen und Ger\u00e4ten (z.B. Desktop oder Mobile) auf denen das Onlineangebot ausgef\u00fchrt wird.<\/p>\n\n\n\n<p>Anbieter des Onlineangebotes und die datenschutzrechtlich verantwortliche Stelle ist  <\/p>\n\n\n\n<p><strong><strong>Deutscher Konsumentenbund e.V.<\/strong>, Arheilger Weg 11, 64380 Ro\u00dfdorf<br>Telefon +49 6154 6039754-0, Telefax +49 6154 6039754-9 <\/strong>Vorstand: Iwona Szczeblewski, ebenda; Sitz: Ro\u00dfdorf<\/p>\n\n\n\n<p>(nachfolgend bezeichnet als \u201eAnbieter\u201c, \u201ewir\u201c oder \u201euns\u201c). F\u00fcr die Kontaktm\u00f6glichkeiten verweisen wir auf unser Impressum.<\/p>\n\n\n\n<p>Der Begriff \u201eNutzerInnen\u201c umfasst alle Kunden und Besucher unseres Onlineangebotes. <\/p>\n\n\n\n<h3 class=\"wp-block-heading\">2. Grunds\u00e4tzliche Angaben zur Datenverarbeitung<\/h3>\n\n\n\n<p>Wir verarbeiten personenbezogene Daten der NutzerInnen nur unter Einhaltung der einschl\u00e4gigen Datenschutzbestimmungen entsprechend den Geboten der Datensparsamkeit und Datenvermeidung. Das bedeutet die Daten der Nutzer werden nur beim Vorliegen einer gesetzlichen Erlaubnis (insbesondere wenn die Daten zur Erbringung unserer Leistungen \/ Online-Services erforderlich bzw. gesetzlich vorgeschrieben sind) oder beim Vorliegen einer Einwilligung verarbeitet.<\/p>\n\n\n\n<p>Wir treffen organisatorische, vertragliche und technische Sicherheitsma\u00dfnahmen entsprechend dem Stand der Technik, um sicher zu stellen, dass die Vorschriften der Datenschutzgesetze eingehalten werden und um damit die durch uns verarbeiteten Daten gegen zuf\u00e4llige oder vors\u00e4tzliche Manipulationen, Verlust, Zerst\u00f6rung oder gegen den Zugriff unberechtigter Personen zu sch\u00fctzen.<\/p>\n\n\n\n<p>Sofern im Rahmen dieser Datenschutzerkl\u00e4rung Inhalte, Werkzeuge oder sonstige Mittel von anderen Anbietern (nachfolgend gemeinsam bezeichnet als \u201eDritt-Anbieter\u201c) eingesetzt werden und deren genannter Sitz im Ausland ist, ist davon auszugehen, dass ein Datentransfer in die Sitzstaaten der Dritt-Anbieter stattfindet. Die \u00dcbermittlung von Daten in Drittstaaten erfolgt entweder auf Grundlage einer gesetzlichen Erlaubnis, einer Einwilligung der Nutzer oder spezieller Vertragsklauseln, die eine gesetzlich vorausgesetzte Sicherheit der Daten gew\u00e4hrleisten.<\/p>\n\n\n\n<h3 class=\"wp-block-heading\">3. Verarbeitung personenbezogener Daten<\/h3>\n\n\n\n<p>Die personenbezogenen Daten werden, neben den ausdr\u00fccklich in dieser Datenschutzerkl\u00e4rung genannten Verwendung, f\u00fcr die folgenden Zwecke auf Grundlage gesetzlicher Erlaubnisse oder Einwilligungen der Nutzer verarbeitet:<\/p>\n\n\n\n<ul class=\"wp-block-list\"><li>Zurverf\u00fcgungstellung, Ausf\u00fchrung, Pflege, Optimierung und Sicherung unserer Dienste-, Service- und Nutzerleistungen;<\/li><li>Gew\u00e4hrleistung eines effektiven Kundendienstes und technischen Supports.<\/li><\/ul>\n\n\n\n<p>Solche Daten fallen bei der Nutzung unserer Seite nur an, wenn Sie einen Kontakt per Kontaktformular oder E-Mail aufnehmen.<\/p>\n\n\n\n<p>Wir \u00fcbermitteln die Daten der Nutzer an Dritte nur, wenn dies aufgrund vertraglicher oder gesetzlicher Verpflichtungen notwendig ist.<\/p>\n\n\n\n<p>Bei der Kontaktaufnahme mit uns (per Kontaktformular oder Email) werden die Angaben des Nutzers zwecks Bearbeitung der Anfrage sowie f\u00fcr den Fall, dass Anschlussfragen entstehen, gespeichert.<\/p>\n\n\n\n<p>Personenbezogene Daten werden gel\u00f6scht, sofern sie ihren Verwendungszweck erf\u00fcllt haben und der L\u00f6schung keine Aufbewahrungspflichten entgegenstehen.<\/p>\n\n\n\n<h3 class=\"wp-block-heading\">4. Erhebung von Zugriffsdaten<\/h3>\n\n\n\n<p>Zudem erheben wir Daten \u00fcber jeden Zugriff auf den Server, auf dem sich dieser Dienst befindet (so genannte Serverlogfiles). Zu den Zugriffsdaten geh\u00f6ren Name der abgerufenen Webseite, Datei, Datum und Uhrzeit des Abrufs, \u00fcbertragene Datenmenge, Meldung \u00fcber erfolgreichen Abruf, Browsertyp nebst Version, das Betriebssystem des Nutzers, Referrer URL (soweit mitgesendet, die zuvor besuchte Seite), IP-Adresse und der anfragende Provider.<\/p>\n\n\n\n<p>Wir verwenden die Protokolldaten ohne Zuordnung zur Person des Nutzers oder sonstiger Profilerstellung entsprechend den gesetzlichen Bestimmungen nur f\u00fcr statistische Auswertungen zum Zweck des Betriebs, der Sicherheit und der Optimierung unseres Onlineangebotes. Wir behalten uns jedoch vor, die Protokolldaten nachtr\u00e4glich zu \u00fcberpr\u00fcfen, wenn aufgrund konkreter Anhaltspunkte der berechtigte Verdacht einer rechtswidrigen Nutzung besteht.<\/p>\n\n\n\n<h3 class=\"wp-block-heading\">5. Cookies &amp; Reichweitenmessung<\/h3>\n\n\n\n<p>Diese Webseite verwendet selbst lediglich sogenannte technisch notwendige Cookies, um die Bereitstellung der Webseite f\u00fcr den anfragenden Client funktional zu erm\u00f6glichen (sogenannte 1st-Party-Cookies).&nbsp; Es werden keinerlei personenbezogene Daten daraus abgeleitet.<\/p>\n\n\n\n<p>Nach der neuesten Rechtsprechung des Europ\u00e4ischen Gerichtshofs (Urteil vom 9.10.2019) muss gleichwohl eine aktive Zustimmung oder eben eine Ablehnung des Nutzers gew\u00e4hrleistet sein, bevor Cookies aktiv werden (gesetzt werden). Lehnt der Nutzer den Cookie-Hinweis ab, kann insofern kein Zugang f\u00fcr die Webseite angeboten werden, die ablehnenden Nutzer werden zu dieser Datenschutzseite weitergeleitet.<\/p>\n\n\n\n<h3 class=\"wp-block-heading\">6. Google Analytics \/ Reichweitenmessung<\/h3>\n\n\n\n<p>Wir setzen den Webanalysedienst Google Analytics&nbsp;<strong>nicht<\/strong>&nbsp;ein, auch keine anderen Analyse- und Reichweitentools, die auf der Erfassung \/ Speicherung von anfragenden IP-Adressen beruhen.<\/p>\n\n\n\n<h3 class=\"wp-block-heading\"><strong>7. Social Plugins \/ Share Buttons<\/strong><\/h3>\n\n\n\n<p>Die Verbindung dieser Seite mit unserem Twitter-Account ist ein einfacher Link, der keine Daten des Nutzers (nofollow) weiterleitet, anders als die sogenannten Social-Share-Buttons. Wir folgen auch hier dem Grundsatz von  Datensparsamkeit und DSGVO-Konformit\u00e4t.<\/p>\n\n\n\n<h3 class=\"wp-block-heading\">8. Einbindung von Diensten und Inhalten Dritter<\/h3>\n\n\n\n<p>Es kann vorkommen, dass innerhalb unseres Onlineangebotes Inhalte oder Dienste von Dritt-Anbietern, wie zum Beispiel Stadtpl\u00e4ne oder Schriftarten von anderen Webseiten eingebunden werden. Die Einbindung von Inhalten der Dritt-Anbieter setzt immer voraus, dass die Dritt-Anbieter die IP-Adresse der Nutzer wahrnehmen, da sie ohne die IP-Adresse die Inhalte nicht an den Browser der Nutzer senden k\u00f6nnten. Die IP-Adresse ist damit f\u00fcr die Darstellung dieser Inhalte erforderlich. Des Weiteren k\u00f6nnen die Anbieter der Dritt-Inhalte eigene Cookies setzen und die Daten der Nutzer f\u00fcr eigene Zwecke verarbeiten. Dabei k\u00f6nnen aus den verarbeiteten Daten Nutzungsprofile der Nutzer erstellt werden. Wir werden diese Inhalte m\u00f6glichst datensparsam und datenvermeidend einsetzen sowie im Hinblick auf die Datensicherheit zuverl\u00e4ssige Dritt-Anbieter w\u00e4hlen.<\/p>\n\n\n\n<p>Derzeit verwenden wir keine Einbettungen von Drittanbieter-Services, die auf eine solche Weise Daten des aufrufenden Accounts \u00fcbermitteln.<\/p>\n\n\n\n<h3 class=\"wp-block-heading\">9. Rechte der Nutzer und L\u00f6schung von Daten<\/h3>\n\n\n\n<p>Nutzer haben das Recht, auf Antrag unentgeltlich Auskunft zu erhalten \u00fcber die personenbezogenen Daten, die von uns \u00fcber sie gespeichert wurden.<br>Zus\u00e4tzlich haben die Nutzer das Recht auf Berichtigung unrichtiger Daten, Widerruf von Einwilligungen, Sperrung und L\u00f6schung ihrer personenbezogenen Daten sowie das Recht, im Fall der Annahme einer unrechtm\u00e4\u00dfigen Datenverarbeitung eine Beschwerde bei der zust\u00e4ndigen Aufsichtsbeh\u00f6rde einzureichen.<\/p>\n\n\n\n<p>Die bei uns gespeicherten Daten werden gel\u00f6scht, sobald sie f\u00fcr ihre Zweckbestimmung nicht mehr erforderlich sind und der L\u00f6schung keine gesetzlichen Aufbewahrungspflichten entgegenstehen.<\/p>\n\n\n\n<p>Ein Online-Formular zur Auskunft \u00fcber die bei uns gespeicherten Daten finden Sie&nbsp;<a href=\"https:\/\/susannchen.info\/?page_id=3167\">hier.<\/a><\/p>\n\n\n\n<p>Ein Online-Formular zur L\u00f6schung der bei uns gespeicherten Daten finden sie&nbsp;<a href=\"https:\/\/susannchen.info\/?page_id=3168\">hier.<\/a><\/p>\n\n\n\n<h3 class=\"wp-block-heading\">10. \u00c4nderungen der Datenschutzerkl\u00e4rung<\/h3>\n\n\n\n<p>Wir behalten uns vor, die Datenschutzerkl\u00e4rung zu \u00e4ndern, um sie an ge\u00e4nderte Rechtslagen oder bei \u00c4nderungen des Dienstes sowie der Datenverarbeitung anzupassen. Dies gilt jedoch nur im Hinblick auf Erkl\u00e4rungen zur Datenverarbeitung. Sofern Einwilligungen der Nutzer erforderlich sind oder Bestandteile der Datenschutzerkl\u00e4rung Regelungen des Vertragsverh\u00e4ltnisses mit den Nutzern enthalten, erfolgen die \u00c4nderungen nur mit Zustimmung der Nutzer.<br>Die Nutzer werden gebeten sich regelm\u00e4\u00dfig \u00fcber den Inhalt der Datenschutzerkl\u00e4rung zu informieren.<\/p>\n\n\n\n<p>Stand: 12.03.2022 15:00<\/p>\n\t\t\t\t\t\t\t\t<\/div>\n\t\t\t\t<\/div>\n\t\t\t\t\t<\/div>\n\t\t<\/div>\n\t\t\t\t\t<\/div>\n\t\t<\/section>\n\t\t\t\t<\/div>\n\t\t","protected":false},"excerpt":{"rendered":"<p>Datenschutzerkl\u00e4rung und Einwilligungen Inhaltsverzeichnis1. Zielsetzung und verantwortliche Stelle2. Grunds\u00e4tzliche Angaben zur Datenverarbeitung3. Verarbeitung personenbezogener Daten4. Erhebung von Zugriffsdaten5. Cookies &amp; Reichweitenmessung6. Google Analytics7. Social Plugins \/ Share Buttons8. Einbindung von Diensten und Inhalten Dritter9. Rechte der Nutzer und L\u00f6schung10. \u00c4nderungen der Datenschutzerkl\u00e4rung 1. Zielsetzung und verantwortliche Stelle Diese Datenschutzerkl\u00e4rung kl\u00e4rt \u00fcber die Art, den Umfang [&hellip;]<\/p>\n","protected":false},"author":1,"featured_media":0,"parent":0,"menu_order":0,"comment_status":"closed","ping_status":"closed","template":"","meta":{"footnotes":""},"class_list":["post-1726","page","type-page","status-publish","hentry"],"_links":{"self":[{"href":"https:\/\/euroconsum.eu\/de\/wp-json\/wp\/v2\/pages\/1726","targetHints":{"allow":["GET"]}}],"collection":[{"href":"https:\/\/euroconsum.eu\/de\/wp-json\/wp\/v2\/pages"}],"about":[{"href":"https:\/\/euroconsum.eu\/de\/wp-json\/wp\/v2\/types\/page"}],"author":[{"embeddable":true,"href":"https:\/\/euroconsum.eu\/de\/wp-json\/wp\/v2\/users\/1"}],"replies":[{"embeddable":true,"href":"https:\/\/euroconsum.eu\/de\/wp-json\/wp\/v2\/comments?post=1726"}],"version-history":[{"count":6,"href":"https:\/\/euroconsum.eu\/de\/wp-json\/wp\/v2\/pages\/1726\/revisions"}],"predecessor-version":[{"id":3323,"href":"https:\/\/euroconsum.eu\/de\/wp-json\/wp\/v2\/pages\/1726\/revisions\/3323"}],"wp:attachment":[{"href":"https:\/\/euroconsum.eu\/de\/wp-json\/wp\/v2\/media?parent=1726"}],"curies":[{"name":"wp","href":"https:\/\/api.w.org\/{rel}","templated":true}]}}