{"id":1166,"date":"2022-03-03T21:53:24","date_gmt":"2022-03-03T20:53:24","guid":{"rendered":"https:\/\/euroconsum.eu\/?page_id=1166"},"modified":"2022-03-10T19:56:15","modified_gmt":"2022-03-10T18:56:15","slug":"1166-2","status":"publish","type":"page","link":"https:\/\/euroconsum.eu\/de\/1166-2\/","title":{"rendered":"Was uns m\u00f6glich macht"},"content":{"rendered":"\n<p>Unsere Arbeit wird von&nbsp;<strong>freiwillig und ehrenamtlich t\u00e4tigen Menschen<\/strong>&nbsp;getragen und erm\u00f6glicht. Bereits seit der Gr\u00fcndung bestand unser Kernteam aus Jurist:innen und \u00c4rzt:innen (meist im Ruhestand), die Arbeit im Gegenwert von j\u00e4hrlich einer dreiviertel Million Euro f\u00fcr unsere gemeinsamen Verbandsziele leisten.<\/p>\n\n\n\n<div class=\"wp-block-image\"><figure class=\"alignleft size-full is-resized\"><img fetchpriority=\"high\" decoding=\"async\" src=\"https:\/\/euroconsum.eu\/wp-content\/uploads\/2022\/03\/Bild_2022-03-10_195358.png\" alt=\"\" class=\"wp-image-1536\" width=\"265\" height=\"333\"\/><\/figure><\/div>\n\n\n\n<p>Nach einer ausgiebigen Diskussion unter unseren Mitgliedern im Jahr 2018 haben wir damit begonnen, alle Prozesse und Funktionalit\u00e4ten durch Freie Software abzubilden. F\u00fcr alle Bereiche der ideellen Arbeit ist uns dies gelungen, f\u00fcr den Bereich der Rechtsdurchsetzung, in dem Fachsoftware eingesetzt werden muss, ist es uns weitgehend gelungen. Wir sind von&nbsp;<strong>Open Source Software<\/strong>&nbsp;\u00fcberzeugt und leisten j\u00e4hrlich einen nennenswerten Beitrag zur Open Source Community.<\/p>\n\n\n\n<p>Einzelspenden ab 10.000 \u20ac und Unternehmensspenden ab 1 \u20ac finden sich im\u00a0<strong><a href=\"https:\/\/euroconsum.eu\/transparenzbericht\/\" data-type=\"page\" data-id=\"1127\">Transparenzbericht<\/a><\/strong>. Der Transparenzbericht wird j\u00e4hrlich fortgeschrieben.<\/p>\n","protected":false},"excerpt":{"rendered":"<p>Unsere Arbeit wird von&nbsp;freiwillig und ehrenamtlich t\u00e4tigen Menschen&nbsp;getragen und erm\u00f6glicht. Bereits seit der Gr\u00fcndung bestand unser Kernteam aus Jurist:innen und \u00c4rzt:innen (meist im Ruhestand), die Arbeit im Gegenwert von j\u00e4hrlich einer dreiviertel Million Euro f\u00fcr unsere gemeinsamen Verbandsziele leisten. Nach einer ausgiebigen Diskussion unter unseren Mitgliedern im Jahr 2018 haben wir damit begonnen, alle Prozesse [&hellip;]<\/p>\n","protected":false},"author":1,"featured_media":0,"parent":0,"menu_order":0,"comment_status":"closed","ping_status":"closed","template":"","meta":{"footnotes":""},"class_list":["post-1166","page","type-page","status-publish","hentry"],"_links":{"self":[{"href":"https:\/\/euroconsum.eu\/de\/wp-json\/wp\/v2\/pages\/1166","targetHints":{"allow":["GET"]}}],"collection":[{"href":"https:\/\/euroconsum.eu\/de\/wp-json\/wp\/v2\/pages"}],"about":[{"href":"https:\/\/euroconsum.eu\/de\/wp-json\/wp\/v2\/types\/page"}],"author":[{"embeddable":true,"href":"https:\/\/euroconsum.eu\/de\/wp-json\/wp\/v2\/users\/1"}],"replies":[{"embeddable":true,"href":"https:\/\/euroconsum.eu\/de\/wp-json\/wp\/v2\/comments?post=1166"}],"version-history":[{"count":4,"href":"https:\/\/euroconsum.eu\/de\/wp-json\/wp\/v2\/pages\/1166\/revisions"}],"predecessor-version":[{"id":1539,"href":"https:\/\/euroconsum.eu\/de\/wp-json\/wp\/v2\/pages\/1166\/revisions\/1539"}],"wp:attachment":[{"href":"https:\/\/euroconsum.eu\/de\/wp-json\/wp\/v2\/media?parent=1166"}],"curies":[{"name":"wp","href":"https:\/\/api.w.org\/{rel}","templated":true}]}}