{"id":1129,"date":"2021-01-25T19:57:00","date_gmt":"2021-01-25T18:57:00","guid":{"rendered":"https:\/\/euroconsum.eu\/?page_id=1129"},"modified":"2022-06-14T23:40:13","modified_gmt":"2022-06-14T21:40:13","slug":"marktwaecherin-psychomarkt","status":"publish","type":"page","link":"https:\/\/euroconsum.eu\/de\/marktwaecherin-psychomarkt\/","title":{"rendered":"Marktw\u00e4cherin Psychomarkt"},"content":{"rendered":"\t\t<div data-elementor-type=\"wp-page\" data-elementor-id=\"1129\" class=\"elementor elementor-1129\" data-elementor-post-type=\"page\">\n\t\t\t\t\t\t<section class=\"elementor-section elementor-top-section elementor-element elementor-element-2b2226c9 elementor-section-boxed elementor-section-height-default elementor-section-height-default\" data-id=\"2b2226c9\" data-element_type=\"section\" data-e-type=\"section\">\n\t\t\t\t\t\t<div class=\"elementor-container elementor-column-gap-default\">\n\t\t\t\t\t<div class=\"elementor-column elementor-col-100 elementor-top-column elementor-element elementor-element-111ce350\" data-id=\"111ce350\" data-element_type=\"column\" data-e-type=\"column\">\n\t\t\t<div class=\"elementor-widget-wrap elementor-element-populated\">\n\t\t\t\t\t\t<div class=\"elementor-element elementor-element-2532b01c elementor-widget elementor-widget-text-editor\" data-id=\"2532b01c\" data-element_type=\"widget\" data-e-type=\"widget\" data-widget_type=\"text-editor.default\">\n\t\t\t\t<div class=\"elementor-widget-container\">\n\t\t\t\t\t\t\t\t\t<p><\/p>\n<h1 class=\"wp-block-heading\">&nbsp;<\/h1>\n<p><\/p>\n<p><\/p>\n<figure class=\"wp-block-image size-full\"><img fetchpriority=\"high\" decoding=\"async\" width=\"720\" height=\"407\" class=\"wp-image-1710\" src=\"https:\/\/euroconsum.eu\/wp-content\/uploads\/2022\/03\/Bild_2022-03-12_125344.png\" alt=\"\"><\/figure>\n<p><\/p>\n<p><\/p>\n<h2 class=\"wp-block-heading\" id=\"der-psychomarkt\">Der Psychomarkt<\/h2>\n<p><\/p>\n<p><\/p>\n<h3 class=\"wp-block-heading\" id=\"-ist-ein-aneingnungsprinzip\">\u2026 folgt dem Aneignungsprinzip<\/h3>\n<p><\/p>\n<p><\/p>\n<p>Der Begriff Psychomarkt bezeichnet eine un\u00fcberschaubare Vielfalt von Angeboten oftmals fragw\u00fcrdiger psychologischer und psychotherapeutischer Dienstleistungen. Diese&nbsp;<strong>pseudotherapeutischen Leistungen<\/strong>&nbsp;kommen als<\/p>\n<p><\/p>\n<p><\/p>\n<ul class=\"wp-block-list\">\n<li>psychologische Diagnostiken,<\/li>\n<li>Lebensberatung und Lebenshilfe,<\/li>\n<li>Pers\u00f6nlichkeitsentwicklung,<\/li>\n<li>Psychotherapien, aber auch<\/li>\n<li>als technische L\u00f6sung<\/li>\n<\/ul>\n<p><\/p>\n<p><\/p>\n<p>daher und suchen bewusst die N\u00e4he zu etablierten Begrifflichkeiten und evidenzbasierten Verfahren (eignen sich dessen Begriffe, soziale Kontexte und assoziierte Inhalte an). So ist etwa der Begriff der Lebenshilfe seit langem durch die Empowerment-Bewegungen aus dem Bereich der Behindertenrechtsbewegung vorgepr\u00e4gt worden. Im Wege einer f\u00fcr die Szene typischen entfremdenden Begriffaneignung satteln Anbieter auf dem Psychomarkt auf diese Begriffsp\u00e4gung auf. So verwendet etwa die adviqo AG f\u00fcr gewerbliche Angebote aus dem Bereich \u201cWahrsagen\u201d und \u201cAstrologie\u201d auch die angeeigneten Etiketten &#8222;Lebenshilfe&#8220;, &#8222;Lebensberatung&#8220; oder &#8222;Antworten auf Lebensfragen&#8220;.<\/p>\n<p><\/p>\n<p><\/p>\n<h3 class=\"wp-block-heading\" id=\"-funktioniert-durch-t\u00e4uschen-einfangen-und-ausnehmen\">\u2026 funktioniert durch T\u00e4uschen, Einfangen und Ausnehmen<\/h3>\n<p><\/p>\n<p><\/p>\n<p>Ein weiteres Merkmal des Psychomarktangebots ist das Spielen mit Verschw\u00f6rungserz\u00e4hlungen, denen zufolge z. B. \u201cdie Pharmaindustrie\u201d eine angeblich revolution\u00e4re Therapie unterdr\u00fcckt. Angebote gerieren sich unter dem Deckmantel, eine \u201cAlternative\u201d zu sein, als Underdog oder Au\u00dfenseiter-Spitzenreiter. Interessierte Kunden werden dann m\u00f6glichst schnell selbst in den Vertrieb eingebunden.<\/p>\n<p><\/p>\n<p><\/p>\n<p>\u00c4hnlich wie im&nbsp;<strong>Multi-Level-Marketing<\/strong>&nbsp;werden Vertriebssysteme in sehr kurzer Zeit etabliert. Hierzu dient in der Regel eine positive Erz\u00e4hlung, welche den Kunden zum Helden einer Geschichte macht. Besonders perfide ist dies, wenn die get\u00e4uschten und eingefangenen Kundinnen ihre Einbindung in das Vertriebsmodell dann auch noch selbst finanzieren sollen, etwa durch \u201cDiplome\u201d oder \u201cZertifikate\u201d von selbst ernannten Instituten. Oft wird ein \u201cAufstiegsmodell\u201d suggeriert, welches sich angeblich dadurch finanzieren soll, dass man mit dem eigenen Geldverdienen bereits beginnt, ehe man die \u201cQualifikation\u201d abgeschlossen hat (<em>\u201cearn as you learn\u201d<\/em>).<\/p>\n<p><\/p>\n<p><\/p>\n<p>Dieser \u201cSturz in den Kaninchenbau\u201d, wie es eine Betroffene einmal nannte, beginnt oft mit der perfiden Frage, ob man nicht auch etwas Gutes f\u00fcr die eigene Familie oder andere Menschen tun wolle. Schlie\u00dflich habe man ja selbst bereits erfahren, wie vermeintlich gut das Produkt sei. Nur wenige Menschen k\u00f6nnen sich von solchen Praktiken problemlos distanzieren, da wir alle dazu tendieren, uns als Heldinnen unserer eigenen Geschichte zu sehen. Nat\u00fcrlich wollen wir alle auf der Seite des Guten stehen. Nat\u00fcrlich wollen wir alle helfen. Und das man mit dem Helfen dann auch noch Geldverdienen k\u00f6nnen soll, st\u00f6rt selbstverst\u00e4ndlich nicht.<\/p>\n<p><\/p>\n<p><\/p>\n<p>Typisch ist auch, dass vielfach mit Autorit\u00e4tsargumenten gearbeitet wird. So werden oft Markenzeichen eingetragen oder Begriff markenrechtlich gesch\u00fctzt, um so den Eindruck zu erwecken, als sei damit ein Wirksamkeitsbeweis verbunden, was gerade nicht der Fall ist. Auch arbeitet die Psycho-Markt-Szene gerne mit gekauften akademischen Titeln.<\/p>\n<p><\/p>\n<p><\/p>\n<h3 class=\"wp-block-heading\" id=\"-kreiert-vielfaches-vicitm-blaming-und-zu-re-traumatisierung\">\u2026 kreiert vielfaches Victim-Blaming und f\u00fchrt zu Re-Traumatisierung<\/h3>\n<p><\/p>\n<p><\/p>\n<p>Typisch f\u00fcr den Psychomarkt ist ein&nbsp;<strong>Spiel mit Hoffnung, Neugier, Schuld<\/strong>&nbsp;und&nbsp;<strong>Scham<\/strong>&nbsp;der Betroffenen. Auf diese Weise wird einerseits ein Zugang zur Kundin geschaffen, andererseits bleiben unseri\u00f6se Praktiken lange verborgen, weil gesch\u00e4digte Personen aus Scham und Wut \u00fcber die vermeintlich eigene Leichtgl\u00e4ubigkeit keinen Kontakt nach au\u00dfen suchen. Besonders perfide ist dabei, dass die Scham gr\u00f6\u00dfer wird, je gr\u00f6\u00dfer der Schaden ist.<\/p>\n<p><\/p>\n<p><\/p>\n<p>Dies wird nicht selten von realen und negativen Erfahrungen mit Staatsanwaltschaften und Polizeibeh\u00f6rden begleitet. Aus vielen Gespr\u00e4chen wissen wir, dass gesch\u00e4digte Menschen, die sich an \u00f6ffentliche Stellen wenden, von diesen oft Hohn und Spott statt Verst\u00e4ndnis und Empathie entgegen gebracht wird. Dies f\u00fchrt zu teils schlimmen Retraumatisierungserfahrungen.<\/p>\n<p><\/p>\n<p><\/p>\n<h3 class=\"wp-block-heading\" id=\"-ist-extrem-unreguliert-extrem-lukrativ\">\u2026 ist extrem unreguliert, dabei extrem lukrativ<\/h3>\n<p><\/p>\n<p><\/p>\n<p>Der Psychomarkt ist nicht nur ein antropologisches Panoptikum, sondern in erster Linie ein Markt und zwar ein weitgehend unregulierter. Der Psychomarkt ist ein extrem kommerzialisierter Bereich. Der Umsatz pro Jahr wird in Deutschland je nach Definition auf zwischen 5 und 10 Milliarden Euro gesch\u00e4tzt. Die Zahl der Anbieter von esoterischen und alternativen psychologischen Behandlungen in Deutschland wurde laut \u201cZeit\u201d im Jahr 2011 auf 10.000 bis 20.000 gesch\u00e4tzt.<\/p>\n<p><\/p>\n<p><\/p>\n<p>F\u00fcr das Jahr 2020 gehen wir davon aus, dass die Zahl der Akteuere nicht mehr stark gewachsen ist, dass sich aber in Folge einer Professionalisierung des Marktes Umsatz und Gewinn deutlich erh\u00f6ht haben. Unsere Einsch\u00e4tzung f\u00fcr 2020, die auf Sichtungen aus den Jahren 2018 und 2019 beruht, sieht den Markt bei etwa&nbsp;<strong>30 Milliarden Euro<\/strong>&nbsp;im deutschsprachen Raum bei etwa 20.000 Anbietern, von denen allerdings etwa 5 % (1.000 Akteure) rund 85% des Umsatzes erzielen d\u00fcrften. Auf diese 1.000 Hauptakteure entfallen damit jeweils etwa 250 Mio. Euro \u2026 pro Jahr.<\/p>\n<p><\/p>\n<p><\/p>\n<h2 class=\"wp-block-heading\" id=\"unsere-arbeit\">Unsere Arbeit<\/h2>\n<p><\/p>\n<p><\/p>\n<p>Wir&nbsp;<strong>beraten betroffene Personen<\/strong>&nbsp;und ihre Angeh\u00f6rigen und arbeiten mit&nbsp;<strong>Selbsthilfegruppen<\/strong>&nbsp;zusammen, die wir professionell unterst\u00fctzen. Au\u00dferdem sammeln wir Berichte von betroffenen Personen und erstellen so T\u00e4tigkeits- und Handlungsprofile. Wo immer m\u00f6glich klagen wir gegen Rechtsverst\u00f6\u00dfe, sofern sie greifbar sind. Dabei nutzen wir auch ein Netz von Testkaufenden und Testkundinnen, um szenetypische Vertriebsstrukturen von innen analysieren zu k\u00f6nnen.<\/p>\n<p><\/p>\n<p><\/p>\n<p>Au\u00dferdem begleiten wir Betroffene, die um ihr Recht k\u00e4mpfen wollen, durch&nbsp;<strong>Verfahrensbegleitungen und -beratungen<\/strong>, von der Anzeigenerstattung bis zur Teilnahme an Gerichtsverfahren.<\/p>\n<p>In mehreren gr\u00f6\u00dferen Verfahren wurden auf Grundlage unserer Arbeit umfangreiche&nbsp;<strong>Steuerstrafverfahren<\/strong>&nbsp;eingeleitet.<\/p>\n<p>Dazu unterhalten wir eine umfassene Stoffsammlung einschlie\u00dflich einer gro\u00dfen Bibliothek zu vielen Marktangeboten. Seit 2016 bauen wir eine Ausstellung mit wirkungslosen Produkte unter dem&nbsp;<strong>Arbeitstitel \u201cBullshit for Sale\u201d<\/strong>&nbsp;auf (wir freuen uns \u00fcber Zusendungen von wirkungslosen Produkten).<\/p><p><br><\/p>\n<p><\/p>\n<p><\/p>\n<h5 class=\"has-text-align-center wp-block-heading\"><br><\/h5>\n<p><\/p>\t\t\t\t\t\t\t\t<\/div>\n\t\t\t\t<\/div>\n\t\t\t\t\t<\/div>\n\t\t<\/div>\n\t\t\t\t\t<\/div>\n\t\t<\/section>\n\t\t\t\t<\/div>\n\t\t","protected":false},"excerpt":{"rendered":"<p>&nbsp; Der Psychomarkt \u2026 folgt dem Aneignungsprinzip Der Begriff Psychomarkt bezeichnet eine un\u00fcberschaubare Vielfalt von Angeboten oftmals fragw\u00fcrdiger psychologischer und psychotherapeutischer Dienstleistungen. Diese&nbsp;pseudotherapeutischen Leistungen&nbsp;kommen als psychologische Diagnostiken, Lebensberatung und Lebenshilfe, Pers\u00f6nlichkeitsentwicklung, Psychotherapien, aber auch als technische L\u00f6sung daher und suchen bewusst die N\u00e4he zu etablierten Begrifflichkeiten und evidenzbasierten Verfahren (eignen sich dessen Begriffe, soziale Kontexte [&hellip;]<\/p>\n","protected":false},"author":1,"featured_media":0,"parent":0,"menu_order":0,"comment_status":"closed","ping_status":"closed","template":"","meta":{"footnotes":""},"class_list":["post-1129","page","type-page","status-publish","hentry"],"_links":{"self":[{"href":"https:\/\/euroconsum.eu\/de\/wp-json\/wp\/v2\/pages\/1129","targetHints":{"allow":["GET"]}}],"collection":[{"href":"https:\/\/euroconsum.eu\/de\/wp-json\/wp\/v2\/pages"}],"about":[{"href":"https:\/\/euroconsum.eu\/de\/wp-json\/wp\/v2\/types\/page"}],"author":[{"embeddable":true,"href":"https:\/\/euroconsum.eu\/de\/wp-json\/wp\/v2\/users\/1"}],"replies":[{"embeddable":true,"href":"https:\/\/euroconsum.eu\/de\/wp-json\/wp\/v2\/comments?post=1129"}],"version-history":[{"count":10,"href":"https:\/\/euroconsum.eu\/de\/wp-json\/wp\/v2\/pages\/1129\/revisions"}],"predecessor-version":[{"id":2755,"href":"https:\/\/euroconsum.eu\/de\/wp-json\/wp\/v2\/pages\/1129\/revisions\/2755"}],"wp:attachment":[{"href":"https:\/\/euroconsum.eu\/de\/wp-json\/wp\/v2\/media?parent=1129"}],"curies":[{"name":"wp","href":"https:\/\/api.w.org\/{rel}","templated":true}]}}