{"id":1123,"date":"2022-03-08T20:58:30","date_gmt":"2022-03-08T19:58:30","guid":{"rendered":"https:\/\/euroconsum.eu\/?p=1123"},"modified":"2023-04-09T08:03:34","modified_gmt":"2023-04-09T06:03:34","slug":"diversitaet-und-konsum","status":"publish","type":"page","link":"https:\/\/euroconsum.eu\/de\/diversitaet-und-konsum\/","title":{"rendered":""},"content":{"rendered":"\t\t<div data-elementor-type=\"wp-page\" data-elementor-id=\"1123\" class=\"elementor elementor-1123\" data-elementor-post-type=\"page\">\n\t\t\t\t\t\t<section class=\"elementor-section elementor-top-section elementor-element elementor-element-09d58c5 elementor-section-boxed elementor-section-height-default elementor-section-height-default\" data-id=\"09d58c5\" data-element_type=\"section\" data-e-type=\"section\">\n\t\t\t\t\t\t<div class=\"elementor-container elementor-column-gap-default\">\n\t\t\t\t\t<div class=\"elementor-column elementor-col-100 elementor-top-column elementor-element elementor-element-fc298c5\" data-id=\"fc298c5\" data-element_type=\"column\" data-e-type=\"column\">\n\t\t\t<div class=\"elementor-widget-wrap elementor-element-populated\">\n\t\t\t\t\t\t<div class=\"elementor-element elementor-element-481dff7 elementor-widget elementor-widget-heading\" data-id=\"481dff7\" data-element_type=\"widget\" data-e-type=\"widget\" data-widget_type=\"heading.default\">\n\t\t\t\t<div class=\"elementor-widget-container\">\n\t\t\t\t\t<h2 class=\"elementor-heading-title elementor-size-xl\">Diversit\u00e4t und Konsum<\/h2>\t\t\t\t<\/div>\n\t\t\t\t<\/div>\n\t\t\t\t\t<\/div>\n\t\t<\/div>\n\t\t\t\t\t<\/div>\n\t\t<\/section>\n\t\t\t\t<section class=\"elementor-section elementor-top-section elementor-element elementor-element-2bf89da0 elementor-section-boxed elementor-section-height-default elementor-section-height-default\" data-id=\"2bf89da0\" data-element_type=\"section\" data-e-type=\"section\">\n\t\t\t\t\t\t<div class=\"elementor-container elementor-column-gap-default\">\n\t\t\t\t\t<div class=\"elementor-column elementor-col-100 elementor-top-column elementor-element elementor-element-2f9ced4f\" data-id=\"2f9ced4f\" data-element_type=\"column\" data-e-type=\"column\">\n\t\t\t<div class=\"elementor-widget-wrap elementor-element-populated\">\n\t\t\t\t\t\t<div class=\"elementor-element elementor-element-4ff6602c elementor-widget elementor-widget-text-editor\" data-id=\"4ff6602c\" data-element_type=\"widget\" data-e-type=\"widget\" data-widget_type=\"text-editor.default\">\n\t\t\t\t<div class=\"elementor-widget-container\">\n\t\t\t\t\t\t\t\t\t<p><\/p>\n<p><img decoding=\"async\" style=\"color: var( --e-global-color-text ); letter-spacing: 0px; background-color: var( --e-global-color-1b77cfb );\" src=\"https:\/\/euroconsum.eu\/de\/project\/diversitaet-und-konsum\/featured_huc048fedf0d7535d5633c2478958f2a05_2846947_720x0_resize_q100_lanczos.jpg\" alt=\"\" \/><\/p>\n<p><\/p>\n<p><\/p>\n<h2 class=\"wp-block-heading\" id=\"es-gibt-einiges-zu-besprechen\">Es gibt einiges zu besprechen<\/h2>\n<p><\/p>\n<p><\/p>\n<p>Im Juni 2019 wurde Walter L\u00fcbcke zum Opfer von rassistischen M\u00f6rdern. Der Vorfall hat uns stark bewegt: Sein Dienstsitz im Regierungspr\u00e4sidium Kassel lag keine 600 Meter von den R\u00e4umen unserer Prozessabteilung entfernt. Einige unserer Mitarbeitenden kannten ihn pers\u00f6nlich, haben teils im RP Kassel gearbeitet oder ihre juristische Ausbildung dort absolviert. Einige kannten ihn aus der Kommunalpolitik in Nordhessen. Eines unserer Mitglieder war bei der B\u00fcrgerversammlung am 14.10.2015 in Lohfelden anwesend, die von Personen aus rassistischen Kreisen sp\u00e4ter instrumentalisiert und gezielt durch Beleidigungen gest\u00f6rt wurde. Sofort nach der Veranstaltung verbreiteten Anh\u00e4nger des \u00f6rtlichen Pegida-Spektrums ein kurzes Video mit L\u00fcbckes Schlussaussagen \u00fcber YouTube und Facebook, das aber die vorangegangenen Beleidigungen weglie\u00df.<\/p>\n<p><\/p>\n<p><\/p>\n<p>Am 1. Juni 2019 starb, auf einer Terrasse am Ortsrand von Istha, mit Walter L\u00fcbcke ein politischer Mensch, ein Ehemann und Vater durch die Sch\u00fcsse von Rassisten. Die T\u00f6tung war kein Zufall, keine Naturgewalt. Walter L\u00fcbcke starb, weil er f\u00fcr die freiheitlich-demokratische Grundordnung der Bundesrepublik Deutschland eingestanden hatte. An der Trauerveranstaltung vor dem Kasseler Regierungspr\u00e4sidium am Steinweg nahmen unsere Kasseler Kolleginnen zusammen mit ehemaligen Kolleginnen und mehreren Mitgliedern teil und obwohl wir nicht unmittelbar selbst betroffen waren, brauchten unsere Kolleginnen einige Zeit, um das Ereignis pers\u00f6nlich einzuordnen.<\/p>\n<p><\/p>\n<p><\/p>\n<p>Erinnern hei\u00dft &#8211; so sagte es Richard von Weizs\u00e4cker einmal &#8211; eines Geschehens so ehrlich und rein zu gedenken, da\u00df es zu einem Teil des eigenen Innern wird. Das stellt &#8211; so von Weizs\u00e4cker weiter &#8211; gro\u00dfe Anforderungen an unsere Wahrhaftigkeit. In einem Prozess. der \u00fcber ein Jahr andauerte und teilweise noch nicht abgeschlossen ist, fragten wir uns, was das Ereignis f\u00fcr uns und unsere Arbeit bedeutet.<\/p>\n<p><\/p>\n<p><\/p>\n<h2 class=\"wp-block-heading\" id=\"zwischent\u00f6ne-statt-schablonen\">\u201cZwischent\u00f6ne statt Schablonen\u201d<\/h2>\n<p><\/p>\n<p><\/p>\n<p>Im Rahmen des\u00a0<a href=\"https:\/\/euroconsum.eu\/zwischentoene-statt-schablonen\/\">Papiers \u201cZwischent\u00f6ne statt Schablonen\u201d<\/a>\u00a0haben wir uns im Laufe des Jahres 2020 mit der Frage befasst, ob unsere Vorstellung von Verbrauchendenschutz noch zeitgem\u00e4\u00df ist.<\/p>\n<p><\/p>\n<p><\/p>\n<ul class=\"wp-block-list\">\n<li>Ist unsere Vorstellung von Verbrauchendenschutz zeitgem\u00e4\u00df?<\/li>\n<li>Bilden wir die Interessen und Perspektiven marginalisierter Menschen und Gruppen angemessen ab?<\/li>\n<li>Wie verhalten sich Rassismus und Ausgrenzung zum Verbrauchendenschutz?<\/li>\n<\/ul>\n<p><\/p>\n<p><\/p>\n<p>Dieser Prozess hielt einige Einsichten f\u00fcr uns bereit:<\/p>\n<p><\/p>\n<p><\/p>\n<ol class=\"wp-block-list\">\n<li>Wir w\u00fcrden k\u00fcnftig nicht mehr den Anspruch erheben, f\u00fcr unterschiedslos f\u00fcr alle Verbrauchenden sprechen zu wollen, denn dies w\u00fcrde es uns unm\u00f6glich machen, uns von rassistischen, sexistischen, homophoben oder\u00a0ableistischen Ansichten und Motiven abzugrenzen.<\/li>\n<li>Es ist f\u00fcr unsere Arbeit unverzichtbar, die Perspektive von Angeh\u00f6rigen marginalisierter Gruppen auf allen Arbeitsstufen einzubeziehen.<\/li>\n<li>Wir m\u00fcssen durch unsere Arbeit Angeh\u00f6rige marginalisierter Gruppen sichtbar machen.<\/li>\n<\/ol>\n<p><\/p>\n<p><\/p>\n<h2 class=\"wp-block-heading\">Publikationen<\/h2>\n<p><\/p>\n<p><\/p>\n<p>Projekt:\u00a0<a href=\"https:\/\/euroconsum.eu\/2021\/02\/07\/zwischentoene-statt-schablonen\/\">Zwischent\u00f6ne statt Schablonen<\/a>\u00a0&#8211;\u00a0Unser Anspruch an Verbrauchendenschutz ist es, alle Perspektiven einzubeziehen<\/p>\n<p><\/p>\n<p><\/p>\t\t\t\t\t\t\t\t<\/div>\n\t\t\t\t<\/div>\n\t\t\t\t\t<\/div>\n\t\t<\/div>\n\t\t\t\t\t<\/div>\n\t\t<\/section>\n\t\t\t\t<\/div>\n\t\t","protected":false},"excerpt":{"rendered":"<p>Diversit\u00e4t und Konsum \u00a0 Es gibt einiges zu besprechen Im Juni 2019 wurde Walter L\u00fcbcke zum Opfer von rassistischen M\u00f6rdern. Der Vorfall hat uns stark bewegt: Sein Dienstsitz im Regierungspr\u00e4sidium Kassel lag keine 600 Meter von den R\u00e4umen unserer Prozessabteilung entfernt. Einige unserer Mitarbeitenden kannten ihn pers\u00f6nlich, haben teils im RP Kassel gearbeitet oder ihre [&hellip;]<\/p>\n","protected":false},"author":1,"featured_media":0,"parent":0,"menu_order":0,"comment_status":"open","ping_status":"open","template":"","meta":{"footnotes":""},"class_list":["post-1123","page","type-page","status-publish","hentry"],"_links":{"self":[{"href":"https:\/\/euroconsum.eu\/de\/wp-json\/wp\/v2\/pages\/1123","targetHints":{"allow":["GET"]}}],"collection":[{"href":"https:\/\/euroconsum.eu\/de\/wp-json\/wp\/v2\/pages"}],"about":[{"href":"https:\/\/euroconsum.eu\/de\/wp-json\/wp\/v2\/types\/page"}],"author":[{"embeddable":true,"href":"https:\/\/euroconsum.eu\/de\/wp-json\/wp\/v2\/users\/1"}],"replies":[{"embeddable":true,"href":"https:\/\/euroconsum.eu\/de\/wp-json\/wp\/v2\/comments?post=1123"}],"version-history":[{"count":10,"href":"https:\/\/euroconsum.eu\/de\/wp-json\/wp\/v2\/pages\/1123\/revisions"}],"predecessor-version":[{"id":3568,"href":"https:\/\/euroconsum.eu\/de\/wp-json\/wp\/v2\/pages\/1123\/revisions\/3568"}],"wp:attachment":[{"href":"https:\/\/euroconsum.eu\/de\/wp-json\/wp\/v2\/media?parent=1123"}],"curies":[{"name":"wp","href":"https:\/\/api.w.org\/{rel}","templated":true}]}}