{"id":831,"date":"2022-01-09T13:03:37","date_gmt":"2022-01-09T12:03:37","guid":{"rendered":"https:\/\/euroconsum.eu\/?page_id=831"},"modified":"2022-10-22T21:12:31","modified_gmt":"2022-10-22T19:12:31","slug":"unterlassungsklagen","status":"publish","type":"page","link":"https:\/\/euroconsum.eu\/cs\/unterlassungsklagen\/","title":{"rendered":"Sank\u010dn\u00ed \u0159\u00edzen\u00ed"},"content":{"rendered":"<div data-elementor-type=\"wp-page\" data-elementor-id=\"831\" class=\"elementor elementor-831\" data-elementor-post-type=\"page\">\n\t\t\t\t\t\t<section class=\"elementor-section elementor-top-section elementor-element elementor-element-e253d34 elementor-section-boxed elementor-section-height-default elementor-section-height-default\" data-id=\"e253d34\" data-element_type=\"section\" data-e-type=\"section\">\n\t\t\t\t\t\t<div class=\"elementor-container elementor-column-gap-default\">\n\t\t\t\t\t<div class=\"elementor-column elementor-col-100 elementor-top-column elementor-element elementor-element-03746e1\" data-id=\"03746e1\" data-element_type=\"column\" data-e-type=\"column\">\n\t\t\t<div class=\"elementor-widget-wrap\">\n\t\t\t\t\t\t\t<\/div>\n\t\t<\/div>\n\t\t\t\t\t<\/div>\n\t\t<\/section>\n\t\t\t\t<section class=\"elementor-section elementor-top-section elementor-element elementor-element-3120fd6 elementor-section-boxed elementor-section-height-default elementor-section-height-default\" data-id=\"3120fd6\" data-element_type=\"section\" data-e-type=\"section\">\n\t\t\t\t\t\t<div class=\"elementor-container elementor-column-gap-default\">\n\t\t\t\t\t<div class=\"elementor-column elementor-col-100 elementor-top-column elementor-element elementor-element-27caff8\" data-id=\"27caff8\" data-element_type=\"column\" data-e-type=\"column\">\n\t\t\t<div class=\"elementor-widget-wrap elementor-element-populated\">\n\t\t\t\t\t\t<div class=\"elementor-element elementor-element-86c995f elementor-widget elementor-widget-spacer\" data-id=\"86c995f\" data-element_type=\"widget\" data-e-type=\"widget\" data-widget_type=\"spacer.default\">\n\t\t\t\t<div class=\"elementor-widget-container\">\n\t\t\t\t\t\t\t<div class=\"elementor-spacer\">\n\t\t\t<div class=\"elementor-spacer-inner\"><\/div>\n\t\t<\/div>\n\t\t\t\t\t\t<\/div>\n\t\t\t\t<\/div>\n\t\t\t\t<div class=\"elementor-element elementor-element-b7cf06a elementor-widget elementor-widget-heading\" data-id=\"b7cf06a\" data-element_type=\"widget\" data-e-type=\"widget\" data-widget_type=\"heading.default\">\n\t\t\t\t<div class=\"elementor-widget-container\">\n\t\t\t\t\t<h2 class=\"elementor-heading-title elementor-size-large\">Sank\u010dn\u00ed \u0159\u00edzen\u00ed<\/h2>\t\t\t\t<\/div>\n\t\t\t\t<\/div>\n\t\t\t\t<section class=\"elementor-section elementor-inner-section elementor-element elementor-element-068afe0 elementor-section-boxed elementor-section-height-default elementor-section-height-default\" data-id=\"068afe0\" data-element_type=\"section\" data-e-type=\"section\">\n\t\t\t\t\t\t<div class=\"elementor-container elementor-column-gap-default\">\n\t\t\t\t\t<div class=\"elementor-column elementor-col-50 elementor-inner-column elementor-element elementor-element-03e8144\" data-id=\"03e8144\" data-element_type=\"column\" data-e-type=\"column\">\n\t\t\t<div class=\"elementor-widget-wrap elementor-element-populated\">\n\t\t\t\t\t\t<div class=\"elementor-element elementor-element-ee86aa3 elementor-widget elementor-widget-text-editor\" data-id=\"ee86aa3\" data-element_type=\"widget\" data-e-type=\"widget\" data-widget_type=\"text-editor.default\">\n\t\t\t\t<div class=\"elementor-widget-container\">\n\t\t\t\t\t\t\t\t\t<p>Pokud je spole\u010dnosti soudem na\u0159\u00edzeno, aby p\u0159estala poru\u0161ovat p\u0159edpisy, nem\u00e1 to zpo\u010d\u00e1tku za n\u00e1sledek ulo\u017een\u00ed sankce. Soudn\u00ed p\u0159\u00edkaz je tak\u0159\u00edkaj\u00edc \"<b>St\u0159elba zdarma<\/b>&#8222;<b> pro spole\u010dnost poru\u0161uj\u00edc\u00ed z\u00e1kony<\/b>. Soudn\u00ed z\u00e1kaz (obvykle rozsudek nebo soudn\u00ed p\u0159\u00edkaz) tedy neznamen\u00e1 nic jin\u00e9ho, ne\u017e \u017ee soud na\u0159\u00edd\u00ed spole\u010dnosti, aby se zdr\u017eela chov\u00e1n\u00ed, kter\u00e9 ji\u017e bylo zak\u00e1z\u00e1no z\u00e1konem.\u00a0<span style=\"color: var( --e-global-color-text );\">Z tohoto d\u016fvodu se d\u0159\u00edve \u0159\u00edkalo, \u017ee poru\u0161en\u00ed pr\u00e1va hospod\u00e1\u0159sk\u00e9 sout\u011b\u017ee se v\u017edy vyplat\u00ed, proto\u017ee spole\u010dnost si m\u016f\u017ee ponechat to, co z poru\u0161en\u00ed z\u00edskala, dokud nen\u00ed v ur\u010dit\u00e9m okam\u017eiku vyd\u00e1n soudn\u00ed z\u00e1kaz.<\/span><span style=\"color: var( --e-global-color-text );\">\u00a0Pr\u00e1vo je tedy zpo\u010d\u00e1tku na stran\u011b\u00a0<\/span>poru\u0161itele.<\/p><p>Spole\u010dnost je v\u0161ak tak\u00e9 informov\u00e1na o d\u016fsledc\u00edch, pokud bude p\u0159isti\u017eena p\u0159i opakovan\u00e9m sp\u00e1ch\u00e1n\u00ed zak\u00e1zan\u00e9ho jedn\u00e1n\u00ed. K tomuto \u00fa\u010delu slou\u017e\u00ed tzv.<b>\u0158e\u0161en\u00ed hrozeb<\/b>\", kter\u00fd je obvykle obsa\u017een ji\u017e v n\u00e1zvu.\u00a0<span style=\"color: var( --e-global-color-text );\">Jakkoli je z\u00e1kon na jedn\u00e9 stran\u011b vst\u0159\u00edcn\u00fd k pachatel\u016fm v tom smyslu, \u017ee zpo\u010d\u00e1tku nestanov\u00ed sankci za ji\u017e sp\u00e1chan\u00fd trestn\u00fd \u010din, d\u016fsledky opakovan\u00fdch trestn\u00fdch \u010din\u016f jsou z\u00e1va\u017en\u00e9.\u00a0<\/span><\/p><p><span style=\"color: var( --e-global-color-text );\">Proto\u017ee spole\u010dnost je pak ohro\u017eena:<\/span><\/p><ul><li><b>Fine<\/b> (spr\u00e1vn\u00ed pokuta)<\/li><li><b>N\u00e1hradn\u00ed trest odn\u011bt\u00ed svobody<\/b>kter\u00e1 je vym\u00e1h\u00e1na na \u010dlenech v\u00fdkonn\u00fdch org\u00e1n\u016f spole\u010dnosti (nap\u0159. \u010dlenech veden\u00ed nebo p\u0159edstavenstva), pokud pokuta nen\u00ed zaplacena nebo nem\u016f\u017ee b\u00fdt zaplacena, a<\/li><li><b>Trest odn\u011bt\u00ed svobody<\/b> (tzv. ob\u010danskopr\u00e1vn\u00ed odpov\u011bdnost), kter\u00e1 se vztahuje i na \u010dleny v\u00fdkonn\u00fdch org\u00e1n\u016f.<\/li><\/ul><p>Nicm\u00e9n\u011b <b>Sledov\u00e1n\u00ed titul\u016f<\/b> \u017e\u00e1dn\u00fd st\u00e1tn\u00ed org\u00e1n, ale op\u011bt sdru\u017een\u00ed. Na\u0161e sdru\u017een\u00ed velmi pe\u010dliv\u011b sleduje soudn\u00ed tituly a pravideln\u011b pod\u00e1v\u00e1 \u017e\u00e1dosti o sankce.\u00a0<\/p><p>Pokud pova\u017eujeme pokutu za p\u0159\u00edli\u0161 n\u00edzkou, pod\u00e1me v p\u0159\u00edpad\u011b pot\u0159eby odvol\u00e1n\u00ed, abychom dos\u00e1hli vy\u0161\u0161\u00ed pokuty.<\/p>\t\t\t\t\t\t\t\t<\/div>\n\t\t\t\t<\/div>\n\t\t\t\t\t<\/div>\n\t\t<\/div>\n\t\t\t\t<div class=\"elementor-column elementor-col-50 elementor-inner-column elementor-element elementor-element-a5caa54\" data-id=\"a5caa54\" data-element_type=\"column\" data-e-type=\"column\">\n\t\t\t<div class=\"elementor-widget-wrap elementor-element-populated\">\n\t\t\t\t\t\t<div class=\"elementor-element elementor-element-418363f elementor-widget elementor-widget-image\" data-id=\"418363f\" data-element_type=\"widget\" data-e-type=\"widget\" data-widget_type=\"image.default\">\n\t\t\t\t<div class=\"elementor-widget-container\">\n\t\t\t\t\t\t\t\t\t\t\t\t\t\t\t<img fetchpriority=\"high\" decoding=\"async\" width=\"800\" height=\"600\" src=\"https:\/\/euroconsum.eu\/wp-content\/uploads\/2021\/12\/bgh-1024x768.jpeg\" class=\"attachment-large size-large wp-image-427\" alt=\"\" \/>\t\t\t\t\t\t\t\t\t\t\t\t\t\t\t<\/div>\n\t\t\t\t<\/div>\n\t\t\t\t<div class=\"elementor-element elementor-element-208590b elementor-widget elementor-widget-text-editor\" data-id=\"208590b\" data-element_type=\"widget\" data-e-type=\"widget\" data-widget_type=\"text-editor.default\">\n\t\t\t\t<div class=\"elementor-widget-container\">\n\t\t\t\t\t\t\t\t\t<p><span style=\"font-weight: bold;\">Dal\u0161\u00ed informace:<\/span><\/p><ul><li><a href=\"https:\/\/euroconsum.eu\/cs\/prozessabteilung\/\">Na\u0161e procesn\u00ed odd\u011blen\u00ed<\/a><\/li><li><a href=\"https:\/\/euroconsum.eu\/cs\/elementor-655\/\">Na\u0161e p\u0159\u00edkazy<\/a><\/li><li><a href=\"https:\/\/euroconsum.eu\/cs\/abhilfeklagen\/\">Na\u0161e akce na zjedn\u00e1n\u00ed n\u00e1pravy<\/a><\/li><li><a href=\"https:\/\/euroconsum.eu\/cs\/verstoss-melden\/\">Nahl\u00e1\u0161en\u00ed trestn\u00e9ho \u010dinu<\/a><\/li><\/ul>\t\t\t\t\t\t\t\t<\/div>\n\t\t\t\t<\/div>\n\t\t\t\t\t<\/div>\n\t\t<\/div>\n\t\t\t\t\t<\/div>\n\t\t<\/section>\n\t\t\t\t\t<\/div>\n\t\t<\/div>\n\t\t\t\t\t<\/div>\n\t\t<\/section>\n\t\t\t\t<\/div>","protected":false},"excerpt":{"rendered":"<p>Bestrafungsverfahren Wird ein Unternehmen gerichtlich zum Unterlassen verurteilt, folgt hieraus ersteinmal keine Strafe. Der Unterlassungstitel ist sozusagen ein &#8222;Freischuss&#8222; f\u00fcr das rechtsbrechende Unternehmen. Ein Unterlassungstitel (in der Regel ist dies ein Urteil oder ein Gerichtsbeschluss) bedeutet also erst einmal nicht mehr, als dass dem Unternehmen gerichtlich aufgegeben wird, ein Verhalten, das ohnehin bereits von Gesetzes [&hellip;]<\/p>","protected":false},"author":1,"featured_media":0,"parent":0,"menu_order":0,"comment_status":"closed","ping_status":"closed","template":"","meta":{"footnotes":""},"class_list":["post-831","page","type-page","status-publish","hentry"],"_links":{"self":[{"href":"https:\/\/euroconsum.eu\/cs\/wp-json\/wp\/v2\/pages\/831","targetHints":{"allow":["GET"]}}],"collection":[{"href":"https:\/\/euroconsum.eu\/cs\/wp-json\/wp\/v2\/pages"}],"about":[{"href":"https:\/\/euroconsum.eu\/cs\/wp-json\/wp\/v2\/types\/page"}],"author":[{"embeddable":true,"href":"https:\/\/euroconsum.eu\/cs\/wp-json\/wp\/v2\/users\/1"}],"replies":[{"embeddable":true,"href":"https:\/\/euroconsum.eu\/cs\/wp-json\/wp\/v2\/comments?post=831"}],"version-history":[{"count":10,"href":"https:\/\/euroconsum.eu\/cs\/wp-json\/wp\/v2\/pages\/831\/revisions"}],"predecessor-version":[{"id":3283,"href":"https:\/\/euroconsum.eu\/cs\/wp-json\/wp\/v2\/pages\/831\/revisions\/3283"}],"wp:attachment":[{"href":"https:\/\/euroconsum.eu\/cs\/wp-json\/wp\/v2\/media?parent=831"}],"curies":[{"name":"wp","href":"https:\/\/api.w.org\/{rel}","templated":true}]}}