{"id":4168,"date":"2024-05-14T09:40:45","date_gmt":"2024-05-14T07:40:45","guid":{"rendered":"https:\/\/euroconsum.eu\/?page_id=4168"},"modified":"2024-05-14T10:12:36","modified_gmt":"2024-05-14T08:12:36","slug":"satzung-euroconsum-ev","status":"publish","type":"page","link":"https:\/\/euroconsum.eu\/cs\/satzung-euroconsum-ev\/","title":{"rendered":"Stanovy spole\u010dnosti EuroConsum e.V."},"content":{"rendered":"<div data-elementor-type=\"wp-page\" data-elementor-id=\"4168\" class=\"elementor elementor-4168\" data-elementor-post-type=\"page\">\n\t\t\t\t\t\t<section class=\"elementor-section elementor-top-section elementor-element elementor-element-cf39644 elementor-section-boxed elementor-section-height-default elementor-section-height-default\" data-id=\"cf39644\" data-element_type=\"section\" data-e-type=\"section\">\n\t\t\t\t\t\t<div class=\"elementor-container elementor-column-gap-default\">\n\t\t\t\t\t<div class=\"elementor-column elementor-col-100 elementor-top-column elementor-element elementor-element-4c854f6\" data-id=\"4c854f6\" data-element_type=\"column\" data-e-type=\"column\">\n\t\t\t<div class=\"elementor-widget-wrap elementor-element-populated\">\n\t\t\t\t\t\t<div class=\"elementor-element elementor-element-7aefedc elementor-alert-info elementor-widget elementor-widget-alert\" data-id=\"7aefedc\" data-element_type=\"widget\" data-e-type=\"widget\" data-widget_type=\"alert.default\">\n\t\t\t\t<div class=\"elementor-widget-container\">\n\t\t\t\t\t\t\t<div class=\"elementor-alert\" role=\"alert\">\n\n\t\t\t\n\t\t\t\t\t\t<span class=\"elementor-alert-description\">Upozorn\u011bn\u00ed: vazba <b><a \/>N\u011bmeck\u00e1 jazykov\u00e1 verze<\/a><\/b> t\u011bchto stanov.<\/span>\n\t\t\t\n\t\t\t\t\t\t<button type=\"button\" class=\"elementor-alert-dismiss\" aria-label=\"Odstra\u0148te tento alarm.\">\n\t\t\t\t\t\t\t\t\t<span aria-hidden=\"true\">\u00d7<\/span>\n\t\t\t\t\t\t\t<\/button>\n\t\t\t\n\t\t<\/div>\n\t\t\t\t\t\t<\/div>\n\t\t\t\t<\/div>\n\t\t\t\t\t<\/div>\n\t\t<\/div>\n\t\t\t\t\t<\/div>\n\t\t<\/section>\n\t\t\t\t<section class=\"elementor-section elementor-top-section elementor-element elementor-element-6e271a8e elementor-section-boxed elementor-section-height-default elementor-section-height-default\" data-id=\"6e271a8e\" data-element_type=\"section\" data-e-type=\"section\">\n\t\t\t\t\t\t<div class=\"elementor-container elementor-column-gap-default\">\n\t\t\t\t\t<div class=\"elementor-column elementor-col-100 elementor-top-column elementor-element elementor-element-2b58860a\" data-id=\"2b58860a\" data-element_type=\"column\" data-e-type=\"column\">\n\t\t\t<div class=\"elementor-widget-wrap elementor-element-populated\">\n\t\t\t\t\t\t<div class=\"elementor-element elementor-element-fff04dd elementor-widget elementor-widget-text-editor\" data-id=\"fff04dd\" data-element_type=\"widget\" data-e-type=\"widget\" data-widget_type=\"text-editor.default\">\n\t\t\t\t<div class=\"elementor-widget-container\">\n\t\t\t\t\t\t\t\t\t<p><\/p>\n<h3 class=\"wp-block-heading\" style=\"text-align: left;\">\u00a7 1 N\u00c1ZEV A S\u00cdDLO<\/h3>\n<p><\/p>\n<p><\/p>\n<p>Sdru\u017een\u00ed nese n\u00e1zev \"<em><strong>EuroConsum<\/strong><\/em>\"; po registraci u spole\u010dnosti addition e. V. S\u00eddlo sdru\u017een\u00ed je v Kasselu (Hesensko, N\u011bmecko). Rok sdru\u017een\u00ed za\u010d\u00edn\u00e1 1. \u010dervence a kon\u010d\u00ed 30. \u010dervna n\u00e1sleduj\u00edc\u00edho roku. Zapisuje se do rejst\u0159\u00edku spolk\u016f.&nbsp;<\/p>\n<p><\/p>\n<p><\/p>\n<h3 class=\"wp-block-heading\">\u00a7 2 \u00da\u010cEL A NEZISKOV\u00dd STATUS<\/h3>\n<p><\/p>\n<p><\/p>\n<h4 class=\"wp-block-heading\">I. \u00da\u010cEL A NAPLN\u011aN\u00cd \u00da\u010cELU<\/h4>\n<p><\/p>\n<p><\/p>\n<p>Sdru\u017een\u00ed sleduje v\u00fdhradn\u011b dobro\u010dinn\u00e9 c\u00edle, a to podporu spot\u0159ebitelsk\u00e9ho poradenstv\u00ed a ochrany spot\u0159ebitele a z\u00edsk\u00e1v\u00e1n\u00ed finan\u010dn\u00edch prost\u0159edk\u016f na dobro\u010dinn\u00e9 \u00fa\u010dely.<br>V r\u00e1mci pln\u011bn\u00ed sv\u00e9ho \u00fa\u010delu zastupuje z\u00e1jmy spot\u0159ebitel\u016f t\u00edm, \u017ee poskytuje informace, vzd\u011bl\u00e1v\u00e1n\u00ed a poradenstv\u00ed na nekomer\u010dn\u00ed a nikoli pouze do\u010dasn\u00e9 b\u00e1zi, zejm\u00e9na vyd\u00e1v\u00e1n\u00edm publikac\u00ed, po\u0159\u00e1d\u00e1n\u00edm setk\u00e1n\u00ed a konzulta\u010dn\u00edch hodin, jako\u017e i organizov\u00e1n\u00edm akc\u00ed a propagac\u00ed kvality zbo\u017e\u00ed a slu\u017eeb, zejm\u00e9na prost\u0159ednictv\u00edm internetu. Zastupuje rovn\u011b\u017e z\u00e1jmy spot\u0159ebitel\u016f v\u016f\u010di politik\u016fm.<\/p>\n<p><\/p>\n<p><\/p>\n<p>Sdru\u017een\u00ed pln\u00ed sv\u00e9 c\u00edle tak\u00e9 uplat\u0148ov\u00e1n\u00edm n\u00e1rok\u016f, zejm\u00e9na n\u00e1rok\u016f na zdr\u017een\u00ed se protipr\u00e1vn\u00edho jedn\u00e1n\u00ed a na n\u00e1hradu \u0161kody, a veden\u00edm (i soudn\u00edch) \u0159\u00edzen\u00ed nebo \u0159\u00edzen\u00ed p\u0159ed spr\u00e1vn\u00edmi org\u00e1ny (bez zem\u011bpisn\u00e9ho nebo geografick\u00e9ho omezen\u00ed), zejm\u00e9na v souladu se sm\u011brnic\u00ed EU o \u017ealob\u00e1ch pod\u00e1van\u00fdch v zastoupen\u00ed (sm\u011brnice (EU) 2020\/1828). Sdru\u017een\u00ed se m\u016f\u017ee rovn\u011b\u017e zasazovat o ochranu<br>pr\u00e1va spot\u0159ebitel\u016f t\u00edm, \u017ee na n\u011bj postoup\u00ed pohled\u00e1vky, pokud je to pr\u00e1vn\u011b p\u0159\u00edpustn\u00e9.<\/p>\n<p><\/p>\n<p><\/p>\n<p>Tato \u010dinnost se realizuje tak\u00e9 t\u00edm, \u017ee sdru\u017een\u00ed poskytuje spot\u0159ebitel\u016fm poradenstv\u00ed v ot\u00e1zk\u00e1ch diskriminace, kter\u00e9 jsou podle pr\u00e1va Spole\u010denstv\u00ed nep\u0159\u00edpustn\u00e9 (zejm\u00e9na sm\u011brnice 76\/207\/EHS, 97\/80\/ES, 2000\/43\/ES, 2000\/78\/ES, 2002\/73\/ES, 2004\/113\/ES a \u010dl\u00e1nky 18 a\u017e 21 SFEU), h\u00e1j\u00ed z\u00e1jmy dot\u010den\u00fdch osob a skupin a p\u0159ij\u00edm\u00e1 a\/nebo koordinuje vhodn\u00e1 opat\u0159en\u00ed k boji proti jejich diskriminaci. To zahrnuje zejm\u00e9na v\u0161echny aspekty diskriminace na z\u00e1klad\u011b znak\u016f, kter\u00e9 jsou podle pr\u00e1va Spole\u010denstv\u00ed zak\u00e1z\u00e1ny v souvislosti s hromadn\u00fdmi transakcemi v ka\u017edodenn\u00edm \u017eivot\u011b, p\u0159\u00edstupem k (placen\u00fdm) vzd\u011bl\u00e1vac\u00edm p\u0159\u00edle\u017eitostem a trhem s n\u00e1jemn\u00edm bydlen\u00edm.<\/p>\n<p><\/p>\n<p><\/p>\n<p>\u00da\u010del je napl\u0148ov\u00e1n tak\u00e9 poskytov\u00e1n\u00edm poradenstv\u00ed a uplat\u0148ov\u00e1n\u00edm (v\u010detn\u011b zastupov\u00e1n\u00ed) n\u00e1rok\u016f a pr\u00e1v v souladu s GDPR (na\u0159\u00edzen\u00ed (EU) 2016\/679), zejm\u00e9na tak\u00e9 v souladu s \u010dl. 80 GDPR.<\/p>\n<p><\/p>\n<p><\/p>\n<p>V souladu s po\u017eadavky pr\u00e1va Spole\u010denstv\u00ed sdru\u017een\u00ed rovn\u011b\u017e poskytuje informace o pr\u00e1vech spot\u0159ebitel\u016f, zejm\u00e9na zve\u0159ej\u0148ov\u00e1n\u00edm informac\u00ed a \u00fadaj\u016f o \u0159\u00edzen\u00edch, kter\u00e1 vedlo (a jejich v\u00fdsledc\u00edch), nebo\u0165 to usnad\u0148uje uplatn\u011bn\u00ed a vym\u00e1h\u00e1n\u00ed jednotliv\u00fdch n\u00e1rok\u016f (n\u00e1sledn\u00e1 opat\u0159en\u00ed).<\/p>\n<p><\/p>\n<p><\/p>\n<p>Za t\u00edmto \u00fa\u010delem m\u016f\u017ee poskytovat pomoc, zejm\u00e9na s ohledem na jazykovou, kulturn\u00ed a etnickou rozmanitost Evropsk\u00e9 unie (viz sm\u011brnice (EU) 2019\/2161). Mezi z\u00e1konem stanoven\u00e9 \u00fakoly m\u016f\u017ee pat\u0159it tak\u00e9 koordinace s antimonopoln\u00edmi \u00fa\u0159ady a Evropskou komis\u00ed a uplat\u0148ov\u00e1n\u00ed n\u00e1rok\u016f podle \u00a7 33 a 34a ZOHS a \u00fa\u010dast v \u0159\u00edzen\u00edch podle \u00a7 34 ZOHS.<\/p>\n<p><\/p>\n<p><\/p>\n<p>Sdru\u017een\u00ed funguje nezi\u0161tn\u011b a nesleduje prim\u00e1rn\u011b sv\u00e9 vlastn\u00ed ekonomick\u00e9 c\u00edle nebo z\u00e1m\u011br dos\u00e1hnout zisku.<\/p>\n<p><\/p>\n<p><\/p>\n<p>Jako \u010dlenov\u00e9 sdru\u017een\u00ed nepob\u00edraj\u00ed \u010dlenov\u00e9 sdru\u017een\u00ed \u017e\u00e1dn\u00e9 v\u00fdhody z prost\u0159edk\u016f sdru\u017een\u00ed. \u017d\u00e1dn\u00e1 osoba nesm\u00ed b\u00fdt zv\u00fdhodn\u011bna v\u00fddaji, kter\u00e9 jsou ciz\u00ed \u00fa\u010delu sdru\u017een\u00ed, ani nep\u0159im\u011b\u0159en\u011b vysokou odm\u011bnou.<\/p>\n<p><\/p>\n<p><\/p>\n<p>Prost\u0159edky sdru\u017een\u00ed mohou b\u00fdt pou\u017eity pouze k \u00fa\u010del\u016fm stanoven\u00fdm ve stanov\u00e1ch.<\/p>\n<p><\/p>\n<p><\/p>\n<h4 class=\"wp-block-heading\">II. VZTAH S EVROPSKOU UNI\u00cd<\/h4>\n<p><\/p>\n<p><\/p>\n<p>Sdru\u017een\u00ed si v\u00e1\u017e\u00ed v\u00fddobytk\u016f evropsk\u00e9ho sjednocen\u00ed, v\u010detn\u011b vnit\u0159n\u00edho trhu, a zasazuje se o n\u011b a o vytvo\u0159en\u00ed spole\u010dn\u00e9ho prostoru svobody, bezpe\u010dnosti a pr\u00e1va. C\u00edt\u00ed se b\u00fdt obzvl\u00e1\u0161t\u011b odhodl\u00e1no podporovat spot\u0159ebitele v p\u0159\u00edpadech s rozm\u011brem uvnit\u0159 Spole\u010denstv\u00ed. Sdru\u017een\u00ed se bude ze v\u0161ech sil sna\u017eit podporovat \u010dinnost evropsk\u00fdch instituc\u00ed, zejm\u00e9na Evropsk\u00e9 komise, v oblasti ochrany spot\u0159ebitele. Modern\u00ed komunika\u010dn\u00ed prost\u0159edky (internet, elektronick\u00e1 po\u0161ta atd.) a jazykov\u00e1 a kulturn\u00ed pluralita Evropy maj\u00ed v pr\u00e1ci sdru\u017een\u00ed zvl\u00e1\u0161tn\u00ed v\u00fdznam.<\/p>\n<p><\/p>\n<p><\/p>\n<h3 class=\"wp-block-heading\">\u00a7 3 \u010cLENSTV\u00cd, VYLOU\u010cEN\u00cd, P\u0158\u00cdSP\u011aVEK<\/h3>\n<p><\/p>\n<p><\/p>\n<p>\u010clenem se m\u016f\u017ee st\u00e1t ka\u017ed\u00e1 pr\u00e1vnick\u00e1 nebo zletil\u00e1 fyzick\u00e1 osoba. O p\u0159ijet\u00ed rozhoduje v\u00fdkonn\u00e1 rada, kter\u00e1 m\u016f\u017ee podat neform\u00e1ln\u00ed \u017e\u00e1dost. Pokud je \u017e\u00e1dost o p\u0159ijet\u00ed zam\u00edtnuta, m\u016f\u017ee \u017eadatel podat n\u00e1mitku. P\u0159edstavenstvo tuto n\u00e1mitku p\u0159edlo\u017e\u00ed valn\u00e9 hromad\u011b; valn\u00e1 hromada pot\u00e9 rozhodne o p\u0159ijet\u00ed.<\/p>\n<p><\/p>\n<p><\/p>\n<p>\u010clensk\u00fd p\u0159\u00edsp\u011bvek pro \u010dleny, kte\u0159\u00ed vstoup\u00ed do sdru\u017een\u00ed po 1. lednu 2023, \u010din\u00ed nejm\u00e9n\u011b<br>0,01 eur (1 eurocent) ro\u010dn\u011b; \u010dlenstv\u00ed z\u016fst\u00e1v\u00e1 bezplatn\u00e9 pro \u010dleny, kte\u0159\u00ed ji\u017e d\u0159\u00edve vstoupili do sdru\u017een\u00ed. Ka\u017ed\u00fd \u010dlen v\u0161ak m\u016f\u017ee sdru\u017een\u00ed finan\u010dn\u011b podporovat. \u010clenstv\u00ed zanik\u00e1 vystoupen\u00edm nebo \u00famrt\u00edm. Prohl\u00e1\u0161en\u00ed o vystoupen\u00ed nevy\u017eaduje \u017e\u00e1dn\u00fd formul\u00e1\u0159.<\/p>\n<p><\/p>\n<p><\/p>\n<p>\u010clenov\u00e9 mohou b\u00fdt vylou\u010deni usnesen\u00edm valn\u00e9 hromady, pokud je jejich chov\u00e1n\u00ed neslu\u010diteln\u00e9 s c\u00edli sdru\u017een\u00ed. Vylou\u010den\u00ed vy\u017eaduje v\u011bt\u0161inu p\u0159\u00edtomn\u00fdch \u010dlen\u016f, p\u0159i\u010dem\u017e \u010dlen, o jeho\u017e vylou\u010den\u00ed se hlasuje, nem\u00e1 hlasovac\u00ed pr\u00e1vo.<\/p>\n<p><\/p>\n<p><\/p>\n<p>V\u00fdkonn\u00e1 rada m\u016f\u017ee - zejm\u00e9na z d\u016fvod\u016f procesn\u00ed ekonomie a ochrany dobr\u00e9 pov\u011bsti - podle sv\u00e9ho uv\u00e1\u017een\u00ed upustit od v\u00fdb\u011bru \u010dlensk\u00fdch p\u0159\u00edsp\u011bvk\u016f. Pokud sou\u010det p\u0159\u00edsp\u011bvk\u016f, od jejich\u017e v\u00fdb\u011bru bylo upu\u0161t\u011bno, p\u0159es\u00e1hne 10 % celkov\u00fdch p\u0159\u00edjm\u016f ze v\u0161ech \u010dlensk\u00fdch p\u0159\u00edsp\u011bvk\u016f v kalend\u00e1\u0159n\u00edm roce, mus\u00ed na to v\u00fdkonn\u00e1 rada upozornit na valn\u00e9 hromad\u011b.<\/p>\n<p><\/p>\n<p><\/p>\n<h3 class=\"wp-block-heading\">\u00a7 4 ORGANIZACE<\/h3>\n<p><\/p>\n<p><\/p>\n<h4 class=\"wp-block-heading\">I. VALN\u00c1 HROMADA<\/h4>\n<p><\/p>\n<p><\/p>\n<p>Valn\u00e1 hromada se sch\u00e1z\u00ed nejm\u00e9n\u011b jednou za kalend\u00e1\u0159n\u00ed rok. M\u016f\u017ee b\u00fdt svol\u00e1na na p\u00edsemnou \u017e\u00e1dost 1\/3 \u010dlen\u016f nebo v\u00fdkonnou radou. Lh\u016fta pro pozv\u00e1n\u00ed je jeden t\u00fdden. K pozv\u00e1nce nemus\u00ed b\u00fdt p\u0159ilo\u017een program jedn\u00e1n\u00ed. Pokud jsou pod\u00e1ny n\u00e1vrhy na zm\u011bnu stanov, je t\u0159eba na tuto skute\u010dnost upozornit, ani\u017e by bylo nutn\u00e9 jednotliv\u00e9 zm\u011bny jmenovat.<\/p>\n<p><\/p>\n<p><\/p>\n<p>Pozv\u00e1nka mus\u00ed m\u00edt alespo\u0148 textovou podobu.<\/p>\n<p><\/p>\n<p><\/p>\n<p>Valn\u00e1 hromada se m\u016f\u017ee konat i na jin\u00e9m m\u00edst\u011b ne\u017e v s\u00eddle sdru\u017een\u00ed.<br>Spr\u00e1vn\u00ed rada ur\u010d\u00ed m\u00edsto podle sv\u00e9ho uv\u00e1\u017een\u00ed. V p\u0159\u00edpad\u011b valn\u00e9 hromady, kter\u00e1 se mus\u00ed konat na \u017e\u00e1dost n\u011bkter\u00fdch \u010dlen\u016f, se v\u0161ak tato valn\u00e1 hromada mus\u00ed konat v s\u00eddle spole\u010dnosti.<\/p>\n<p><\/p>\n<p><\/p>\n<p>O pr\u016fb\u011bhu valn\u00e9 hromady a p\u0159ijat\u00fdch usnesen\u00edch se po\u0159izuje z\u00e1pis, kter\u00fd podepisuje osoba po\u0159izuj\u00edc\u00ed z\u00e1pis.<\/p>\n<p><\/p>\n<p><\/p>\n<h4 class=\"wp-block-heading\">II. V\u00ddKONN\u00c1 RADA A VEDEN\u00cd<\/h4>\n<p><\/p>\n<p><\/p>\n<p>Valn\u00e1 hromada vol\u00ed p\u0159edstavenstvo, kter\u00e9 se skl\u00e1d\u00e1 maxim\u00e1ln\u011b ze t\u0159\u00ed osob (o konkr\u00e9tn\u00edm po\u010dtu \u010dlen\u016f p\u0159edstavenstva rozhoduje valn\u00e1 hromada, na kter\u00e9 je p\u0159edstavenstvo voleno), zastupuje sdru\u017een\u00ed samostatn\u011b p\u0159ed soudem i mimo n\u011bj (v ka\u017ed\u00e9m p\u0159\u00edpad\u011b) a \u0159\u00edd\u00ed hospoda\u0159en\u00ed. Odpov\u00edd\u00e1 za sepisov\u00e1n\u00ed usnesen\u00ed valn\u00e9 hromady. Jeho funk\u010dn\u00ed obdob\u00ed je p\u011btilet\u00e9, pokud valn\u00e1 hromada p\u0159edt\u00edm nezvol\u00ed nov\u00e9ho p\u0159edsedu. P\u0159edstavenstvo jmenuje jednatele, kter\u00fd zastupuje sdru\u017een\u00ed p\u0159ed soudem i mimo n\u011bj.<br>P\u0159edstavenstvo zastupuje p\u0159edstavenstvo samostatn\u011b, zejm\u00e9na v pr\u00e1vn\u00edch sporech a v b\u011b\u017en\u00fdch administrativn\u00edch z\u00e1le\u017eitostech.<\/p>\n<p><\/p>\n<p><\/p>\n<p>V\u00fdkonn\u00e1 rada - jednaj\u00edc\u00ed jm\u00e9nem sdru\u017een\u00ed - by m\u011bla s gener\u00e1ln\u00edm \u0159editelem uzav\u0159\u00edt pracovn\u00ed smlouvu. Pokud v\u00fdkonn\u00e1 rada nen\u00ed schopna vykon\u00e1vat \u010dinnost sdru\u017een\u00ed po dobu del\u0161\u00ed ne\u017e \u010dty\u0159i t\u00fddny z d\u016fvodu \u00famrt\u00ed nebo nemoci, je gener\u00e1ln\u00ed \u0159editel odpov\u011bdn\u00fd za uspo\u0159\u00e1d\u00e1n\u00ed valn\u00e9 hromady, kter\u00e1 neprodlen\u011b, zpravidla v\u0161ak do osmi t\u00fddn\u016f, zvol\u00ed novou v\u00fdkonnou radu.<\/p>\n<p><\/p>\n<p><\/p>\n<p>V\u00fdkonn\u00e1 rada i jednatel jsou zpro\u0161t\u011bni omezen\u00ed podle \u00a7 181 BGB, pokud jde o zastupov\u00e1n\u00ed jin\u00e9ho org\u00e1nu nebo sdru\u017een\u00ed, av\u0161ak s n\u00e1sleduj\u00edc\u00edm omezen\u00edm: P\u0159i uzav\u00edr\u00e1n\u00ed, prodlu\u017eov\u00e1n\u00ed a ukon\u010dov\u00e1n\u00ed pracovn\u00ed nebo slu\u017eebn\u00ed smlouvy jednatele, v\u010detn\u011b v\u0161ech pr\u00e1vn\u00edch \u00fakon\u016f souvisej\u00edc\u00edch s obsahem a\/nebo organizac\u00ed pracovn\u00edho nebo slu\u017eebn\u00edho pom\u011bru jednatele, se na jednatele vztahuje omezen\u00ed podle \u00a7 181 BGB.<\/p>\n<p><\/p>\n<p><\/p>\n<p>Org\u00e1ny mohou pro ozna\u010den\u00ed sv\u00e9ho \u00fa\u0159adu pou\u017e\u00edvat \u017eensk\u00fd tvar.<\/p>\n<p><\/p>\n<p><\/p>\n<h4 class=\"wp-block-heading\">III. PORADN\u00cd SBORY<\/h4>\n<p><\/p>\n<p><\/p>\n<p>V\u00fdkonn\u00e1 rada po dohod\u011b s veden\u00edm organizuje poradn\u00ed org\u00e1ny. Vytvo\u0159en\u00ed a slo\u017een\u00ed t\u011bchto v\u00fdbor\u016f mus\u00ed b\u00fdt ozn\u00e1meno valn\u00e9 hromad\u011b. V\u00fdkonn\u00e1 rada by m\u011bla br\u00e1t v \u00favahu p\u0159\u00e1n\u00ed valn\u00e9 hromady.<\/p>\n<p><\/p>\n<p><\/p>\n<h3 class=\"wp-block-heading\">\u00a7 5 HLASOV\u00c1N\u00cd, VOLBY A ZM\u011aNY STANOV<\/h3>\n<p><\/p>\n<p><\/p>\n<p>Hlasov\u00e1n\u00ed a volby upravuje volebn\u00ed \u0159\u00e1d. Zm\u011bny stanov vy\u017eaduj\u00ed dvout\u0159etinovou v\u011bt\u0161inu hlas\u016f \u010dlen\u016f p\u0159\u00edtomn\u00fdch na valn\u00e9 hromad\u011b.<\/p>\n<p><\/p>\n<p><\/p>\n<h3 class=\"wp-block-heading\">\u00a7 6 ROZPU\u0160T\u011aN\u00cd A DOLO\u017dKA O NEP\u0158EDV\u00cdDATELN\u00ddCH UD\u00c1LOSTECH<\/h3>\n<p><\/p>\n<p><\/p>\n<p>K rozpu\u0161t\u011bn\u00ed sdru\u017een\u00ed je zapot\u0159eb\u00ed 3\/4 v\u011bt\u0161iny odevzdan\u00fdch hlas\u016f a sou\u010dasn\u00e9 p\u0159\u00edtomnosti alespo\u0148 3\/4 \u010dlen\u016f sdru\u017een\u00ed na valn\u00e9 hromad\u011b. Pokud je spolek rozpu\u0161t\u011bn nebo zru\u0161en nebo pokud zaniknou da\u0148ov\u011b zv\u00fdhodn\u011bn\u00e9 \u00fa\u010dely, p\u0159ech\u00e1z\u00ed majetek na Gesellschaft zur wissenschaftlichen Untersuchung von Parawissenschaften e. V. (AG Darmstadt VR 2028), kter\u00e1 jej mus\u00ed pou\u017e\u00edt p\u0159\u00edmo a v\u00fdhradn\u011b na dobro\u010dinn\u00e9 \u00fa\u010dely.<\/p>\n<p><\/p>\n<p><\/p>\n<h3 class=\"wp-block-heading\">\u00a7 7 PODPORA \u010cLENSTV\u00cd<\/h3>\n<p><\/p>\n<p><\/p>\n<p>Krom\u011b pln\u00e9ho \u010dlenstv\u00ed je k dispozici tak\u00e9 mo\u017enost podp\u016frn\u00e9ho \u010dlenstv\u00ed. Podp\u016frn\u00ed \u010dlenov\u00e9 nemaj\u00ed hlasovac\u00ed pr\u00e1vo a nejsou \u010dleny ve smyslu \u00a7 32 BGB. Plat\u00ed ro\u010dn\u00ed \u010dlensk\u00fd p\u0159\u00edsp\u011bvek, kter\u00fd je stanoven ve statutu \u010dlensk\u00fdch p\u0159\u00edsp\u011bvk\u016f, kter\u00fd ur\u010duje valn\u00e1 hromada. O p\u0159ijet\u00ed podp\u016frn\u00e9ho \u010dlena rozhoduje v\u00fdkonn\u00e1 rada, kter\u00e1 m\u016f\u017ee tento \u00fakol delegovat.<\/p>\n<p><\/p>\n<p><\/p>\n<p>Pokud je osoba sou\u010dasn\u011b \u010dlenem i podp\u016frn\u00fdm \u010dlenem, z\u016fst\u00e1vaj\u00ed pr\u00e1va t\u00e9to osoby jako \u010dlena (\u00a7 32 BGB) podp\u016frn\u00fdm \u010dlenstv\u00edm nedot\u010dena.<\/p>\n<p><\/p>\n<p><\/p>\n<p>\u017d\u00e1dost o \u010dlenstv\u00ed podan\u00e1 po 1. \u00fanoru 2011 (nejd\u0159\u00edve v\u0161ak po zaps\u00e1n\u00ed statutu \u010dlensk\u00e9ho p\u0159\u00edsp\u011bvku rejst\u0159\u00edkov\u00fdm soudem) se pova\u017euje za \u017e\u00e1dost o sponzorsk\u00e9 \u010dlenstv\u00ed, pokud z okolnost\u00ed nevypl\u00fdv\u00e1 n\u011bco jin\u00e9ho.<\/p>\n<p><\/p>\n<p><\/p>\n<p>Sponzorsk\u00e9 \u010dlenstv\u00ed lze kdykoli vypov\u011bd\u011bt s v\u00fdpov\u011bdn\u00ed lh\u016ftou \u010dty\u0159i t\u00fddny do konce m\u011bs\u00edce. P\u0159\u00edsp\u011bvky zaplacen\u00e9 za podporuj\u00edc\u00ed \u010dlenstv\u00ed se nevracej\u00ed. Tvrzen\u00ed o v\u00fd\u0161i \u010dlensk\u00fdch p\u0159\u00edsp\u011bvk\u016f je na uv\u00e1\u017een\u00ed v\u00fdkonn\u00e9 rady. V p\u0159\u00edpad\u011b nedoplatku \u010dlensk\u00fdch p\u0159\u00edsp\u011bvk\u016f je n\u00e1rok podporuj\u00edc\u00edho \u010dlena na jak\u00e9koli v\u00fdhody pozastaven.<\/p><p><br><\/p>\n<p><\/p>\n<p><\/p>\n<hr class=\"wp-block-separator has-alpha-channel-opacity\">\n<p><\/p>\n<p><\/p>\n<p><em>Naposledy zm\u011bn\u011bno usnesen\u00edm valn\u00e9 hromady ze dne 18. \u010dervence 2023.<\/em><\/p>\n<p><\/p>\t\t\t\t\t\t\t\t<\/div>\n\t\t\t\t<\/div>\n\t\t\t\t\t<\/div>\n\t\t<\/div>\n\t\t\t\t\t<\/div>\n\t\t<\/section>\n\t\t\t\t<\/div>","protected":false},"excerpt":{"rendered":"<p>Upozorn\u011bn\u00ed: z\u00e1vazn\u00e1 je n\u011bmeck\u00e1 verze t\u011bchto stanov. \u00d7 Skr\u00fdt pozn\u00e1mku. \u00a7 1 N\u00c1ZEV A S\u00cdDLO Sdru\u017een\u00ed nese n\u00e1zev \"EuroConsum\"; po registraci s dodatkem e. V. S\u00eddlem sdru\u017een\u00ed je Kassel (Hesensko, N\u011bmecko). Rok sdru\u017een\u00ed za\u010d\u00edn\u00e1 1. \u010dervence a kon\u010d\u00ed 30. \u010dervna n\u00e1sleduj\u00edc\u00edho roku. Zap\u00ed\u0161e se do rejst\u0159\u00edku spolk\u016f [...].<\/p>","protected":false},"author":1,"featured_media":0,"parent":0,"menu_order":0,"comment_status":"closed","ping_status":"closed","template":"","meta":{"footnotes":""},"class_list":["post-4168","page","type-page","status-publish","hentry"],"_links":{"self":[{"href":"https:\/\/euroconsum.eu\/cs\/wp-json\/wp\/v2\/pages\/4168","targetHints":{"allow":["GET"]}}],"collection":[{"href":"https:\/\/euroconsum.eu\/cs\/wp-json\/wp\/v2\/pages"}],"about":[{"href":"https:\/\/euroconsum.eu\/cs\/wp-json\/wp\/v2\/types\/page"}],"author":[{"embeddable":true,"href":"https:\/\/euroconsum.eu\/cs\/wp-json\/wp\/v2\/users\/1"}],"replies":[{"embeddable":true,"href":"https:\/\/euroconsum.eu\/cs\/wp-json\/wp\/v2\/comments?post=4168"}],"version-history":[{"count":10,"href":"https:\/\/euroconsum.eu\/cs\/wp-json\/wp\/v2\/pages\/4168\/revisions"}],"predecessor-version":[{"id":4190,"href":"https:\/\/euroconsum.eu\/cs\/wp-json\/wp\/v2\/pages\/4168\/revisions\/4190"}],"wp:attachment":[{"href":"https:\/\/euroconsum.eu\/cs\/wp-json\/wp\/v2\/media?parent=4168"}],"curies":[{"name":"wp","href":"https:\/\/api.w.org\/{rel}","templated":true}]}}