{"id":1151,"date":"2022-03-03T21:46:34","date_gmt":"2022-03-03T20:46:34","guid":{"rendered":"https:\/\/euroconsum.eu\/?page_id=1151"},"modified":"2023-04-09T08:03:32","modified_gmt":"2023-04-09T06:03:32","slug":"1151-2","status":"publish","type":"page","link":"https:\/\/euroconsum.eu\/cs\/1151-2\/","title":{"rendered":"P\u0159edn\u00e1\u0161ky, akce, publikace"},"content":{"rendered":"<h1 class=\"wp-block-heading\">Publikace<\/h1>\n\n\n\n<p>Pro tento typ obsahu je k dispozici mo\u017enost filtrov\u00e1n\u00ed:&nbsp;<a href=\"https:\/\/euroconsum.eu\/cs\/publication\/\">Filtrov\u00e1n\u00ed publikac\u00ed podle t\u00e9matu<\/a>.<a href=\"https:\/\/euroconsum.eu\/cs\/publication\/transparenz\/\">Zpr\u00e1va o transparentnosti<\/a><a href=\"https:\/\/euroconsum.eu\/cs\/publication\/transparenz\/\">Zpr\u00e1va o darech a transparentnosti<\/a><\/p>\n\n\n\n<figure class=\"wp-block-image\"><a href=\"https:\/\/euroconsum.eu\/cs\/publication\/transparenz\/\"><img decoding=\"async\" src=\"https:\/\/euroconsum.eu\/de\/publication\/transparenz\/featured_hu706c2842d527792b38d4486eb4fc153a_575496_150x0_resize_q100_lanczos.jpg\" alt=\"Transparenzbericht\"\/><\/a><\/figure>\n\n\n\n<p><a href=\"https:\/\/euroconsum.eu\/cs\/publication\/erfolge-homoepathie\/\">Jak lze vysv\u011btlit \"\u00fasp\u011bchy\" homeopatie?<\/a><a href=\"https:\/\/euroconsum.eu\/cs\/publication\/erfolge-homoepathie\/\">Existuje mnoho zpr\u00e1v o \"\u00fasp\u011b\u0161\u00edch\" homeopatie a \u010dasto se p\u0159id\u00e1v\u00e1 potvrzuj\u00edc\u00ed v\u011bta \"Kdo l\u00e9\u010d\u00ed, m\u00e1 pravdu\", aby se metoda ospravedlnila. \u010casto to lid\u00e9 komentuj\u00ed slovy: \"Nev\u00edme, jak to funguje, ale vid\u00edme, \u017ee to funguje!<\/a><\/p>\n\n\n\n<figure class=\"wp-block-image\"><a href=\"https:\/\/euroconsum.eu\/cs\/publication\/erfolge-homoepathie\/\"><img decoding=\"async\" src=\"https:\/\/euroconsum.eu\/de\/publication\/erfolge-homoepathie\/featured_hu5d926b49cab28cd204d30624a6b4bf4c_1453662_150x0_resize_q100_lanczos.jpg\" alt=\"Wie sind die &quot;Erfolge&quot; der Hom\u00f6pathie zu erkl\u00e4ren?\"\/><\/a><\/figure>\n\n\n\n<p><a href=\"https:\/\/euroconsum.eu\/cs\/publication\/warum-homoeopathie-populaer\/\">Pro\u010d je homeopatie tak popul\u00e1rn\u00ed?<\/a><a href=\"https:\/\/euroconsum.eu\/cs\/publication\/warum-homoeopathie-populaer\/\">D\u016fvod\u016f je n\u011bkolik. A\u010dkoli homeopatie byla v Hahnemannov\u011b dob\u011b pokrokem (vyv\u00edjel ji od roku 1796 a\u017e do sv\u00e9 smrti v roce 1843), byla samoz\u0159ejm\u011b chybn\u00e1 u\u017e tehdy. Metody pou\u017e\u00edvan\u00e9 v\u011bt\u0161inou tehdej\u0161\u00edch l\u00e9ka\u0159\u016f byly brut\u00e1ln\u00ed a pacienty oslabovaly - n\u011bkdy a\u017e k smrti.<\/a><\/p>\n\n\n\n<figure class=\"wp-block-image\"><a href=\"https:\/\/euroconsum.eu\/cs\/publication\/warum-homoeopathie-populaer\/\"><img decoding=\"async\" src=\"https:\/\/euroconsum.eu\/de\/publication\/warum-homoeopathie-populaer\/featured_hu5f01d06f764da66c6a4af34ece277408_1688627_150x0_resize_q100_lanczos.jpg\" alt=\"Warum ist Hom\u00f6opathie so popul\u00e4r?\"\/><\/a><\/figure>\n\n\n\n<p><a href=\"https:\/\/euroconsum.eu\/cs\/publication\/homoeopathische-impfung\/\">Co je to \"homeopatick\u00e9 o\u010dkov\u00e1n\u00ed\"?<\/a><a href=\"https:\/\/euroconsum.eu\/cs\/publication\/homoeopathische-impfung\/\">Homeopat\u00e9 a zast\u00e1nci homeopatie opakovan\u011b tvrd\u00ed, \u017ee jejich praotec a nadotec Hahnemann prakticky vynalezl o\u010dkov\u00e1n\u00ed a \u017ee se homeopatick\u00e9 o\u010dkov\u00e1n\u00ed tak\u00e9 pou\u017e\u00edv\u00e1. Aby to zd\u016fvodnili, odvol\u00e1vaj\u00ed se na Hahnemann\u016fv z\u00e1kladn\u00ed princip similia similibus curentur, podobn\u00e9 v\u011bci l\u00e9\u010d\u00ed podobn\u00e9 v\u011bci. P\u0159esn\u011b to se d\u011bje p\u0159i o\u010dkov\u00e1n\u00ed - pod\u00e1vaj\u00ed se slo\u017eky patogenu, kter\u00fd zp\u016fsobuje onemocn\u011bn\u00ed, proti n\u011bmu\u017e je vakc\u00edna pod\u00e1v\u00e1na.<\/a><\/p>\n\n\n\n<figure class=\"wp-block-image\"><a href=\"https:\/\/euroconsum.eu\/cs\/publication\/homoeopathische-impfung\/\"><img decoding=\"async\" src=\"https:\/\/euroconsum.eu\/de\/publication\/homoeopathische-impfung\/featured_hu7f5ea5061939d96a9de257e9aa3ea962_1045660_150x0_resize_q100_lanczos.jpg\" alt=\"Was ist eine &quot;Hom\u00f6opathische Impfung&quot;?\"\/><\/a><\/figure>\n\n\n\n<p><a href=\"https:\/\/euroconsum.eu\/cs\/publication\/homoeopathie-schaden\/\">M\u016f\u017ee homeopatie \u0161kodit?<\/a><a href=\"https:\/\/euroconsum.eu\/cs\/publication\/homoeopathie-schaden\/\">Odpov\u011b\u010f zn\u00ed jednozna\u010dn\u011b ano. Ne p\u0159\u00edmo u\u017e\u00edv\u00e1n\u00edm globul\u00ed, kter\u00e9 bu\u010f obsahuj\u00ed p\u0159\u00edli\u0161 m\u00e1lo \u00fa\u010dinn\u00e9 l\u00e1tky, nebo neobsahuj\u00ed v\u016fbec \u017e\u00e1dnou, aby na ni organismus mohl reagovat, a proto je lze bezpe\u010dn\u011b pova\u017eovat za \u010dist\u00fd cukr. Stejn\u011b jako u v\u0161ech pseudol\u00e9ka\u0159sk\u00fdch metod spo\u010d\u00edv\u00e1 nebezpe\u010d\u00ed pro u\u017eivatele homeopatie v mo\u017en\u00e9m odd\u00e1len\u00ed nebo dokonce zabr\u00e1n\u011bn\u00ed v\u010dasn\u00e9 odborn\u00e9 l\u00e9ka\u0159sk\u00e9 pomoci.<\/a><\/p>\n\n\n\n<figure class=\"wp-block-image\"><a href=\"https:\/\/euroconsum.eu\/cs\/publication\/homoeopathie-schaden\/\"><img decoding=\"async\" src=\"https:\/\/euroconsum.eu\/de\/publication\/homoeopathie-schaden\/featured_hu2fdb171626ca22370c9c50f20616d677_769041_150x0_resize_q100_lanczos.jpg\" alt=\"Kann Hom\u00f6opathie schaden?\"\/><\/a><\/figure>\n\n\n\n<p><a href=\"https:\/\/euroconsum.eu\/cs\/publication\/\">DAL\u0160\u00cd PUBLIKACE&nbsp;<\/a><\/p>\n\n\n\n<h1 class=\"wp-block-heading\">P\u0159edn\u00e1\u0161ky a akce<\/h1>\n\n\n\n<p><a href=\"https:\/\/euroconsum.eu\/cs\/talk\/big-data-evidenz-wissenschaftliche-praxis\/\">V\u011bdeck\u00e1 praxe a d\u016fkazy vs. velk\u00e1 data a um\u011bl\u00e1 inteligence?<\/a><a href=\"https:\/\/euroconsum.eu\/cs\/talk\/big-data-evidenz-wissenschaftliche-praxis\/\">Spr\u00e1vn\u00e1 v\u011bdeck\u00e1 praxe a d\u016fkazy versus velk\u00e1 data a um\u011bl\u00e1 inteligence - partne\u0159i nebo protivn\u00edci?<\/a><a href=\"https:\/\/euroconsum.eu\/cs\/author\/urs\/\">Urs<\/a>1. \u010dervna 2020<a href=\"https:\/\/www.skepkon.org\/images\/PDF-Abstracts\/Evidenz_vs._Big_Data.pdf\" target=\"_blank\" rel=\"noreferrer noopener\">PDF<\/a><a href=\"https:\/\/www.skepkon.org\/images\/PDF-Abstracts\/Evidenz_vs._Big_Data.pdf\" target=\"_blank\" rel=\"noreferrer noopener\">Slides<\/a><a href=\"https:\/\/www.youtube.com\/watch?v=U8vBWQr3tLs\" target=\"_blank\" rel=\"noreferrer noopener\">Video<\/a><\/p>\n\n\n\n<figure class=\"wp-block-image\"><a href=\"https:\/\/euroconsum.eu\/cs\/talk\/big-data-evidenz-wissenschaftliche-praxis\/\"><img decoding=\"async\" src=\"https:\/\/euroconsum.eu\/de\/talk\/big-data-evidenz-wissenschaftliche-praxis\/featured_hu4ff0a919cfd472561f7d6b41c170a5e0_397344_150x0_resize_q100_lanczos.jpg\" alt=\"Wissenschaftliche Praxis und Evidenz vs. Big Data und K\u00fcnstliche Intelligenz?\"\/><\/a><\/figure>\n\n\n\n<p><a href=\"https:\/\/euroconsum.eu\/cs\/talk\/futterverschwoerung\/\">The Food Conspiracy - Trendy ve v\u00fd\u017eiv\u011b ps\u016f a ko\u010dek<\/a><a href=\"https:\/\/euroconsum.eu\/cs\/talk\/futterverschwoerung\/\">Zdrav\u00e1 v\u00fd\u017eiva dom\u00e1c\u00edch zv\u00ed\u0159at je m\u00f3dn\u00edm t\u00e9matem. Co je d\u016fle\u017eit\u00e9, co je humbuk a co je nesmysl?<\/a><a href=\"https:\/\/euroconsum.eu\/cs\/author\/dr.-stefanie-handl\/\">Dr. Stefanie Handl<\/a>1. \u010dervna 2019<a href=\"https:\/\/www.youtube.com\/watch?v=L3yUwCvniVY\" target=\"_blank\" rel=\"noreferrer noopener\">Video<\/a><a href=\"https:\/\/twitter.com\/skepkon\" target=\"_blank\" rel=\"noreferrer noopener\">&nbsp;Sledujte Skepkon<\/a><\/p>\n\n\n\n<figure class=\"wp-block-image\"><a href=\"https:\/\/euroconsum.eu\/cs\/talk\/futterverschwoerung\/\"><img decoding=\"async\" src=\"https:\/\/euroconsum.eu\/de\/talk\/futterverschwoerung\/featured_hu9b5622fa2b67805f5e8d345621d58df3_171651_150x0_resize_q100_lanczos.jpg\" alt=\"Die Futterverschw\u00f6rung - Trends in der Ern\u00e4hrung von Hunden und Katzen\"\/><\/a><\/figure>\n\n\n\n<p><a href=\"https:\/\/euroconsum.eu\/cs\/talk\/geschichte-kurpfuscherei\/\">Historie l\u00e9\u010debn\u00e9 medic\u00edny v N\u011bmecku<\/a><a href=\"https:\/\/euroconsum.eu\/cs\/talk\/geschichte-kurpfuscherei\/\">V roce 1869 byl z\u00e1kaz l\u00e9\u010debn\u00e9 medic\u00edny zru\u0161en. P\u0159edn\u00e1\u0161ka upozor\u0148uje na d\u016fle\u017eit\u00e9 etapy laick\u00e9 medic\u00edny a sou\u010dasn\u00e9 probl\u00e9my.<\/a>31. kv\u011btna 2019<a href=\"https:\/\/www.youtube.com\/watch?v=WQBFMMtDC1c\" target=\"_blank\" rel=\"noreferrer noopener\">Video<\/a><\/p>\n\n\n\n<figure class=\"wp-block-image\"><a href=\"https:\/\/euroconsum.eu\/cs\/talk\/geschichte-kurpfuscherei\/\"><img decoding=\"async\" src=\"https:\/\/euroconsum.eu\/de\/talk\/geschichte-kurpfuscherei\/featured_hu4b4f272db0609987f341892200770db4_296516_150x0_resize_q100_lanczos.jpg\" alt=\"Die Geschichte der Kurpfuscherei in Deutschland\"\/><\/a><\/figure>\n\n\n\n<h1 class=\"wp-block-heading\">V centru pozornosti<\/h1>\n\n\n\n<p>07.02.2021&nbsp;&nbsp;&nbsp;<a href=\"https:\/\/euroconsum.eu\/cs\/category\/diversitat\/\">Rozmanitost<\/a><a href=\"https:\/\/euroconsum.eu\/cs\/publication\/diversitaet-und-konsum\/\"><\/a><a href=\"https:\/\/euroconsum.eu\/cs\/publication\/diversitaet-und-konsum\/\">Mezit\u00f3ny m\u00edsto \u0161ablon<\/a><a href=\"https:\/\/euroconsum.eu\/cs\/publication\/diversitaet-und-konsum\/\">Na\u0161\u00ed snahou je, aby ochrana spot\u0159ebitele zahrnovala v\u0161echny perspektivy.<\/a><a href=\"https:\/\/euroconsum.eu\/cs\/project\/diversitaet-und-konsum\/\">Projekt<\/a><\/p>","protected":false},"excerpt":{"rendered":"<p>Publikace Pro tento typ obsahu je k dispozici mo\u017enost filtrov\u00e1n\u00ed: Jak lze vysv\u011btlit \"\u00fasp\u011bchy\" homeopatie? Existuje mnoho zpr\u00e1v o \"\u00fasp\u011b\u0161\u00edch\" homeopatie a \u010dasto se p\u0159id\u00e1v\u00e1 potvrzuj\u00edc\u00ed v\u011bta \"Kdo l\u00e9\u010d\u00ed, m\u00e1 pravdu\", aby se metoda ospravedlnila. Koment\u00e1\u0159e jsou pak \u010dasto dopln\u011bny v\u011btou \"Nev\u00edme, jak [...].<\/p>","protected":false},"author":1,"featured_media":0,"parent":0,"menu_order":0,"comment_status":"closed","ping_status":"closed","template":"","meta":{"footnotes":""},"class_list":["post-1151","page","type-page","status-publish","hentry"],"_links":{"self":[{"href":"https:\/\/euroconsum.eu\/cs\/wp-json\/wp\/v2\/pages\/1151","targetHints":{"allow":["GET"]}}],"collection":[{"href":"https:\/\/euroconsum.eu\/cs\/wp-json\/wp\/v2\/pages"}],"about":[{"href":"https:\/\/euroconsum.eu\/cs\/wp-json\/wp\/v2\/types\/page"}],"author":[{"embeddable":true,"href":"https:\/\/euroconsum.eu\/cs\/wp-json\/wp\/v2\/users\/1"}],"replies":[{"embeddable":true,"href":"https:\/\/euroconsum.eu\/cs\/wp-json\/wp\/v2\/comments?post=1151"}],"version-history":[{"count":10,"href":"https:\/\/euroconsum.eu\/cs\/wp-json\/wp\/v2\/pages\/1151\/revisions"}],"predecessor-version":[{"id":3565,"href":"https:\/\/euroconsum.eu\/cs\/wp-json\/wp\/v2\/pages\/1151\/revisions\/3565"}],"wp:attachment":[{"href":"https:\/\/euroconsum.eu\/cs\/wp-json\/wp\/v2\/media?parent=1151"}],"curies":[{"name":"wp","href":"https:\/\/api.w.org\/{rel}","templated":true}]}}